{"id":12066,"date":"2021-06-07T10:16:16","date_gmt":"2021-06-07T10:16:16","guid":{"rendered":"https:\/\/www.scmtec.com\/chi-siamo-aereazione-miscelazione-di-liquidi\/"},"modified":"2023-04-19T09:10:17","modified_gmt":"2023-04-19T09:10:17","slug":"quienes-somos-aereazione-miscelazione-di-liquidi","status":"publish","type":"page","link":"https:\/\/www.scmtec.com\/es\/quienes-somos-aereazione-miscelazione-di-liquidi\/","title":{"rendered":"Qui\u00e9nes somos"},"content":{"rendered":"\t\t<div data-elementor-type=\"wp-page\" data-elementor-id=\"12066\" class=\"elementor elementor-12066 elementor-2804\">\n\t\t\t\t\t\t<section class=\"elementor-section elementor-top-section elementor-element elementor-element-943c5d4 elementor-section-full_width qodef-elementor-content-grid elementor-section-height-default elementor-section-height-default qodef-vertical-text-holder-no\" data-id=\"943c5d4\" data-element_type=\"section\" data-settings=\"{&quot;background_background&quot;:&quot;classic&quot;}\">\n\t\t\t\t\t\t<div class=\"elementor-container elementor-column-gap-default\">\n\t\t\t\t\t<div class=\"elementor-column elementor-col-100 elementor-top-column elementor-element elementor-element-565f766\" data-id=\"565f766\" data-element_type=\"column\">\n\t\t\t<div class=\"elementor-widget-wrap elementor-element-populated\">\n\t\t\t\t\t\t<section class=\"elementor-section elementor-inner-section elementor-element elementor-element-d8a67f1 elementor-section-full_width elementor-section-height-default elementor-section-height-default qodef-elementor-content-no qodef-vertical-text-holder-no\" data-id=\"d8a67f1\" data-element_type=\"section\">\n\t\t\t\t\t\t<div class=\"elementor-container elementor-column-gap-default\">\n\t\t\t\t\t<div class=\"elementor-column elementor-col-100 elementor-inner-column elementor-element elementor-element-0736530\" data-id=\"0736530\" data-element_type=\"column\">\n\t\t\t<div class=\"elementor-widget-wrap\">\n\t\t\t\t\t\t\t<\/div>\n\t\t<\/div>\n\t\t\t\t\t<\/div>\n\t\t<\/section>\n\t\t\t\t<section class=\"elementor-section elementor-inner-section elementor-element elementor-element-87dcc28 elementor-section-full_width elementor-section-height-default elementor-section-height-default qodef-elementor-content-no qodef-vertical-text-holder-no\" data-id=\"87dcc28\" data-element_type=\"section\">\n\t\t\t\t\t\t<div class=\"elementor-container elementor-column-gap-default\">\n\t\t\t\t\t<div class=\"elementor-column elementor-col-100 elementor-inner-column elementor-element elementor-element-3c43a3f\" data-id=\"3c43a3f\" data-element_type=\"column\">\n\t\t\t<div class=\"elementor-widget-wrap elementor-element-populated\">\n\t\t\t\t\t\t<div class=\"elementor-element elementor-element-1325875 elementor-widget elementor-widget-text-editor\" data-id=\"1325875\" data-element_type=\"widget\" data-widget_type=\"text-editor.default\">\n\t\t\t\t<div class=\"elementor-widget-container\">\n\t\t\t\t\t\t\t\t\t<p><strong>S.C.M. Tecnologie<\/strong> es una empresa italiana especializada en la fabricaci\u00f3n de <strong>sistemas de aireaci\u00f3n, mezcladores y bombas.<br \/><\/strong><\/p>\t\t\t\t\t\t\t\t<\/div>\n\t\t\t\t<\/div>\n\t\t\t\t<div class=\"elementor-element elementor-element-9a50016 elementor-widget elementor-widget-text-editor\" data-id=\"9a50016\" data-element_type=\"widget\" data-widget_type=\"text-editor.default\">\n\t\t\t\t<div class=\"elementor-widget-container\">\n\t\t\t\t\t\t\t\t\t<p>Desde el comienzo, nuestro objetivo ha sido ofrecer equipos de depuraci\u00f3n para tratamiento de aguas residuales HECHOS EN ITALIA, con calidad y precios interesantes.<\/p><p>Los productos son reconocidos por <strong>calidad<\/strong>, robustez y <strong>fiabilidad<\/strong>.<\/p>\t\t\t\t\t\t\t\t<\/div>\n\t\t\t\t<\/div>\n\t\t\t\t<div class=\"elementor-element elementor-element-e94922c elementor-widget elementor-widget-text-editor\" data-id=\"e94922c\" data-element_type=\"widget\" data-widget_type=\"text-editor.default\">\n\t\t\t\t<div class=\"elementor-widget-container\">\n\t\t\t\t\t\t\t\t\t<p>Conscientes que los sistemas deben seleccionarse de manera cuidadosa, cada proyecto no es un simple suministro.<\/p><p>Asistimos al cliente desde el an\u00e1lisis de los datos, pasando por la instalaci\u00f3n y el uso, hasta el servicio posventa, los repuestos y las reparaciones.<\/p><p>Nuestros productos evolucionan gracias a nuestro departamento t\u00e9cnico que se dedica al <strong>Dise\u00f1o<\/strong>, a la <strong>Investigaci\u00f3n<\/strong> y al <strong>Desarrollo<\/strong>, para adaptarse a las necesidades y ser m\u00e1s sostenibles a nivel de materiales, eficiencia y consumo.<\/p><p><span lang=\"ES-TRAD\">Estamos atentos al mantenimiento: suministramos\u00a0<strong>repuestos<\/strong>\u00a0y realizamos\u00a0<strong>reparaciones<\/strong>\u00a0para aprovechar al m\u00e1ximo los equipos antes de retirarlos.<\/span><\/p>\t\t\t\t\t\t\t\t<\/div>\n\t\t\t\t<\/div>\n\t\t\t\t\t<\/div>\n\t\t<\/div>\n\t\t\t\t\t<\/div>\n\t\t<\/section>\n\t\t\t\t<section class=\"elementor-section elementor-inner-section elementor-element elementor-element-644d54a elementor-section-full_width elementor-section-height-default elementor-section-height-default qodef-elementor-content-no qodef-vertical-text-holder-no\" data-id=\"644d54a\" data-element_type=\"section\">\n\t\t\t\t\t\t<div class=\"elementor-container elementor-column-gap-default\">\n\t\t\t\t\t<div class=\"elementor-column elementor-col-100 elementor-inner-column elementor-element elementor-element-b5ba618\" data-id=\"b5ba618\" data-element_type=\"column\">\n\t\t\t<div class=\"elementor-widget-wrap elementor-element-populated\">\n\t\t\t\t\t\t<div class=\"elementor-element elementor-element-3248900 elementor-icon-list--layout-traditional elementor-list-item-link-full_width elementor-widget elementor-widget-icon-list\" data-id=\"3248900\" data-element_type=\"widget\" data-widget_type=\"icon-list.default\">\n\t\t\t\t<div class=\"elementor-widget-container\">\n\t\t\t\t\t\t\t<ul class=\"elementor-icon-list-items\">\n\t\t\t\t\t\t\t<li class=\"elementor-icon-list-item\">\n\t\t\t\t\t\t\t\t\t\t\t<a href=\"https:\/\/www.scmtec.com\/es\/contactos\/\">\n\n\t\t\t\t\t\t\t\t\t\t\t\t<span class=\"elementor-icon-list-icon\">\n\t\t\t\t\t\t\t<i aria-hidden=\"true\" class=\"fas fa-long-arrow-alt-right\"><\/i>\t\t\t\t\t\t<\/span>\n\t\t\t\t\t\t\t\t\t\t<span class=\"elementor-icon-list-text\">P\u00f3ngase en contacto con nosotros para recibir nuestra propuesta o documentaci\u00f3n t\u00e9cnica.<\/span>\n\t\t\t\t\t\t\t\t\t\t\t<\/a>\n\t\t\t\t\t\t\t\t\t<\/li>\n\t\t\t\t\t\t<\/ul>\n\t\t\t\t\t\t<\/div>\n\t\t\t\t<\/div>\n\t\t\t\t\t<\/div>\n\t\t<\/div>\n\t\t\t\t\t<\/div>\n\t\t<\/section>\n\t\t\t\t\t<\/div>\n\t\t<\/div>\n\t\t\t\t\t<\/div>\n\t\t<\/section>\n\t\t\t\t<section class=\"elementor-section elementor-top-section elementor-element elementor-element-d4eac05 elementor-section-full_width qodef-elementor-content-grid qodef-extended-grid qodef-extended-grid--left-even-cols qodef-vertical-text-holder-yes elementor-section-height-default elementor-section-height-default\" data-id=\"d4eac05\" data-element_type=\"section\" data-settings=\"{&quot;background_background&quot;:&quot;classic&quot;}\">\n\t\t\t\t\t\t<div class=\"elementor-container elementor-column-gap-default\">\n\t\t\t\t\t<div class=\"elementor-column elementor-col-50 elementor-top-column elementor-element elementor-element-d225a17\" data-id=\"d225a17\" data-element_type=\"column\">\n\t\t\t<div class=\"elementor-widget-wrap elementor-element-populated\">\n\t\t\t\t\t\t<div class=\"elementor-element elementor-element-7652c4e elementor-widget elementor-widget-biotellus_core_single_image\" data-id=\"7652c4e\" data-element_type=\"widget\" data-widget_type=\"biotellus_core_single_image.default\">\n\t\t\t\t<div class=\"elementor-widget-container\">\n\t\t\t\t\t<div class=\"qodef-shortcode qodef-m  qodef-single-image qodef-layout--default \" data-viewport-offset=\"0.3\">\n\t<div class=\"qodef-m-image\">\n\t\t\t<img fetchpriority=\"high\" decoding=\"async\" width=\"1100\" height=\"894\" src=\"https:\/\/i0.wp.com\/www.scmtec.com\/wp-content\/uploads\/2022\/06\/scm-chi-siamo-tecnologie-impianti-mantova.jpg?fit=1100%2C894&amp;ssl=1\" class=\"attachment-full size-full\" alt=\"\" srcset=\"https:\/\/i0.wp.com\/www.scmtec.com\/wp-content\/uploads\/2022\/06\/scm-chi-siamo-tecnologie-impianti-mantova.jpg?w=1100&amp;ssl=1 1100w, https:\/\/i0.wp.com\/www.scmtec.com\/wp-content\/uploads\/2022\/06\/scm-chi-siamo-tecnologie-impianti-mantova.jpg?resize=300%2C244&amp;ssl=1 300w, https:\/\/i0.wp.com\/www.scmtec.com\/wp-content\/uploads\/2022\/06\/scm-chi-siamo-tecnologie-impianti-mantova.jpg?resize=1024%2C832&amp;ssl=1 1024w, https:\/\/i0.wp.com\/www.scmtec.com\/wp-content\/uploads\/2022\/06\/scm-chi-siamo-tecnologie-impianti-mantova.jpg?resize=768%2C624&amp;ssl=1 768w, https:\/\/i0.wp.com\/www.scmtec.com\/wp-content\/uploads\/2022\/06\/scm-chi-siamo-tecnologie-impianti-mantova.jpg?resize=600%2C488&amp;ssl=1 600w\" sizes=\"(max-width: 1100px) 100vw, 1100px\" \/>\t<\/div>\n<\/div>\n\t\t\t\t<\/div>\n\t\t\t\t<\/div>\n\t\t\t\t\t<\/div>\n\t\t<\/div>\n\t\t\t\t<div class=\"elementor-column elementor-col-50 elementor-top-column elementor-element elementor-element-dcda7af\" data-id=\"dcda7af\" data-element_type=\"column\">\n\t\t\t<div class=\"elementor-widget-wrap elementor-element-populated\">\n\t\t\t\t\t\t<section class=\"elementor-section elementor-inner-section elementor-element elementor-element-3dc4972 elementor-section-full_width elementor-section-height-default elementor-section-height-default qodef-elementor-content-no qodef-vertical-text-holder-no\" data-id=\"3dc4972\" data-element_type=\"section\">\n\t\t\t\t\t\t<div class=\"elementor-container elementor-column-gap-default\">\n\t\t\t\t\t<div class=\"elementor-column elementor-col-50 elementor-inner-column elementor-element elementor-element-4529694\" data-id=\"4529694\" data-element_type=\"column\">\n\t\t\t<div class=\"elementor-widget-wrap elementor-element-populated\">\n\t\t\t\t\t\t<div class=\"elementor-element elementor-element-ea58672 elementor-widget elementor-widget-biotellus_core_progress_bar\" data-id=\"ea58672\" data-element_type=\"widget\" data-widget_type=\"biotellus_core_progress_bar.default\">\n\t\t\t\t<div class=\"elementor-widget-container\">\n\t\t\t\t\t<div class=\"qodef-shortcode qodef-m  qodef-progress-bar qodef-layout--circle\"  data-layout=\"circle\" data-active-line-color=\"#f8bc26\" data-active-line-width=\"3\" data-inactive-line-color=\"#e4e4e4\" data-inactive-line-width=\"1\"  data-number=\"65\" data-text-color=\"#000\">\n\t<div class=\"qodef-m-inner\">\n\t\t<div class=\"qodef-m-canvas\" style=\"padding: 0 52px\">\n\t\t\t\t\t<\/div>\n\t\t\t\t<h5\t\tclass=\"qodef-m-title\" style=\"margin-top: 25px\"\t\t>Tecnolog\u00eda<\/h5>\n\t\n\t\t\t<p class=\"qodef-m-text\">Desempe\u00f1a un papel fundamental en nuestra industria.<\/p>\n\t\t\t<\/div>\n<\/div>\t\t\t\t<\/div>\n\t\t\t\t<\/div>\n\t\t\t\t\t<\/div>\n\t\t<\/div>\n\t\t\t\t<div class=\"elementor-column elementor-col-50 elementor-inner-column elementor-element elementor-element-54a3fff\" data-id=\"54a3fff\" data-element_type=\"column\">\n\t\t\t<div class=\"elementor-widget-wrap elementor-element-populated\">\n\t\t\t\t\t\t<div class=\"elementor-element elementor-element-427195f elementor-widget elementor-widget-biotellus_core_progress_bar\" data-id=\"427195f\" data-element_type=\"widget\" data-widget_type=\"biotellus_core_progress_bar.default\">\n\t\t\t\t<div class=\"elementor-widget-container\">\n\t\t\t\t\t<div class=\"qodef-shortcode qodef-m  qodef-progress-bar qodef-layout--circle\"  data-layout=\"circle\" data-active-line-color=\"#f8bc26\" data-active-line-width=\"3\" data-inactive-line-color=\"#e4e4e4\" data-inactive-line-width=\"1\"  data-number=\"87\" data-text-color=\"#000\">\n\t<div class=\"qodef-m-inner\">\n\t\t<div class=\"qodef-m-canvas\" style=\"padding: 0 52px\">\n\t\t\t\t\t<\/div>\n\t\t\t\t<h5\t\tclass=\"qodef-m-title\" style=\"margin-top: 25px\"\t\t>Experiencia<\/h5>\n\t\n\t\t\t<p class=\"qodef-m-text\">Contamos con un equipo altamente cualificado.<\/p>\n\t\t\t<\/div>\n<\/div>\t\t\t\t<\/div>\n\t\t\t\t<\/div>\n\t\t\t\t\t<\/div>\n\t\t<\/div>\n\t\t\t\t\t<\/div>\n\t\t<\/section>\n\t\t\t\t<section class=\"elementor-section elementor-inner-section elementor-element elementor-element-3cae3a5 elementor-section-full_width elementor-section-height-default elementor-section-height-default qodef-elementor-content-no qodef-vertical-text-holder-no\" data-id=\"3cae3a5\" data-element_type=\"section\">\n\t\t\t\t\t\t<div class=\"elementor-container elementor-column-gap-default\">\n\t\t\t\t\t<div class=\"elementor-column elementor-col-50 elementor-inner-column elementor-element elementor-element-ac92ada\" data-id=\"ac92ada\" data-element_type=\"column\">\n\t\t\t<div class=\"elementor-widget-wrap elementor-element-populated\">\n\t\t\t\t\t\t<div class=\"elementor-element elementor-element-28e91d7 elementor-widget elementor-widget-biotellus_core_progress_bar\" data-id=\"28e91d7\" data-element_type=\"widget\" data-widget_type=\"biotellus_core_progress_bar.default\">\n\t\t\t\t<div class=\"elementor-widget-container\">\n\t\t\t\t\t<div class=\"qodef-shortcode qodef-m  qodef-progress-bar qodef-layout--circle\"  data-layout=\"circle\" data-active-line-color=\"#f8bc26\" data-active-line-width=\"3\" data-inactive-line-color=\"#e4e4e4\" data-inactive-line-width=\"1\"  data-number=\"93\" data-text-color=\"#000\">\n\t<div class=\"qodef-m-inner\">\n\t\t<div class=\"qodef-m-canvas\" style=\"padding: 0 52px\">\n\t\t\t\t\t<\/div>\n\t\t\t\t<h5\t\tclass=\"qodef-m-title\" style=\"margin-top: 25px\"\t\t>Fiabilidad<\/h5>\n\t\n\t\t\t<p class=\"qodef-m-text\">Estamos presentes en el mercado italiano y internacional desde hace m\u00e1s de 30 a\u00f1os.<\/p>\n\t\t\t<\/div>\n<\/div>\t\t\t\t<\/div>\n\t\t\t\t<\/div>\n\t\t\t\t<div class=\"elementor-element elementor-element-9cc82cd elementor-widget elementor-widget-spacer\" data-id=\"9cc82cd\" data-element_type=\"widget\" data-widget_type=\"spacer.default\">\n\t\t\t\t<div class=\"elementor-widget-container\">\n\t\t\t\t\t\t\t<div class=\"elementor-spacer\">\n\t\t\t<div class=\"elementor-spacer-inner\"><\/div>\n\t\t<\/div>\n\t\t\t\t\t\t<\/div>\n\t\t\t\t<\/div>\n\t\t\t\t\t<\/div>\n\t\t<\/div>\n\t\t\t\t<div class=\"elementor-column elementor-col-50 elementor-inner-column elementor-element elementor-element-92cad62\" data-id=\"92cad62\" data-element_type=\"column\">\n\t\t\t<div class=\"elementor-widget-wrap elementor-element-populated\">\n\t\t\t\t\t\t<div class=\"elementor-element elementor-element-e7ad70b elementor-widget elementor-widget-biotellus_core_progress_bar\" data-id=\"e7ad70b\" data-element_type=\"widget\" data-widget_type=\"biotellus_core_progress_bar.default\">\n\t\t\t\t<div class=\"elementor-widget-container\">\n\t\t\t\t\t<div class=\"qodef-shortcode qodef-m  qodef-progress-bar qodef-layout--circle\"  data-layout=\"circle\" data-active-line-color=\"#f8bc26\" data-active-line-width=\"3\" data-inactive-line-color=\"#e4e4e4\" data-inactive-line-width=\"1\"  data-number=\"71\" data-text-color=\"#000\">\n\t<div class=\"qodef-m-inner\">\n\t\t<div class=\"qodef-m-canvas\" style=\"padding: 0 52px\">\n\t\t\t\t\t<\/div>\n\t\t\t\t<h5\t\tclass=\"qodef-m-title\" style=\"margin-top: 25px\"\t\t>Asistencia<\/h5>\n\t\n\t\t\t<p class=\"qodef-m-text\">Confiando en S.C.M. recibir\u00e1s asistencia y apoyo.<\/p>\n\t\t\t<\/div>\n<\/div>\t\t\t\t<\/div>\n\t\t\t\t<\/div>\n\t\t\t\t\t<\/div>\n\t\t<\/div>\n\t\t\t\t\t<\/div>\n\t\t<\/section>\n\t\t\t\t\t<\/div>\n\t\t<\/div>\n\t\t\t\t\t<\/div>\n\t\t<\/section>\n\t\t\t\t<\/div>\n\t\t","protected":false},"excerpt":{"rendered":"<p>S.C.M. Tecnologie es una empresa italiana especializada en la fabricaci\u00f3n de sistemas de aireaci\u00f3n, mezcladores y bombas. Desde el comienzo, nuestro objetivo ha sido ofrecer equipos de depuraci\u00f3n para tratamiento de aguas residuales HECHOS EN ITALIA, con calidad y precios interesantes. Los productos son reconocidos por calidad, robustez y fiabilidad. Conscientes que los sistemas deben [&hellip;]<\/p>\n","protected":false},"author":1,"featured_media":0,"parent":0,"menu_order":0,"comment_status":"closed","ping_status":"closed","template":"page-full-width.php","meta":{"_themeisle_gutenberg_block_has_review":false,"footnotes":""},"class_list":["post-12066","page","type-page","status-publish","hentry"],"yoast_head":"<!-- This site is optimized with the Yoast SEO plugin v24.7 - https:\/\/yoast.com\/wordpress\/plugins\/seo\/ -->\n<title>Qui\u00e9nes somos - SCM Tecnologie<\/title>\n<meta name=\"robots\" content=\"index, follow, max-snippet:-1, max-image-preview:large, max-video-preview:-1\" \/>\n<link rel=\"canonical\" href=\"https:\/\/www.scmtec.com\/es\/quienes-somos-aereazione-miscelazione-di-liquidi\/\" \/>\n<meta property=\"og:locale\" content=\"es_ES\" \/>\n<meta property=\"og:type\" content=\"article\" \/>\n<meta property=\"og:title\" content=\"Qui\u00e9nes somos - SCM Tecnologie\" \/>\n<meta property=\"og:description\" content=\"S.C.M. Tecnologie es una empresa italiana especializada en la fabricaci\u00f3n de sistemas de aireaci\u00f3n, mezcladores y bombas. Desde el comienzo, nuestro objetivo ha sido ofrecer equipos de depuraci\u00f3n para tratamiento de aguas residuales HECHOS EN ITALIA, con calidad y precios interesantes. Los productos son reconocidos por calidad, robustez y fiabilidad. Conscientes que los sistemas deben [&hellip;]\" \/>\n<meta property=\"og:url\" content=\"https:\/\/www.scmtec.com\/es\/quienes-somos-aereazione-miscelazione-di-liquidi\/\" \/>\n<meta property=\"og:site_name\" content=\"SCM Tecnologie\" \/>\n<meta property=\"article:modified_time\" content=\"2023-04-19T09:10:17+00:00\" \/>\n<meta property=\"og:image\" content=\"https:\/\/www.scmtec.com\/wp-content\/uploads\/2022\/06\/scm-chi-siamo-tecnologie-impianti-mantova.jpg\" \/>\n<meta name=\"twitter:card\" content=\"summary_large_image\" \/>\n<meta name=\"twitter:label1\" content=\"Tiempo de lectura\" \/>\n\t<meta name=\"twitter:data1\" content=\"2 minutos\" \/>\n<script type=\"application\/ld+json\" class=\"yoast-schema-graph\">{\"@context\":\"https:\/\/schema.org\",\"@graph\":[{\"@type\":\"WebPage\",\"@id\":\"https:\/\/www.scmtec.com\/es\/quienes-somos-aereazione-miscelazione-di-liquidi\/\",\"url\":\"https:\/\/www.scmtec.com\/es\/quienes-somos-aereazione-miscelazione-di-liquidi\/\",\"name\":\"Qui\u00e9nes somos - SCM Tecnologie\",\"isPartOf\":{\"@id\":\"https:\/\/www.scmtec.com\/#website\"},\"primaryImageOfPage\":{\"@id\":\"https:\/\/www.scmtec.com\/es\/quienes-somos-aereazione-miscelazione-di-liquidi\/#primaryimage\"},\"image\":{\"@id\":\"https:\/\/www.scmtec.com\/es\/quienes-somos-aereazione-miscelazione-di-liquidi\/#primaryimage\"},\"thumbnailUrl\":\"https:\/\/www.scmtec.com\/wp-content\/uploads\/2022\/06\/scm-chi-siamo-tecnologie-impianti-mantova.jpg\",\"datePublished\":\"2021-06-07T10:16:16+00:00\",\"dateModified\":\"2023-04-19T09:10:17+00:00\",\"breadcrumb\":{\"@id\":\"https:\/\/www.scmtec.com\/es\/quienes-somos-aereazione-miscelazione-di-liquidi\/#breadcrumb\"},\"inLanguage\":\"es\",\"potentialAction\":[{\"@type\":\"ReadAction\",\"target\":[\"https:\/\/www.scmtec.com\/es\/quienes-somos-aereazione-miscelazione-di-liquidi\/\"]}]},{\"@type\":\"ImageObject\",\"inLanguage\":\"es\",\"@id\":\"https:\/\/www.scmtec.com\/es\/quienes-somos-aereazione-miscelazione-di-liquidi\/#primaryimage\",\"url\":\"https:\/\/www.scmtec.com\/wp-content\/uploads\/2022\/06\/scm-chi-siamo-tecnologie-impianti-mantova.jpg\",\"contentUrl\":\"https:\/\/www.scmtec.com\/wp-content\/uploads\/2022\/06\/scm-chi-siamo-tecnologie-impianti-mantova.jpg\"},{\"@type\":\"BreadcrumbList\",\"@id\":\"https:\/\/www.scmtec.com\/es\/quienes-somos-aereazione-miscelazione-di-liquidi\/#breadcrumb\",\"itemListElement\":[{\"@type\":\"ListItem\",\"position\":1,\"name\":\"Home\",\"item\":\"https:\/\/www.scmtec.com\/fr\/\"},{\"@type\":\"ListItem\",\"position\":2,\"name\":\"Qui\u00e9nes somos\"}]},{\"@type\":\"WebSite\",\"@id\":\"https:\/\/www.scmtec.com\/#website\",\"url\":\"https:\/\/www.scmtec.com\/\",\"name\":\"SCM Tecnologie\",\"description\":\"\",\"potentialAction\":[{\"@type\":\"SearchAction\",\"target\":{\"@type\":\"EntryPoint\",\"urlTemplate\":\"https:\/\/www.scmtec.com\/?s={search_term_string}\"},\"query-input\":{\"@type\":\"PropertyValueSpecification\",\"valueRequired\":true,\"valueName\":\"search_term_string\"}}],\"inLanguage\":\"es\"}]}<\/script>\n<!-- \/ Yoast SEO plugin. -->","yoast_head_json":{"title":"Qui\u00e9nes somos - SCM Tecnologie","robots":{"index":"index","follow":"follow","max-snippet":"max-snippet:-1","max-image-preview":"max-image-preview:large","max-video-preview":"max-video-preview:-1"},"canonical":"https:\/\/www.scmtec.com\/es\/quienes-somos-aereazione-miscelazione-di-liquidi\/","og_locale":"es_ES","og_type":"article","og_title":"Qui\u00e9nes somos - SCM Tecnologie","og_description":"S.C.M. Tecnologie es una empresa italiana especializada en la fabricaci\u00f3n de sistemas de aireaci\u00f3n, mezcladores y bombas. Desde el comienzo, nuestro objetivo ha sido ofrecer equipos de depuraci\u00f3n para tratamiento de aguas residuales HECHOS EN ITALIA, con calidad y precios interesantes. Los productos son reconocidos por calidad, robustez y fiabilidad. Conscientes que los sistemas deben [&hellip;]","og_url":"https:\/\/www.scmtec.com\/es\/quienes-somos-aereazione-miscelazione-di-liquidi\/","og_site_name":"SCM Tecnologie","article_modified_time":"2023-04-19T09:10:17+00:00","og_image":[{"url":"https:\/\/www.scmtec.com\/wp-content\/uploads\/2022\/06\/scm-chi-siamo-tecnologie-impianti-mantova.jpg","type":"","width":"","height":""}],"twitter_card":"summary_large_image","twitter_misc":{"Tiempo de lectura":"2 minutos"},"schema":{"@context":"https:\/\/schema.org","@graph":[{"@type":"WebPage","@id":"https:\/\/www.scmtec.com\/es\/quienes-somos-aereazione-miscelazione-di-liquidi\/","url":"https:\/\/www.scmtec.com\/es\/quienes-somos-aereazione-miscelazione-di-liquidi\/","name":"Qui\u00e9nes somos - SCM Tecnologie","isPartOf":{"@id":"https:\/\/www.scmtec.com\/#website"},"primaryImageOfPage":{"@id":"https:\/\/www.scmtec.com\/es\/quienes-somos-aereazione-miscelazione-di-liquidi\/#primaryimage"},"image":{"@id":"https:\/\/www.scmtec.com\/es\/quienes-somos-aereazione-miscelazione-di-liquidi\/#primaryimage"},"thumbnailUrl":"https:\/\/www.scmtec.com\/wp-content\/uploads\/2022\/06\/scm-chi-siamo-tecnologie-impianti-mantova.jpg","datePublished":"2021-06-07T10:16:16+00:00","dateModified":"2023-04-19T09:10:17+00:00","breadcrumb":{"@id":"https:\/\/www.scmtec.com\/es\/quienes-somos-aereazione-miscelazione-di-liquidi\/#breadcrumb"},"inLanguage":"es","potentialAction":[{"@type":"ReadAction","target":["https:\/\/www.scmtec.com\/es\/quienes-somos-aereazione-miscelazione-di-liquidi\/"]}]},{"@type":"ImageObject","inLanguage":"es","@id":"https:\/\/www.scmtec.com\/es\/quienes-somos-aereazione-miscelazione-di-liquidi\/#primaryimage","url":"https:\/\/www.scmtec.com\/wp-content\/uploads\/2022\/06\/scm-chi-siamo-tecnologie-impianti-mantova.jpg","contentUrl":"https:\/\/www.scmtec.com\/wp-content\/uploads\/2022\/06\/scm-chi-siamo-tecnologie-impianti-mantova.jpg"},{"@type":"BreadcrumbList","@id":"https:\/\/www.scmtec.com\/es\/quienes-somos-aereazione-miscelazione-di-liquidi\/#breadcrumb","itemListElement":[{"@type":"ListItem","position":1,"name":"Home","item":"https:\/\/www.scmtec.com\/fr\/"},{"@type":"ListItem","position":2,"name":"Qui\u00e9nes somos"}]},{"@type":"WebSite","@id":"https:\/\/www.scmtec.com\/#website","url":"https:\/\/www.scmtec.com\/","name":"SCM Tecnologie","description":"","potentialAction":[{"@type":"SearchAction","target":{"@type":"EntryPoint","urlTemplate":"https:\/\/www.scmtec.com\/?s={search_term_string}"},"query-input":{"@type":"PropertyValueSpecification","valueRequired":true,"valueName":"search_term_string"}}],"inLanguage":"es"}]}},"jetpack_sharing_enabled":true,"_links":{"self":[{"href":"https:\/\/www.scmtec.com\/es\/wp-json\/wp\/v2\/pages\/12066","targetHints":{"allow":["GET"]}}],"collection":[{"href":"https:\/\/www.scmtec.com\/es\/wp-json\/wp\/v2\/pages"}],"about":[{"href":"https:\/\/www.scmtec.com\/es\/wp-json\/wp\/v2\/types\/page"}],"author":[{"embeddable":true,"href":"https:\/\/www.scmtec.com\/es\/wp-json\/wp\/v2\/users\/1"}],"replies":[{"embeddable":true,"href":"https:\/\/www.scmtec.com\/es\/wp-json\/wp\/v2\/comments?post=12066"}],"version-history":[{"count":15,"href":"https:\/\/www.scmtec.com\/es\/wp-json\/wp\/v2\/pages\/12066\/revisions"}],"predecessor-version":[{"id":13364,"href":"https:\/\/www.scmtec.com\/es\/wp-json\/wp\/v2\/pages\/12066\/revisions\/13364"}],"wp:attachment":[{"href":"https:\/\/www.scmtec.com\/es\/wp-json\/wp\/v2\/media?parent=12066"}],"curies":[{"name":"wp","href":"https:\/\/api.w.org\/{rel}","templated":true}]}}