{"id":12124,"date":"2022-06-23T15:31:33","date_gmt":"2022-06-23T15:31:33","guid":{"rendered":"https:\/\/www.scmtec.com\/prodotto\/aeratori-per-serbatoi-di-fermentazione-ars\/"},"modified":"2022-11-30T14:10:57","modified_gmt":"2022-11-30T14:10:57","slug":"ars-aireadores-para-tanques-de-fermentacion","status":"publish","type":"product","link":"https:\/\/www.scmtec.com\/es\/prodotto\/ars-aireadores-para-tanques-de-fermentacion\/","title":{"rendered":"ARS Aireadores para tanques de fermentaci\u00f3n"},"content":{"rendered":"","protected":false},"excerpt":{"rendered":"<ul>\n<li><strong>Potencia: 3 \u00f7 22 kW<\/strong><\/li>\n<li><strong>Velocidad de rotaci\u00f3n: 1450 min-1<\/strong><\/li>\n<\/ul>\n<p>Los aireadores de la serie ARS son un sistema flexible y vers\u00e1til para la aireaci\u00f3n y la mezcla en tanques de fermentaci\u00f3n aer\u00f3bica. Estas m\u00e1quinas se diferencian de otros sistemas similares por el alto rendimiento en la transferencia de ox\u00edgeno, as\u00ed como por la gran capacidad de mezcla, dado que trabajando en el fondo del tanque posibilitan la aireaci\u00f3n total del l\u00edquido evitando por tanto la formaci\u00f3n de zonas muertas. El motor el\u00e9ctrico situado fuera del tanque y la secci\u00f3n hidr\u00e1ulica fabricada \u00edntegramente en acero inoxidable AISI 316 hacen que el aireador ARS sea adecuado para su uso en tanques de agua limpia o en sectores espec\u00edficos como el alimentario y el farmac\u00e9utico. Para la instalaci\u00f3n hay que colocar la placa de uni\u00f3n en el fondo del tanque, interponiendo una junta para alimentos de material adecuado.<\/p>\n<p>&nbsp;<\/p>\n[fc id='15' align='left'][\/fc]\n","protected":false},"featured_media":11477,"template":"","meta":{"_themeisle_gutenberg_block_has_review":false},"product_brand":[],"product_cat":[152,153],"product_tag":[],"class_list":{"0":"post-12124","1":"product","2":"type-product","3":"status-publish","4":"has-post-thumbnail","6":"product_cat-aerazione-es","7":"product_cat-fermentatori-es","9":"first","10":"instock","11":"shipping-taxable","12":"product-type-simple"},"yoast_head":"<!-- This site is optimized with the Yoast SEO plugin v27.5 - https:\/\/yoast.com\/product\/yoast-seo-wordpress\/ -->\n<title>ARS Aireadores para tanques de fermentaci\u00f3n - SCM Tecnologie<\/title>\n<meta name=\"robots\" content=\"index, follow, max-snippet:-1, max-image-preview:large, max-video-preview:-1\" \/>\n<link rel=\"canonical\" href=\"https:\/\/www.scmtec.com\/es\/prodotto\/ars-aireadores-para-tanques-de-fermentacion\/\" \/>\n<meta property=\"og:locale\" content=\"es_ES\" \/>\n<meta property=\"og:type\" content=\"article\" \/>\n<meta property=\"og:title\" content=\"ARS Aireadores para tanques de fermentaci\u00f3n - SCM Tecnologie\" \/>\n<meta property=\"og:description\" content=\"Potencia: 3 \u00f7 22 kW  Velocidad de rotaci\u00f3n: 1450 min-1  Los aireadores de la serie ARS son un sistema flexible y vers\u00e1til para la aireaci\u00f3n y la mezcla en tanques de fermentaci\u00f3n aer\u00f3bica. Estas m\u00e1quinas se diferencian de otros sistemas similares por el alto rendimiento en la transferencia de ox\u00edgeno, as\u00ed como por la gran capacidad de mezcla, dado que trabajando en el fondo del tanque posibilitan la aireaci\u00f3n total del l\u00edquido evitando por tanto la formaci\u00f3n de zonas muertas. El motor el\u00e9ctrico situado fuera del tanque y la secci\u00f3n hidr\u00e1ulica fabricada \u00edntegramente en acero inoxidable AISI 316 hacen que el aireador ARS sea adecuado para su uso en tanques de agua limpia o en sectores espec\u00edficos como el alimentario y el farmac\u00e9utico. Para la instalaci\u00f3n hay que colocar la placa de uni\u00f3n en el fondo del tanque, interponiendo una junta para alimentos de material adecuado.  &nbsp;\" \/>\n<meta property=\"og:url\" content=\"https:\/\/www.scmtec.com\/es\/prodotto\/ars-aireadores-para-tanques-de-fermentacion\/\" \/>\n<meta property=\"og:site_name\" content=\"SCM Tecnologie\" \/>\n<meta property=\"article:modified_time\" content=\"2022-11-30T14:10:57+00:00\" \/>\n<meta property=\"og:image\" content=\"https:\/\/i0.wp.com\/www.scmtec.com\/wp-content\/uploads\/2022\/06\/ars.jpg?fit=600%2C600&ssl=1\" \/>\n\t<meta property=\"og:image:width\" content=\"600\" \/>\n\t<meta property=\"og:image:height\" content=\"600\" \/>\n\t<meta property=\"og:image:type\" content=\"image\/jpeg\" \/>\n<meta name=\"twitter:card\" content=\"summary_large_image\" \/>\n<script type=\"application\/ld+json\" class=\"yoast-schema-graph\">{\"@context\":\"https:\\\/\\\/schema.org\",\"@graph\":[{\"@type\":\"WebPage\",\"@id\":\"https:\\\/\\\/www.scmtec.com\\\/es\\\/prodotto\\\/ars-aireadores-para-tanques-de-fermentacion\\\/\",\"url\":\"https:\\\/\\\/www.scmtec.com\\\/es\\\/prodotto\\\/ars-aireadores-para-tanques-de-fermentacion\\\/\",\"name\":\"ARS Aireadores para tanques de fermentaci\u00f3n - SCM Tecnologie\",\"isPartOf\":{\"@id\":\"https:\\\/\\\/www.scmtec.com\\\/#website\"},\"primaryImageOfPage\":{\"@id\":\"https:\\\/\\\/www.scmtec.com\\\/es\\\/prodotto\\\/ars-aireadores-para-tanques-de-fermentacion\\\/#primaryimage\"},\"image\":{\"@id\":\"https:\\\/\\\/www.scmtec.com\\\/es\\\/prodotto\\\/ars-aireadores-para-tanques-de-fermentacion\\\/#primaryimage\"},\"thumbnailUrl\":\"https:\\\/\\\/i0.wp.com\\\/www.scmtec.com\\\/wp-content\\\/uploads\\\/2022\\\/06\\\/ars.jpg?fit=600%2C600&ssl=1\",\"datePublished\":\"2022-06-23T15:31:33+00:00\",\"dateModified\":\"2022-11-30T14:10:57+00:00\",\"breadcrumb\":{\"@id\":\"https:\\\/\\\/www.scmtec.com\\\/es\\\/prodotto\\\/ars-aireadores-para-tanques-de-fermentacion\\\/#breadcrumb\"},\"inLanguage\":\"es\",\"potentialAction\":[{\"@type\":\"ReadAction\",\"target\":[\"https:\\\/\\\/www.scmtec.com\\\/es\\\/prodotto\\\/ars-aireadores-para-tanques-de-fermentacion\\\/\"]}]},{\"@type\":\"ImageObject\",\"inLanguage\":\"es\",\"@id\":\"https:\\\/\\\/www.scmtec.com\\\/es\\\/prodotto\\\/ars-aireadores-para-tanques-de-fermentacion\\\/#primaryimage\",\"url\":\"https:\\\/\\\/i0.wp.com\\\/www.scmtec.com\\\/wp-content\\\/uploads\\\/2022\\\/06\\\/ars.jpg?fit=600%2C600&ssl=1\",\"contentUrl\":\"https:\\\/\\\/i0.wp.com\\\/www.scmtec.com\\\/wp-content\\\/uploads\\\/2022\\\/06\\\/ars.jpg?fit=600%2C600&ssl=1\",\"width\":600,\"height\":600},{\"@type\":\"BreadcrumbList\",\"@id\":\"https:\\\/\\\/www.scmtec.com\\\/es\\\/prodotto\\\/ars-aireadores-para-tanques-de-fermentacion\\\/#breadcrumb\",\"itemListElement\":[{\"@type\":\"ListItem\",\"position\":1,\"name\":\"Home\",\"item\":\"https:\\\/\\\/www.scmtec.com\\\/fr\\\/\"},{\"@type\":\"ListItem\",\"position\":2,\"name\":\"I nostri prodotti\",\"item\":\"https:\\\/\\\/www.scmtec.com\\\/es\\\/nuestros-productos\\\/\"},{\"@type\":\"ListItem\",\"position\":3,\"name\":\"ARS Aireadores para tanques de fermentaci\u00f3n\"}]},{\"@type\":\"WebSite\",\"@id\":\"https:\\\/\\\/www.scmtec.com\\\/#website\",\"url\":\"https:\\\/\\\/www.scmtec.com\\\/\",\"name\":\"SCM Tecnologie\",\"description\":\"\",\"potentialAction\":[{\"@type\":\"SearchAction\",\"target\":{\"@type\":\"EntryPoint\",\"urlTemplate\":\"https:\\\/\\\/www.scmtec.com\\\/?s={search_term_string}\"},\"query-input\":{\"@type\":\"PropertyValueSpecification\",\"valueRequired\":true,\"valueName\":\"search_term_string\"}}],\"inLanguage\":\"es\"}]}<\/script>\n<!-- \/ Yoast SEO plugin. -->","yoast_head_json":{"title":"ARS Aireadores para tanques de fermentaci\u00f3n - SCM Tecnologie","robots":{"index":"index","follow":"follow","max-snippet":"max-snippet:-1","max-image-preview":"max-image-preview:large","max-video-preview":"max-video-preview:-1"},"canonical":"https:\/\/www.scmtec.com\/es\/prodotto\/ars-aireadores-para-tanques-de-fermentacion\/","og_locale":"es_ES","og_type":"article","og_title":"ARS Aireadores para tanques de fermentaci\u00f3n - SCM Tecnologie","og_description":"Potencia: 3 \u00f7 22 kW  Velocidad de rotaci\u00f3n: 1450 min-1  Los aireadores de la serie ARS son un sistema flexible y vers\u00e1til para la aireaci\u00f3n y la mezcla en tanques de fermentaci\u00f3n aer\u00f3bica. Estas m\u00e1quinas se diferencian de otros sistemas similares por el alto rendimiento en la transferencia de ox\u00edgeno, as\u00ed como por la gran capacidad de mezcla, dado que trabajando en el fondo del tanque posibilitan la aireaci\u00f3n total del l\u00edquido evitando por tanto la formaci\u00f3n de zonas muertas. El motor el\u00e9ctrico situado fuera del tanque y la secci\u00f3n hidr\u00e1ulica fabricada \u00edntegramente en acero inoxidable AISI 316 hacen que el aireador ARS sea adecuado para su uso en tanques de agua limpia o en sectores espec\u00edficos como el alimentario y el farmac\u00e9utico. Para la instalaci\u00f3n hay que colocar la placa de uni\u00f3n en el fondo del tanque, interponiendo una junta para alimentos de material adecuado.  &nbsp;","og_url":"https:\/\/www.scmtec.com\/es\/prodotto\/ars-aireadores-para-tanques-de-fermentacion\/","og_site_name":"SCM Tecnologie","article_modified_time":"2022-11-30T14:10:57+00:00","og_image":[{"width":600,"height":600,"url":"https:\/\/i0.wp.com\/www.scmtec.com\/wp-content\/uploads\/2022\/06\/ars.jpg?fit=600%2C600&ssl=1","type":"image\/jpeg"}],"twitter_card":"summary_large_image","schema":{"@context":"https:\/\/schema.org","@graph":[{"@type":"WebPage","@id":"https:\/\/www.scmtec.com\/es\/prodotto\/ars-aireadores-para-tanques-de-fermentacion\/","url":"https:\/\/www.scmtec.com\/es\/prodotto\/ars-aireadores-para-tanques-de-fermentacion\/","name":"ARS Aireadores para tanques de fermentaci\u00f3n - SCM Tecnologie","isPartOf":{"@id":"https:\/\/www.scmtec.com\/#website"},"primaryImageOfPage":{"@id":"https:\/\/www.scmtec.com\/es\/prodotto\/ars-aireadores-para-tanques-de-fermentacion\/#primaryimage"},"image":{"@id":"https:\/\/www.scmtec.com\/es\/prodotto\/ars-aireadores-para-tanques-de-fermentacion\/#primaryimage"},"thumbnailUrl":"https:\/\/i0.wp.com\/www.scmtec.com\/wp-content\/uploads\/2022\/06\/ars.jpg?fit=600%2C600&ssl=1","datePublished":"2022-06-23T15:31:33+00:00","dateModified":"2022-11-30T14:10:57+00:00","breadcrumb":{"@id":"https:\/\/www.scmtec.com\/es\/prodotto\/ars-aireadores-para-tanques-de-fermentacion\/#breadcrumb"},"inLanguage":"es","potentialAction":[{"@type":"ReadAction","target":["https:\/\/www.scmtec.com\/es\/prodotto\/ars-aireadores-para-tanques-de-fermentacion\/"]}]},{"@type":"ImageObject","inLanguage":"es","@id":"https:\/\/www.scmtec.com\/es\/prodotto\/ars-aireadores-para-tanques-de-fermentacion\/#primaryimage","url":"https:\/\/i0.wp.com\/www.scmtec.com\/wp-content\/uploads\/2022\/06\/ars.jpg?fit=600%2C600&ssl=1","contentUrl":"https:\/\/i0.wp.com\/www.scmtec.com\/wp-content\/uploads\/2022\/06\/ars.jpg?fit=600%2C600&ssl=1","width":600,"height":600},{"@type":"BreadcrumbList","@id":"https:\/\/www.scmtec.com\/es\/prodotto\/ars-aireadores-para-tanques-de-fermentacion\/#breadcrumb","itemListElement":[{"@type":"ListItem","position":1,"name":"Home","item":"https:\/\/www.scmtec.com\/fr\/"},{"@type":"ListItem","position":2,"name":"I nostri prodotti","item":"https:\/\/www.scmtec.com\/es\/nuestros-productos\/"},{"@type":"ListItem","position":3,"name":"ARS Aireadores para tanques de fermentaci\u00f3n"}]},{"@type":"WebSite","@id":"https:\/\/www.scmtec.com\/#website","url":"https:\/\/www.scmtec.com\/","name":"SCM Tecnologie","description":"","potentialAction":[{"@type":"SearchAction","target":{"@type":"EntryPoint","urlTemplate":"https:\/\/www.scmtec.com\/?s={search_term_string}"},"query-input":{"@type":"PropertyValueSpecification","valueRequired":true,"valueName":"search_term_string"}}],"inLanguage":"es"}]}},"jetpack_sharing_enabled":true,"_links":{"self":[{"href":"https:\/\/www.scmtec.com\/es\/wp-json\/wp\/v2\/product\/12124","targetHints":{"allow":["GET"]}}],"collection":[{"href":"https:\/\/www.scmtec.com\/es\/wp-json\/wp\/v2\/product"}],"about":[{"href":"https:\/\/www.scmtec.com\/es\/wp-json\/wp\/v2\/types\/product"}],"wp:featuredmedia":[{"embeddable":true,"href":"https:\/\/www.scmtec.com\/es\/wp-json\/wp\/v2\/media\/11477"}],"wp:attachment":[{"href":"https:\/\/www.scmtec.com\/es\/wp-json\/wp\/v2\/media?parent=12124"}],"wp:term":[{"taxonomy":"product_brand","embeddable":true,"href":"https:\/\/www.scmtec.com\/es\/wp-json\/wp\/v2\/product_brand?post=12124"},{"taxonomy":"product_cat","embeddable":true,"href":"https:\/\/www.scmtec.com\/es\/wp-json\/wp\/v2\/product_cat?post=12124"},{"taxonomy":"product_tag","embeddable":true,"href":"https:\/\/www.scmtec.com\/es\/wp-json\/wp\/v2\/product_tag?post=12124"}],"curies":[{"name":"wp","href":"https:\/\/api.w.org\/{rel}","templated":true}]}}