{"id":12125,"date":"2022-06-23T14:35:22","date_gmt":"2022-06-23T14:35:22","guid":{"rendered":"https:\/\/www.scmtec.com\/prodotto\/diffusori-a-disco-a-bolle-fini-airex\/"},"modified":"2022-11-30T13:46:01","modified_gmt":"2022-11-30T13:46:01","slug":"airex-difusores-de-disco-de-burbujas-finas","status":"publish","type":"product","link":"https:\/\/www.scmtec.com\/es\/prodotto\/airex-difusores-de-disco-de-burbujas-finas\/","title":{"rendered":"Airex Difusores de disco de burbujas finas"},"content":{"rendered":"","protected":false},"excerpt":{"rendered":"<ul>\n<li><strong>Dimensiones: 9\u201d o 12\u201d<\/strong><\/li>\n<li><strong>Material de la membrana: EPDM o silicona<\/strong><\/li>\n<\/ul>\n<p>Los difusores de disco de burbujas finas Airex est\u00e1n disponibles en dos tama\u00f1os con diferentes caudales unitarios de aire.<br \/>\nPueden suministrarse sueltos u organizados en redes premontadas, dise\u00f1ados por el departamento t\u00e9cnico interno de S.C.M. Tecnologie seg\u00fan los diferentes tipos de tratamientos y geometr\u00edas de las cubas. La membrana microperforada de burbujas finas combina una alta eficiencia de transferencia de ox\u00edgeno con bajas p\u00e9rdidas de carga.<br \/>\nEl material de las membranas m\u00e1s utilizado es el EPDM, un tipo de elast\u00f3mero que permite utilizar los difusores con \u00e9xito en la mayor\u00eda de las aplicaciones municipales y en muchas industriales.<br \/>\nLos difusores Airex tambi\u00e9n est\u00e1n disponibles con una membrana de silicona para aplicaciones de alta temperatura y efluentes especialmente agresivos.<br \/>\nLas membranas pueden fabricarse con diferentes perforaciones en funci\u00f3n del tipo de l\u00edquido residual.<\/p>\n<p>&nbsp;<\/p>\n[fc id='15' align='left'][\/fc]\n","protected":false},"featured_media":11471,"template":"","meta":{"_themeisle_gutenberg_block_has_review":false},"product_brand":[],"product_cat":[152,154],"product_tag":[],"class_list":{"0":"post-12125","1":"product","2":"type-product","3":"status-publish","4":"has-post-thumbnail","6":"product_cat-aerazione-es","7":"product_cat-diffusori-es","9":"first","10":"instock","11":"shipping-taxable","12":"product-type-simple"},"yoast_head":"<!-- This site is optimized with the Yoast SEO plugin v27.5 - https:\/\/yoast.com\/product\/yoast-seo-wordpress\/ -->\n<title>Airex Difusores de disco de burbujas finas - SCM Tecnologie<\/title>\n<meta name=\"robots\" content=\"index, follow, max-snippet:-1, max-image-preview:large, max-video-preview:-1\" \/>\n<link rel=\"canonical\" href=\"https:\/\/www.scmtec.com\/es\/prodotto\/airex-difusores-de-disco-de-burbujas-finas\/\" \/>\n<meta property=\"og:locale\" content=\"es_ES\" \/>\n<meta property=\"og:type\" content=\"article\" \/>\n<meta property=\"og:title\" content=\"Airex Difusores de disco de burbujas finas - SCM Tecnologie\" \/>\n<meta property=\"og:description\" content=\"Dimensiones: 9\u201d o 12\u201d  Material de la membrana: EPDM o silicona  Los difusores de disco de burbujas finas Airex est\u00e1n disponibles en dos tama\u00f1os con diferentes caudales unitarios de aire. Pueden suministrarse sueltos u organizados en redes premontadas, dise\u00f1ados por el departamento t\u00e9cnico interno de S.C.M. Tecnologie seg\u00fan los diferentes tipos de tratamientos y geometr\u00edas de las cubas. La membrana microperforada de burbujas finas combina una alta eficiencia de transferencia de ox\u00edgeno con bajas p\u00e9rdidas de carga. El material de las membranas m\u00e1s utilizado es el EPDM, un tipo de elast\u00f3mero que permite utilizar los difusores con \u00e9xito en la mayor\u00eda de las aplicaciones municipales y en muchas industriales. Los difusores Airex tambi\u00e9n est\u00e1n disponibles con una membrana de silicona para aplicaciones de alta temperatura y efluentes especialmente agresivos. Las membranas pueden fabricarse con diferentes perforaciones en funci\u00f3n del tipo de l\u00edquido residual.  &nbsp;\" \/>\n<meta property=\"og:url\" content=\"https:\/\/www.scmtec.com\/es\/prodotto\/airex-difusores-de-disco-de-burbujas-finas\/\" \/>\n<meta property=\"og:site_name\" content=\"SCM Tecnologie\" \/>\n<meta property=\"article:modified_time\" content=\"2022-11-30T13:46:01+00:00\" \/>\n<meta property=\"og:image\" content=\"https:\/\/i0.wp.com\/www.scmtec.com\/wp-content\/uploads\/2022\/06\/diffusori-a-disco-a-bolle.jpg?fit=600%2C600&ssl=1\" \/>\n\t<meta property=\"og:image:width\" content=\"600\" \/>\n\t<meta property=\"og:image:height\" content=\"600\" \/>\n\t<meta property=\"og:image:type\" content=\"image\/jpeg\" \/>\n<meta name=\"twitter:card\" content=\"summary_large_image\" \/>\n<script type=\"application\/ld+json\" class=\"yoast-schema-graph\">{\"@context\":\"https:\\\/\\\/schema.org\",\"@graph\":[{\"@type\":\"WebPage\",\"@id\":\"https:\\\/\\\/www.scmtec.com\\\/es\\\/prodotto\\\/airex-difusores-de-disco-de-burbujas-finas\\\/\",\"url\":\"https:\\\/\\\/www.scmtec.com\\\/es\\\/prodotto\\\/airex-difusores-de-disco-de-burbujas-finas\\\/\",\"name\":\"Airex Difusores de disco de burbujas finas - SCM Tecnologie\",\"isPartOf\":{\"@id\":\"https:\\\/\\\/www.scmtec.com\\\/#website\"},\"primaryImageOfPage\":{\"@id\":\"https:\\\/\\\/www.scmtec.com\\\/es\\\/prodotto\\\/airex-difusores-de-disco-de-burbujas-finas\\\/#primaryimage\"},\"image\":{\"@id\":\"https:\\\/\\\/www.scmtec.com\\\/es\\\/prodotto\\\/airex-difusores-de-disco-de-burbujas-finas\\\/#primaryimage\"},\"thumbnailUrl\":\"https:\\\/\\\/i0.wp.com\\\/www.scmtec.com\\\/wp-content\\\/uploads\\\/2022\\\/06\\\/diffusori-a-disco-a-bolle.jpg?fit=600%2C600&ssl=1\",\"datePublished\":\"2022-06-23T14:35:22+00:00\",\"dateModified\":\"2022-11-30T13:46:01+00:00\",\"breadcrumb\":{\"@id\":\"https:\\\/\\\/www.scmtec.com\\\/es\\\/prodotto\\\/airex-difusores-de-disco-de-burbujas-finas\\\/#breadcrumb\"},\"inLanguage\":\"es\",\"potentialAction\":[{\"@type\":\"ReadAction\",\"target\":[\"https:\\\/\\\/www.scmtec.com\\\/es\\\/prodotto\\\/airex-difusores-de-disco-de-burbujas-finas\\\/\"]}]},{\"@type\":\"ImageObject\",\"inLanguage\":\"es\",\"@id\":\"https:\\\/\\\/www.scmtec.com\\\/es\\\/prodotto\\\/airex-difusores-de-disco-de-burbujas-finas\\\/#primaryimage\",\"url\":\"https:\\\/\\\/i0.wp.com\\\/www.scmtec.com\\\/wp-content\\\/uploads\\\/2022\\\/06\\\/diffusori-a-disco-a-bolle.jpg?fit=600%2C600&ssl=1\",\"contentUrl\":\"https:\\\/\\\/i0.wp.com\\\/www.scmtec.com\\\/wp-content\\\/uploads\\\/2022\\\/06\\\/diffusori-a-disco-a-bolle.jpg?fit=600%2C600&ssl=1\",\"width\":600,\"height\":600},{\"@type\":\"BreadcrumbList\",\"@id\":\"https:\\\/\\\/www.scmtec.com\\\/es\\\/prodotto\\\/airex-difusores-de-disco-de-burbujas-finas\\\/#breadcrumb\",\"itemListElement\":[{\"@type\":\"ListItem\",\"position\":1,\"name\":\"Home\",\"item\":\"https:\\\/\\\/www.scmtec.com\\\/fr\\\/\"},{\"@type\":\"ListItem\",\"position\":2,\"name\":\"I nostri prodotti\",\"item\":\"https:\\\/\\\/www.scmtec.com\\\/es\\\/nuestros-productos\\\/\"},{\"@type\":\"ListItem\",\"position\":3,\"name\":\"Airex Difusores de disco de burbujas finas\"}]},{\"@type\":\"WebSite\",\"@id\":\"https:\\\/\\\/www.scmtec.com\\\/#website\",\"url\":\"https:\\\/\\\/www.scmtec.com\\\/\",\"name\":\"SCM Tecnologie\",\"description\":\"\",\"potentialAction\":[{\"@type\":\"SearchAction\",\"target\":{\"@type\":\"EntryPoint\",\"urlTemplate\":\"https:\\\/\\\/www.scmtec.com\\\/?s={search_term_string}\"},\"query-input\":{\"@type\":\"PropertyValueSpecification\",\"valueRequired\":true,\"valueName\":\"search_term_string\"}}],\"inLanguage\":\"es\"}]}<\/script>\n<!-- \/ Yoast SEO plugin. -->","yoast_head_json":{"title":"Airex Difusores de disco de burbujas finas - SCM Tecnologie","robots":{"index":"index","follow":"follow","max-snippet":"max-snippet:-1","max-image-preview":"max-image-preview:large","max-video-preview":"max-video-preview:-1"},"canonical":"https:\/\/www.scmtec.com\/es\/prodotto\/airex-difusores-de-disco-de-burbujas-finas\/","og_locale":"es_ES","og_type":"article","og_title":"Airex Difusores de disco de burbujas finas - SCM Tecnologie","og_description":"Dimensiones: 9\u201d o 12\u201d  Material de la membrana: EPDM o silicona  Los difusores de disco de burbujas finas Airex est\u00e1n disponibles en dos tama\u00f1os con diferentes caudales unitarios de aire. Pueden suministrarse sueltos u organizados en redes premontadas, dise\u00f1ados por el departamento t\u00e9cnico interno de S.C.M. Tecnologie seg\u00fan los diferentes tipos de tratamientos y geometr\u00edas de las cubas. La membrana microperforada de burbujas finas combina una alta eficiencia de transferencia de ox\u00edgeno con bajas p\u00e9rdidas de carga. El material de las membranas m\u00e1s utilizado es el EPDM, un tipo de elast\u00f3mero que permite utilizar los difusores con \u00e9xito en la mayor\u00eda de las aplicaciones municipales y en muchas industriales. Los difusores Airex tambi\u00e9n est\u00e1n disponibles con una membrana de silicona para aplicaciones de alta temperatura y efluentes especialmente agresivos. Las membranas pueden fabricarse con diferentes perforaciones en funci\u00f3n del tipo de l\u00edquido residual.  &nbsp;","og_url":"https:\/\/www.scmtec.com\/es\/prodotto\/airex-difusores-de-disco-de-burbujas-finas\/","og_site_name":"SCM Tecnologie","article_modified_time":"2022-11-30T13:46:01+00:00","og_image":[{"width":600,"height":600,"url":"https:\/\/i0.wp.com\/www.scmtec.com\/wp-content\/uploads\/2022\/06\/diffusori-a-disco-a-bolle.jpg?fit=600%2C600&ssl=1","type":"image\/jpeg"}],"twitter_card":"summary_large_image","schema":{"@context":"https:\/\/schema.org","@graph":[{"@type":"WebPage","@id":"https:\/\/www.scmtec.com\/es\/prodotto\/airex-difusores-de-disco-de-burbujas-finas\/","url":"https:\/\/www.scmtec.com\/es\/prodotto\/airex-difusores-de-disco-de-burbujas-finas\/","name":"Airex Difusores de disco de burbujas finas - SCM Tecnologie","isPartOf":{"@id":"https:\/\/www.scmtec.com\/#website"},"primaryImageOfPage":{"@id":"https:\/\/www.scmtec.com\/es\/prodotto\/airex-difusores-de-disco-de-burbujas-finas\/#primaryimage"},"image":{"@id":"https:\/\/www.scmtec.com\/es\/prodotto\/airex-difusores-de-disco-de-burbujas-finas\/#primaryimage"},"thumbnailUrl":"https:\/\/i0.wp.com\/www.scmtec.com\/wp-content\/uploads\/2022\/06\/diffusori-a-disco-a-bolle.jpg?fit=600%2C600&ssl=1","datePublished":"2022-06-23T14:35:22+00:00","dateModified":"2022-11-30T13:46:01+00:00","breadcrumb":{"@id":"https:\/\/www.scmtec.com\/es\/prodotto\/airex-difusores-de-disco-de-burbujas-finas\/#breadcrumb"},"inLanguage":"es","potentialAction":[{"@type":"ReadAction","target":["https:\/\/www.scmtec.com\/es\/prodotto\/airex-difusores-de-disco-de-burbujas-finas\/"]}]},{"@type":"ImageObject","inLanguage":"es","@id":"https:\/\/www.scmtec.com\/es\/prodotto\/airex-difusores-de-disco-de-burbujas-finas\/#primaryimage","url":"https:\/\/i0.wp.com\/www.scmtec.com\/wp-content\/uploads\/2022\/06\/diffusori-a-disco-a-bolle.jpg?fit=600%2C600&ssl=1","contentUrl":"https:\/\/i0.wp.com\/www.scmtec.com\/wp-content\/uploads\/2022\/06\/diffusori-a-disco-a-bolle.jpg?fit=600%2C600&ssl=1","width":600,"height":600},{"@type":"BreadcrumbList","@id":"https:\/\/www.scmtec.com\/es\/prodotto\/airex-difusores-de-disco-de-burbujas-finas\/#breadcrumb","itemListElement":[{"@type":"ListItem","position":1,"name":"Home","item":"https:\/\/www.scmtec.com\/fr\/"},{"@type":"ListItem","position":2,"name":"I nostri prodotti","item":"https:\/\/www.scmtec.com\/es\/nuestros-productos\/"},{"@type":"ListItem","position":3,"name":"Airex Difusores de disco de burbujas finas"}]},{"@type":"WebSite","@id":"https:\/\/www.scmtec.com\/#website","url":"https:\/\/www.scmtec.com\/","name":"SCM Tecnologie","description":"","potentialAction":[{"@type":"SearchAction","target":{"@type":"EntryPoint","urlTemplate":"https:\/\/www.scmtec.com\/?s={search_term_string}"},"query-input":{"@type":"PropertyValueSpecification","valueRequired":true,"valueName":"search_term_string"}}],"inLanguage":"es"}]}},"jetpack_sharing_enabled":true,"_links":{"self":[{"href":"https:\/\/www.scmtec.com\/es\/wp-json\/wp\/v2\/product\/12125","targetHints":{"allow":["GET"]}}],"collection":[{"href":"https:\/\/www.scmtec.com\/es\/wp-json\/wp\/v2\/product"}],"about":[{"href":"https:\/\/www.scmtec.com\/es\/wp-json\/wp\/v2\/types\/product"}],"wp:featuredmedia":[{"embeddable":true,"href":"https:\/\/www.scmtec.com\/es\/wp-json\/wp\/v2\/media\/11471"}],"wp:attachment":[{"href":"https:\/\/www.scmtec.com\/es\/wp-json\/wp\/v2\/media?parent=12125"}],"wp:term":[{"taxonomy":"product_brand","embeddable":true,"href":"https:\/\/www.scmtec.com\/es\/wp-json\/wp\/v2\/product_brand?post=12125"},{"taxonomy":"product_cat","embeddable":true,"href":"https:\/\/www.scmtec.com\/es\/wp-json\/wp\/v2\/product_cat?post=12125"},{"taxonomy":"product_tag","embeddable":true,"href":"https:\/\/www.scmtec.com\/es\/wp-json\/wp\/v2\/product_tag?post=12125"}],"curies":[{"name":"wp","href":"https:\/\/api.w.org\/{rel}","templated":true}]}}