{"id":12126,"date":"2022-06-23T14:31:58","date_gmt":"2022-06-23T14:31:58","guid":{"rendered":"https:\/\/www.scmtec.com\/prodotto\/diffusori-a-bolle-grosse-dgb\/"},"modified":"2022-11-30T14:00:19","modified_gmt":"2022-11-30T14:00:19","slug":"dgb-difusores-de-burbujas-gruesas","status":"publish","type":"product","link":"https:\/\/www.scmtec.com\/es\/prodotto\/dgb-difusores-de-burbujas-gruesas\/","title":{"rendered":"DGB Difusores de burbujas gruesas"},"content":{"rendered":"","protected":false},"excerpt":{"rendered":"<p>Los difusores de aire de burbujas gruesas representan una soluci\u00f3n ideal para las aplicaciones cuando no se requiere una transferencia de ox\u00edgeno elevada sino m\u00e1s bien una acci\u00f3n de mezclado. Los difusores del tipo DGB450 est\u00e1n fabricados completamente en acero inoxidable.<br \/>\nGracias a su caracter\u00edstica construcci\u00f3n abierta antiobstrucci\u00f3n y a los materiales de construcci\u00f3n resistentes a la corrosi\u00f3n, se utilizan con \u00e9xito en los procesos de desarenado y desaceitado. Al igual que los difusores tubulares, pueden disponerse en estructuras autoportantes previamente montadas, que pueden transportarse e instalarse f\u00e1cilmente. Los difusores del tipo DBG105 est\u00e1n equipados con una membrana de silicona y se utilizan en sistemas con cuerpos de relleno MBBR en los que se requiere un alto poder de mezcla espec\u00edfico, o en cubas de ecualizaci\u00f3n aireadas.<\/p>\n<p>&nbsp;<\/p>\n[fc id='15' align='left'][\/fc]\n","protected":false},"featured_media":11465,"template":"","meta":{"_themeisle_gutenberg_block_has_review":false},"product_brand":[],"product_cat":[152,154],"product_tag":[],"class_list":{"0":"post-12126","1":"product","2":"type-product","3":"status-publish","4":"has-post-thumbnail","6":"product_cat-aerazione-es","7":"product_cat-diffusori-es","9":"first","10":"instock","11":"shipping-taxable","12":"product-type-simple"},"yoast_head":"<!-- This site is optimized with the Yoast SEO plugin v24.7 - https:\/\/yoast.com\/wordpress\/plugins\/seo\/ -->\n<title>DGB Difusores de burbujas gruesas - SCM Tecnologie<\/title>\n<meta name=\"robots\" content=\"index, follow, max-snippet:-1, max-image-preview:large, max-video-preview:-1\" \/>\n<link rel=\"canonical\" href=\"https:\/\/www.scmtec.com\/es\/prodotto\/dgb-difusores-de-burbujas-gruesas\/\" \/>\n<meta property=\"og:locale\" content=\"es_ES\" \/>\n<meta property=\"og:type\" content=\"article\" \/>\n<meta property=\"og:title\" content=\"DGB Difusores de burbujas gruesas - SCM Tecnologie\" \/>\n<meta property=\"og:description\" content=\"Los difusores de aire de burbujas gruesas representan una soluci\u00f3n ideal para las aplicaciones cuando no se requiere una transferencia de ox\u00edgeno elevada sino m\u00e1s bien una acci\u00f3n de mezclado. Los difusores del tipo DGB450 est\u00e1n fabricados completamente en acero inoxidable. Gracias a su caracter\u00edstica construcci\u00f3n abierta antiobstrucci\u00f3n y a los materiales de construcci\u00f3n resistentes a la corrosi\u00f3n, se utilizan con \u00e9xito en los procesos de desarenado y desaceitado. Al igual que los difusores tubulares, pueden disponerse en estructuras autoportantes previamente montadas, que pueden transportarse e instalarse f\u00e1cilmente. Los difusores del tipo DBG105 est\u00e1n equipados con una membrana de silicona y se utilizan en sistemas con cuerpos de relleno MBBR en los que se requiere un alto poder de mezcla espec\u00edfico, o en cubas de ecualizaci\u00f3n aireadas.  &nbsp;\" \/>\n<meta property=\"og:url\" content=\"https:\/\/www.scmtec.com\/es\/prodotto\/dgb-difusores-de-burbujas-gruesas\/\" \/>\n<meta property=\"og:site_name\" content=\"SCM Tecnologie\" \/>\n<meta property=\"article:modified_time\" content=\"2022-11-30T14:00:19+00:00\" \/>\n<meta property=\"og:image\" content=\"https:\/\/i0.wp.com\/www.scmtec.com\/wp-content\/uploads\/2022\/06\/Diffusori-a-bolle-grosse-DGB.jpg?fit=600%2C600&ssl=1\" \/>\n\t<meta property=\"og:image:width\" content=\"600\" \/>\n\t<meta property=\"og:image:height\" content=\"600\" \/>\n\t<meta property=\"og:image:type\" content=\"image\/jpeg\" \/>\n<meta name=\"twitter:card\" content=\"summary_large_image\" \/>\n<script type=\"application\/ld+json\" class=\"yoast-schema-graph\">{\"@context\":\"https:\/\/schema.org\",\"@graph\":[{\"@type\":\"WebPage\",\"@id\":\"https:\/\/www.scmtec.com\/es\/prodotto\/dgb-difusores-de-burbujas-gruesas\/\",\"url\":\"https:\/\/www.scmtec.com\/es\/prodotto\/dgb-difusores-de-burbujas-gruesas\/\",\"name\":\"DGB Difusores de burbujas gruesas - SCM Tecnologie\",\"isPartOf\":{\"@id\":\"https:\/\/www.scmtec.com\/#website\"},\"primaryImageOfPage\":{\"@id\":\"https:\/\/www.scmtec.com\/es\/prodotto\/dgb-difusores-de-burbujas-gruesas\/#primaryimage\"},\"image\":{\"@id\":\"https:\/\/www.scmtec.com\/es\/prodotto\/dgb-difusores-de-burbujas-gruesas\/#primaryimage\"},\"thumbnailUrl\":\"https:\/\/i0.wp.com\/www.scmtec.com\/wp-content\/uploads\/2022\/06\/Diffusori-a-bolle-grosse-DGB.jpg?fit=600%2C600&ssl=1\",\"datePublished\":\"2022-06-23T14:31:58+00:00\",\"dateModified\":\"2022-11-30T14:00:19+00:00\",\"breadcrumb\":{\"@id\":\"https:\/\/www.scmtec.com\/es\/prodotto\/dgb-difusores-de-burbujas-gruesas\/#breadcrumb\"},\"inLanguage\":\"es\",\"potentialAction\":[{\"@type\":\"ReadAction\",\"target\":[\"https:\/\/www.scmtec.com\/es\/prodotto\/dgb-difusores-de-burbujas-gruesas\/\"]}]},{\"@type\":\"ImageObject\",\"inLanguage\":\"es\",\"@id\":\"https:\/\/www.scmtec.com\/es\/prodotto\/dgb-difusores-de-burbujas-gruesas\/#primaryimage\",\"url\":\"https:\/\/i0.wp.com\/www.scmtec.com\/wp-content\/uploads\/2022\/06\/Diffusori-a-bolle-grosse-DGB.jpg?fit=600%2C600&ssl=1\",\"contentUrl\":\"https:\/\/i0.wp.com\/www.scmtec.com\/wp-content\/uploads\/2022\/06\/Diffusori-a-bolle-grosse-DGB.jpg?fit=600%2C600&ssl=1\",\"width\":600,\"height\":600},{\"@type\":\"BreadcrumbList\",\"@id\":\"https:\/\/www.scmtec.com\/es\/prodotto\/dgb-difusores-de-burbujas-gruesas\/#breadcrumb\",\"itemListElement\":[{\"@type\":\"ListItem\",\"position\":1,\"name\":\"Home\",\"item\":\"https:\/\/www.scmtec.com\/fr\/\"},{\"@type\":\"ListItem\",\"position\":2,\"name\":\"I nostri prodotti\",\"item\":\"https:\/\/www.scmtec.com\/es\/nuestros-productos\/\"},{\"@type\":\"ListItem\",\"position\":3,\"name\":\"DGB Difusores de burbujas gruesas\"}]},{\"@type\":\"WebSite\",\"@id\":\"https:\/\/www.scmtec.com\/#website\",\"url\":\"https:\/\/www.scmtec.com\/\",\"name\":\"SCM Tecnologie\",\"description\":\"\",\"potentialAction\":[{\"@type\":\"SearchAction\",\"target\":{\"@type\":\"EntryPoint\",\"urlTemplate\":\"https:\/\/www.scmtec.com\/?s={search_term_string}\"},\"query-input\":{\"@type\":\"PropertyValueSpecification\",\"valueRequired\":true,\"valueName\":\"search_term_string\"}}],\"inLanguage\":\"es\"}]}<\/script>\n<!-- \/ Yoast SEO plugin. -->","yoast_head_json":{"title":"DGB Difusores de burbujas gruesas - SCM Tecnologie","robots":{"index":"index","follow":"follow","max-snippet":"max-snippet:-1","max-image-preview":"max-image-preview:large","max-video-preview":"max-video-preview:-1"},"canonical":"https:\/\/www.scmtec.com\/es\/prodotto\/dgb-difusores-de-burbujas-gruesas\/","og_locale":"es_ES","og_type":"article","og_title":"DGB Difusores de burbujas gruesas - SCM Tecnologie","og_description":"Los difusores de aire de burbujas gruesas representan una soluci\u00f3n ideal para las aplicaciones cuando no se requiere una transferencia de ox\u00edgeno elevada sino m\u00e1s bien una acci\u00f3n de mezclado. Los difusores del tipo DGB450 est\u00e1n fabricados completamente en acero inoxidable. Gracias a su caracter\u00edstica construcci\u00f3n abierta antiobstrucci\u00f3n y a los materiales de construcci\u00f3n resistentes a la corrosi\u00f3n, se utilizan con \u00e9xito en los procesos de desarenado y desaceitado. Al igual que los difusores tubulares, pueden disponerse en estructuras autoportantes previamente montadas, que pueden transportarse e instalarse f\u00e1cilmente. Los difusores del tipo DBG105 est\u00e1n equipados con una membrana de silicona y se utilizan en sistemas con cuerpos de relleno MBBR en los que se requiere un alto poder de mezcla espec\u00edfico, o en cubas de ecualizaci\u00f3n aireadas.  &nbsp;","og_url":"https:\/\/www.scmtec.com\/es\/prodotto\/dgb-difusores-de-burbujas-gruesas\/","og_site_name":"SCM Tecnologie","article_modified_time":"2022-11-30T14:00:19+00:00","og_image":[{"width":600,"height":600,"url":"https:\/\/i0.wp.com\/www.scmtec.com\/wp-content\/uploads\/2022\/06\/Diffusori-a-bolle-grosse-DGB.jpg?fit=600%2C600&ssl=1","type":"image\/jpeg"}],"twitter_card":"summary_large_image","schema":{"@context":"https:\/\/schema.org","@graph":[{"@type":"WebPage","@id":"https:\/\/www.scmtec.com\/es\/prodotto\/dgb-difusores-de-burbujas-gruesas\/","url":"https:\/\/www.scmtec.com\/es\/prodotto\/dgb-difusores-de-burbujas-gruesas\/","name":"DGB Difusores de burbujas gruesas - SCM Tecnologie","isPartOf":{"@id":"https:\/\/www.scmtec.com\/#website"},"primaryImageOfPage":{"@id":"https:\/\/www.scmtec.com\/es\/prodotto\/dgb-difusores-de-burbujas-gruesas\/#primaryimage"},"image":{"@id":"https:\/\/www.scmtec.com\/es\/prodotto\/dgb-difusores-de-burbujas-gruesas\/#primaryimage"},"thumbnailUrl":"https:\/\/i0.wp.com\/www.scmtec.com\/wp-content\/uploads\/2022\/06\/Diffusori-a-bolle-grosse-DGB.jpg?fit=600%2C600&ssl=1","datePublished":"2022-06-23T14:31:58+00:00","dateModified":"2022-11-30T14:00:19+00:00","breadcrumb":{"@id":"https:\/\/www.scmtec.com\/es\/prodotto\/dgb-difusores-de-burbujas-gruesas\/#breadcrumb"},"inLanguage":"es","potentialAction":[{"@type":"ReadAction","target":["https:\/\/www.scmtec.com\/es\/prodotto\/dgb-difusores-de-burbujas-gruesas\/"]}]},{"@type":"ImageObject","inLanguage":"es","@id":"https:\/\/www.scmtec.com\/es\/prodotto\/dgb-difusores-de-burbujas-gruesas\/#primaryimage","url":"https:\/\/i0.wp.com\/www.scmtec.com\/wp-content\/uploads\/2022\/06\/Diffusori-a-bolle-grosse-DGB.jpg?fit=600%2C600&ssl=1","contentUrl":"https:\/\/i0.wp.com\/www.scmtec.com\/wp-content\/uploads\/2022\/06\/Diffusori-a-bolle-grosse-DGB.jpg?fit=600%2C600&ssl=1","width":600,"height":600},{"@type":"BreadcrumbList","@id":"https:\/\/www.scmtec.com\/es\/prodotto\/dgb-difusores-de-burbujas-gruesas\/#breadcrumb","itemListElement":[{"@type":"ListItem","position":1,"name":"Home","item":"https:\/\/www.scmtec.com\/fr\/"},{"@type":"ListItem","position":2,"name":"I nostri prodotti","item":"https:\/\/www.scmtec.com\/es\/nuestros-productos\/"},{"@type":"ListItem","position":3,"name":"DGB Difusores de burbujas gruesas"}]},{"@type":"WebSite","@id":"https:\/\/www.scmtec.com\/#website","url":"https:\/\/www.scmtec.com\/","name":"SCM Tecnologie","description":"","potentialAction":[{"@type":"SearchAction","target":{"@type":"EntryPoint","urlTemplate":"https:\/\/www.scmtec.com\/?s={search_term_string}"},"query-input":{"@type":"PropertyValueSpecification","valueRequired":true,"valueName":"search_term_string"}}],"inLanguage":"es"}]}},"jetpack_sharing_enabled":true,"_links":{"self":[{"href":"https:\/\/www.scmtec.com\/es\/wp-json\/wp\/v2\/product\/12126","targetHints":{"allow":["GET"]}}],"collection":[{"href":"https:\/\/www.scmtec.com\/es\/wp-json\/wp\/v2\/product"}],"about":[{"href":"https:\/\/www.scmtec.com\/es\/wp-json\/wp\/v2\/types\/product"}],"wp:featuredmedia":[{"embeddable":true,"href":"https:\/\/www.scmtec.com\/es\/wp-json\/wp\/v2\/media\/11465"}],"wp:attachment":[{"href":"https:\/\/www.scmtec.com\/es\/wp-json\/wp\/v2\/media?parent=12126"}],"wp:term":[{"taxonomy":"product_brand","embeddable":true,"href":"https:\/\/www.scmtec.com\/es\/wp-json\/wp\/v2\/product_brand?post=12126"},{"taxonomy":"product_cat","embeddable":true,"href":"https:\/\/www.scmtec.com\/es\/wp-json\/wp\/v2\/product_cat?post=12126"},{"taxonomy":"product_tag","embeddable":true,"href":"https:\/\/www.scmtec.com\/es\/wp-json\/wp\/v2\/product_tag?post=12126"}],"curies":[{"name":"wp","href":"https:\/\/api.w.org\/{rel}","templated":true}]}}