{"id":12128,"date":"2022-06-23T14:16:47","date_gmt":"2022-06-23T14:16:47","guid":{"rendered":"https:\/\/www.scmtec.com\/prodotto\/diffusori-tubolari-a-bolle-fini-td\/"},"modified":"2022-11-30T14:19:17","modified_gmt":"2022-11-30T14:19:17","slug":"td-difusores-tubulares-de-burbujas-finas","status":"publish","type":"product","link":"https:\/\/www.scmtec.com\/es\/prodotto\/td-difusores-tubulares-de-burbujas-finas\/","title":{"rendered":"TD Difusores tubulares de burbujas finas"},"content":{"rendered":"","protected":false},"excerpt":{"rendered":"<ul>\n<li><strong>Longitud: de 580 mm a 1080 mm<\/strong><\/li>\n<li><strong>Material de la membrana: EPDM o silicona<\/strong><\/li>\n<\/ul>\n<p><em>Los difusores tubulares de burbujas finas est\u00e1n disponibles en tres longitudes de distinto caudal de aire unitario.<\/em><\/p>\n<p>Se organizan preferentemente en grupos preensamblados autoportantes, f\u00e1ciles de instalar y transportar. Estos sistemas se basan en tubos de secci\u00f3n cuadrada de acero inoxidable, que desempe\u00f1an tanto la funci\u00f3n de alimentaci\u00f3n como de soporte de los difusores. Es posible personalizar a petici\u00f3n, el n\u00famero de unidades agrupadas y el tama\u00f1o de cada grupo. La membrana microperforada combina un alto rendimiento en la transferencia de ox\u00edgeno con bajas p\u00e9rdidas de carga. El material que m\u00e1s se usa para las membranas es el caucho EPDM. Sin embargo, a petici\u00f3n, est\u00e1n disponibles membranas de materiales distintos para aplicaciones con efluentes muy agresivos.<\/p>\n<p>&nbsp;<\/p>\n[fc id='15' align='left'][\/fc]\n","protected":false},"featured_media":11474,"template":"","meta":{"_themeisle_gutenberg_block_has_review":false},"product_brand":[],"product_cat":[152,154],"product_tag":[],"class_list":{"0":"post-12128","1":"product","2":"type-product","3":"status-publish","4":"has-post-thumbnail","6":"product_cat-aerazione-es","7":"product_cat-diffusori-es","9":"first","10":"instock","11":"shipping-taxable","12":"product-type-simple"},"yoast_head":"<!-- This site is optimized with the Yoast SEO plugin v27.5 - https:\/\/yoast.com\/product\/yoast-seo-wordpress\/ -->\n<title>TD Difusores tubulares de burbujas finas - SCM Tecnologie<\/title>\n<meta name=\"robots\" content=\"index, follow, max-snippet:-1, max-image-preview:large, max-video-preview:-1\" \/>\n<link rel=\"canonical\" href=\"https:\/\/www.scmtec.com\/es\/prodotto\/td-difusores-tubulares-de-burbujas-finas\/\" \/>\n<meta property=\"og:locale\" content=\"es_ES\" \/>\n<meta property=\"og:type\" content=\"article\" \/>\n<meta property=\"og:title\" content=\"TD Difusores tubulares de burbujas finas - SCM Tecnologie\" \/>\n<meta property=\"og:description\" content=\"Longitud: de 580 mm a 1080 mm  Material de la membrana: EPDM o silicona  Los difusores tubulares de burbujas finas est\u00e1n disponibles en tres longitudes de distinto caudal de aire unitario.  Se organizan preferentemente en grupos preensamblados autoportantes, f\u00e1ciles de instalar y transportar. Estos sistemas se basan en tubos de secci\u00f3n cuadrada de acero inoxidable, que desempe\u00f1an tanto la funci\u00f3n de alimentaci\u00f3n como de soporte de los difusores. Es posible personalizar a petici\u00f3n, el n\u00famero de unidades agrupadas y el tama\u00f1o de cada grupo. La membrana microperforada combina un alto rendimiento en la transferencia de ox\u00edgeno con bajas p\u00e9rdidas de carga. El material que m\u00e1s se usa para las membranas es el caucho EPDM. Sin embargo, a petici\u00f3n, est\u00e1n disponibles membranas de materiales distintos para aplicaciones con efluentes muy agresivos.  &nbsp;\" \/>\n<meta property=\"og:url\" content=\"https:\/\/www.scmtec.com\/es\/prodotto\/td-difusores-tubulares-de-burbujas-finas\/\" \/>\n<meta property=\"og:site_name\" content=\"SCM Tecnologie\" \/>\n<meta property=\"article:modified_time\" content=\"2022-11-30T14:19:17+00:00\" \/>\n<meta property=\"og:image\" content=\"https:\/\/i0.wp.com\/www.scmtec.com\/wp-content\/uploads\/2022\/06\/diffusore-tibulare.jpg?fit=600%2C600&ssl=1\" \/>\n\t<meta property=\"og:image:width\" content=\"600\" \/>\n\t<meta property=\"og:image:height\" content=\"600\" \/>\n\t<meta property=\"og:image:type\" content=\"image\/jpeg\" \/>\n<meta name=\"twitter:card\" content=\"summary_large_image\" \/>\n<script type=\"application\/ld+json\" class=\"yoast-schema-graph\">{\"@context\":\"https:\\\/\\\/schema.org\",\"@graph\":[{\"@type\":\"WebPage\",\"@id\":\"https:\\\/\\\/www.scmtec.com\\\/es\\\/prodotto\\\/td-difusores-tubulares-de-burbujas-finas\\\/\",\"url\":\"https:\\\/\\\/www.scmtec.com\\\/es\\\/prodotto\\\/td-difusores-tubulares-de-burbujas-finas\\\/\",\"name\":\"TD Difusores tubulares de burbujas finas - SCM Tecnologie\",\"isPartOf\":{\"@id\":\"https:\\\/\\\/www.scmtec.com\\\/#website\"},\"primaryImageOfPage\":{\"@id\":\"https:\\\/\\\/www.scmtec.com\\\/es\\\/prodotto\\\/td-difusores-tubulares-de-burbujas-finas\\\/#primaryimage\"},\"image\":{\"@id\":\"https:\\\/\\\/www.scmtec.com\\\/es\\\/prodotto\\\/td-difusores-tubulares-de-burbujas-finas\\\/#primaryimage\"},\"thumbnailUrl\":\"https:\\\/\\\/i0.wp.com\\\/www.scmtec.com\\\/wp-content\\\/uploads\\\/2022\\\/06\\\/diffusore-tibulare.jpg?fit=600%2C600&ssl=1\",\"datePublished\":\"2022-06-23T14:16:47+00:00\",\"dateModified\":\"2022-11-30T14:19:17+00:00\",\"breadcrumb\":{\"@id\":\"https:\\\/\\\/www.scmtec.com\\\/es\\\/prodotto\\\/td-difusores-tubulares-de-burbujas-finas\\\/#breadcrumb\"},\"inLanguage\":\"es\",\"potentialAction\":[{\"@type\":\"ReadAction\",\"target\":[\"https:\\\/\\\/www.scmtec.com\\\/es\\\/prodotto\\\/td-difusores-tubulares-de-burbujas-finas\\\/\"]}]},{\"@type\":\"ImageObject\",\"inLanguage\":\"es\",\"@id\":\"https:\\\/\\\/www.scmtec.com\\\/es\\\/prodotto\\\/td-difusores-tubulares-de-burbujas-finas\\\/#primaryimage\",\"url\":\"https:\\\/\\\/i0.wp.com\\\/www.scmtec.com\\\/wp-content\\\/uploads\\\/2022\\\/06\\\/diffusore-tibulare.jpg?fit=600%2C600&ssl=1\",\"contentUrl\":\"https:\\\/\\\/i0.wp.com\\\/www.scmtec.com\\\/wp-content\\\/uploads\\\/2022\\\/06\\\/diffusore-tibulare.jpg?fit=600%2C600&ssl=1\",\"width\":600,\"height\":600},{\"@type\":\"BreadcrumbList\",\"@id\":\"https:\\\/\\\/www.scmtec.com\\\/es\\\/prodotto\\\/td-difusores-tubulares-de-burbujas-finas\\\/#breadcrumb\",\"itemListElement\":[{\"@type\":\"ListItem\",\"position\":1,\"name\":\"Home\",\"item\":\"https:\\\/\\\/www.scmtec.com\\\/fr\\\/\"},{\"@type\":\"ListItem\",\"position\":2,\"name\":\"I nostri prodotti\",\"item\":\"https:\\\/\\\/www.scmtec.com\\\/es\\\/nuestros-productos\\\/\"},{\"@type\":\"ListItem\",\"position\":3,\"name\":\"TD Difusores tubulares de burbujas finas\"}]},{\"@type\":\"WebSite\",\"@id\":\"https:\\\/\\\/www.scmtec.com\\\/#website\",\"url\":\"https:\\\/\\\/www.scmtec.com\\\/\",\"name\":\"SCM Tecnologie\",\"description\":\"\",\"potentialAction\":[{\"@type\":\"SearchAction\",\"target\":{\"@type\":\"EntryPoint\",\"urlTemplate\":\"https:\\\/\\\/www.scmtec.com\\\/?s={search_term_string}\"},\"query-input\":{\"@type\":\"PropertyValueSpecification\",\"valueRequired\":true,\"valueName\":\"search_term_string\"}}],\"inLanguage\":\"es\"}]}<\/script>\n<!-- \/ Yoast SEO plugin. -->","yoast_head_json":{"title":"TD Difusores tubulares de burbujas finas - SCM Tecnologie","robots":{"index":"index","follow":"follow","max-snippet":"max-snippet:-1","max-image-preview":"max-image-preview:large","max-video-preview":"max-video-preview:-1"},"canonical":"https:\/\/www.scmtec.com\/es\/prodotto\/td-difusores-tubulares-de-burbujas-finas\/","og_locale":"es_ES","og_type":"article","og_title":"TD Difusores tubulares de burbujas finas - SCM Tecnologie","og_description":"Longitud: de 580 mm a 1080 mm  Material de la membrana: EPDM o silicona  Los difusores tubulares de burbujas finas est\u00e1n disponibles en tres longitudes de distinto caudal de aire unitario.  Se organizan preferentemente en grupos preensamblados autoportantes, f\u00e1ciles de instalar y transportar. Estos sistemas se basan en tubos de secci\u00f3n cuadrada de acero inoxidable, que desempe\u00f1an tanto la funci\u00f3n de alimentaci\u00f3n como de soporte de los difusores. Es posible personalizar a petici\u00f3n, el n\u00famero de unidades agrupadas y el tama\u00f1o de cada grupo. La membrana microperforada combina un alto rendimiento en la transferencia de ox\u00edgeno con bajas p\u00e9rdidas de carga. El material que m\u00e1s se usa para las membranas es el caucho EPDM. Sin embargo, a petici\u00f3n, est\u00e1n disponibles membranas de materiales distintos para aplicaciones con efluentes muy agresivos.  &nbsp;","og_url":"https:\/\/www.scmtec.com\/es\/prodotto\/td-difusores-tubulares-de-burbujas-finas\/","og_site_name":"SCM Tecnologie","article_modified_time":"2022-11-30T14:19:17+00:00","og_image":[{"width":600,"height":600,"url":"https:\/\/i0.wp.com\/www.scmtec.com\/wp-content\/uploads\/2022\/06\/diffusore-tibulare.jpg?fit=600%2C600&ssl=1","type":"image\/jpeg"}],"twitter_card":"summary_large_image","schema":{"@context":"https:\/\/schema.org","@graph":[{"@type":"WebPage","@id":"https:\/\/www.scmtec.com\/es\/prodotto\/td-difusores-tubulares-de-burbujas-finas\/","url":"https:\/\/www.scmtec.com\/es\/prodotto\/td-difusores-tubulares-de-burbujas-finas\/","name":"TD Difusores tubulares de burbujas finas - SCM Tecnologie","isPartOf":{"@id":"https:\/\/www.scmtec.com\/#website"},"primaryImageOfPage":{"@id":"https:\/\/www.scmtec.com\/es\/prodotto\/td-difusores-tubulares-de-burbujas-finas\/#primaryimage"},"image":{"@id":"https:\/\/www.scmtec.com\/es\/prodotto\/td-difusores-tubulares-de-burbujas-finas\/#primaryimage"},"thumbnailUrl":"https:\/\/i0.wp.com\/www.scmtec.com\/wp-content\/uploads\/2022\/06\/diffusore-tibulare.jpg?fit=600%2C600&ssl=1","datePublished":"2022-06-23T14:16:47+00:00","dateModified":"2022-11-30T14:19:17+00:00","breadcrumb":{"@id":"https:\/\/www.scmtec.com\/es\/prodotto\/td-difusores-tubulares-de-burbujas-finas\/#breadcrumb"},"inLanguage":"es","potentialAction":[{"@type":"ReadAction","target":["https:\/\/www.scmtec.com\/es\/prodotto\/td-difusores-tubulares-de-burbujas-finas\/"]}]},{"@type":"ImageObject","inLanguage":"es","@id":"https:\/\/www.scmtec.com\/es\/prodotto\/td-difusores-tubulares-de-burbujas-finas\/#primaryimage","url":"https:\/\/i0.wp.com\/www.scmtec.com\/wp-content\/uploads\/2022\/06\/diffusore-tibulare.jpg?fit=600%2C600&ssl=1","contentUrl":"https:\/\/i0.wp.com\/www.scmtec.com\/wp-content\/uploads\/2022\/06\/diffusore-tibulare.jpg?fit=600%2C600&ssl=1","width":600,"height":600},{"@type":"BreadcrumbList","@id":"https:\/\/www.scmtec.com\/es\/prodotto\/td-difusores-tubulares-de-burbujas-finas\/#breadcrumb","itemListElement":[{"@type":"ListItem","position":1,"name":"Home","item":"https:\/\/www.scmtec.com\/fr\/"},{"@type":"ListItem","position":2,"name":"I nostri prodotti","item":"https:\/\/www.scmtec.com\/es\/nuestros-productos\/"},{"@type":"ListItem","position":3,"name":"TD Difusores tubulares de burbujas finas"}]},{"@type":"WebSite","@id":"https:\/\/www.scmtec.com\/#website","url":"https:\/\/www.scmtec.com\/","name":"SCM Tecnologie","description":"","potentialAction":[{"@type":"SearchAction","target":{"@type":"EntryPoint","urlTemplate":"https:\/\/www.scmtec.com\/?s={search_term_string}"},"query-input":{"@type":"PropertyValueSpecification","valueRequired":true,"valueName":"search_term_string"}}],"inLanguage":"es"}]}},"jetpack_sharing_enabled":true,"_links":{"self":[{"href":"https:\/\/www.scmtec.com\/es\/wp-json\/wp\/v2\/product\/12128","targetHints":{"allow":["GET"]}}],"collection":[{"href":"https:\/\/www.scmtec.com\/es\/wp-json\/wp\/v2\/product"}],"about":[{"href":"https:\/\/www.scmtec.com\/es\/wp-json\/wp\/v2\/types\/product"}],"wp:featuredmedia":[{"embeddable":true,"href":"https:\/\/www.scmtec.com\/es\/wp-json\/wp\/v2\/media\/11474"}],"wp:attachment":[{"href":"https:\/\/www.scmtec.com\/es\/wp-json\/wp\/v2\/media?parent=12128"}],"wp:term":[{"taxonomy":"product_brand","embeddable":true,"href":"https:\/\/www.scmtec.com\/es\/wp-json\/wp\/v2\/product_brand?post=12128"},{"taxonomy":"product_cat","embeddable":true,"href":"https:\/\/www.scmtec.com\/es\/wp-json\/wp\/v2\/product_cat?post=12128"},{"taxonomy":"product_tag","embeddable":true,"href":"https:\/\/www.scmtec.com\/es\/wp-json\/wp\/v2\/product_tag?post=12128"}],"curies":[{"name":"wp","href":"https:\/\/api.w.org\/{rel}","templated":true}]}}