{"id":12133,"date":"2022-05-12T12:36:36","date_gmt":"2022-05-12T12:36:36","guid":{"rendered":"https:\/\/www.scmtec.com\/prodotto\/aeratori-sommersi-pressurizzati-sclk\/"},"modified":"2022-11-30T13:38:24","modified_gmt":"2022-11-30T13:38:24","slug":"sclk-aireadores-mezcladores-sumergidos","status":"publish","type":"product","link":"https:\/\/www.scmtec.com\/es\/prodotto\/sclk-aireadores-mezcladores-sumergidos\/","title":{"rendered":"SCLK Aireadores-mezcladores sumergidos"},"content":{"rendered":"","protected":false},"excerpt":{"rendered":"<ul>\n<li><strong>Potencia: 7,5 \u00f7 37 kW<\/strong><\/li>\n<li><strong>Velocidad de rotaci\u00f3n: 1450\/130 min-1<\/strong><\/li>\n<\/ul>\n<p>El aireador-mezclador sumergido de la serie SCLK, especialmente adecuado para dep\u00f3sitos profundos con altos requisitos de ox\u00edgeno, est\u00e1 equipado con un motor de engranajes sumergible y un impulsor de rotaci\u00f3n lenta. Alimentado por un soplador, el aireador-mezclador SCLK es una soluci\u00f3n ideal para sistemas con una alta variabilidad de carga estacional y la consiguiente variabilidad en la demanda de ox\u00edgeno. El nivel correcto de ox\u00edgeno y el consumo adecuado de energ\u00eda se mantienen modulando el flujo de aire y la velocidad de rotaci\u00f3n del impulsor, incluso de forma individual para cada aireador en el mismo dique, utilizando inversores. La baja velocidad de rotaci\u00f3n lo hace menos propenso al desgaste, incluso en presencia de lodos industriales o pesados.<\/p>\n<p>&nbsp;<\/p>\n[fc id='15' align='left'][\/fc]\n","protected":false},"featured_media":11456,"template":"","meta":{"_themeisle_gutenberg_block_has_review":false},"product_brand":[],"product_cat":[152,155],"product_tag":[],"class_list":{"0":"post-12133","1":"product","2":"type-product","3":"status-publish","4":"has-post-thumbnail","6":"product_cat-aerazione-es","7":"product_cat-aeratori-sommersi-es","9":"first","10":"instock","11":"shipping-taxable","12":"product-type-simple"},"yoast_head":"<!-- This site is optimized with the Yoast SEO plugin v27.5 - https:\/\/yoast.com\/product\/yoast-seo-wordpress\/ -->\n<title>SCLK Aireadores-mezcladores sumergidos - SCM Tecnologie<\/title>\n<meta name=\"robots\" content=\"index, follow, max-snippet:-1, max-image-preview:large, max-video-preview:-1\" \/>\n<link rel=\"canonical\" href=\"https:\/\/www.scmtec.com\/es\/prodotto\/sclk-aireadores-mezcladores-sumergidos\/\" \/>\n<meta property=\"og:locale\" content=\"es_ES\" \/>\n<meta property=\"og:type\" content=\"article\" \/>\n<meta property=\"og:title\" content=\"SCLK Aireadores-mezcladores sumergidos - SCM Tecnologie\" \/>\n<meta property=\"og:description\" content=\"Potencia: 7,5 \u00f7 37 kW  Velocidad de rotaci\u00f3n: 1450\/130 min-1  El aireador-mezclador sumergido de la serie SCLK, especialmente adecuado para dep\u00f3sitos profundos con altos requisitos de ox\u00edgeno, est\u00e1 equipado con un motor de engranajes sumergible y un impulsor de rotaci\u00f3n lenta. Alimentado por un soplador, el aireador-mezclador SCLK es una soluci\u00f3n ideal para sistemas con una alta variabilidad de carga estacional y la consiguiente variabilidad en la demanda de ox\u00edgeno. El nivel correcto de ox\u00edgeno y el consumo adecuado de energ\u00eda se mantienen modulando el flujo de aire y la velocidad de rotaci\u00f3n del impulsor, incluso de forma individual para cada aireador en el mismo dique, utilizando inversores. La baja velocidad de rotaci\u00f3n lo hace menos propenso al desgaste, incluso en presencia de lodos industriales o pesados.  &nbsp;\" \/>\n<meta property=\"og:url\" content=\"https:\/\/www.scmtec.com\/es\/prodotto\/sclk-aireadores-mezcladores-sumergidos\/\" \/>\n<meta property=\"og:site_name\" content=\"SCM Tecnologie\" \/>\n<meta property=\"article:modified_time\" content=\"2022-11-30T13:38:24+00:00\" \/>\n<meta property=\"og:image\" content=\"https:\/\/i0.wp.com\/www.scmtec.com\/wp-content\/uploads\/2022\/05\/Aeratori-sommersi-pressurizzati-SCLK-scaled.jpg?fit=2560%2C1964&ssl=1\" \/>\n\t<meta property=\"og:image:width\" content=\"2560\" \/>\n\t<meta property=\"og:image:height\" content=\"1964\" \/>\n\t<meta property=\"og:image:type\" content=\"image\/jpeg\" \/>\n<meta name=\"twitter:card\" content=\"summary_large_image\" \/>\n<script type=\"application\/ld+json\" class=\"yoast-schema-graph\">{\"@context\":\"https:\\\/\\\/schema.org\",\"@graph\":[{\"@type\":\"WebPage\",\"@id\":\"https:\\\/\\\/www.scmtec.com\\\/es\\\/prodotto\\\/sclk-aireadores-mezcladores-sumergidos\\\/\",\"url\":\"https:\\\/\\\/www.scmtec.com\\\/es\\\/prodotto\\\/sclk-aireadores-mezcladores-sumergidos\\\/\",\"name\":\"SCLK Aireadores-mezcladores sumergidos - SCM Tecnologie\",\"isPartOf\":{\"@id\":\"https:\\\/\\\/www.scmtec.com\\\/#website\"},\"primaryImageOfPage\":{\"@id\":\"https:\\\/\\\/www.scmtec.com\\\/es\\\/prodotto\\\/sclk-aireadores-mezcladores-sumergidos\\\/#primaryimage\"},\"image\":{\"@id\":\"https:\\\/\\\/www.scmtec.com\\\/es\\\/prodotto\\\/sclk-aireadores-mezcladores-sumergidos\\\/#primaryimage\"},\"thumbnailUrl\":\"https:\\\/\\\/i0.wp.com\\\/www.scmtec.com\\\/wp-content\\\/uploads\\\/2022\\\/05\\\/Aeratori-sommersi-pressurizzati-SCLK-scaled.jpg?fit=2560%2C1964&ssl=1\",\"datePublished\":\"2022-05-12T12:36:36+00:00\",\"dateModified\":\"2022-11-30T13:38:24+00:00\",\"breadcrumb\":{\"@id\":\"https:\\\/\\\/www.scmtec.com\\\/es\\\/prodotto\\\/sclk-aireadores-mezcladores-sumergidos\\\/#breadcrumb\"},\"inLanguage\":\"es\",\"potentialAction\":[{\"@type\":\"ReadAction\",\"target\":[\"https:\\\/\\\/www.scmtec.com\\\/es\\\/prodotto\\\/sclk-aireadores-mezcladores-sumergidos\\\/\"]}]},{\"@type\":\"ImageObject\",\"inLanguage\":\"es\",\"@id\":\"https:\\\/\\\/www.scmtec.com\\\/es\\\/prodotto\\\/sclk-aireadores-mezcladores-sumergidos\\\/#primaryimage\",\"url\":\"https:\\\/\\\/i0.wp.com\\\/www.scmtec.com\\\/wp-content\\\/uploads\\\/2022\\\/05\\\/Aeratori-sommersi-pressurizzati-SCLK-scaled.jpg?fit=2560%2C1964&ssl=1\",\"contentUrl\":\"https:\\\/\\\/i0.wp.com\\\/www.scmtec.com\\\/wp-content\\\/uploads\\\/2022\\\/05\\\/Aeratori-sommersi-pressurizzati-SCLK-scaled.jpg?fit=2560%2C1964&ssl=1\",\"width\":2560,\"height\":1964},{\"@type\":\"BreadcrumbList\",\"@id\":\"https:\\\/\\\/www.scmtec.com\\\/es\\\/prodotto\\\/sclk-aireadores-mezcladores-sumergidos\\\/#breadcrumb\",\"itemListElement\":[{\"@type\":\"ListItem\",\"position\":1,\"name\":\"Home\",\"item\":\"https:\\\/\\\/www.scmtec.com\\\/fr\\\/\"},{\"@type\":\"ListItem\",\"position\":2,\"name\":\"I nostri prodotti\",\"item\":\"https:\\\/\\\/www.scmtec.com\\\/es\\\/nuestros-productos\\\/\"},{\"@type\":\"ListItem\",\"position\":3,\"name\":\"SCLK Aireadores-mezcladores sumergidos\"}]},{\"@type\":\"WebSite\",\"@id\":\"https:\\\/\\\/www.scmtec.com\\\/#website\",\"url\":\"https:\\\/\\\/www.scmtec.com\\\/\",\"name\":\"SCM Tecnologie\",\"description\":\"\",\"potentialAction\":[{\"@type\":\"SearchAction\",\"target\":{\"@type\":\"EntryPoint\",\"urlTemplate\":\"https:\\\/\\\/www.scmtec.com\\\/?s={search_term_string}\"},\"query-input\":{\"@type\":\"PropertyValueSpecification\",\"valueRequired\":true,\"valueName\":\"search_term_string\"}}],\"inLanguage\":\"es\"}]}<\/script>\n<!-- \/ Yoast SEO plugin. -->","yoast_head_json":{"title":"SCLK Aireadores-mezcladores sumergidos - SCM Tecnologie","robots":{"index":"index","follow":"follow","max-snippet":"max-snippet:-1","max-image-preview":"max-image-preview:large","max-video-preview":"max-video-preview:-1"},"canonical":"https:\/\/www.scmtec.com\/es\/prodotto\/sclk-aireadores-mezcladores-sumergidos\/","og_locale":"es_ES","og_type":"article","og_title":"SCLK Aireadores-mezcladores sumergidos - SCM Tecnologie","og_description":"Potencia: 7,5 \u00f7 37 kW  Velocidad de rotaci\u00f3n: 1450\/130 min-1  El aireador-mezclador sumergido de la serie SCLK, especialmente adecuado para dep\u00f3sitos profundos con altos requisitos de ox\u00edgeno, est\u00e1 equipado con un motor de engranajes sumergible y un impulsor de rotaci\u00f3n lenta. Alimentado por un soplador, el aireador-mezclador SCLK es una soluci\u00f3n ideal para sistemas con una alta variabilidad de carga estacional y la consiguiente variabilidad en la demanda de ox\u00edgeno. El nivel correcto de ox\u00edgeno y el consumo adecuado de energ\u00eda se mantienen modulando el flujo de aire y la velocidad de rotaci\u00f3n del impulsor, incluso de forma individual para cada aireador en el mismo dique, utilizando inversores. La baja velocidad de rotaci\u00f3n lo hace menos propenso al desgaste, incluso en presencia de lodos industriales o pesados.  &nbsp;","og_url":"https:\/\/www.scmtec.com\/es\/prodotto\/sclk-aireadores-mezcladores-sumergidos\/","og_site_name":"SCM Tecnologie","article_modified_time":"2022-11-30T13:38:24+00:00","og_image":[{"width":2560,"height":1964,"url":"https:\/\/i0.wp.com\/www.scmtec.com\/wp-content\/uploads\/2022\/05\/Aeratori-sommersi-pressurizzati-SCLK-scaled.jpg?fit=2560%2C1964&ssl=1","type":"image\/jpeg"}],"twitter_card":"summary_large_image","schema":{"@context":"https:\/\/schema.org","@graph":[{"@type":"WebPage","@id":"https:\/\/www.scmtec.com\/es\/prodotto\/sclk-aireadores-mezcladores-sumergidos\/","url":"https:\/\/www.scmtec.com\/es\/prodotto\/sclk-aireadores-mezcladores-sumergidos\/","name":"SCLK Aireadores-mezcladores sumergidos - SCM Tecnologie","isPartOf":{"@id":"https:\/\/www.scmtec.com\/#website"},"primaryImageOfPage":{"@id":"https:\/\/www.scmtec.com\/es\/prodotto\/sclk-aireadores-mezcladores-sumergidos\/#primaryimage"},"image":{"@id":"https:\/\/www.scmtec.com\/es\/prodotto\/sclk-aireadores-mezcladores-sumergidos\/#primaryimage"},"thumbnailUrl":"https:\/\/i0.wp.com\/www.scmtec.com\/wp-content\/uploads\/2022\/05\/Aeratori-sommersi-pressurizzati-SCLK-scaled.jpg?fit=2560%2C1964&ssl=1","datePublished":"2022-05-12T12:36:36+00:00","dateModified":"2022-11-30T13:38:24+00:00","breadcrumb":{"@id":"https:\/\/www.scmtec.com\/es\/prodotto\/sclk-aireadores-mezcladores-sumergidos\/#breadcrumb"},"inLanguage":"es","potentialAction":[{"@type":"ReadAction","target":["https:\/\/www.scmtec.com\/es\/prodotto\/sclk-aireadores-mezcladores-sumergidos\/"]}]},{"@type":"ImageObject","inLanguage":"es","@id":"https:\/\/www.scmtec.com\/es\/prodotto\/sclk-aireadores-mezcladores-sumergidos\/#primaryimage","url":"https:\/\/i0.wp.com\/www.scmtec.com\/wp-content\/uploads\/2022\/05\/Aeratori-sommersi-pressurizzati-SCLK-scaled.jpg?fit=2560%2C1964&ssl=1","contentUrl":"https:\/\/i0.wp.com\/www.scmtec.com\/wp-content\/uploads\/2022\/05\/Aeratori-sommersi-pressurizzati-SCLK-scaled.jpg?fit=2560%2C1964&ssl=1","width":2560,"height":1964},{"@type":"BreadcrumbList","@id":"https:\/\/www.scmtec.com\/es\/prodotto\/sclk-aireadores-mezcladores-sumergidos\/#breadcrumb","itemListElement":[{"@type":"ListItem","position":1,"name":"Home","item":"https:\/\/www.scmtec.com\/fr\/"},{"@type":"ListItem","position":2,"name":"I nostri prodotti","item":"https:\/\/www.scmtec.com\/es\/nuestros-productos\/"},{"@type":"ListItem","position":3,"name":"SCLK Aireadores-mezcladores sumergidos"}]},{"@type":"WebSite","@id":"https:\/\/www.scmtec.com\/#website","url":"https:\/\/www.scmtec.com\/","name":"SCM Tecnologie","description":"","potentialAction":[{"@type":"SearchAction","target":{"@type":"EntryPoint","urlTemplate":"https:\/\/www.scmtec.com\/?s={search_term_string}"},"query-input":{"@type":"PropertyValueSpecification","valueRequired":true,"valueName":"search_term_string"}}],"inLanguage":"es"}]}},"jetpack_sharing_enabled":true,"_links":{"self":[{"href":"https:\/\/www.scmtec.com\/es\/wp-json\/wp\/v2\/product\/12133","targetHints":{"allow":["GET"]}}],"collection":[{"href":"https:\/\/www.scmtec.com\/es\/wp-json\/wp\/v2\/product"}],"about":[{"href":"https:\/\/www.scmtec.com\/es\/wp-json\/wp\/v2\/types\/product"}],"wp:featuredmedia":[{"embeddable":true,"href":"https:\/\/www.scmtec.com\/es\/wp-json\/wp\/v2\/media\/11456"}],"wp:attachment":[{"href":"https:\/\/www.scmtec.com\/es\/wp-json\/wp\/v2\/media?parent=12133"}],"wp:term":[{"taxonomy":"product_brand","embeddable":true,"href":"https:\/\/www.scmtec.com\/es\/wp-json\/wp\/v2\/product_brand?post=12133"},{"taxonomy":"product_cat","embeddable":true,"href":"https:\/\/www.scmtec.com\/es\/wp-json\/wp\/v2\/product_cat?post=12133"},{"taxonomy":"product_tag","embeddable":true,"href":"https:\/\/www.scmtec.com\/es\/wp-json\/wp\/v2\/product_tag?post=12133"}],"curies":[{"name":"wp","href":"https:\/\/api.w.org\/{rel}","templated":true}]}}