{"id":12143,"date":"2022-08-12T16:09:35","date_gmt":"2022-08-12T16:09:35","guid":{"rendered":"https:\/\/www.scmtec.com\/prodotto\/miscelatori-con-motore-in-inox-mx-ii\/"},"modified":"2022-11-30T14:23:18","modified_gmt":"2022-11-30T14:23:18","slug":"mx-ii-mezcladores-con-motor-en-acero-inoxidable","status":"publish","type":"product","link":"https:\/\/www.scmtec.com\/es\/prodotto\/mx-ii-mezcladores-con-motor-en-acero-inoxidable\/","title":{"rendered":"MX-ii Mezcladores con motor en acero inoxidable"},"content":{"rendered":"","protected":false},"excerpt":{"rendered":"<ul>\n<li><strong>Potencia: 1,5 \u00f7 15 kW<\/strong><\/li>\n<li><strong>Velocidad de rotaci\u00f3n: 1440 \u00f7 480 min-1<\/strong><\/li>\n<\/ul>\n<p>Fabricados \u00edntegramente en acero inoxidable, los mezcladores sumergibles de la serie MX-ii se utilizan para mezclar y homogeneizar l\u00edquidos cuando se requiere una alta resistencia a la corrosi\u00f3n. Mezcladores compactos y f\u00e1ciles de instalar, est\u00e1n compuestos por un motor el\u00e9ctrico y una h\u00e9lice autolimpiante y de alto rendimiento. Las diferentes velocidades de rotaci\u00f3n y los di\u00e1metros de las h\u00e9lices permiten cubrir una amplia gama de aplicaciones. A petici\u00f3n puede suministrarse un bastidor de elevaci\u00f3n especial equipado de cabrestante manual y de un sistema de orientaci\u00f3n del mezclador.<\/p>\n<p>&nbsp;<\/p>\n[fc id='15' align='left'][\/fc]\n","protected":false},"featured_media":11498,"template":"","meta":{"_themeisle_gutenberg_block_has_review":false},"product_brand":[],"product_cat":[158,159],"product_tag":[],"class_list":{"0":"post-12143","1":"product","2":"type-product","3":"status-publish","4":"has-post-thumbnail","6":"product_cat-miscelazione-es","7":"product_cat-miscelatori-sommersi-diretti-es","9":"first","10":"instock","11":"shipping-taxable","12":"product-type-simple"},"yoast_head":"<!-- This site is optimized with the Yoast SEO plugin v27.5 - https:\/\/yoast.com\/product\/yoast-seo-wordpress\/ -->\n<title>MX-ii Mezcladores con motor en acero inoxidable - SCM Tecnologie<\/title>\n<meta name=\"robots\" content=\"index, follow, max-snippet:-1, max-image-preview:large, max-video-preview:-1\" \/>\n<link rel=\"canonical\" href=\"https:\/\/www.scmtec.com\/es\/prodotto\/mx-ii-mezcladores-con-motor-en-acero-inoxidable\/\" \/>\n<meta property=\"og:locale\" content=\"es_ES\" \/>\n<meta property=\"og:type\" content=\"article\" \/>\n<meta property=\"og:title\" content=\"MX-ii Mezcladores con motor en acero inoxidable - SCM Tecnologie\" \/>\n<meta property=\"og:description\" content=\"Potencia: 1,5 \u00f7 15 kW  Velocidad de rotaci\u00f3n: 1440 \u00f7 480 min-1  Fabricados \u00edntegramente en acero inoxidable, los mezcladores sumergibles de la serie MX-ii se utilizan para mezclar y homogeneizar l\u00edquidos cuando se requiere una alta resistencia a la corrosi\u00f3n. Mezcladores compactos y f\u00e1ciles de instalar, est\u00e1n compuestos por un motor el\u00e9ctrico y una h\u00e9lice autolimpiante y de alto rendimiento. Las diferentes velocidades de rotaci\u00f3n y los di\u00e1metros de las h\u00e9lices permiten cubrir una amplia gama de aplicaciones. A petici\u00f3n puede suministrarse un bastidor de elevaci\u00f3n especial equipado de cabrestante manual y de un sistema de orientaci\u00f3n del mezclador.  &nbsp;\" \/>\n<meta property=\"og:url\" content=\"https:\/\/www.scmtec.com\/es\/prodotto\/mx-ii-mezcladores-con-motor-en-acero-inoxidable\/\" \/>\n<meta property=\"og:site_name\" content=\"SCM Tecnologie\" \/>\n<meta property=\"article:modified_time\" content=\"2022-11-30T14:23:18+00:00\" \/>\n<meta property=\"og:image\" content=\"https:\/\/i0.wp.com\/www.scmtec.com\/wp-content\/uploads\/2022\/08\/mx-ii.jpg?fit=600%2C600&ssl=1\" \/>\n\t<meta property=\"og:image:width\" content=\"600\" \/>\n\t<meta property=\"og:image:height\" content=\"600\" \/>\n\t<meta property=\"og:image:type\" content=\"image\/jpeg\" \/>\n<meta name=\"twitter:card\" content=\"summary_large_image\" \/>\n<script type=\"application\/ld+json\" class=\"yoast-schema-graph\">{\"@context\":\"https:\\\/\\\/schema.org\",\"@graph\":[{\"@type\":\"WebPage\",\"@id\":\"https:\\\/\\\/www.scmtec.com\\\/es\\\/prodotto\\\/mx-ii-mezcladores-con-motor-en-acero-inoxidable\\\/\",\"url\":\"https:\\\/\\\/www.scmtec.com\\\/es\\\/prodotto\\\/mx-ii-mezcladores-con-motor-en-acero-inoxidable\\\/\",\"name\":\"MX-ii Mezcladores con motor en acero inoxidable - SCM Tecnologie\",\"isPartOf\":{\"@id\":\"https:\\\/\\\/www.scmtec.com\\\/#website\"},\"primaryImageOfPage\":{\"@id\":\"https:\\\/\\\/www.scmtec.com\\\/es\\\/prodotto\\\/mx-ii-mezcladores-con-motor-en-acero-inoxidable\\\/#primaryimage\"},\"image\":{\"@id\":\"https:\\\/\\\/www.scmtec.com\\\/es\\\/prodotto\\\/mx-ii-mezcladores-con-motor-en-acero-inoxidable\\\/#primaryimage\"},\"thumbnailUrl\":\"https:\\\/\\\/i0.wp.com\\\/www.scmtec.com\\\/wp-content\\\/uploads\\\/2022\\\/08\\\/mx-ii.jpg?fit=600%2C600&ssl=1\",\"datePublished\":\"2022-08-12T16:09:35+00:00\",\"dateModified\":\"2022-11-30T14:23:18+00:00\",\"breadcrumb\":{\"@id\":\"https:\\\/\\\/www.scmtec.com\\\/es\\\/prodotto\\\/mx-ii-mezcladores-con-motor-en-acero-inoxidable\\\/#breadcrumb\"},\"inLanguage\":\"es\",\"potentialAction\":[{\"@type\":\"ReadAction\",\"target\":[\"https:\\\/\\\/www.scmtec.com\\\/es\\\/prodotto\\\/mx-ii-mezcladores-con-motor-en-acero-inoxidable\\\/\"]}]},{\"@type\":\"ImageObject\",\"inLanguage\":\"es\",\"@id\":\"https:\\\/\\\/www.scmtec.com\\\/es\\\/prodotto\\\/mx-ii-mezcladores-con-motor-en-acero-inoxidable\\\/#primaryimage\",\"url\":\"https:\\\/\\\/i0.wp.com\\\/www.scmtec.com\\\/wp-content\\\/uploads\\\/2022\\\/08\\\/mx-ii.jpg?fit=600%2C600&ssl=1\",\"contentUrl\":\"https:\\\/\\\/i0.wp.com\\\/www.scmtec.com\\\/wp-content\\\/uploads\\\/2022\\\/08\\\/mx-ii.jpg?fit=600%2C600&ssl=1\",\"width\":600,\"height\":600},{\"@type\":\"BreadcrumbList\",\"@id\":\"https:\\\/\\\/www.scmtec.com\\\/es\\\/prodotto\\\/mx-ii-mezcladores-con-motor-en-acero-inoxidable\\\/#breadcrumb\",\"itemListElement\":[{\"@type\":\"ListItem\",\"position\":1,\"name\":\"Home\",\"item\":\"https:\\\/\\\/www.scmtec.com\\\/fr\\\/\"},{\"@type\":\"ListItem\",\"position\":2,\"name\":\"I nostri prodotti\",\"item\":\"https:\\\/\\\/www.scmtec.com\\\/es\\\/nuestros-productos\\\/\"},{\"@type\":\"ListItem\",\"position\":3,\"name\":\"MX-ii Mezcladores con motor en acero inoxidable\"}]},{\"@type\":\"WebSite\",\"@id\":\"https:\\\/\\\/www.scmtec.com\\\/#website\",\"url\":\"https:\\\/\\\/www.scmtec.com\\\/\",\"name\":\"SCM Tecnologie\",\"description\":\"\",\"potentialAction\":[{\"@type\":\"SearchAction\",\"target\":{\"@type\":\"EntryPoint\",\"urlTemplate\":\"https:\\\/\\\/www.scmtec.com\\\/?s={search_term_string}\"},\"query-input\":{\"@type\":\"PropertyValueSpecification\",\"valueRequired\":true,\"valueName\":\"search_term_string\"}}],\"inLanguage\":\"es\"}]}<\/script>\n<!-- \/ Yoast SEO plugin. -->","yoast_head_json":{"title":"MX-ii Mezcladores con motor en acero inoxidable - SCM Tecnologie","robots":{"index":"index","follow":"follow","max-snippet":"max-snippet:-1","max-image-preview":"max-image-preview:large","max-video-preview":"max-video-preview:-1"},"canonical":"https:\/\/www.scmtec.com\/es\/prodotto\/mx-ii-mezcladores-con-motor-en-acero-inoxidable\/","og_locale":"es_ES","og_type":"article","og_title":"MX-ii Mezcladores con motor en acero inoxidable - SCM Tecnologie","og_description":"Potencia: 1,5 \u00f7 15 kW  Velocidad de rotaci\u00f3n: 1440 \u00f7 480 min-1  Fabricados \u00edntegramente en acero inoxidable, los mezcladores sumergibles de la serie MX-ii se utilizan para mezclar y homogeneizar l\u00edquidos cuando se requiere una alta resistencia a la corrosi\u00f3n. Mezcladores compactos y f\u00e1ciles de instalar, est\u00e1n compuestos por un motor el\u00e9ctrico y una h\u00e9lice autolimpiante y de alto rendimiento. Las diferentes velocidades de rotaci\u00f3n y los di\u00e1metros de las h\u00e9lices permiten cubrir una amplia gama de aplicaciones. A petici\u00f3n puede suministrarse un bastidor de elevaci\u00f3n especial equipado de cabrestante manual y de un sistema de orientaci\u00f3n del mezclador.  &nbsp;","og_url":"https:\/\/www.scmtec.com\/es\/prodotto\/mx-ii-mezcladores-con-motor-en-acero-inoxidable\/","og_site_name":"SCM Tecnologie","article_modified_time":"2022-11-30T14:23:18+00:00","og_image":[{"width":600,"height":600,"url":"https:\/\/i0.wp.com\/www.scmtec.com\/wp-content\/uploads\/2022\/08\/mx-ii.jpg?fit=600%2C600&ssl=1","type":"image\/jpeg"}],"twitter_card":"summary_large_image","schema":{"@context":"https:\/\/schema.org","@graph":[{"@type":"WebPage","@id":"https:\/\/www.scmtec.com\/es\/prodotto\/mx-ii-mezcladores-con-motor-en-acero-inoxidable\/","url":"https:\/\/www.scmtec.com\/es\/prodotto\/mx-ii-mezcladores-con-motor-en-acero-inoxidable\/","name":"MX-ii Mezcladores con motor en acero inoxidable - SCM Tecnologie","isPartOf":{"@id":"https:\/\/www.scmtec.com\/#website"},"primaryImageOfPage":{"@id":"https:\/\/www.scmtec.com\/es\/prodotto\/mx-ii-mezcladores-con-motor-en-acero-inoxidable\/#primaryimage"},"image":{"@id":"https:\/\/www.scmtec.com\/es\/prodotto\/mx-ii-mezcladores-con-motor-en-acero-inoxidable\/#primaryimage"},"thumbnailUrl":"https:\/\/i0.wp.com\/www.scmtec.com\/wp-content\/uploads\/2022\/08\/mx-ii.jpg?fit=600%2C600&ssl=1","datePublished":"2022-08-12T16:09:35+00:00","dateModified":"2022-11-30T14:23:18+00:00","breadcrumb":{"@id":"https:\/\/www.scmtec.com\/es\/prodotto\/mx-ii-mezcladores-con-motor-en-acero-inoxidable\/#breadcrumb"},"inLanguage":"es","potentialAction":[{"@type":"ReadAction","target":["https:\/\/www.scmtec.com\/es\/prodotto\/mx-ii-mezcladores-con-motor-en-acero-inoxidable\/"]}]},{"@type":"ImageObject","inLanguage":"es","@id":"https:\/\/www.scmtec.com\/es\/prodotto\/mx-ii-mezcladores-con-motor-en-acero-inoxidable\/#primaryimage","url":"https:\/\/i0.wp.com\/www.scmtec.com\/wp-content\/uploads\/2022\/08\/mx-ii.jpg?fit=600%2C600&ssl=1","contentUrl":"https:\/\/i0.wp.com\/www.scmtec.com\/wp-content\/uploads\/2022\/08\/mx-ii.jpg?fit=600%2C600&ssl=1","width":600,"height":600},{"@type":"BreadcrumbList","@id":"https:\/\/www.scmtec.com\/es\/prodotto\/mx-ii-mezcladores-con-motor-en-acero-inoxidable\/#breadcrumb","itemListElement":[{"@type":"ListItem","position":1,"name":"Home","item":"https:\/\/www.scmtec.com\/fr\/"},{"@type":"ListItem","position":2,"name":"I nostri prodotti","item":"https:\/\/www.scmtec.com\/es\/nuestros-productos\/"},{"@type":"ListItem","position":3,"name":"MX-ii Mezcladores con motor en acero inoxidable"}]},{"@type":"WebSite","@id":"https:\/\/www.scmtec.com\/#website","url":"https:\/\/www.scmtec.com\/","name":"SCM Tecnologie","description":"","potentialAction":[{"@type":"SearchAction","target":{"@type":"EntryPoint","urlTemplate":"https:\/\/www.scmtec.com\/?s={search_term_string}"},"query-input":{"@type":"PropertyValueSpecification","valueRequired":true,"valueName":"search_term_string"}}],"inLanguage":"es"}]}},"jetpack_sharing_enabled":true,"_links":{"self":[{"href":"https:\/\/www.scmtec.com\/es\/wp-json\/wp\/v2\/product\/12143","targetHints":{"allow":["GET"]}}],"collection":[{"href":"https:\/\/www.scmtec.com\/es\/wp-json\/wp\/v2\/product"}],"about":[{"href":"https:\/\/www.scmtec.com\/es\/wp-json\/wp\/v2\/types\/product"}],"wp:featuredmedia":[{"embeddable":true,"href":"https:\/\/www.scmtec.com\/es\/wp-json\/wp\/v2\/media\/11498"}],"wp:attachment":[{"href":"https:\/\/www.scmtec.com\/es\/wp-json\/wp\/v2\/media?parent=12143"}],"wp:term":[{"taxonomy":"product_brand","embeddable":true,"href":"https:\/\/www.scmtec.com\/es\/wp-json\/wp\/v2\/product_brand?post=12143"},{"taxonomy":"product_cat","embeddable":true,"href":"https:\/\/www.scmtec.com\/es\/wp-json\/wp\/v2\/product_cat?post=12143"},{"taxonomy":"product_tag","embeddable":true,"href":"https:\/\/www.scmtec.com\/es\/wp-json\/wp\/v2\/product_tag?post=12143"}],"curies":[{"name":"wp","href":"https:\/\/api.w.org\/{rel}","templated":true}]}}