{"id":12144,"date":"2022-06-23T15:09:21","date_gmt":"2022-06-23T15:09:21","guid":{"rendered":"https:\/\/www.scmtec.com\/prodotto\/elettropompe-sommergibili-di-ricircolo-mxn\/"},"modified":"2022-11-30T14:30:18","modified_gmt":"2022-11-30T14:30:18","slug":"mxn-bombas-electricas-sumergibles-de-recirculacion","status":"publish","type":"product","link":"https:\/\/www.scmtec.com\/es\/prodotto\/mxn-bombas-electricas-sumergibles-de-recirculacion\/","title":{"rendered":"MXN Bombas el\u00e9ctricas sumergibles de recirculaci\u00f3n"},"content":{"rendered":"","protected":false},"excerpt":{"rendered":"<ul>\n<li><strong>Potencia: 0,75 \u00f7 18,5 kW<\/strong><\/li>\n<li><strong>Velocidad de rotaci\u00f3n: 1460 \u00f7 351 min-1<\/strong><\/li>\n<\/ul>\n<p>Las bombas el\u00e9ctricas de recirculaci\u00f3n de la serie MXN son indicadas para transferir grandes vol\u00famenes de l\u00edquido entre dep\u00f3sitos contiguos con valores prevalecientes no elevados. Son adecuados para grandes diques, dep\u00f3sitos de extinci\u00f3n de incendios y lagunaje. Las h\u00e9lices de alto rendimiento garantizan una excelente eficiencia hidr\u00e1ulica. El anillo transportador y el tubo de salida est\u00e1n dise\u00f1ados para maximizar la eficiencia y reducir el consumo, y est\u00e1n construidos con materiales de alta calidad para una mayor durabilidad. El sistema de acoplamiento r\u00e1pido incorporado en el anillo transportador permite una f\u00e1cil instalaci\u00f3n.<\/p>\n<p>&nbsp;<\/p>\n[fc id='15' align='left'][\/fc]\n","protected":false},"featured_media":11495,"template":"","meta":{"_themeisle_gutenberg_block_has_review":false},"product_brand":[],"product_cat":[160,158],"product_tag":[],"class_list":{"0":"post-12144","1":"product","2":"type-product","3":"status-publish","4":"has-post-thumbnail","6":"product_cat-pompe-di-ricircolo-es","7":"product_cat-miscelazione-es","9":"first","10":"instock","11":"shipping-taxable","12":"product-type-simple"},"yoast_head":"<!-- This site is optimized with the Yoast SEO plugin v27.5 - https:\/\/yoast.com\/product\/yoast-seo-wordpress\/ -->\n<title>MXN Bombas el\u00e9ctricas sumergibles de recirculaci\u00f3n - SCM Tecnologie<\/title>\n<meta name=\"robots\" content=\"index, follow, max-snippet:-1, max-image-preview:large, max-video-preview:-1\" \/>\n<link rel=\"canonical\" href=\"https:\/\/www.scmtec.com\/es\/prodotto\/mxn-bombas-electricas-sumergibles-de-recirculacion\/\" \/>\n<meta property=\"og:locale\" content=\"es_ES\" \/>\n<meta property=\"og:type\" content=\"article\" \/>\n<meta property=\"og:title\" content=\"MXN Bombas el\u00e9ctricas sumergibles de recirculaci\u00f3n - SCM Tecnologie\" \/>\n<meta property=\"og:description\" content=\"Potencia: 0,75 \u00f7 18,5 kW  Velocidad de rotaci\u00f3n: 1460 \u00f7 351 min-1  Las bombas el\u00e9ctricas de recirculaci\u00f3n de la serie MXN son indicadas para transferir grandes vol\u00famenes de l\u00edquido entre dep\u00f3sitos contiguos con valores prevalecientes no elevados. Son adecuados para grandes diques, dep\u00f3sitos de extinci\u00f3n de incendios y lagunaje. Las h\u00e9lices de alto rendimiento garantizan una excelente eficiencia hidr\u00e1ulica. El anillo transportador y el tubo de salida est\u00e1n dise\u00f1ados para maximizar la eficiencia y reducir el consumo, y est\u00e1n construidos con materiales de alta calidad para una mayor durabilidad. El sistema de acoplamiento r\u00e1pido incorporado en el anillo transportador permite una f\u00e1cil instalaci\u00f3n.  &nbsp;\" \/>\n<meta property=\"og:url\" content=\"https:\/\/www.scmtec.com\/es\/prodotto\/mxn-bombas-electricas-sumergibles-de-recirculacion\/\" \/>\n<meta property=\"og:site_name\" content=\"SCM Tecnologie\" \/>\n<meta property=\"article:modified_time\" content=\"2022-11-30T14:30:18+00:00\" \/>\n<meta property=\"og:image\" content=\"https:\/\/i0.wp.com\/www.scmtec.com\/wp-content\/uploads\/2022\/06\/mxn.jpg?fit=600%2C600&ssl=1\" \/>\n\t<meta property=\"og:image:width\" content=\"600\" \/>\n\t<meta property=\"og:image:height\" content=\"600\" \/>\n\t<meta property=\"og:image:type\" content=\"image\/jpeg\" \/>\n<meta name=\"twitter:card\" content=\"summary_large_image\" \/>\n<script type=\"application\/ld+json\" class=\"yoast-schema-graph\">{\"@context\":\"https:\\\/\\\/schema.org\",\"@graph\":[{\"@type\":\"WebPage\",\"@id\":\"https:\\\/\\\/www.scmtec.com\\\/es\\\/prodotto\\\/mxn-bombas-electricas-sumergibles-de-recirculacion\\\/\",\"url\":\"https:\\\/\\\/www.scmtec.com\\\/es\\\/prodotto\\\/mxn-bombas-electricas-sumergibles-de-recirculacion\\\/\",\"name\":\"MXN Bombas el\u00e9ctricas sumergibles de recirculaci\u00f3n - SCM Tecnologie\",\"isPartOf\":{\"@id\":\"https:\\\/\\\/www.scmtec.com\\\/#website\"},\"primaryImageOfPage\":{\"@id\":\"https:\\\/\\\/www.scmtec.com\\\/es\\\/prodotto\\\/mxn-bombas-electricas-sumergibles-de-recirculacion\\\/#primaryimage\"},\"image\":{\"@id\":\"https:\\\/\\\/www.scmtec.com\\\/es\\\/prodotto\\\/mxn-bombas-electricas-sumergibles-de-recirculacion\\\/#primaryimage\"},\"thumbnailUrl\":\"https:\\\/\\\/i0.wp.com\\\/www.scmtec.com\\\/wp-content\\\/uploads\\\/2022\\\/06\\\/mxn.jpg?fit=600%2C600&ssl=1\",\"datePublished\":\"2022-06-23T15:09:21+00:00\",\"dateModified\":\"2022-11-30T14:30:18+00:00\",\"breadcrumb\":{\"@id\":\"https:\\\/\\\/www.scmtec.com\\\/es\\\/prodotto\\\/mxn-bombas-electricas-sumergibles-de-recirculacion\\\/#breadcrumb\"},\"inLanguage\":\"es\",\"potentialAction\":[{\"@type\":\"ReadAction\",\"target\":[\"https:\\\/\\\/www.scmtec.com\\\/es\\\/prodotto\\\/mxn-bombas-electricas-sumergibles-de-recirculacion\\\/\"]}]},{\"@type\":\"ImageObject\",\"inLanguage\":\"es\",\"@id\":\"https:\\\/\\\/www.scmtec.com\\\/es\\\/prodotto\\\/mxn-bombas-electricas-sumergibles-de-recirculacion\\\/#primaryimage\",\"url\":\"https:\\\/\\\/i0.wp.com\\\/www.scmtec.com\\\/wp-content\\\/uploads\\\/2022\\\/06\\\/mxn.jpg?fit=600%2C600&ssl=1\",\"contentUrl\":\"https:\\\/\\\/i0.wp.com\\\/www.scmtec.com\\\/wp-content\\\/uploads\\\/2022\\\/06\\\/mxn.jpg?fit=600%2C600&ssl=1\",\"width\":600,\"height\":600},{\"@type\":\"BreadcrumbList\",\"@id\":\"https:\\\/\\\/www.scmtec.com\\\/es\\\/prodotto\\\/mxn-bombas-electricas-sumergibles-de-recirculacion\\\/#breadcrumb\",\"itemListElement\":[{\"@type\":\"ListItem\",\"position\":1,\"name\":\"Home\",\"item\":\"https:\\\/\\\/www.scmtec.com\\\/fr\\\/\"},{\"@type\":\"ListItem\",\"position\":2,\"name\":\"I nostri prodotti\",\"item\":\"https:\\\/\\\/www.scmtec.com\\\/es\\\/nuestros-productos\\\/\"},{\"@type\":\"ListItem\",\"position\":3,\"name\":\"MXN Bombas el\u00e9ctricas sumergibles de recirculaci\u00f3n\"}]},{\"@type\":\"WebSite\",\"@id\":\"https:\\\/\\\/www.scmtec.com\\\/#website\",\"url\":\"https:\\\/\\\/www.scmtec.com\\\/\",\"name\":\"SCM Tecnologie\",\"description\":\"\",\"potentialAction\":[{\"@type\":\"SearchAction\",\"target\":{\"@type\":\"EntryPoint\",\"urlTemplate\":\"https:\\\/\\\/www.scmtec.com\\\/?s={search_term_string}\"},\"query-input\":{\"@type\":\"PropertyValueSpecification\",\"valueRequired\":true,\"valueName\":\"search_term_string\"}}],\"inLanguage\":\"es\"}]}<\/script>\n<!-- \/ Yoast SEO plugin. -->","yoast_head_json":{"title":"MXN Bombas el\u00e9ctricas sumergibles de recirculaci\u00f3n - SCM Tecnologie","robots":{"index":"index","follow":"follow","max-snippet":"max-snippet:-1","max-image-preview":"max-image-preview:large","max-video-preview":"max-video-preview:-1"},"canonical":"https:\/\/www.scmtec.com\/es\/prodotto\/mxn-bombas-electricas-sumergibles-de-recirculacion\/","og_locale":"es_ES","og_type":"article","og_title":"MXN Bombas el\u00e9ctricas sumergibles de recirculaci\u00f3n - SCM Tecnologie","og_description":"Potencia: 0,75 \u00f7 18,5 kW  Velocidad de rotaci\u00f3n: 1460 \u00f7 351 min-1  Las bombas el\u00e9ctricas de recirculaci\u00f3n de la serie MXN son indicadas para transferir grandes vol\u00famenes de l\u00edquido entre dep\u00f3sitos contiguos con valores prevalecientes no elevados. Son adecuados para grandes diques, dep\u00f3sitos de extinci\u00f3n de incendios y lagunaje. Las h\u00e9lices de alto rendimiento garantizan una excelente eficiencia hidr\u00e1ulica. El anillo transportador y el tubo de salida est\u00e1n dise\u00f1ados para maximizar la eficiencia y reducir el consumo, y est\u00e1n construidos con materiales de alta calidad para una mayor durabilidad. El sistema de acoplamiento r\u00e1pido incorporado en el anillo transportador permite una f\u00e1cil instalaci\u00f3n.  &nbsp;","og_url":"https:\/\/www.scmtec.com\/es\/prodotto\/mxn-bombas-electricas-sumergibles-de-recirculacion\/","og_site_name":"SCM Tecnologie","article_modified_time":"2022-11-30T14:30:18+00:00","og_image":[{"width":600,"height":600,"url":"https:\/\/i0.wp.com\/www.scmtec.com\/wp-content\/uploads\/2022\/06\/mxn.jpg?fit=600%2C600&ssl=1","type":"image\/jpeg"}],"twitter_card":"summary_large_image","schema":{"@context":"https:\/\/schema.org","@graph":[{"@type":"WebPage","@id":"https:\/\/www.scmtec.com\/es\/prodotto\/mxn-bombas-electricas-sumergibles-de-recirculacion\/","url":"https:\/\/www.scmtec.com\/es\/prodotto\/mxn-bombas-electricas-sumergibles-de-recirculacion\/","name":"MXN Bombas el\u00e9ctricas sumergibles de recirculaci\u00f3n - SCM Tecnologie","isPartOf":{"@id":"https:\/\/www.scmtec.com\/#website"},"primaryImageOfPage":{"@id":"https:\/\/www.scmtec.com\/es\/prodotto\/mxn-bombas-electricas-sumergibles-de-recirculacion\/#primaryimage"},"image":{"@id":"https:\/\/www.scmtec.com\/es\/prodotto\/mxn-bombas-electricas-sumergibles-de-recirculacion\/#primaryimage"},"thumbnailUrl":"https:\/\/i0.wp.com\/www.scmtec.com\/wp-content\/uploads\/2022\/06\/mxn.jpg?fit=600%2C600&ssl=1","datePublished":"2022-06-23T15:09:21+00:00","dateModified":"2022-11-30T14:30:18+00:00","breadcrumb":{"@id":"https:\/\/www.scmtec.com\/es\/prodotto\/mxn-bombas-electricas-sumergibles-de-recirculacion\/#breadcrumb"},"inLanguage":"es","potentialAction":[{"@type":"ReadAction","target":["https:\/\/www.scmtec.com\/es\/prodotto\/mxn-bombas-electricas-sumergibles-de-recirculacion\/"]}]},{"@type":"ImageObject","inLanguage":"es","@id":"https:\/\/www.scmtec.com\/es\/prodotto\/mxn-bombas-electricas-sumergibles-de-recirculacion\/#primaryimage","url":"https:\/\/i0.wp.com\/www.scmtec.com\/wp-content\/uploads\/2022\/06\/mxn.jpg?fit=600%2C600&ssl=1","contentUrl":"https:\/\/i0.wp.com\/www.scmtec.com\/wp-content\/uploads\/2022\/06\/mxn.jpg?fit=600%2C600&ssl=1","width":600,"height":600},{"@type":"BreadcrumbList","@id":"https:\/\/www.scmtec.com\/es\/prodotto\/mxn-bombas-electricas-sumergibles-de-recirculacion\/#breadcrumb","itemListElement":[{"@type":"ListItem","position":1,"name":"Home","item":"https:\/\/www.scmtec.com\/fr\/"},{"@type":"ListItem","position":2,"name":"I nostri prodotti","item":"https:\/\/www.scmtec.com\/es\/nuestros-productos\/"},{"@type":"ListItem","position":3,"name":"MXN Bombas el\u00e9ctricas sumergibles de recirculaci\u00f3n"}]},{"@type":"WebSite","@id":"https:\/\/www.scmtec.com\/#website","url":"https:\/\/www.scmtec.com\/","name":"SCM Tecnologie","description":"","potentialAction":[{"@type":"SearchAction","target":{"@type":"EntryPoint","urlTemplate":"https:\/\/www.scmtec.com\/?s={search_term_string}"},"query-input":{"@type":"PropertyValueSpecification","valueRequired":true,"valueName":"search_term_string"}}],"inLanguage":"es"}]}},"jetpack_sharing_enabled":true,"_links":{"self":[{"href":"https:\/\/www.scmtec.com\/es\/wp-json\/wp\/v2\/product\/12144","targetHints":{"allow":["GET"]}}],"collection":[{"href":"https:\/\/www.scmtec.com\/es\/wp-json\/wp\/v2\/product"}],"about":[{"href":"https:\/\/www.scmtec.com\/es\/wp-json\/wp\/v2\/types\/product"}],"wp:featuredmedia":[{"embeddable":true,"href":"https:\/\/www.scmtec.com\/es\/wp-json\/wp\/v2\/media\/11495"}],"wp:attachment":[{"href":"https:\/\/www.scmtec.com\/es\/wp-json\/wp\/v2\/media?parent=12144"}],"wp:term":[{"taxonomy":"product_brand","embeddable":true,"href":"https:\/\/www.scmtec.com\/es\/wp-json\/wp\/v2\/product_brand?post=12144"},{"taxonomy":"product_cat","embeddable":true,"href":"https:\/\/www.scmtec.com\/es\/wp-json\/wp\/v2\/product_cat?post=12144"},{"taxonomy":"product_tag","embeddable":true,"href":"https:\/\/www.scmtec.com\/es\/wp-json\/wp\/v2\/product_tag?post=12144"}],"curies":[{"name":"wp","href":"https:\/\/api.w.org\/{rel}","templated":true}]}}