{"id":12145,"date":"2022-06-23T15:00:05","date_gmt":"2022-06-23T15:00:05","guid":{"rendered":"https:\/\/www.scmtec.com\/prodotto\/agitatori-verticali-e-laterali\/"},"modified":"2022-11-30T14:28:53","modified_gmt":"2022-11-30T14:28:53","slug":"agitadores-verticales-y-laterales","status":"publish","type":"product","link":"https:\/\/www.scmtec.com\/es\/prodotto\/agitadores-verticales-y-laterales\/","title":{"rendered":"Agitadores verticales y laterales"},"content":{"rendered":"","protected":false},"excerpt":{"rendered":"<ul>\n<li><strong>Potencia: 0,18 \u00f7 45 kW<\/strong><\/li>\n<li><strong>Longitud de eje m\u00e1x. 8000 mm<\/strong><\/li>\n<li><strong>Di\u00e1metro m\u00e1ximo del impulsor: 3500 mm<\/strong><\/li>\n<\/ul>\n<p>La gama de agitadores verticales y laterales de S.C.M. Tecnologie responde a los procesos de mezcla m\u00e1s comunes en las plantas de depuraci\u00f3n de aguas, como la ecualizaci\u00f3n, la homogeneizaci\u00f3n, la retenci\u00f3n de s\u00f3lidos en suspensi\u00f3n, la desnitrificaci\u00f3n, la coagulaci\u00f3n, la floculaci\u00f3n, la mezcla r\u00e1pida y otros procesos industriales. La gama ofrece soluciones \u00f3ptimas para dep\u00f3sitos desde 100 litros hasta diques de 1.500 metros c\u00fabicos. El tama\u00f1o del dep\u00f3sito, el volumen de l\u00edquido y el tipo de tratamiento son aspectos que se tienen en cuenta en el dise\u00f1o para determinar un producto altamente personalizado y eficaz. Para vol\u00famenes y procesos diferentes, p\u00f3ngase en contacto con S.C.M. Tecnologie.<\/p>\n<p>&nbsp;<\/p>\n[fc id='15' align='left'][\/fc]\n","protected":false},"featured_media":11513,"template":"","meta":{"_themeisle_gutenberg_block_has_review":false},"product_brand":[],"product_cat":[161,158],"product_tag":[],"class_list":{"0":"post-12145","1":"product","2":"type-product","3":"status-publish","4":"has-post-thumbnail","6":"product_cat-agitatori-verticali-es","7":"product_cat-miscelazione-es","9":"first","10":"instock","11":"shipping-taxable","12":"product-type-simple"},"yoast_head":"<!-- This site is optimized with the Yoast SEO plugin v27.5 - https:\/\/yoast.com\/product\/yoast-seo-wordpress\/ -->\n<title>Agitadores verticales y laterales - SCM Tecnologie<\/title>\n<meta name=\"robots\" content=\"index, follow, max-snippet:-1, max-image-preview:large, max-video-preview:-1\" \/>\n<link rel=\"canonical\" href=\"https:\/\/www.scmtec.com\/es\/prodotto\/agitadores-verticales-y-laterales\/\" \/>\n<meta property=\"og:locale\" content=\"es_ES\" \/>\n<meta property=\"og:type\" content=\"article\" \/>\n<meta property=\"og:title\" content=\"Agitadores verticales y laterales - SCM Tecnologie\" \/>\n<meta property=\"og:description\" content=\"Potencia: 0,18 \u00f7 45 kW  Longitud de eje m\u00e1x. 8000 mm  Di\u00e1metro m\u00e1ximo del impulsor: 3500 mm  La gama de agitadores verticales y laterales de S.C.M. Tecnologie responde a los procesos de mezcla m\u00e1s comunes en las plantas de depuraci\u00f3n de aguas, como la ecualizaci\u00f3n, la homogeneizaci\u00f3n, la retenci\u00f3n de s\u00f3lidos en suspensi\u00f3n, la desnitrificaci\u00f3n, la coagulaci\u00f3n, la floculaci\u00f3n, la mezcla r\u00e1pida y otros procesos industriales. La gama ofrece soluciones \u00f3ptimas para dep\u00f3sitos desde 100 litros hasta diques de 1.500 metros c\u00fabicos. El tama\u00f1o del dep\u00f3sito, el volumen de l\u00edquido y el tipo de tratamiento son aspectos que se tienen en cuenta en el dise\u00f1o para determinar un producto altamente personalizado y eficaz. Para vol\u00famenes y procesos diferentes, p\u00f3ngase en contacto con S.C.M. Tecnologie.  &nbsp;\" \/>\n<meta property=\"og:url\" content=\"https:\/\/www.scmtec.com\/es\/prodotto\/agitadores-verticales-y-laterales\/\" \/>\n<meta property=\"og:site_name\" content=\"SCM Tecnologie\" \/>\n<meta property=\"article:modified_time\" content=\"2022-11-30T14:28:53+00:00\" \/>\n<meta property=\"og:image\" content=\"https:\/\/i0.wp.com\/www.scmtec.com\/wp-content\/uploads\/2022\/06\/Agitatori-verticali-e-laterali.jpg?fit=600%2C600&ssl=1\" \/>\n\t<meta property=\"og:image:width\" content=\"600\" \/>\n\t<meta property=\"og:image:height\" content=\"600\" \/>\n\t<meta property=\"og:image:type\" content=\"image\/jpeg\" \/>\n<meta name=\"twitter:card\" content=\"summary_large_image\" \/>\n<script type=\"application\/ld+json\" class=\"yoast-schema-graph\">{\"@context\":\"https:\\\/\\\/schema.org\",\"@graph\":[{\"@type\":\"WebPage\",\"@id\":\"https:\\\/\\\/www.scmtec.com\\\/es\\\/prodotto\\\/agitadores-verticales-y-laterales\\\/\",\"url\":\"https:\\\/\\\/www.scmtec.com\\\/es\\\/prodotto\\\/agitadores-verticales-y-laterales\\\/\",\"name\":\"Agitadores verticales y laterales - SCM Tecnologie\",\"isPartOf\":{\"@id\":\"https:\\\/\\\/www.scmtec.com\\\/#website\"},\"primaryImageOfPage\":{\"@id\":\"https:\\\/\\\/www.scmtec.com\\\/es\\\/prodotto\\\/agitadores-verticales-y-laterales\\\/#primaryimage\"},\"image\":{\"@id\":\"https:\\\/\\\/www.scmtec.com\\\/es\\\/prodotto\\\/agitadores-verticales-y-laterales\\\/#primaryimage\"},\"thumbnailUrl\":\"https:\\\/\\\/i0.wp.com\\\/www.scmtec.com\\\/wp-content\\\/uploads\\\/2022\\\/06\\\/Agitatori-verticali-e-laterali.jpg?fit=600%2C600&ssl=1\",\"datePublished\":\"2022-06-23T15:00:05+00:00\",\"dateModified\":\"2022-11-30T14:28:53+00:00\",\"breadcrumb\":{\"@id\":\"https:\\\/\\\/www.scmtec.com\\\/es\\\/prodotto\\\/agitadores-verticales-y-laterales\\\/#breadcrumb\"},\"inLanguage\":\"es\",\"potentialAction\":[{\"@type\":\"ReadAction\",\"target\":[\"https:\\\/\\\/www.scmtec.com\\\/es\\\/prodotto\\\/agitadores-verticales-y-laterales\\\/\"]}]},{\"@type\":\"ImageObject\",\"inLanguage\":\"es\",\"@id\":\"https:\\\/\\\/www.scmtec.com\\\/es\\\/prodotto\\\/agitadores-verticales-y-laterales\\\/#primaryimage\",\"url\":\"https:\\\/\\\/i0.wp.com\\\/www.scmtec.com\\\/wp-content\\\/uploads\\\/2022\\\/06\\\/Agitatori-verticali-e-laterali.jpg?fit=600%2C600&ssl=1\",\"contentUrl\":\"https:\\\/\\\/i0.wp.com\\\/www.scmtec.com\\\/wp-content\\\/uploads\\\/2022\\\/06\\\/Agitatori-verticali-e-laterali.jpg?fit=600%2C600&ssl=1\",\"width\":600,\"height\":600},{\"@type\":\"BreadcrumbList\",\"@id\":\"https:\\\/\\\/www.scmtec.com\\\/es\\\/prodotto\\\/agitadores-verticales-y-laterales\\\/#breadcrumb\",\"itemListElement\":[{\"@type\":\"ListItem\",\"position\":1,\"name\":\"Home\",\"item\":\"https:\\\/\\\/www.scmtec.com\\\/fr\\\/\"},{\"@type\":\"ListItem\",\"position\":2,\"name\":\"I nostri prodotti\",\"item\":\"https:\\\/\\\/www.scmtec.com\\\/es\\\/nuestros-productos\\\/\"},{\"@type\":\"ListItem\",\"position\":3,\"name\":\"Agitadores verticales y laterales\"}]},{\"@type\":\"WebSite\",\"@id\":\"https:\\\/\\\/www.scmtec.com\\\/#website\",\"url\":\"https:\\\/\\\/www.scmtec.com\\\/\",\"name\":\"SCM Tecnologie\",\"description\":\"\",\"potentialAction\":[{\"@type\":\"SearchAction\",\"target\":{\"@type\":\"EntryPoint\",\"urlTemplate\":\"https:\\\/\\\/www.scmtec.com\\\/?s={search_term_string}\"},\"query-input\":{\"@type\":\"PropertyValueSpecification\",\"valueRequired\":true,\"valueName\":\"search_term_string\"}}],\"inLanguage\":\"es\"}]}<\/script>\n<!-- \/ Yoast SEO plugin. -->","yoast_head_json":{"title":"Agitadores verticales y laterales - SCM Tecnologie","robots":{"index":"index","follow":"follow","max-snippet":"max-snippet:-1","max-image-preview":"max-image-preview:large","max-video-preview":"max-video-preview:-1"},"canonical":"https:\/\/www.scmtec.com\/es\/prodotto\/agitadores-verticales-y-laterales\/","og_locale":"es_ES","og_type":"article","og_title":"Agitadores verticales y laterales - SCM Tecnologie","og_description":"Potencia: 0,18 \u00f7 45 kW  Longitud de eje m\u00e1x. 8000 mm  Di\u00e1metro m\u00e1ximo del impulsor: 3500 mm  La gama de agitadores verticales y laterales de S.C.M. Tecnologie responde a los procesos de mezcla m\u00e1s comunes en las plantas de depuraci\u00f3n de aguas, como la ecualizaci\u00f3n, la homogeneizaci\u00f3n, la retenci\u00f3n de s\u00f3lidos en suspensi\u00f3n, la desnitrificaci\u00f3n, la coagulaci\u00f3n, la floculaci\u00f3n, la mezcla r\u00e1pida y otros procesos industriales. La gama ofrece soluciones \u00f3ptimas para dep\u00f3sitos desde 100 litros hasta diques de 1.500 metros c\u00fabicos. El tama\u00f1o del dep\u00f3sito, el volumen de l\u00edquido y el tipo de tratamiento son aspectos que se tienen en cuenta en el dise\u00f1o para determinar un producto altamente personalizado y eficaz. Para vol\u00famenes y procesos diferentes, p\u00f3ngase en contacto con S.C.M. Tecnologie.  &nbsp;","og_url":"https:\/\/www.scmtec.com\/es\/prodotto\/agitadores-verticales-y-laterales\/","og_site_name":"SCM Tecnologie","article_modified_time":"2022-11-30T14:28:53+00:00","og_image":[{"width":600,"height":600,"url":"https:\/\/i0.wp.com\/www.scmtec.com\/wp-content\/uploads\/2022\/06\/Agitatori-verticali-e-laterali.jpg?fit=600%2C600&ssl=1","type":"image\/jpeg"}],"twitter_card":"summary_large_image","schema":{"@context":"https:\/\/schema.org","@graph":[{"@type":"WebPage","@id":"https:\/\/www.scmtec.com\/es\/prodotto\/agitadores-verticales-y-laterales\/","url":"https:\/\/www.scmtec.com\/es\/prodotto\/agitadores-verticales-y-laterales\/","name":"Agitadores verticales y laterales - SCM Tecnologie","isPartOf":{"@id":"https:\/\/www.scmtec.com\/#website"},"primaryImageOfPage":{"@id":"https:\/\/www.scmtec.com\/es\/prodotto\/agitadores-verticales-y-laterales\/#primaryimage"},"image":{"@id":"https:\/\/www.scmtec.com\/es\/prodotto\/agitadores-verticales-y-laterales\/#primaryimage"},"thumbnailUrl":"https:\/\/i0.wp.com\/www.scmtec.com\/wp-content\/uploads\/2022\/06\/Agitatori-verticali-e-laterali.jpg?fit=600%2C600&ssl=1","datePublished":"2022-06-23T15:00:05+00:00","dateModified":"2022-11-30T14:28:53+00:00","breadcrumb":{"@id":"https:\/\/www.scmtec.com\/es\/prodotto\/agitadores-verticales-y-laterales\/#breadcrumb"},"inLanguage":"es","potentialAction":[{"@type":"ReadAction","target":["https:\/\/www.scmtec.com\/es\/prodotto\/agitadores-verticales-y-laterales\/"]}]},{"@type":"ImageObject","inLanguage":"es","@id":"https:\/\/www.scmtec.com\/es\/prodotto\/agitadores-verticales-y-laterales\/#primaryimage","url":"https:\/\/i0.wp.com\/www.scmtec.com\/wp-content\/uploads\/2022\/06\/Agitatori-verticali-e-laterali.jpg?fit=600%2C600&ssl=1","contentUrl":"https:\/\/i0.wp.com\/www.scmtec.com\/wp-content\/uploads\/2022\/06\/Agitatori-verticali-e-laterali.jpg?fit=600%2C600&ssl=1","width":600,"height":600},{"@type":"BreadcrumbList","@id":"https:\/\/www.scmtec.com\/es\/prodotto\/agitadores-verticales-y-laterales\/#breadcrumb","itemListElement":[{"@type":"ListItem","position":1,"name":"Home","item":"https:\/\/www.scmtec.com\/fr\/"},{"@type":"ListItem","position":2,"name":"I nostri prodotti","item":"https:\/\/www.scmtec.com\/es\/nuestros-productos\/"},{"@type":"ListItem","position":3,"name":"Agitadores verticales y laterales"}]},{"@type":"WebSite","@id":"https:\/\/www.scmtec.com\/#website","url":"https:\/\/www.scmtec.com\/","name":"SCM Tecnologie","description":"","potentialAction":[{"@type":"SearchAction","target":{"@type":"EntryPoint","urlTemplate":"https:\/\/www.scmtec.com\/?s={search_term_string}"},"query-input":{"@type":"PropertyValueSpecification","valueRequired":true,"valueName":"search_term_string"}}],"inLanguage":"es"}]}},"jetpack_sharing_enabled":true,"_links":{"self":[{"href":"https:\/\/www.scmtec.com\/es\/wp-json\/wp\/v2\/product\/12145","targetHints":{"allow":["GET"]}}],"collection":[{"href":"https:\/\/www.scmtec.com\/es\/wp-json\/wp\/v2\/product"}],"about":[{"href":"https:\/\/www.scmtec.com\/es\/wp-json\/wp\/v2\/types\/product"}],"wp:featuredmedia":[{"embeddable":true,"href":"https:\/\/www.scmtec.com\/es\/wp-json\/wp\/v2\/media\/11513"}],"wp:attachment":[{"href":"https:\/\/www.scmtec.com\/es\/wp-json\/wp\/v2\/media?parent=12145"}],"wp:term":[{"taxonomy":"product_brand","embeddable":true,"href":"https:\/\/www.scmtec.com\/es\/wp-json\/wp\/v2\/product_brand?post=12145"},{"taxonomy":"product_cat","embeddable":true,"href":"https:\/\/www.scmtec.com\/es\/wp-json\/wp\/v2\/product_cat?post=12145"},{"taxonomy":"product_tag","embeddable":true,"href":"https:\/\/www.scmtec.com\/es\/wp-json\/wp\/v2\/product_tag?post=12145"}],"curies":[{"name":"wp","href":"https:\/\/api.w.org\/{rel}","templated":true}]}}