{"id":12146,"date":"2022-05-24T22:51:40","date_gmt":"2022-05-24T22:51:40","guid":{"rendered":"https:\/\/www.scmtec.com\/prodotto\/miscelatori-mx-gir\/"},"modified":"2022-11-30T14:24:28","modified_gmt":"2022-11-30T14:24:28","slug":"mx-gir-mezcladores","status":"publish","type":"product","link":"https:\/\/www.scmtec.com\/es\/prodotto\/mx-gir-mezcladores\/","title":{"rendered":"MX-GIR Mezcladores"},"content":{"rendered":"","protected":false},"excerpt":{"rendered":"<ul>\n<li><strong>Potencia: 3 \u00f7 18,5 kW<\/strong><\/li>\n<li><strong>Velocidad de rotaci\u00f3n: 327\u00f7354 min-1<\/strong><\/li>\n<\/ul>\n<p>Ideados para la mezcla de aguas residuales con alto contenido de s\u00f3lidos y densidad variable, y para el tratamiento de purines, los mezcladores de baja velocidad de la serie MX-GIR se aplican con altos rendimientos incluso en instalaciones civiles de depuraci\u00f3n. Por ejemplo, cuando es necesario mantener en suspensi\u00f3n los s\u00f3lidos es oportuno emplear mezcladores con h\u00e9lices de grandes dimensiones y un n\u00famero bajo de revoluciones para optimizar el rendimiento. Los mezcladores MX-GIR son capaces de suministrar un par constante a la h\u00e9lice gracias al reductor, incluso en presencia de l\u00edquidos dif\u00edciles de mezclar. A petici\u00f3n, se puede suministrar una estructura especial de elevaci\u00f3n con un cabrestante manual y un sistema de orientaci\u00f3n para dirigir el flujo y evitar que se formen zonas muertas en el interior del dep\u00f3sito.<\/p>\n<p>&nbsp;<\/p>\n[fc id='15' align='left'][\/fc]\n","protected":false},"featured_media":11510,"template":"","meta":{"_themeisle_gutenberg_block_has_review":false},"product_brand":[],"product_cat":[158,157],"product_tag":[],"class_list":{"0":"post-12146","1":"product","2":"type-product","3":"status-publish","4":"has-post-thumbnail","6":"product_cat-miscelazione-es","7":"product_cat-miscelatori-sommersi-con-riduttore-es","9":"first","10":"instock","11":"shipping-taxable","12":"product-type-simple"},"yoast_head":"<!-- This site is optimized with the Yoast SEO plugin v27.5 - https:\/\/yoast.com\/product\/yoast-seo-wordpress\/ -->\n<title>MX-GIR Mezcladores - SCM Tecnologie<\/title>\n<meta name=\"robots\" content=\"index, follow, max-snippet:-1, max-image-preview:large, max-video-preview:-1\" \/>\n<link rel=\"canonical\" href=\"https:\/\/www.scmtec.com\/es\/prodotto\/mx-gir-mezcladores\/\" \/>\n<meta property=\"og:locale\" content=\"es_ES\" \/>\n<meta property=\"og:type\" content=\"article\" \/>\n<meta property=\"og:title\" content=\"MX-GIR Mezcladores - SCM Tecnologie\" \/>\n<meta property=\"og:description\" content=\"Potencia: 3 \u00f7 18,5 kW  Velocidad de rotaci\u00f3n: 327\u00f7354 min-1  Ideados para la mezcla de aguas residuales con alto contenido de s\u00f3lidos y densidad variable, y para el tratamiento de purines, los mezcladores de baja velocidad de la serie MX-GIR se aplican con altos rendimientos incluso en instalaciones civiles de depuraci\u00f3n. Por ejemplo, cuando es necesario mantener en suspensi\u00f3n los s\u00f3lidos es oportuno emplear mezcladores con h\u00e9lices de grandes dimensiones y un n\u00famero bajo de revoluciones para optimizar el rendimiento. Los mezcladores MX-GIR son capaces de suministrar un par constante a la h\u00e9lice gracias al reductor, incluso en presencia de l\u00edquidos dif\u00edciles de mezclar. A petici\u00f3n, se puede suministrar una estructura especial de elevaci\u00f3n con un cabrestante manual y un sistema de orientaci\u00f3n para dirigir el flujo y evitar que se formen zonas muertas en el interior del dep\u00f3sito.  &nbsp;\" \/>\n<meta property=\"og:url\" content=\"https:\/\/www.scmtec.com\/es\/prodotto\/mx-gir-mezcladores\/\" \/>\n<meta property=\"og:site_name\" content=\"SCM Tecnologie\" \/>\n<meta property=\"article:modified_time\" content=\"2022-11-30T14:24:28+00:00\" \/>\n<meta property=\"og:image\" content=\"https:\/\/i0.wp.com\/www.scmtec.com\/wp-content\/uploads\/2022\/05\/mx-gi-2.jpg?fit=600%2C600&ssl=1\" \/>\n\t<meta property=\"og:image:width\" content=\"600\" \/>\n\t<meta property=\"og:image:height\" content=\"600\" \/>\n\t<meta property=\"og:image:type\" content=\"image\/jpeg\" \/>\n<meta name=\"twitter:card\" content=\"summary_large_image\" \/>\n<script type=\"application\/ld+json\" class=\"yoast-schema-graph\">{\"@context\":\"https:\\\/\\\/schema.org\",\"@graph\":[{\"@type\":\"WebPage\",\"@id\":\"https:\\\/\\\/www.scmtec.com\\\/es\\\/prodotto\\\/mx-gir-mezcladores\\\/\",\"url\":\"https:\\\/\\\/www.scmtec.com\\\/es\\\/prodotto\\\/mx-gir-mezcladores\\\/\",\"name\":\"MX-GIR Mezcladores - SCM Tecnologie\",\"isPartOf\":{\"@id\":\"https:\\\/\\\/www.scmtec.com\\\/#website\"},\"primaryImageOfPage\":{\"@id\":\"https:\\\/\\\/www.scmtec.com\\\/es\\\/prodotto\\\/mx-gir-mezcladores\\\/#primaryimage\"},\"image\":{\"@id\":\"https:\\\/\\\/www.scmtec.com\\\/es\\\/prodotto\\\/mx-gir-mezcladores\\\/#primaryimage\"},\"thumbnailUrl\":\"https:\\\/\\\/i0.wp.com\\\/www.scmtec.com\\\/wp-content\\\/uploads\\\/2022\\\/05\\\/mx-gi-2.jpg?fit=600%2C600&ssl=1\",\"datePublished\":\"2022-05-24T22:51:40+00:00\",\"dateModified\":\"2022-11-30T14:24:28+00:00\",\"breadcrumb\":{\"@id\":\"https:\\\/\\\/www.scmtec.com\\\/es\\\/prodotto\\\/mx-gir-mezcladores\\\/#breadcrumb\"},\"inLanguage\":\"es\",\"potentialAction\":[{\"@type\":\"ReadAction\",\"target\":[\"https:\\\/\\\/www.scmtec.com\\\/es\\\/prodotto\\\/mx-gir-mezcladores\\\/\"]}]},{\"@type\":\"ImageObject\",\"inLanguage\":\"es\",\"@id\":\"https:\\\/\\\/www.scmtec.com\\\/es\\\/prodotto\\\/mx-gir-mezcladores\\\/#primaryimage\",\"url\":\"https:\\\/\\\/i0.wp.com\\\/www.scmtec.com\\\/wp-content\\\/uploads\\\/2022\\\/05\\\/mx-gi-2.jpg?fit=600%2C600&ssl=1\",\"contentUrl\":\"https:\\\/\\\/i0.wp.com\\\/www.scmtec.com\\\/wp-content\\\/uploads\\\/2022\\\/05\\\/mx-gi-2.jpg?fit=600%2C600&ssl=1\",\"width\":600,\"height\":600},{\"@type\":\"BreadcrumbList\",\"@id\":\"https:\\\/\\\/www.scmtec.com\\\/es\\\/prodotto\\\/mx-gir-mezcladores\\\/#breadcrumb\",\"itemListElement\":[{\"@type\":\"ListItem\",\"position\":1,\"name\":\"Home\",\"item\":\"https:\\\/\\\/www.scmtec.com\\\/fr\\\/\"},{\"@type\":\"ListItem\",\"position\":2,\"name\":\"I nostri prodotti\",\"item\":\"https:\\\/\\\/www.scmtec.com\\\/es\\\/nuestros-productos\\\/\"},{\"@type\":\"ListItem\",\"position\":3,\"name\":\"MX-GIR Mezcladores\"}]},{\"@type\":\"WebSite\",\"@id\":\"https:\\\/\\\/www.scmtec.com\\\/#website\",\"url\":\"https:\\\/\\\/www.scmtec.com\\\/\",\"name\":\"SCM Tecnologie\",\"description\":\"\",\"potentialAction\":[{\"@type\":\"SearchAction\",\"target\":{\"@type\":\"EntryPoint\",\"urlTemplate\":\"https:\\\/\\\/www.scmtec.com\\\/?s={search_term_string}\"},\"query-input\":{\"@type\":\"PropertyValueSpecification\",\"valueRequired\":true,\"valueName\":\"search_term_string\"}}],\"inLanguage\":\"es\"}]}<\/script>\n<!-- \/ Yoast SEO plugin. -->","yoast_head_json":{"title":"MX-GIR Mezcladores - SCM Tecnologie","robots":{"index":"index","follow":"follow","max-snippet":"max-snippet:-1","max-image-preview":"max-image-preview:large","max-video-preview":"max-video-preview:-1"},"canonical":"https:\/\/www.scmtec.com\/es\/prodotto\/mx-gir-mezcladores\/","og_locale":"es_ES","og_type":"article","og_title":"MX-GIR Mezcladores - SCM Tecnologie","og_description":"Potencia: 3 \u00f7 18,5 kW  Velocidad de rotaci\u00f3n: 327\u00f7354 min-1  Ideados para la mezcla de aguas residuales con alto contenido de s\u00f3lidos y densidad variable, y para el tratamiento de purines, los mezcladores de baja velocidad de la serie MX-GIR se aplican con altos rendimientos incluso en instalaciones civiles de depuraci\u00f3n. Por ejemplo, cuando es necesario mantener en suspensi\u00f3n los s\u00f3lidos es oportuno emplear mezcladores con h\u00e9lices de grandes dimensiones y un n\u00famero bajo de revoluciones para optimizar el rendimiento. Los mezcladores MX-GIR son capaces de suministrar un par constante a la h\u00e9lice gracias al reductor, incluso en presencia de l\u00edquidos dif\u00edciles de mezclar. A petici\u00f3n, se puede suministrar una estructura especial de elevaci\u00f3n con un cabrestante manual y un sistema de orientaci\u00f3n para dirigir el flujo y evitar que se formen zonas muertas en el interior del dep\u00f3sito.  &nbsp;","og_url":"https:\/\/www.scmtec.com\/es\/prodotto\/mx-gir-mezcladores\/","og_site_name":"SCM Tecnologie","article_modified_time":"2022-11-30T14:24:28+00:00","og_image":[{"width":600,"height":600,"url":"https:\/\/i0.wp.com\/www.scmtec.com\/wp-content\/uploads\/2022\/05\/mx-gi-2.jpg?fit=600%2C600&ssl=1","type":"image\/jpeg"}],"twitter_card":"summary_large_image","schema":{"@context":"https:\/\/schema.org","@graph":[{"@type":"WebPage","@id":"https:\/\/www.scmtec.com\/es\/prodotto\/mx-gir-mezcladores\/","url":"https:\/\/www.scmtec.com\/es\/prodotto\/mx-gir-mezcladores\/","name":"MX-GIR Mezcladores - SCM Tecnologie","isPartOf":{"@id":"https:\/\/www.scmtec.com\/#website"},"primaryImageOfPage":{"@id":"https:\/\/www.scmtec.com\/es\/prodotto\/mx-gir-mezcladores\/#primaryimage"},"image":{"@id":"https:\/\/www.scmtec.com\/es\/prodotto\/mx-gir-mezcladores\/#primaryimage"},"thumbnailUrl":"https:\/\/i0.wp.com\/www.scmtec.com\/wp-content\/uploads\/2022\/05\/mx-gi-2.jpg?fit=600%2C600&ssl=1","datePublished":"2022-05-24T22:51:40+00:00","dateModified":"2022-11-30T14:24:28+00:00","breadcrumb":{"@id":"https:\/\/www.scmtec.com\/es\/prodotto\/mx-gir-mezcladores\/#breadcrumb"},"inLanguage":"es","potentialAction":[{"@type":"ReadAction","target":["https:\/\/www.scmtec.com\/es\/prodotto\/mx-gir-mezcladores\/"]}]},{"@type":"ImageObject","inLanguage":"es","@id":"https:\/\/www.scmtec.com\/es\/prodotto\/mx-gir-mezcladores\/#primaryimage","url":"https:\/\/i0.wp.com\/www.scmtec.com\/wp-content\/uploads\/2022\/05\/mx-gi-2.jpg?fit=600%2C600&ssl=1","contentUrl":"https:\/\/i0.wp.com\/www.scmtec.com\/wp-content\/uploads\/2022\/05\/mx-gi-2.jpg?fit=600%2C600&ssl=1","width":600,"height":600},{"@type":"BreadcrumbList","@id":"https:\/\/www.scmtec.com\/es\/prodotto\/mx-gir-mezcladores\/#breadcrumb","itemListElement":[{"@type":"ListItem","position":1,"name":"Home","item":"https:\/\/www.scmtec.com\/fr\/"},{"@type":"ListItem","position":2,"name":"I nostri prodotti","item":"https:\/\/www.scmtec.com\/es\/nuestros-productos\/"},{"@type":"ListItem","position":3,"name":"MX-GIR Mezcladores"}]},{"@type":"WebSite","@id":"https:\/\/www.scmtec.com\/#website","url":"https:\/\/www.scmtec.com\/","name":"SCM Tecnologie","description":"","potentialAction":[{"@type":"SearchAction","target":{"@type":"EntryPoint","urlTemplate":"https:\/\/www.scmtec.com\/?s={search_term_string}"},"query-input":{"@type":"PropertyValueSpecification","valueRequired":true,"valueName":"search_term_string"}}],"inLanguage":"es"}]}},"jetpack_sharing_enabled":true,"_links":{"self":[{"href":"https:\/\/www.scmtec.com\/es\/wp-json\/wp\/v2\/product\/12146","targetHints":{"allow":["GET"]}}],"collection":[{"href":"https:\/\/www.scmtec.com\/es\/wp-json\/wp\/v2\/product"}],"about":[{"href":"https:\/\/www.scmtec.com\/es\/wp-json\/wp\/v2\/types\/product"}],"wp:featuredmedia":[{"embeddable":true,"href":"https:\/\/www.scmtec.com\/es\/wp-json\/wp\/v2\/media\/11510"}],"wp:attachment":[{"href":"https:\/\/www.scmtec.com\/es\/wp-json\/wp\/v2\/media?parent=12146"}],"wp:term":[{"taxonomy":"product_brand","embeddable":true,"href":"https:\/\/www.scmtec.com\/es\/wp-json\/wp\/v2\/product_brand?post=12146"},{"taxonomy":"product_cat","embeddable":true,"href":"https:\/\/www.scmtec.com\/es\/wp-json\/wp\/v2\/product_cat?post=12146"},{"taxonomy":"product_tag","embeddable":true,"href":"https:\/\/www.scmtec.com\/es\/wp-json\/wp\/v2\/product_tag?post=12146"}],"curies":[{"name":"wp","href":"https:\/\/api.w.org\/{rel}","templated":true}]}}