{"id":12148,"date":"2021-06-01T10:19:41","date_gmt":"2021-06-01T10:19:41","guid":{"rendered":"https:\/\/www.scmtec.com\/prodotto\/acceleratori-di-flusso-af\/"},"modified":"2022-11-30T14:27:39","modified_gmt":"2022-11-30T14:27:39","slug":"af-aceleradores-de-flujo","status":"publish","type":"product","link":"https:\/\/www.scmtec.com\/es\/prodotto\/af-aceleradores-de-flujo\/","title":{"rendered":"AF Aceleradores de flujo"},"content":{"rendered":"","protected":false},"excerpt":{"rendered":"<ul>\n<li><strong>Potencia: 1,5 \u00f7 5,5 kW<\/strong><\/li>\n<li><strong>Velocidad de rotaci\u00f3n: 32\u00f734 min-1<\/strong><\/li>\n<\/ul>\n<p>Los aceleradores de flujo de la serie AF se emplean para el tratamiento de efluentes en dep\u00f3sitos de nitrificaci\u00f3n, desnitrificaci\u00f3n, tratamiento de fangos activos, desinfecci\u00f3n.<br \/>\nPueden utilizarse adem\u00e1s para mezclas industriales, en cubas de cloraci\u00f3n y en digestores de biog\u00e1s para homogeneizar e impedir la estratificaci\u00f3n del fango.<br \/>\nLa lenta rotaci\u00f3n de las palas, conseguida mediante la aplicaci\u00f3n de un reductor, hace que los aceleradores de flujo sean ideales para mezclar y recircular, produciendo corrientes y distribuyendo eficazmente el ox\u00edgeno proporcionado por los sistemas de aireaci\u00f3n.<\/p>\n<p>&nbsp;<\/p>\n[fc id='15' align='left'][\/fc]\n","protected":false},"featured_media":11492,"template":"","meta":{"_themeisle_gutenberg_block_has_review":false},"product_brand":[],"product_cat":[158,157],"product_tag":[],"class_list":{"0":"post-12148","1":"product","2":"type-product","3":"status-publish","4":"has-post-thumbnail","6":"product_cat-miscelazione-es","7":"product_cat-miscelatori-sommersi-con-riduttore-es","9":"first","10":"instock","11":"shipping-taxable","12":"product-type-simple"},"yoast_head":"<!-- This site is optimized with the Yoast SEO plugin v27.5 - https:\/\/yoast.com\/product\/yoast-seo-wordpress\/ -->\n<title>AF Aceleradores de flujo - SCM Tecnologie<\/title>\n<meta name=\"robots\" content=\"index, follow, max-snippet:-1, max-image-preview:large, max-video-preview:-1\" \/>\n<link rel=\"canonical\" href=\"https:\/\/www.scmtec.com\/es\/prodotto\/af-aceleradores-de-flujo\/\" \/>\n<meta property=\"og:locale\" content=\"es_ES\" \/>\n<meta property=\"og:type\" content=\"article\" \/>\n<meta property=\"og:title\" content=\"AF Aceleradores de flujo - SCM Tecnologie\" \/>\n<meta property=\"og:description\" content=\"Potencia: 1,5 \u00f7 5,5 kW  Velocidad de rotaci\u00f3n: 32\u00f734 min-1  Los aceleradores de flujo de la serie AF se emplean para el tratamiento de efluentes en dep\u00f3sitos de nitrificaci\u00f3n, desnitrificaci\u00f3n, tratamiento de fangos activos, desinfecci\u00f3n. Pueden utilizarse adem\u00e1s para mezclas industriales, en cubas de cloraci\u00f3n y en digestores de biog\u00e1s para homogeneizar e impedir la estratificaci\u00f3n del fango. La lenta rotaci\u00f3n de las palas, conseguida mediante la aplicaci\u00f3n de un reductor, hace que los aceleradores de flujo sean ideales para mezclar y recircular, produciendo corrientes y distribuyendo eficazmente el ox\u00edgeno proporcionado por los sistemas de aireaci\u00f3n.  &nbsp;\" \/>\n<meta property=\"og:url\" content=\"https:\/\/www.scmtec.com\/es\/prodotto\/af-aceleradores-de-flujo\/\" \/>\n<meta property=\"og:site_name\" content=\"SCM Tecnologie\" \/>\n<meta property=\"article:modified_time\" content=\"2022-11-30T14:27:39+00:00\" \/>\n<meta property=\"og:image\" content=\"https:\/\/i0.wp.com\/www.scmtec.com\/wp-content\/uploads\/2021\/06\/af.jpg?fit=600%2C600&ssl=1\" \/>\n\t<meta property=\"og:image:width\" content=\"600\" \/>\n\t<meta property=\"og:image:height\" content=\"600\" \/>\n\t<meta property=\"og:image:type\" content=\"image\/jpeg\" \/>\n<meta name=\"twitter:card\" content=\"summary_large_image\" \/>\n<script type=\"application\/ld+json\" class=\"yoast-schema-graph\">{\"@context\":\"https:\\\/\\\/schema.org\",\"@graph\":[{\"@type\":\"WebPage\",\"@id\":\"https:\\\/\\\/www.scmtec.com\\\/es\\\/prodotto\\\/af-aceleradores-de-flujo\\\/\",\"url\":\"https:\\\/\\\/www.scmtec.com\\\/es\\\/prodotto\\\/af-aceleradores-de-flujo\\\/\",\"name\":\"AF Aceleradores de flujo - SCM Tecnologie\",\"isPartOf\":{\"@id\":\"https:\\\/\\\/www.scmtec.com\\\/#website\"},\"primaryImageOfPage\":{\"@id\":\"https:\\\/\\\/www.scmtec.com\\\/es\\\/prodotto\\\/af-aceleradores-de-flujo\\\/#primaryimage\"},\"image\":{\"@id\":\"https:\\\/\\\/www.scmtec.com\\\/es\\\/prodotto\\\/af-aceleradores-de-flujo\\\/#primaryimage\"},\"thumbnailUrl\":\"https:\\\/\\\/i0.wp.com\\\/www.scmtec.com\\\/wp-content\\\/uploads\\\/2021\\\/06\\\/af.jpg?fit=600%2C600&ssl=1\",\"datePublished\":\"2021-06-01T10:19:41+00:00\",\"dateModified\":\"2022-11-30T14:27:39+00:00\",\"breadcrumb\":{\"@id\":\"https:\\\/\\\/www.scmtec.com\\\/es\\\/prodotto\\\/af-aceleradores-de-flujo\\\/#breadcrumb\"},\"inLanguage\":\"es\",\"potentialAction\":[{\"@type\":\"ReadAction\",\"target\":[\"https:\\\/\\\/www.scmtec.com\\\/es\\\/prodotto\\\/af-aceleradores-de-flujo\\\/\"]}]},{\"@type\":\"ImageObject\",\"inLanguage\":\"es\",\"@id\":\"https:\\\/\\\/www.scmtec.com\\\/es\\\/prodotto\\\/af-aceleradores-de-flujo\\\/#primaryimage\",\"url\":\"https:\\\/\\\/i0.wp.com\\\/www.scmtec.com\\\/wp-content\\\/uploads\\\/2021\\\/06\\\/af.jpg?fit=600%2C600&ssl=1\",\"contentUrl\":\"https:\\\/\\\/i0.wp.com\\\/www.scmtec.com\\\/wp-content\\\/uploads\\\/2021\\\/06\\\/af.jpg?fit=600%2C600&ssl=1\",\"width\":600,\"height\":600},{\"@type\":\"BreadcrumbList\",\"@id\":\"https:\\\/\\\/www.scmtec.com\\\/es\\\/prodotto\\\/af-aceleradores-de-flujo\\\/#breadcrumb\",\"itemListElement\":[{\"@type\":\"ListItem\",\"position\":1,\"name\":\"Home\",\"item\":\"https:\\\/\\\/www.scmtec.com\\\/fr\\\/\"},{\"@type\":\"ListItem\",\"position\":2,\"name\":\"I nostri prodotti\",\"item\":\"https:\\\/\\\/www.scmtec.com\\\/es\\\/nuestros-productos\\\/\"},{\"@type\":\"ListItem\",\"position\":3,\"name\":\"AF Aceleradores de flujo\"}]},{\"@type\":\"WebSite\",\"@id\":\"https:\\\/\\\/www.scmtec.com\\\/#website\",\"url\":\"https:\\\/\\\/www.scmtec.com\\\/\",\"name\":\"SCM Tecnologie\",\"description\":\"\",\"potentialAction\":[{\"@type\":\"SearchAction\",\"target\":{\"@type\":\"EntryPoint\",\"urlTemplate\":\"https:\\\/\\\/www.scmtec.com\\\/?s={search_term_string}\"},\"query-input\":{\"@type\":\"PropertyValueSpecification\",\"valueRequired\":true,\"valueName\":\"search_term_string\"}}],\"inLanguage\":\"es\"}]}<\/script>\n<!-- \/ Yoast SEO plugin. -->","yoast_head_json":{"title":"AF Aceleradores de flujo - SCM Tecnologie","robots":{"index":"index","follow":"follow","max-snippet":"max-snippet:-1","max-image-preview":"max-image-preview:large","max-video-preview":"max-video-preview:-1"},"canonical":"https:\/\/www.scmtec.com\/es\/prodotto\/af-aceleradores-de-flujo\/","og_locale":"es_ES","og_type":"article","og_title":"AF Aceleradores de flujo - SCM Tecnologie","og_description":"Potencia: 1,5 \u00f7 5,5 kW  Velocidad de rotaci\u00f3n: 32\u00f734 min-1  Los aceleradores de flujo de la serie AF se emplean para el tratamiento de efluentes en dep\u00f3sitos de nitrificaci\u00f3n, desnitrificaci\u00f3n, tratamiento de fangos activos, desinfecci\u00f3n. Pueden utilizarse adem\u00e1s para mezclas industriales, en cubas de cloraci\u00f3n y en digestores de biog\u00e1s para homogeneizar e impedir la estratificaci\u00f3n del fango. La lenta rotaci\u00f3n de las palas, conseguida mediante la aplicaci\u00f3n de un reductor, hace que los aceleradores de flujo sean ideales para mezclar y recircular, produciendo corrientes y distribuyendo eficazmente el ox\u00edgeno proporcionado por los sistemas de aireaci\u00f3n.  &nbsp;","og_url":"https:\/\/www.scmtec.com\/es\/prodotto\/af-aceleradores-de-flujo\/","og_site_name":"SCM Tecnologie","article_modified_time":"2022-11-30T14:27:39+00:00","og_image":[{"width":600,"height":600,"url":"https:\/\/i0.wp.com\/www.scmtec.com\/wp-content\/uploads\/2021\/06\/af.jpg?fit=600%2C600&ssl=1","type":"image\/jpeg"}],"twitter_card":"summary_large_image","schema":{"@context":"https:\/\/schema.org","@graph":[{"@type":"WebPage","@id":"https:\/\/www.scmtec.com\/es\/prodotto\/af-aceleradores-de-flujo\/","url":"https:\/\/www.scmtec.com\/es\/prodotto\/af-aceleradores-de-flujo\/","name":"AF Aceleradores de flujo - SCM Tecnologie","isPartOf":{"@id":"https:\/\/www.scmtec.com\/#website"},"primaryImageOfPage":{"@id":"https:\/\/www.scmtec.com\/es\/prodotto\/af-aceleradores-de-flujo\/#primaryimage"},"image":{"@id":"https:\/\/www.scmtec.com\/es\/prodotto\/af-aceleradores-de-flujo\/#primaryimage"},"thumbnailUrl":"https:\/\/i0.wp.com\/www.scmtec.com\/wp-content\/uploads\/2021\/06\/af.jpg?fit=600%2C600&ssl=1","datePublished":"2021-06-01T10:19:41+00:00","dateModified":"2022-11-30T14:27:39+00:00","breadcrumb":{"@id":"https:\/\/www.scmtec.com\/es\/prodotto\/af-aceleradores-de-flujo\/#breadcrumb"},"inLanguage":"es","potentialAction":[{"@type":"ReadAction","target":["https:\/\/www.scmtec.com\/es\/prodotto\/af-aceleradores-de-flujo\/"]}]},{"@type":"ImageObject","inLanguage":"es","@id":"https:\/\/www.scmtec.com\/es\/prodotto\/af-aceleradores-de-flujo\/#primaryimage","url":"https:\/\/i0.wp.com\/www.scmtec.com\/wp-content\/uploads\/2021\/06\/af.jpg?fit=600%2C600&ssl=1","contentUrl":"https:\/\/i0.wp.com\/www.scmtec.com\/wp-content\/uploads\/2021\/06\/af.jpg?fit=600%2C600&ssl=1","width":600,"height":600},{"@type":"BreadcrumbList","@id":"https:\/\/www.scmtec.com\/es\/prodotto\/af-aceleradores-de-flujo\/#breadcrumb","itemListElement":[{"@type":"ListItem","position":1,"name":"Home","item":"https:\/\/www.scmtec.com\/fr\/"},{"@type":"ListItem","position":2,"name":"I nostri prodotti","item":"https:\/\/www.scmtec.com\/es\/nuestros-productos\/"},{"@type":"ListItem","position":3,"name":"AF Aceleradores de flujo"}]},{"@type":"WebSite","@id":"https:\/\/www.scmtec.com\/#website","url":"https:\/\/www.scmtec.com\/","name":"SCM Tecnologie","description":"","potentialAction":[{"@type":"SearchAction","target":{"@type":"EntryPoint","urlTemplate":"https:\/\/www.scmtec.com\/?s={search_term_string}"},"query-input":{"@type":"PropertyValueSpecification","valueRequired":true,"valueName":"search_term_string"}}],"inLanguage":"es"}]}},"jetpack_sharing_enabled":true,"_links":{"self":[{"href":"https:\/\/www.scmtec.com\/es\/wp-json\/wp\/v2\/product\/12148","targetHints":{"allow":["GET"]}}],"collection":[{"href":"https:\/\/www.scmtec.com\/es\/wp-json\/wp\/v2\/product"}],"about":[{"href":"https:\/\/www.scmtec.com\/es\/wp-json\/wp\/v2\/types\/product"}],"wp:featuredmedia":[{"embeddable":true,"href":"https:\/\/www.scmtec.com\/es\/wp-json\/wp\/v2\/media\/11492"}],"wp:attachment":[{"href":"https:\/\/www.scmtec.com\/es\/wp-json\/wp\/v2\/media?parent=12148"}],"wp:term":[{"taxonomy":"product_brand","embeddable":true,"href":"https:\/\/www.scmtec.com\/es\/wp-json\/wp\/v2\/product_brand?post=12148"},{"taxonomy":"product_cat","embeddable":true,"href":"https:\/\/www.scmtec.com\/es\/wp-json\/wp\/v2\/product_cat?post=12148"},{"taxonomy":"product_tag","embeddable":true,"href":"https:\/\/www.scmtec.com\/es\/wp-json\/wp\/v2\/product_tag?post=12148"}],"curies":[{"name":"wp","href":"https:\/\/api.w.org\/{rel}","templated":true}]}}