{"id":11923,"date":"2021-06-07T10:16:16","date_gmt":"2021-06-07T10:16:16","guid":{"rendered":"https:\/\/www.scmtec.com\/chi-siamo-aereazione-miscelazione-di-liquidi\/"},"modified":"2022-12-27T15:28:57","modified_gmt":"2022-12-27T15:28:57","slug":"lentreprise-aereazione-miscelazione-di-liquidi","status":"publish","type":"page","link":"https:\/\/www.scmtec.com\/fr\/lentreprise-aereazione-miscelazione-di-liquidi\/","title":{"rendered":"L\u2019entreprise"},"content":{"rendered":"\t\t<div data-elementor-type=\"wp-page\" data-elementor-id=\"11923\" class=\"elementor elementor-11923 elementor-2804\">\n\t\t\t\t\t\t<section class=\"elementor-section elementor-top-section elementor-element elementor-element-943c5d4 elementor-section-full_width qodef-elementor-content-grid elementor-section-height-default elementor-section-height-default qodef-vertical-text-holder-no\" data-id=\"943c5d4\" data-element_type=\"section\" data-settings=\"{&quot;background_background&quot;:&quot;classic&quot;}\">\n\t\t\t\t\t\t<div class=\"elementor-container elementor-column-gap-default\">\n\t\t\t\t\t<div class=\"elementor-column elementor-col-100 elementor-top-column elementor-element elementor-element-565f766\" data-id=\"565f766\" data-element_type=\"column\">\n\t\t\t<div class=\"elementor-widget-wrap elementor-element-populated\">\n\t\t\t\t\t\t<section class=\"elementor-section elementor-inner-section elementor-element elementor-element-d8a67f1 elementor-section-full_width elementor-section-height-default elementor-section-height-default qodef-elementor-content-no qodef-vertical-text-holder-no\" data-id=\"d8a67f1\" data-element_type=\"section\">\n\t\t\t\t\t\t<div class=\"elementor-container elementor-column-gap-default\">\n\t\t\t\t\t<div class=\"elementor-column elementor-col-100 elementor-inner-column elementor-element elementor-element-0736530\" data-id=\"0736530\" data-element_type=\"column\">\n\t\t\t<div class=\"elementor-widget-wrap\">\n\t\t\t\t\t\t\t<\/div>\n\t\t<\/div>\n\t\t\t\t\t<\/div>\n\t\t<\/section>\n\t\t\t\t<section class=\"elementor-section elementor-inner-section elementor-element elementor-element-e51ea6d elementor-section-full_width elementor-section-height-default elementor-section-height-default qodef-elementor-content-no qodef-vertical-text-holder-no\" data-id=\"e51ea6d\" data-element_type=\"section\">\n\t\t\t\t\t\t<div class=\"elementor-container elementor-column-gap-default\">\n\t\t\t\t\t<div class=\"elementor-column elementor-col-100 elementor-inner-column elementor-element elementor-element-f9c35eb\" data-id=\"f9c35eb\" data-element_type=\"column\">\n\t\t\t<div class=\"elementor-widget-wrap elementor-element-populated\">\n\t\t\t\t\t\t<div class=\"elementor-element elementor-element-5042629 elementor-widget elementor-widget-text-editor\" data-id=\"5042629\" data-element_type=\"widget\" data-widget_type=\"text-editor.default\">\n\t\t\t\t<div class=\"elementor-widget-container\">\n\t\t\t\t\t\t\t\t\t<strong>S.C.M. Tecnologie est n\u00e9e de l\u2019id\u00e9e de produire des \u00e9quipements d\u2019assainissement de qualit\u00e9 et \u00e0 prix comp\u00e9titifs.<\/strong>\t\t\t\t\t\t\t\t<\/div>\n\t\t\t\t<\/div>\n\t\t\t\t<div class=\"elementor-element elementor-element-d36f66f elementor-widget elementor-widget-text-editor\" data-id=\"d36f66f\" data-element_type=\"widget\" data-widget_type=\"text-editor.default\">\n\t\t\t\t<div class=\"elementor-widget-container\">\n\t\t\t\t\t\t\t\t\t<p>Nous concevons et r\u00e9alisons depuis toujours des <strong>syst\u00e8mes d\u2019a\u00e9ration<\/strong>, des <strong>m\u00e9langeurs<\/strong> et des <strong>pompes<\/strong>.<br \/>Les produits S.C.M. sont un gage de <strong>qualit\u00e9<\/strong>, de <strong>solidit\u00e9<\/strong> et de fiabilit\u00e9.<\/p>\t\t\t\t\t\t\t\t<\/div>\n\t\t\t\t<\/div>\n\t\t\t\t<div class=\"elementor-element elementor-element-8ea3401 elementor-widget elementor-widget-text-editor\" data-id=\"8ea3401\" data-element_type=\"widget\" data-widget_type=\"text-editor.default\">\n\t\t\t\t<div class=\"elementor-widget-container\">\n\t\t\t\t\t\t\t\t\t<p>Nous ne nous limitons cependant pas \u00e0 fournir des produits, car nous savons pertinemment que les produits et syst\u00e8mes doivent \u00eatre soigneusement s\u00e9lectionn\u00e9s et dimensionn\u00e9s pour que les processus de traitement puissent g\u00e9n\u00e9rer des r\u00e9sultats optimaux.<\/p><p>C\u2019est pourquoi nous assistons le client en commen\u00e7ant par analyser ses besoins et les donn\u00e9es de projet. Nous l\u2019appuyons ensuite lors des phases d\u2019installation et d\u2019utilisation puis demeurons un contact de r\u00e9f\u00e9rence pour le service apr\u00e8s-vente, la fourniture de pi\u00e8ces de rechange ainsi que les services de r\u00e9paration.<br \/>Nos produits sont en \u00e9volution constante gr\u00e2ce \u00e0 notre service interne de <strong>conception<\/strong>, de <strong>recherche<\/strong> et de <strong>d\u00e9veloppement<\/strong> afin de toujours \u00eatre conformes aux nouvelles exigences et d\u2019\u00eatre encore plus \u00e9cologiques, gr\u00e2ce aux mat\u00e9riaux employ\u00e9s, \u00e0 leur <strong>efficacit\u00e9<\/strong> et \u00e0 la r\u00e9duction des consommations.<\/p><p>Nous mettons l\u2019accent sur tout ce qui a trait \u00e0 l\u2019entretien: nous fournissons les <strong>pi\u00e8ces de rechange<\/strong> et nous occupons des <strong>r\u00e9parations<\/strong> dans l\u2019objectif d\u2019exploiter au maximum les \u00e9quipements avant de devoir les d\u00e9manteler.<\/p>\t\t\t\t\t\t\t\t<\/div>\n\t\t\t\t<\/div>\n\t\t\t\t\t<\/div>\n\t\t<\/div>\n\t\t\t\t\t<\/div>\n\t\t<\/section>\n\t\t\t\t<section class=\"elementor-section elementor-inner-section elementor-element elementor-element-644d54a elementor-section-full_width elementor-section-height-default elementor-section-height-default qodef-elementor-content-no qodef-vertical-text-holder-no\" data-id=\"644d54a\" data-element_type=\"section\">\n\t\t\t\t\t\t<div class=\"elementor-container elementor-column-gap-default\">\n\t\t\t\t\t<div class=\"elementor-column elementor-col-100 elementor-inner-column elementor-element elementor-element-b5ba618\" data-id=\"b5ba618\" data-element_type=\"column\">\n\t\t\t<div class=\"elementor-widget-wrap elementor-element-populated\">\n\t\t\t\t\t\t<div class=\"elementor-element elementor-element-3248900 elementor-icon-list--layout-traditional elementor-list-item-link-full_width elementor-widget elementor-widget-icon-list\" data-id=\"3248900\" data-element_type=\"widget\" data-widget_type=\"icon-list.default\">\n\t\t\t\t<div class=\"elementor-widget-container\">\n\t\t\t\t\t\t\t<ul class=\"elementor-icon-list-items\">\n\t\t\t\t\t\t\t<li class=\"elementor-icon-list-item\">\n\t\t\t\t\t\t\t\t\t\t\t<a href=\"https:\/\/www.scmtec.com\/fr\/nous-contacter\/\">\n\n\t\t\t\t\t\t\t\t\t\t\t\t<span class=\"elementor-icon-list-icon\">\n\t\t\t\t\t\t\t<i aria-hidden=\"true\" class=\"fas fa-long-arrow-alt-right\"><\/i>\t\t\t\t\t\t<\/span>\n\t\t\t\t\t\t\t\t\t\t<span class=\"elementor-icon-list-text\">Contactez-nous pour recevoir un devis ou de la documentation technique !<\/span>\n\t\t\t\t\t\t\t\t\t\t\t<\/a>\n\t\t\t\t\t\t\t\t\t<\/li>\n\t\t\t\t\t\t<\/ul>\n\t\t\t\t\t\t<\/div>\n\t\t\t\t<\/div>\n\t\t\t\t\t<\/div>\n\t\t<\/div>\n\t\t\t\t\t<\/div>\n\t\t<\/section>\n\t\t\t\t\t<\/div>\n\t\t<\/div>\n\t\t\t\t\t<\/div>\n\t\t<\/section>\n\t\t\t\t<section class=\"elementor-section elementor-top-section elementor-element elementor-element-d4eac05 elementor-section-full_width qodef-elementor-content-grid qodef-extended-grid qodef-extended-grid--left-even-cols qodef-vertical-text-holder-yes elementor-section-height-default elementor-section-height-default\" data-id=\"d4eac05\" data-element_type=\"section\" data-settings=\"{&quot;background_background&quot;:&quot;classic&quot;}\">\n\t\t\t\t\t\t<div class=\"elementor-container elementor-column-gap-default\">\n\t\t\t\t\t<div class=\"elementor-column elementor-col-50 elementor-top-column elementor-element elementor-element-d225a17\" data-id=\"d225a17\" data-element_type=\"column\">\n\t\t\t<div class=\"elementor-widget-wrap elementor-element-populated\">\n\t\t\t\t\t\t<div class=\"elementor-element elementor-element-7652c4e elementor-widget elementor-widget-biotellus_core_single_image\" data-id=\"7652c4e\" data-element_type=\"widget\" data-widget_type=\"biotellus_core_single_image.default\">\n\t\t\t\t<div class=\"elementor-widget-container\">\n\t\t\t\t\t<div class=\"qodef-shortcode qodef-m  qodef-single-image qodef-layout--default \" data-viewport-offset=\"0.3\">\n\t<div class=\"qodef-m-image\">\n\t\t\t<img fetchpriority=\"high\" decoding=\"async\" width=\"1100\" height=\"894\" src=\"https:\/\/i0.wp.com\/www.scmtec.com\/wp-content\/uploads\/2022\/06\/scm-chi-siamo-tecnologie-impianti-mantova.jpg?fit=1100%2C894&amp;ssl=1\" class=\"attachment-full size-full\" alt=\"\" srcset=\"https:\/\/i0.wp.com\/www.scmtec.com\/wp-content\/uploads\/2022\/06\/scm-chi-siamo-tecnologie-impianti-mantova.jpg?w=1100&amp;ssl=1 1100w, https:\/\/i0.wp.com\/www.scmtec.com\/wp-content\/uploads\/2022\/06\/scm-chi-siamo-tecnologie-impianti-mantova.jpg?resize=300%2C244&amp;ssl=1 300w, https:\/\/i0.wp.com\/www.scmtec.com\/wp-content\/uploads\/2022\/06\/scm-chi-siamo-tecnologie-impianti-mantova.jpg?resize=1024%2C832&amp;ssl=1 1024w, https:\/\/i0.wp.com\/www.scmtec.com\/wp-content\/uploads\/2022\/06\/scm-chi-siamo-tecnologie-impianti-mantova.jpg?resize=768%2C624&amp;ssl=1 768w, https:\/\/i0.wp.com\/www.scmtec.com\/wp-content\/uploads\/2022\/06\/scm-chi-siamo-tecnologie-impianti-mantova.jpg?resize=600%2C488&amp;ssl=1 600w\" sizes=\"(max-width: 1100px) 100vw, 1100px\" \/>\t<\/div>\n<\/div>\n\t\t\t\t<\/div>\n\t\t\t\t<\/div>\n\t\t\t\t\t<\/div>\n\t\t<\/div>\n\t\t\t\t<div class=\"elementor-column elementor-col-50 elementor-top-column elementor-element elementor-element-dcda7af\" data-id=\"dcda7af\" data-element_type=\"column\">\n\t\t\t<div class=\"elementor-widget-wrap elementor-element-populated\">\n\t\t\t\t\t\t<section class=\"elementor-section elementor-inner-section elementor-element elementor-element-3dc4972 elementor-section-full_width elementor-section-height-default elementor-section-height-default qodef-elementor-content-no qodef-vertical-text-holder-no\" data-id=\"3dc4972\" data-element_type=\"section\">\n\t\t\t\t\t\t<div class=\"elementor-container elementor-column-gap-default\">\n\t\t\t\t\t<div class=\"elementor-column elementor-col-50 elementor-inner-column elementor-element elementor-element-4529694\" data-id=\"4529694\" data-element_type=\"column\">\n\t\t\t<div class=\"elementor-widget-wrap elementor-element-populated\">\n\t\t\t\t\t\t<div class=\"elementor-element elementor-element-ea58672 elementor-widget elementor-widget-biotellus_core_progress_bar\" data-id=\"ea58672\" data-element_type=\"widget\" data-widget_type=\"biotellus_core_progress_bar.default\">\n\t\t\t\t<div class=\"elementor-widget-container\">\n\t\t\t\t\t<div class=\"qodef-shortcode qodef-m  qodef-progress-bar qodef-layout--circle\"  data-layout=\"circle\" data-active-line-color=\"#f8bc26\" data-active-line-width=\"3\" data-inactive-line-color=\"#e4e4e4\" data-inactive-line-width=\"1\"  data-number=\"65\" data-text-color=\"#000\">\n\t<div class=\"qodef-m-inner\">\n\t\t<div class=\"qodef-m-canvas\" style=\"padding: 0 52px\">\n\t\t\t\t\t<\/div>\n\t\t\t\t<h5\t\tclass=\"qodef-m-title\" style=\"margin-top: 25px\"\t\t>Technologie<\/h5>\n\t\n\t\t\t<p class=\"qodef-m-text\">Un r\u00f4le central dans notre secteur.<\/p>\n\t\t\t<\/div>\n<\/div>\t\t\t\t<\/div>\n\t\t\t\t<\/div>\n\t\t\t\t\t<\/div>\n\t\t<\/div>\n\t\t\t\t<div class=\"elementor-column elementor-col-50 elementor-inner-column elementor-element elementor-element-54a3fff\" data-id=\"54a3fff\" data-element_type=\"column\">\n\t\t\t<div class=\"elementor-widget-wrap elementor-element-populated\">\n\t\t\t\t\t\t<div class=\"elementor-element elementor-element-427195f elementor-widget elementor-widget-biotellus_core_progress_bar\" data-id=\"427195f\" data-element_type=\"widget\" data-widget_type=\"biotellus_core_progress_bar.default\">\n\t\t\t\t<div class=\"elementor-widget-container\">\n\t\t\t\t\t<div class=\"qodef-shortcode qodef-m  qodef-progress-bar qodef-layout--circle\"  data-layout=\"circle\" data-active-line-color=\"#f8bc26\" data-active-line-width=\"3\" data-inactive-line-color=\"#e4e4e4\" data-inactive-line-width=\"1\"  data-number=\"87\" data-text-color=\"#000\">\n\t<div class=\"qodef-m-inner\">\n\t\t<div class=\"qodef-m-canvas\" style=\"padding: 0 52px\">\n\t\t\t\t\t<\/div>\n\t\t\t\t<h5\t\tclass=\"qodef-m-title\" style=\"margin-top: 25px\"\t\t>Exp\u00e9rience<\/h5>\n\t\n\t\t\t<p class=\"qodef-m-text\">Nous disposons d\u2019une \u00e9quipe ultra qualifi\u00e9e.<\/p>\n\t\t\t<\/div>\n<\/div>\t\t\t\t<\/div>\n\t\t\t\t<\/div>\n\t\t\t\t\t<\/div>\n\t\t<\/div>\n\t\t\t\t\t<\/div>\n\t\t<\/section>\n\t\t\t\t<section class=\"elementor-section elementor-inner-section elementor-element elementor-element-3cae3a5 elementor-section-full_width elementor-section-height-default elementor-section-height-default qodef-elementor-content-no qodef-vertical-text-holder-no\" data-id=\"3cae3a5\" data-element_type=\"section\">\n\t\t\t\t\t\t<div class=\"elementor-container elementor-column-gap-default\">\n\t\t\t\t\t<div class=\"elementor-column elementor-col-50 elementor-inner-column elementor-element elementor-element-ac92ada\" data-id=\"ac92ada\" data-element_type=\"column\">\n\t\t\t<div class=\"elementor-widget-wrap elementor-element-populated\">\n\t\t\t\t\t\t<div class=\"elementor-element elementor-element-28e91d7 elementor-widget elementor-widget-biotellus_core_progress_bar\" data-id=\"28e91d7\" data-element_type=\"widget\" data-widget_type=\"biotellus_core_progress_bar.default\">\n\t\t\t\t<div class=\"elementor-widget-container\">\n\t\t\t\t\t<div class=\"qodef-shortcode qodef-m  qodef-progress-bar qodef-layout--circle\"  data-layout=\"circle\" data-active-line-color=\"#f8bc26\" data-active-line-width=\"3\" data-inactive-line-color=\"#e4e4e4\" data-inactive-line-width=\"1\"  data-number=\"93\" data-text-color=\"#000\">\n\t<div class=\"qodef-m-inner\">\n\t\t<div class=\"qodef-m-canvas\" style=\"padding: 0 52px\">\n\t\t\t\t\t<\/div>\n\t\t\t\t<h5\t\tclass=\"qodef-m-title\" style=\"margin-top: 25px\"\t\t>Fiabilit\u00e9<\/h5>\n\t\n\t\t\t<p class=\"qodef-m-text\">Nous sommes pr\u00e9sents depuis plus de 30 ans sur le march\u00e9 italien et international.<\/p>\n\t\t\t<\/div>\n<\/div>\t\t\t\t<\/div>\n\t\t\t\t<\/div>\n\t\t\t\t<div class=\"elementor-element elementor-element-9cc82cd elementor-widget elementor-widget-spacer\" data-id=\"9cc82cd\" data-element_type=\"widget\" data-widget_type=\"spacer.default\">\n\t\t\t\t<div class=\"elementor-widget-container\">\n\t\t\t\t\t\t\t<div class=\"elementor-spacer\">\n\t\t\t<div class=\"elementor-spacer-inner\"><\/div>\n\t\t<\/div>\n\t\t\t\t\t\t<\/div>\n\t\t\t\t<\/div>\n\t\t\t\t\t<\/div>\n\t\t<\/div>\n\t\t\t\t<div class=\"elementor-column elementor-col-50 elementor-inner-column elementor-element elementor-element-92cad62\" data-id=\"92cad62\" data-element_type=\"column\">\n\t\t\t<div class=\"elementor-widget-wrap elementor-element-populated\">\n\t\t\t\t\t\t<div class=\"elementor-element elementor-element-e7ad70b elementor-widget elementor-widget-biotellus_core_progress_bar\" data-id=\"e7ad70b\" data-element_type=\"widget\" data-widget_type=\"biotellus_core_progress_bar.default\">\n\t\t\t\t<div class=\"elementor-widget-container\">\n\t\t\t\t\t<div class=\"qodef-shortcode qodef-m  qodef-progress-bar qodef-layout--circle\"  data-layout=\"circle\" data-active-line-color=\"#f8bc26\" data-active-line-width=\"3\" data-inactive-line-color=\"#e4e4e4\" data-inactive-line-width=\"1\"  data-number=\"71\" data-text-color=\"#000\">\n\t<div class=\"qodef-m-inner\">\n\t\t<div class=\"qodef-m-canvas\" style=\"padding: 0 52px\">\n\t\t\t\t\t<\/div>\n\t\t\t\t<h5\t\tclass=\"qodef-m-title\" style=\"margin-top: 25px\"\t\t>Assistance<\/h5>\n\t\n\t\t\t<p class=\"qodef-m-text\">Faites confiance \u00e0 S.C.M. pour b\u00e9n\u00e9ficier des services et de l\u2019assistance dont vous avez besoin.<\/p>\n\t\t\t<\/div>\n<\/div>\t\t\t\t<\/div>\n\t\t\t\t<\/div>\n\t\t\t\t\t<\/div>\n\t\t<\/div>\n\t\t\t\t\t<\/div>\n\t\t<\/section>\n\t\t\t\t\t<\/div>\n\t\t<\/div>\n\t\t\t\t\t<\/div>\n\t\t<\/section>\n\t\t\t\t<\/div>\n\t\t","protected":false},"excerpt":{"rendered":"<p>S.C.M. Tecnologie est n\u00e9e de l\u2019id\u00e9e de produire des \u00e9quipements d\u2019assainissement de qualit\u00e9 et \u00e0 prix comp\u00e9titifs. Nous concevons et r\u00e9alisons depuis toujours des syst\u00e8mes d\u2019a\u00e9ration, des m\u00e9langeurs et des pompes.Les produits S.C.M. sont un gage de qualit\u00e9, de solidit\u00e9 et de fiabilit\u00e9. Nous ne nous limitons cependant pas \u00e0 fournir des produits, car nous [&hellip;]<\/p>\n","protected":false},"author":1,"featured_media":0,"parent":0,"menu_order":0,"comment_status":"closed","ping_status":"closed","template":"page-full-width.php","meta":{"_themeisle_gutenberg_block_has_review":false,"footnotes":""},"class_list":["post-11923","page","type-page","status-publish","hentry"],"yoast_head":"<!-- This site is optimized with the Yoast SEO plugin v24.7 - https:\/\/yoast.com\/wordpress\/plugins\/seo\/ -->\n<title>L\u2019entreprise - SCM Tecnologie<\/title>\n<meta name=\"robots\" content=\"index, follow, max-snippet:-1, max-image-preview:large, max-video-preview:-1\" \/>\n<link rel=\"canonical\" href=\"https:\/\/www.scmtec.com\/fr\/lentreprise-aereazione-miscelazione-di-liquidi\/\" \/>\n<meta property=\"og:locale\" content=\"fr_FR\" \/>\n<meta property=\"og:type\" content=\"article\" \/>\n<meta property=\"og:title\" content=\"L\u2019entreprise - SCM Tecnologie\" \/>\n<meta property=\"og:description\" content=\"S.C.M. Tecnologie est n\u00e9e de l\u2019id\u00e9e de produire des \u00e9quipements d\u2019assainissement de qualit\u00e9 et \u00e0 prix comp\u00e9titifs. Nous concevons et r\u00e9alisons depuis toujours des syst\u00e8mes d\u2019a\u00e9ration, des m\u00e9langeurs et des pompes.Les produits S.C.M. sont un gage de qualit\u00e9, de solidit\u00e9 et de fiabilit\u00e9. Nous ne nous limitons cependant pas \u00e0 fournir des produits, car nous [&hellip;]\" \/>\n<meta property=\"og:url\" content=\"https:\/\/www.scmtec.com\/fr\/lentreprise-aereazione-miscelazione-di-liquidi\/\" \/>\n<meta property=\"og:site_name\" content=\"SCM Tecnologie\" \/>\n<meta property=\"article:modified_time\" content=\"2022-12-27T15:28:57+00:00\" \/>\n<meta property=\"og:image\" content=\"https:\/\/www.scmtec.com\/wp-content\/uploads\/2022\/06\/scm-chi-siamo-tecnologie-impianti-mantova.jpg\" \/>\n<meta name=\"twitter:card\" content=\"summary_large_image\" \/>\n<meta name=\"twitter:label1\" content=\"Dur\u00e9e de lecture estim\u00e9e\" \/>\n\t<meta name=\"twitter:data1\" content=\"2 minutes\" \/>\n<script type=\"application\/ld+json\" class=\"yoast-schema-graph\">{\"@context\":\"https:\/\/schema.org\",\"@graph\":[{\"@type\":\"WebPage\",\"@id\":\"https:\/\/www.scmtec.com\/fr\/lentreprise-aereazione-miscelazione-di-liquidi\/\",\"url\":\"https:\/\/www.scmtec.com\/fr\/lentreprise-aereazione-miscelazione-di-liquidi\/\",\"name\":\"L\u2019entreprise - SCM Tecnologie\",\"isPartOf\":{\"@id\":\"https:\/\/www.scmtec.com\/#website\"},\"primaryImageOfPage\":{\"@id\":\"https:\/\/www.scmtec.com\/fr\/lentreprise-aereazione-miscelazione-di-liquidi\/#primaryimage\"},\"image\":{\"@id\":\"https:\/\/www.scmtec.com\/fr\/lentreprise-aereazione-miscelazione-di-liquidi\/#primaryimage\"},\"thumbnailUrl\":\"https:\/\/www.scmtec.com\/wp-content\/uploads\/2022\/06\/scm-chi-siamo-tecnologie-impianti-mantova.jpg\",\"datePublished\":\"2021-06-07T10:16:16+00:00\",\"dateModified\":\"2022-12-27T15:28:57+00:00\",\"breadcrumb\":{\"@id\":\"https:\/\/www.scmtec.com\/fr\/lentreprise-aereazione-miscelazione-di-liquidi\/#breadcrumb\"},\"inLanguage\":\"fr-FR\",\"potentialAction\":[{\"@type\":\"ReadAction\",\"target\":[\"https:\/\/www.scmtec.com\/fr\/lentreprise-aereazione-miscelazione-di-liquidi\/\"]}]},{\"@type\":\"ImageObject\",\"inLanguage\":\"fr-FR\",\"@id\":\"https:\/\/www.scmtec.com\/fr\/lentreprise-aereazione-miscelazione-di-liquidi\/#primaryimage\",\"url\":\"https:\/\/www.scmtec.com\/wp-content\/uploads\/2022\/06\/scm-chi-siamo-tecnologie-impianti-mantova.jpg\",\"contentUrl\":\"https:\/\/www.scmtec.com\/wp-content\/uploads\/2022\/06\/scm-chi-siamo-tecnologie-impianti-mantova.jpg\"},{\"@type\":\"BreadcrumbList\",\"@id\":\"https:\/\/www.scmtec.com\/fr\/lentreprise-aereazione-miscelazione-di-liquidi\/#breadcrumb\",\"itemListElement\":[{\"@type\":\"ListItem\",\"position\":1,\"name\":\"Home\",\"item\":\"https:\/\/www.scmtec.com\/fr\/\"},{\"@type\":\"ListItem\",\"position\":2,\"name\":\"L\u2019entreprise\"}]},{\"@type\":\"WebSite\",\"@id\":\"https:\/\/www.scmtec.com\/#website\",\"url\":\"https:\/\/www.scmtec.com\/\",\"name\":\"SCM Tecnologie\",\"description\":\"\",\"potentialAction\":[{\"@type\":\"SearchAction\",\"target\":{\"@type\":\"EntryPoint\",\"urlTemplate\":\"https:\/\/www.scmtec.com\/?s={search_term_string}\"},\"query-input\":{\"@type\":\"PropertyValueSpecification\",\"valueRequired\":true,\"valueName\":\"search_term_string\"}}],\"inLanguage\":\"fr-FR\"}]}<\/script>\n<!-- \/ Yoast SEO plugin. -->","yoast_head_json":{"title":"L\u2019entreprise - SCM Tecnologie","robots":{"index":"index","follow":"follow","max-snippet":"max-snippet:-1","max-image-preview":"max-image-preview:large","max-video-preview":"max-video-preview:-1"},"canonical":"https:\/\/www.scmtec.com\/fr\/lentreprise-aereazione-miscelazione-di-liquidi\/","og_locale":"fr_FR","og_type":"article","og_title":"L\u2019entreprise - SCM Tecnologie","og_description":"S.C.M. Tecnologie est n\u00e9e de l\u2019id\u00e9e de produire des \u00e9quipements d\u2019assainissement de qualit\u00e9 et \u00e0 prix comp\u00e9titifs. Nous concevons et r\u00e9alisons depuis toujours des syst\u00e8mes d\u2019a\u00e9ration, des m\u00e9langeurs et des pompes.Les produits S.C.M. sont un gage de qualit\u00e9, de solidit\u00e9 et de fiabilit\u00e9. Nous ne nous limitons cependant pas \u00e0 fournir des produits, car nous [&hellip;]","og_url":"https:\/\/www.scmtec.com\/fr\/lentreprise-aereazione-miscelazione-di-liquidi\/","og_site_name":"SCM Tecnologie","article_modified_time":"2022-12-27T15:28:57+00:00","og_image":[{"url":"https:\/\/www.scmtec.com\/wp-content\/uploads\/2022\/06\/scm-chi-siamo-tecnologie-impianti-mantova.jpg","type":"","width":"","height":""}],"twitter_card":"summary_large_image","twitter_misc":{"Dur\u00e9e de lecture estim\u00e9e":"2 minutes"},"schema":{"@context":"https:\/\/schema.org","@graph":[{"@type":"WebPage","@id":"https:\/\/www.scmtec.com\/fr\/lentreprise-aereazione-miscelazione-di-liquidi\/","url":"https:\/\/www.scmtec.com\/fr\/lentreprise-aereazione-miscelazione-di-liquidi\/","name":"L\u2019entreprise - SCM Tecnologie","isPartOf":{"@id":"https:\/\/www.scmtec.com\/#website"},"primaryImageOfPage":{"@id":"https:\/\/www.scmtec.com\/fr\/lentreprise-aereazione-miscelazione-di-liquidi\/#primaryimage"},"image":{"@id":"https:\/\/www.scmtec.com\/fr\/lentreprise-aereazione-miscelazione-di-liquidi\/#primaryimage"},"thumbnailUrl":"https:\/\/www.scmtec.com\/wp-content\/uploads\/2022\/06\/scm-chi-siamo-tecnologie-impianti-mantova.jpg","datePublished":"2021-06-07T10:16:16+00:00","dateModified":"2022-12-27T15:28:57+00:00","breadcrumb":{"@id":"https:\/\/www.scmtec.com\/fr\/lentreprise-aereazione-miscelazione-di-liquidi\/#breadcrumb"},"inLanguage":"fr-FR","potentialAction":[{"@type":"ReadAction","target":["https:\/\/www.scmtec.com\/fr\/lentreprise-aereazione-miscelazione-di-liquidi\/"]}]},{"@type":"ImageObject","inLanguage":"fr-FR","@id":"https:\/\/www.scmtec.com\/fr\/lentreprise-aereazione-miscelazione-di-liquidi\/#primaryimage","url":"https:\/\/www.scmtec.com\/wp-content\/uploads\/2022\/06\/scm-chi-siamo-tecnologie-impianti-mantova.jpg","contentUrl":"https:\/\/www.scmtec.com\/wp-content\/uploads\/2022\/06\/scm-chi-siamo-tecnologie-impianti-mantova.jpg"},{"@type":"BreadcrumbList","@id":"https:\/\/www.scmtec.com\/fr\/lentreprise-aereazione-miscelazione-di-liquidi\/#breadcrumb","itemListElement":[{"@type":"ListItem","position":1,"name":"Home","item":"https:\/\/www.scmtec.com\/fr\/"},{"@type":"ListItem","position":2,"name":"L\u2019entreprise"}]},{"@type":"WebSite","@id":"https:\/\/www.scmtec.com\/#website","url":"https:\/\/www.scmtec.com\/","name":"SCM Tecnologie","description":"","potentialAction":[{"@type":"SearchAction","target":{"@type":"EntryPoint","urlTemplate":"https:\/\/www.scmtec.com\/?s={search_term_string}"},"query-input":{"@type":"PropertyValueSpecification","valueRequired":true,"valueName":"search_term_string"}}],"inLanguage":"fr-FR"}]}},"jetpack_sharing_enabled":true,"_links":{"self":[{"href":"https:\/\/www.scmtec.com\/fr\/wp-json\/wp\/v2\/pages\/11923","targetHints":{"allow":["GET"]}}],"collection":[{"href":"https:\/\/www.scmtec.com\/fr\/wp-json\/wp\/v2\/pages"}],"about":[{"href":"https:\/\/www.scmtec.com\/fr\/wp-json\/wp\/v2\/types\/page"}],"author":[{"embeddable":true,"href":"https:\/\/www.scmtec.com\/fr\/wp-json\/wp\/v2\/users\/1"}],"replies":[{"embeddable":true,"href":"https:\/\/www.scmtec.com\/fr\/wp-json\/wp\/v2\/comments?post=11923"}],"version-history":[{"count":0,"href":"https:\/\/www.scmtec.com\/fr\/wp-json\/wp\/v2\/pages\/11923\/revisions"}],"wp:attachment":[{"href":"https:\/\/www.scmtec.com\/fr\/wp-json\/wp\/v2\/media?parent=11923"}],"curies":[{"name":"wp","href":"https:\/\/api.w.org\/{rel}","templated":true}]}}