{"id":11970,"date":"2021-06-10T09:01:48","date_gmt":"2021-06-10T09:01:48","guid":{"rendered":"https:\/\/www.scmtec.com\/prodotti-scm-tecnologie-mantova\/"},"modified":"2022-12-27T15:32:50","modified_gmt":"2022-12-27T15:32:50","slug":"produits-scm-tecnologie-mantova","status":"publish","type":"page","link":"https:\/\/www.scmtec.com\/fr\/produits-scm-tecnologie-mantova\/","title":{"rendered":"Produits"},"content":{"rendered":"\t\t<div data-elementor-type=\"wp-page\" data-elementor-id=\"11970\" class=\"elementor elementor-11970 elementor-4077\">\n\t\t\t\t\t\t<section class=\"elementor-section elementor-top-section elementor-element elementor-element-6561a9f elementor-section-full_width elementor-section-height-default elementor-section-height-default qodef-elementor-content-no qodef-vertical-text-holder-no\" data-id=\"6561a9f\" data-element_type=\"section\">\n\t\t\t\t\t\t<div class=\"elementor-container elementor-column-gap-default\">\n\t\t\t\t\t<div class=\"elementor-column elementor-col-50 elementor-top-column elementor-element elementor-element-060e7b3\" data-id=\"060e7b3\" data-element_type=\"column\">\n\t\t\t<div class=\"elementor-widget-wrap elementor-element-populated\">\n\t\t\t\t\t\t<div class=\"elementor-element elementor-element-4f3bef1 elementor-widget elementor-widget-biotellus_core_section_title\" data-id=\"4f3bef1\" data-element_type=\"widget\" data-widget_type=\"biotellus_core_section_title.default\">\n\t\t\t\t<div class=\"elementor-widget-container\">\n\t\t\t\t\t<div class=\"qodef-shortcode qodef-m  qodef-section-title qodef-alignment--left qodef-title-break--disabled  \">\n    <div class=\"qodef-title-wrapper\">\n        \t<p class=\"qodef-m-subtitle\" >\n        Produits pour    <\/p>\n        \t<h3 class=\"qodef-m-title\" >\n\t\t\t\t\tA\u00e9ration\t\t\t<\/h3>\n    <\/div>\n    \t\t<p class=\"qodef-m-text\" style=\"margin-top: 16px\">Les a\u00e9rateurs submersibles, les turbines de surface et les diffuseurs d\u2019air ont \u00e9t\u00e9 con\u00e7us pour r\u00e9pondre aux exigences les plus vari\u00e9es pour ce qui a trait \u00e0 l\u2019oxyg\u00e9nation, \u00e0 l\u2019a\u00e9ration ou \u00e0 l\u2019agitation avec apport d\u2019air.<\/p>\n<\/div>\n\t\t\t\t<\/div>\n\t\t\t\t<\/div>\n\t\t\t\t<div class=\"elementor-element elementor-element-7a6e994 elementor-widget elementor-widget-biotellus_core_button\" data-id=\"7a6e994\" data-element_type=\"widget\" data-widget_type=\"biotellus_core_button.default\">\n\t\t\t\t<div class=\"elementor-widget-container\">\n\t\t\t\t\t<a class=\"qodef-shortcode qodef-m  qodef-button qodef-layout--filled  qodef-html--link\" href=\"https:\/\/www.scmtec.com\/fr\/product-category\/aerazione-fr\/\" target=\"_self\"  >\n\t<span class=\"qodef-m-text\">Voir les d\u00e9tails<\/span>\n<\/a>\n\t\t\t\t<\/div>\n\t\t\t\t<\/div>\n\t\t\t\t\t<\/div>\n\t\t<\/div>\n\t\t\t\t<div class=\"elementor-column elementor-col-50 elementor-top-column elementor-element elementor-element-754b782\" data-id=\"754b782\" data-element_type=\"column\">\n\t\t\t<div class=\"elementor-widget-wrap elementor-element-populated\">\n\t\t\t\t\t\t<div class=\"elementor-element elementor-element-f1f4850 elementor-widget elementor-widget-biotellus_core_single_image\" data-id=\"f1f4850\" data-element_type=\"widget\" data-widget_type=\"biotellus_core_single_image.default\">\n\t\t\t\t<div class=\"elementor-widget-container\">\n\t\t\t\t\t<div class=\"qodef-shortcode qodef-m  qodef-single-image qodef-layout--default \" data-viewport-offset=\"0.3\">\n\t<div class=\"qodef-m-image\">\n\t\t\t<img fetchpriority=\"high\" decoding=\"async\" width=\"1100\" height=\"894\" src=\"https:\/\/i0.wp.com\/www.scmtec.com\/wp-content\/uploads\/2022\/06\/depurazione-scm-tecnologie-mantova.jpg?fit=1100%2C894&amp;ssl=1\" class=\"attachment-full size-full\" alt=\"\" srcset=\"https:\/\/i0.wp.com\/www.scmtec.com\/wp-content\/uploads\/2022\/06\/depurazione-scm-tecnologie-mantova.jpg?w=1100&amp;ssl=1 1100w, https:\/\/i0.wp.com\/www.scmtec.com\/wp-content\/uploads\/2022\/06\/depurazione-scm-tecnologie-mantova.jpg?resize=300%2C244&amp;ssl=1 300w, https:\/\/i0.wp.com\/www.scmtec.com\/wp-content\/uploads\/2022\/06\/depurazione-scm-tecnologie-mantova.jpg?resize=1024%2C832&amp;ssl=1 1024w, https:\/\/i0.wp.com\/www.scmtec.com\/wp-content\/uploads\/2022\/06\/depurazione-scm-tecnologie-mantova.jpg?resize=768%2C624&amp;ssl=1 768w, https:\/\/i0.wp.com\/www.scmtec.com\/wp-content\/uploads\/2022\/06\/depurazione-scm-tecnologie-mantova.jpg?resize=600%2C488&amp;ssl=1 600w\" sizes=\"(max-width: 1100px) 100vw, 1100px\" \/>\t<\/div>\n<\/div>\n\t\t\t\t<\/div>\n\t\t\t\t<\/div>\n\t\t\t\t\t<\/div>\n\t\t<\/div>\n\t\t\t\t\t<\/div>\n\t\t<\/section>\n\t\t\t\t<section class=\"elementor-section elementor-top-section elementor-element elementor-element-363e8ee elementor-section-full_width elementor-section-height-default elementor-section-height-default qodef-elementor-content-no qodef-vertical-text-holder-no\" data-id=\"363e8ee\" data-element_type=\"section\">\n\t\t\t\t\t\t<div class=\"elementor-container elementor-column-gap-default\">\n\t\t\t\t\t<div class=\"elementor-column elementor-col-50 elementor-top-column elementor-element elementor-element-491eed1\" data-id=\"491eed1\" data-element_type=\"column\">\n\t\t\t<div class=\"elementor-widget-wrap elementor-element-populated\">\n\t\t\t\t\t\t<div class=\"elementor-element elementor-element-1102852 elementor-widget elementor-widget-biotellus_core_single_image\" data-id=\"1102852\" data-element_type=\"widget\" data-widget_type=\"biotellus_core_single_image.default\">\n\t\t\t\t<div class=\"elementor-widget-container\">\n\t\t\t\t\t<div class=\"qodef-shortcode qodef-m  qodef-single-image qodef-layout--default \" data-viewport-offset=\"0.3\">\n\t<div class=\"qodef-m-image\">\n\t\t\t<img decoding=\"async\" width=\"1100\" height=\"894\" src=\"https:\/\/i0.wp.com\/www.scmtec.com\/wp-content\/uploads\/2022\/05\/biogas-proditti-scm-tecnologie.jpg?fit=1100%2C894&amp;ssl=1\" class=\"attachment-full size-full\" alt=\"\" srcset=\"https:\/\/i0.wp.com\/www.scmtec.com\/wp-content\/uploads\/2022\/05\/biogas-proditti-scm-tecnologie.jpg?w=1100&amp;ssl=1 1100w, https:\/\/i0.wp.com\/www.scmtec.com\/wp-content\/uploads\/2022\/05\/biogas-proditti-scm-tecnologie.jpg?resize=300%2C244&amp;ssl=1 300w, https:\/\/i0.wp.com\/www.scmtec.com\/wp-content\/uploads\/2022\/05\/biogas-proditti-scm-tecnologie.jpg?resize=1024%2C832&amp;ssl=1 1024w, https:\/\/i0.wp.com\/www.scmtec.com\/wp-content\/uploads\/2022\/05\/biogas-proditti-scm-tecnologie.jpg?resize=768%2C624&amp;ssl=1 768w, https:\/\/i0.wp.com\/www.scmtec.com\/wp-content\/uploads\/2022\/05\/biogas-proditti-scm-tecnologie.jpg?resize=600%2C488&amp;ssl=1 600w\" sizes=\"(max-width: 1100px) 100vw, 1100px\" \/>\t<\/div>\n<\/div>\n\t\t\t\t<\/div>\n\t\t\t\t<\/div>\n\t\t\t\t\t<\/div>\n\t\t<\/div>\n\t\t\t\t<div class=\"elementor-column elementor-col-50 elementor-top-column elementor-element elementor-element-fd07365\" data-id=\"fd07365\" data-element_type=\"column\">\n\t\t\t<div class=\"elementor-widget-wrap elementor-element-populated\">\n\t\t\t\t\t\t<div class=\"elementor-element elementor-element-0991718 elementor-widget elementor-widget-biotellus_core_section_title\" data-id=\"0991718\" data-element_type=\"widget\" data-widget_type=\"biotellus_core_section_title.default\">\n\t\t\t\t<div class=\"elementor-widget-container\">\n\t\t\t\t\t<div class=\"qodef-shortcode qodef-m  qodef-section-title qodef-alignment--left qodef-title-break--disabled  \">\n    <div class=\"qodef-title-wrapper\">\n        \t<p class=\"qodef-m-subtitle\" >\n        Produits pour    <\/p>\n        \t<h3 class=\"qodef-m-title\" >\n\t\t\t\t\tAgitation\t\t\t<\/h3>\n    <\/div>\n    \t\t<p class=\"qodef-m-text\" style=\"margin-top: 16px\">Agitateurs immerg\u00e9s et agitateurs verticaux permettant de m\u00e9langer, d\u2019agiter ou encore d\u2019homog\u00e9n\u00e9iser les fluides dans les processus de traitement des eaux us\u00e9es et les processus industriels.<\/p>\n<\/div>\n\t\t\t\t<\/div>\n\t\t\t\t<\/div>\n\t\t\t\t<div class=\"elementor-element elementor-element-c90e687 elementor-widget elementor-widget-biotellus_core_button\" data-id=\"c90e687\" data-element_type=\"widget\" data-widget_type=\"biotellus_core_button.default\">\n\t\t\t\t<div class=\"elementor-widget-container\">\n\t\t\t\t\t<a class=\"qodef-shortcode qodef-m  qodef-button qodef-layout--filled  qodef-html--link\" href=\"https:\/\/www.scmtec.com\/fr\/product-category\/miscelazione-fr\/\" target=\"_self\"  >\n\t<span class=\"qodef-m-text\">Voir les d\u00e9tails<\/span>\n<\/a>\n\t\t\t\t<\/div>\n\t\t\t\t<\/div>\n\t\t\t\t\t<\/div>\n\t\t<\/div>\n\t\t\t\t\t<\/div>\n\t\t<\/section>\n\t\t\t\t<section class=\"elementor-section elementor-top-section elementor-element elementor-element-531d6fb elementor-section-full_width elementor-section-height-default elementor-section-height-default qodef-elementor-content-no qodef-vertical-text-holder-no\" data-id=\"531d6fb\" data-element_type=\"section\">\n\t\t\t\t\t\t<div class=\"elementor-container elementor-column-gap-default\">\n\t\t\t\t\t<div class=\"elementor-column elementor-col-50 elementor-top-column elementor-element elementor-element-6e9e8b7\" data-id=\"6e9e8b7\" data-element_type=\"column\">\n\t\t\t<div class=\"elementor-widget-wrap elementor-element-populated\">\n\t\t\t\t\t\t<div class=\"elementor-element elementor-element-5af33cc elementor-widget elementor-widget-biotellus_core_section_title\" data-id=\"5af33cc\" data-element_type=\"widget\" data-widget_type=\"biotellus_core_section_title.default\">\n\t\t\t\t<div class=\"elementor-widget-container\">\n\t\t\t\t\t<div class=\"qodef-shortcode qodef-m  qodef-section-title qodef-alignment--left qodef-title-break--disabled  \">\n    <div class=\"qodef-title-wrapper\">\n        \t<p class=\"qodef-m-subtitle\" >\n        Produits pour    <\/p>\n        \t<h3 class=\"qodef-m-title\" >\n\t\t\t\t\tPompage\t\t\t<\/h3>\n    <\/div>\n    \t\t<p class=\"qodef-m-text\" style=\"margin-top: 16px\">\u00c9lectropompes submersibles permettant de pomper les eaux issues des processus d\u2019\u00e9puration, les eaux us\u00e9es et les eaux de drainage.<\/p>\n<\/div>\n\t\t\t\t<\/div>\n\t\t\t\t<\/div>\n\t\t\t\t<div class=\"elementor-element elementor-element-c57121e elementor-widget elementor-widget-biotellus_core_button\" data-id=\"c57121e\" data-element_type=\"widget\" data-widget_type=\"biotellus_core_button.default\">\n\t\t\t\t<div class=\"elementor-widget-container\">\n\t\t\t\t\t<a class=\"qodef-shortcode qodef-m  qodef-button qodef-layout--filled  qodef-html--link\" href=\"https:\/\/www.scmtec.com\/fr\/product-category\/pompaggio-fr\/\" target=\"_self\"  >\n\t<span class=\"qodef-m-text\">Voir les d\u00e9tails<\/span>\n<\/a>\n\t\t\t\t<\/div>\n\t\t\t\t<\/div>\n\t\t\t\t\t<\/div>\n\t\t<\/div>\n\t\t\t\t<div class=\"elementor-column elementor-col-50 elementor-top-column elementor-element elementor-element-28f08b6\" data-id=\"28f08b6\" data-element_type=\"column\">\n\t\t\t<div class=\"elementor-widget-wrap elementor-element-populated\">\n\t\t\t\t\t\t<div class=\"elementor-element elementor-element-5a29496 elementor-widget elementor-widget-biotellus_core_single_image\" data-id=\"5a29496\" data-element_type=\"widget\" data-widget_type=\"biotellus_core_single_image.default\">\n\t\t\t\t<div class=\"elementor-widget-container\">\n\t\t\t\t\t<div class=\"qodef-shortcode qodef-m  qodef-single-image qodef-layout--default \" data-viewport-offset=\"0.3\">\n\t<div class=\"qodef-m-image\">\n\t\t\t<img decoding=\"async\" width=\"1100\" height=\"894\" src=\"https:\/\/i0.wp.com\/www.scmtec.com\/wp-content\/uploads\/2022\/11\/Pompaggio-prodotti-scm-tecnologie.jpg?fit=1100%2C894&amp;ssl=1\" class=\"attachment-full size-full\" alt=\"\" srcset=\"https:\/\/i0.wp.com\/www.scmtec.com\/wp-content\/uploads\/2022\/11\/Pompaggio-prodotti-scm-tecnologie.jpg?w=1100&amp;ssl=1 1100w, https:\/\/i0.wp.com\/www.scmtec.com\/wp-content\/uploads\/2022\/11\/Pompaggio-prodotti-scm-tecnologie.jpg?resize=300%2C244&amp;ssl=1 300w, https:\/\/i0.wp.com\/www.scmtec.com\/wp-content\/uploads\/2022\/11\/Pompaggio-prodotti-scm-tecnologie.jpg?resize=1024%2C832&amp;ssl=1 1024w, https:\/\/i0.wp.com\/www.scmtec.com\/wp-content\/uploads\/2022\/11\/Pompaggio-prodotti-scm-tecnologie.jpg?resize=768%2C624&amp;ssl=1 768w, https:\/\/i0.wp.com\/www.scmtec.com\/wp-content\/uploads\/2022\/11\/Pompaggio-prodotti-scm-tecnologie.jpg?resize=600%2C488&amp;ssl=1 600w\" sizes=\"(max-width: 1100px) 100vw, 1100px\" \/>\t<\/div>\n<\/div>\n\t\t\t\t<\/div>\n\t\t\t\t<\/div>\n\t\t\t\t\t<\/div>\n\t\t<\/div>\n\t\t\t\t\t<\/div>\n\t\t<\/section>\n\t\t\t\t<\/div>\n\t\t","protected":false},"excerpt":{"rendered":"<p>Produits pour A\u00e9ration Les a\u00e9rateurs submersibles, les turbines de surface et les diffuseurs d\u2019air ont \u00e9t\u00e9 con\u00e7us pour r\u00e9pondre aux exigences les plus vari\u00e9es pour ce qui a trait \u00e0 l\u2019oxyg\u00e9nation, \u00e0 l\u2019a\u00e9ration ou \u00e0 l\u2019agitation avec apport d\u2019air. Voir les d\u00e9tails Produits pour Agitation Agitateurs immerg\u00e9s et agitateurs verticaux permettant de m\u00e9langer, d\u2019agiter ou [&hellip;]<\/p>\n","protected":false},"author":1,"featured_media":0,"parent":0,"menu_order":0,"comment_status":"closed","ping_status":"closed","template":"page-full-width.php","meta":{"_themeisle_gutenberg_block_has_review":false,"footnotes":""},"class_list":["post-11970","page","type-page","status-publish","hentry"],"yoast_head":"<!-- This site is optimized with the Yoast SEO plugin v24.7 - https:\/\/yoast.com\/wordpress\/plugins\/seo\/ -->\n<title>Produits - SCM Tecnologie<\/title>\n<meta name=\"robots\" content=\"index, follow, max-snippet:-1, max-image-preview:large, max-video-preview:-1\" \/>\n<link rel=\"canonical\" href=\"https:\/\/www.scmtec.com\/fr\/produits-scm-tecnologie-mantova\/\" \/>\n<meta property=\"og:locale\" content=\"fr_FR\" \/>\n<meta property=\"og:type\" content=\"article\" \/>\n<meta property=\"og:title\" content=\"Produits - SCM Tecnologie\" \/>\n<meta property=\"og:description\" content=\"Produits pour A\u00e9ration Les a\u00e9rateurs submersibles, les turbines de surface et les diffuseurs d\u2019air ont \u00e9t\u00e9 con\u00e7us pour r\u00e9pondre aux exigences les plus vari\u00e9es pour ce qui a trait \u00e0 l\u2019oxyg\u00e9nation, \u00e0 l\u2019a\u00e9ration ou \u00e0 l\u2019agitation avec apport d\u2019air. Voir les d\u00e9tails Produits pour Agitation Agitateurs immerg\u00e9s et agitateurs verticaux permettant de m\u00e9langer, d\u2019agiter ou [&hellip;]\" \/>\n<meta property=\"og:url\" content=\"https:\/\/www.scmtec.com\/fr\/produits-scm-tecnologie-mantova\/\" \/>\n<meta property=\"og:site_name\" content=\"SCM Tecnologie\" \/>\n<meta property=\"article:modified_time\" content=\"2022-12-27T15:32:50+00:00\" \/>\n<meta property=\"og:image\" content=\"https:\/\/www.scmtec.com\/wp-content\/uploads\/2022\/06\/depurazione-scm-tecnologie-mantova.jpg\" \/>\n<meta name=\"twitter:card\" content=\"summary_large_image\" \/>\n<meta name=\"twitter:label1\" content=\"Dur\u00e9e de lecture estim\u00e9e\" \/>\n\t<meta name=\"twitter:data1\" content=\"1 minute\" \/>\n<script type=\"application\/ld+json\" class=\"yoast-schema-graph\">{\"@context\":\"https:\/\/schema.org\",\"@graph\":[{\"@type\":\"WebPage\",\"@id\":\"https:\/\/www.scmtec.com\/fr\/produits-scm-tecnologie-mantova\/\",\"url\":\"https:\/\/www.scmtec.com\/fr\/produits-scm-tecnologie-mantova\/\",\"name\":\"Produits - SCM Tecnologie\",\"isPartOf\":{\"@id\":\"https:\/\/www.scmtec.com\/#website\"},\"primaryImageOfPage\":{\"@id\":\"https:\/\/www.scmtec.com\/fr\/produits-scm-tecnologie-mantova\/#primaryimage\"},\"image\":{\"@id\":\"https:\/\/www.scmtec.com\/fr\/produits-scm-tecnologie-mantova\/#primaryimage\"},\"thumbnailUrl\":\"https:\/\/www.scmtec.com\/wp-content\/uploads\/2022\/06\/depurazione-scm-tecnologie-mantova.jpg\",\"datePublished\":\"2021-06-10T09:01:48+00:00\",\"dateModified\":\"2022-12-27T15:32:50+00:00\",\"breadcrumb\":{\"@id\":\"https:\/\/www.scmtec.com\/fr\/produits-scm-tecnologie-mantova\/#breadcrumb\"},\"inLanguage\":\"fr-FR\",\"potentialAction\":[{\"@type\":\"ReadAction\",\"target\":[\"https:\/\/www.scmtec.com\/fr\/produits-scm-tecnologie-mantova\/\"]}]},{\"@type\":\"ImageObject\",\"inLanguage\":\"fr-FR\",\"@id\":\"https:\/\/www.scmtec.com\/fr\/produits-scm-tecnologie-mantova\/#primaryimage\",\"url\":\"https:\/\/www.scmtec.com\/wp-content\/uploads\/2022\/06\/depurazione-scm-tecnologie-mantova.jpg\",\"contentUrl\":\"https:\/\/www.scmtec.com\/wp-content\/uploads\/2022\/06\/depurazione-scm-tecnologie-mantova.jpg\"},{\"@type\":\"BreadcrumbList\",\"@id\":\"https:\/\/www.scmtec.com\/fr\/produits-scm-tecnologie-mantova\/#breadcrumb\",\"itemListElement\":[{\"@type\":\"ListItem\",\"position\":1,\"name\":\"Home\",\"item\":\"https:\/\/www.scmtec.com\/fr\/\"},{\"@type\":\"ListItem\",\"position\":2,\"name\":\"Produits\"}]},{\"@type\":\"WebSite\",\"@id\":\"https:\/\/www.scmtec.com\/#website\",\"url\":\"https:\/\/www.scmtec.com\/\",\"name\":\"SCM Tecnologie\",\"description\":\"\",\"potentialAction\":[{\"@type\":\"SearchAction\",\"target\":{\"@type\":\"EntryPoint\",\"urlTemplate\":\"https:\/\/www.scmtec.com\/?s={search_term_string}\"},\"query-input\":{\"@type\":\"PropertyValueSpecification\",\"valueRequired\":true,\"valueName\":\"search_term_string\"}}],\"inLanguage\":\"fr-FR\"}]}<\/script>\n<!-- \/ Yoast SEO plugin. -->","yoast_head_json":{"title":"Produits - SCM Tecnologie","robots":{"index":"index","follow":"follow","max-snippet":"max-snippet:-1","max-image-preview":"max-image-preview:large","max-video-preview":"max-video-preview:-1"},"canonical":"https:\/\/www.scmtec.com\/fr\/produits-scm-tecnologie-mantova\/","og_locale":"fr_FR","og_type":"article","og_title":"Produits - SCM Tecnologie","og_description":"Produits pour A\u00e9ration Les a\u00e9rateurs submersibles, les turbines de surface et les diffuseurs d\u2019air ont \u00e9t\u00e9 con\u00e7us pour r\u00e9pondre aux exigences les plus vari\u00e9es pour ce qui a trait \u00e0 l\u2019oxyg\u00e9nation, \u00e0 l\u2019a\u00e9ration ou \u00e0 l\u2019agitation avec apport d\u2019air. Voir les d\u00e9tails Produits pour Agitation Agitateurs immerg\u00e9s et agitateurs verticaux permettant de m\u00e9langer, d\u2019agiter ou [&hellip;]","og_url":"https:\/\/www.scmtec.com\/fr\/produits-scm-tecnologie-mantova\/","og_site_name":"SCM Tecnologie","article_modified_time":"2022-12-27T15:32:50+00:00","og_image":[{"url":"https:\/\/www.scmtec.com\/wp-content\/uploads\/2022\/06\/depurazione-scm-tecnologie-mantova.jpg","type":"","width":"","height":""}],"twitter_card":"summary_large_image","twitter_misc":{"Dur\u00e9e de lecture estim\u00e9e":"1 minute"},"schema":{"@context":"https:\/\/schema.org","@graph":[{"@type":"WebPage","@id":"https:\/\/www.scmtec.com\/fr\/produits-scm-tecnologie-mantova\/","url":"https:\/\/www.scmtec.com\/fr\/produits-scm-tecnologie-mantova\/","name":"Produits - SCM Tecnologie","isPartOf":{"@id":"https:\/\/www.scmtec.com\/#website"},"primaryImageOfPage":{"@id":"https:\/\/www.scmtec.com\/fr\/produits-scm-tecnologie-mantova\/#primaryimage"},"image":{"@id":"https:\/\/www.scmtec.com\/fr\/produits-scm-tecnologie-mantova\/#primaryimage"},"thumbnailUrl":"https:\/\/www.scmtec.com\/wp-content\/uploads\/2022\/06\/depurazione-scm-tecnologie-mantova.jpg","datePublished":"2021-06-10T09:01:48+00:00","dateModified":"2022-12-27T15:32:50+00:00","breadcrumb":{"@id":"https:\/\/www.scmtec.com\/fr\/produits-scm-tecnologie-mantova\/#breadcrumb"},"inLanguage":"fr-FR","potentialAction":[{"@type":"ReadAction","target":["https:\/\/www.scmtec.com\/fr\/produits-scm-tecnologie-mantova\/"]}]},{"@type":"ImageObject","inLanguage":"fr-FR","@id":"https:\/\/www.scmtec.com\/fr\/produits-scm-tecnologie-mantova\/#primaryimage","url":"https:\/\/www.scmtec.com\/wp-content\/uploads\/2022\/06\/depurazione-scm-tecnologie-mantova.jpg","contentUrl":"https:\/\/www.scmtec.com\/wp-content\/uploads\/2022\/06\/depurazione-scm-tecnologie-mantova.jpg"},{"@type":"BreadcrumbList","@id":"https:\/\/www.scmtec.com\/fr\/produits-scm-tecnologie-mantova\/#breadcrumb","itemListElement":[{"@type":"ListItem","position":1,"name":"Home","item":"https:\/\/www.scmtec.com\/fr\/"},{"@type":"ListItem","position":2,"name":"Produits"}]},{"@type":"WebSite","@id":"https:\/\/www.scmtec.com\/#website","url":"https:\/\/www.scmtec.com\/","name":"SCM Tecnologie","description":"","potentialAction":[{"@type":"SearchAction","target":{"@type":"EntryPoint","urlTemplate":"https:\/\/www.scmtec.com\/?s={search_term_string}"},"query-input":{"@type":"PropertyValueSpecification","valueRequired":true,"valueName":"search_term_string"}}],"inLanguage":"fr-FR"}]}},"jetpack_sharing_enabled":true,"_links":{"self":[{"href":"https:\/\/www.scmtec.com\/fr\/wp-json\/wp\/v2\/pages\/11970","targetHints":{"allow":["GET"]}}],"collection":[{"href":"https:\/\/www.scmtec.com\/fr\/wp-json\/wp\/v2\/pages"}],"about":[{"href":"https:\/\/www.scmtec.com\/fr\/wp-json\/wp\/v2\/types\/page"}],"author":[{"embeddable":true,"href":"https:\/\/www.scmtec.com\/fr\/wp-json\/wp\/v2\/users\/1"}],"replies":[{"embeddable":true,"href":"https:\/\/www.scmtec.com\/fr\/wp-json\/wp\/v2\/comments?post=11970"}],"version-history":[{"count":0,"href":"https:\/\/www.scmtec.com\/fr\/wp-json\/wp\/v2\/pages\/11970\/revisions"}],"wp:attachment":[{"href":"https:\/\/www.scmtec.com\/fr\/wp-json\/wp\/v2\/media?parent=11970"}],"curies":[{"name":"wp","href":"https:\/\/api.w.org\/{rel}","templated":true}]}}