{"id":12004,"date":"2022-05-24T23:56:43","date_gmt":"2022-05-24T23:56:43","guid":{"rendered":"https:\/\/www.scmtec.com\/usato-e-noleggio\/"},"modified":"2022-12-27T16:18:30","modified_gmt":"2022-12-27T16:18:30","slug":"machines-doccasion-et-a-louer","status":"publish","type":"page","link":"https:\/\/www.scmtec.com\/fr\/machines-doccasion-et-a-louer\/","title":{"rendered":"Machines d\u2019occasion et \u00e0 louer"},"content":{"rendered":"\t\t<div data-elementor-type=\"wp-page\" data-elementor-id=\"12004\" class=\"elementor elementor-12004 elementor-9616\">\n\t\t\t\t\t\t<section class=\"elementor-section elementor-top-section elementor-element elementor-element-aa4cc67 elementor-section-full_width elementor-section-stretched elementor-section-height-default elementor-section-height-default qodef-elementor-content-no qodef-vertical-text-holder-no\" data-id=\"aa4cc67\" data-element_type=\"section\" data-e-type=\"section\" data-settings=\"{&quot;stretch_section&quot;:&quot;section-stretched&quot;}\">\n\t\t\t\t\t\t<div class=\"elementor-container elementor-column-gap-default\">\n\t\t\t\t\t<div class=\"elementor-column elementor-col-50 elementor-top-column elementor-element elementor-element-8feb4eb\" data-id=\"8feb4eb\" data-element_type=\"column\" data-e-type=\"column\">\n\t\t\t<div class=\"elementor-widget-wrap elementor-element-populated\">\n\t\t\t\t\t\t<div class=\"elementor-element elementor-element-cec6a9d elementor-widget elementor-widget-biotellus_core_section_title\" data-id=\"cec6a9d\" data-element_type=\"widget\" data-e-type=\"widget\" data-widget_type=\"biotellus_core_section_title.default\">\n\t\t\t\t<div class=\"elementor-widget-container\">\n\t\t\t\t\t<div class=\"qodef-shortcode qodef-m  qodef-section-title qodef-alignment--left qodef-title-break--disabled  \">\n    <div class=\"qodef-title-wrapper\">\n        \t<p class=\"qodef-m-subtitle\" >\n        Produits    <\/p>\n        \t<h3 class=\"qodef-m-title\" >\n\t\t\t\t\tMachines d\u2019occasion\t\t\t<\/h3>\n    <\/div>\n    \t\t<p class=\"qodef-m-text\" style=\"margin-top: 16px\">S.C.M. Tecnologie dispose d\u2019un parc de machines d\u2019occasion r\u00e9vis\u00e9es.\nGr\u00e2ce \u00e0 notre exp\u00e9rience acquise en mati\u00e8re de r\u00e9parations, nous sommes capables d\u2019exploiter au mieux les machines existantes avant de devoir proc\u00e9der \u00e0 leur d\u00e9mant\u00e8lement.<\/p>\n<\/div>\n\t\t\t\t<\/div>\n\t\t\t\t<\/div>\n\t\t\t\t<div class=\"elementor-element elementor-element-7f03a27 elementor-widget elementor-widget-biotellus_core_button\" data-id=\"7f03a27\" data-element_type=\"widget\" data-e-type=\"widget\" data-widget_type=\"biotellus_core_button.default\">\n\t\t\t\t<div class=\"elementor-widget-container\">\n\t\t\t\t\t<a class=\"qodef-shortcode qodef-m  qodef-button qodef-layout--filled  qodef-html--link\" href=\"https:\/\/www.scmtec.com\/fr\/product-category\/usato-fr\/\" target=\"_self\"  >\n\t<span class=\"qodef-m-text\">Produits disponibles<\/span>\n<\/a>\n\t\t\t\t<\/div>\n\t\t\t\t<\/div>\n\t\t\t\t\t<\/div>\n\t\t<\/div>\n\t\t\t\t<div class=\"elementor-column elementor-col-50 elementor-top-column elementor-element elementor-element-e85ce4b\" data-id=\"e85ce4b\" data-element_type=\"column\" data-e-type=\"column\">\n\t\t\t<div class=\"elementor-widget-wrap elementor-element-populated\">\n\t\t\t\t\t\t<div class=\"elementor-element elementor-element-0394552 elementor-widget elementor-widget-biotellus_core_single_image\" data-id=\"0394552\" data-element_type=\"widget\" data-e-type=\"widget\" data-widget_type=\"biotellus_core_single_image.default\">\n\t\t\t\t<div class=\"elementor-widget-container\">\n\t\t\t\t\t<div class=\"qodef-shortcode qodef-m  qodef-single-image qodef-layout--default \" data-viewport-offset=\"0.3\">\n\t<div class=\"qodef-m-image\">\n\t\t\t<img fetchpriority=\"high\" decoding=\"async\" width=\"1100\" height=\"894\" src=\"https:\/\/i0.wp.com\/www.scmtec.com\/wp-content\/uploads\/2022\/05\/prodotti-depurazione-scm-tecnologie.jpg?fit=1100%2C894&amp;ssl=1\" class=\"attachment-full size-full\" alt=\"\" srcset=\"https:\/\/i0.wp.com\/www.scmtec.com\/wp-content\/uploads\/2022\/05\/prodotti-depurazione-scm-tecnologie.jpg?w=1100&amp;ssl=1 1100w, https:\/\/i0.wp.com\/www.scmtec.com\/wp-content\/uploads\/2022\/05\/prodotti-depurazione-scm-tecnologie.jpg?resize=300%2C244&amp;ssl=1 300w, https:\/\/i0.wp.com\/www.scmtec.com\/wp-content\/uploads\/2022\/05\/prodotti-depurazione-scm-tecnologie.jpg?resize=1024%2C832&amp;ssl=1 1024w, https:\/\/i0.wp.com\/www.scmtec.com\/wp-content\/uploads\/2022\/05\/prodotti-depurazione-scm-tecnologie.jpg?resize=768%2C624&amp;ssl=1 768w, https:\/\/i0.wp.com\/www.scmtec.com\/wp-content\/uploads\/2022\/05\/prodotti-depurazione-scm-tecnologie.jpg?resize=600%2C488&amp;ssl=1 600w\" sizes=\"(max-width: 1100px) 100vw, 1100px\" \/>\t<\/div>\n<\/div>\n\t\t\t\t<\/div>\n\t\t\t\t<\/div>\n\t\t\t\t\t<\/div>\n\t\t<\/div>\n\t\t\t\t\t<\/div>\n\t\t<\/section>\n\t\t\t\t<section class=\"elementor-section elementor-top-section elementor-element elementor-element-3208e4a elementor-section-full_width elementor-section-stretched elementor-section-height-default elementor-section-height-default qodef-elementor-content-no qodef-vertical-text-holder-no\" data-id=\"3208e4a\" data-element_type=\"section\" data-e-type=\"section\" data-settings=\"{&quot;stretch_section&quot;:&quot;section-stretched&quot;}\">\n\t\t\t\t\t\t<div class=\"elementor-container elementor-column-gap-default\">\n\t\t\t\t\t<div class=\"elementor-column elementor-col-50 elementor-top-column elementor-element elementor-element-d416f9c\" data-id=\"d416f9c\" data-element_type=\"column\" data-e-type=\"column\">\n\t\t\t<div class=\"elementor-widget-wrap elementor-element-populated\">\n\t\t\t\t\t\t<div class=\"elementor-element elementor-element-fdfe5c3 elementor-widget elementor-widget-biotellus_core_single_image\" data-id=\"fdfe5c3\" data-element_type=\"widget\" data-e-type=\"widget\" data-widget_type=\"biotellus_core_single_image.default\">\n\t\t\t\t<div class=\"elementor-widget-container\">\n\t\t\t\t\t<div class=\"qodef-shortcode qodef-m  qodef-single-image qodef-layout--default \" data-viewport-offset=\"0.3\">\n\t<div class=\"qodef-m-image\">\n\t\t\t<img decoding=\"async\" width=\"1100\" height=\"894\" src=\"https:\/\/i0.wp.com\/www.scmtec.com\/wp-content\/uploads\/2022\/05\/biogas-proditti-scm-tecnologie.jpg?fit=1100%2C894&amp;ssl=1\" class=\"attachment-full size-full\" alt=\"\" srcset=\"https:\/\/i0.wp.com\/www.scmtec.com\/wp-content\/uploads\/2022\/05\/biogas-proditti-scm-tecnologie.jpg?w=1100&amp;ssl=1 1100w, https:\/\/i0.wp.com\/www.scmtec.com\/wp-content\/uploads\/2022\/05\/biogas-proditti-scm-tecnologie.jpg?resize=300%2C244&amp;ssl=1 300w, https:\/\/i0.wp.com\/www.scmtec.com\/wp-content\/uploads\/2022\/05\/biogas-proditti-scm-tecnologie.jpg?resize=1024%2C832&amp;ssl=1 1024w, https:\/\/i0.wp.com\/www.scmtec.com\/wp-content\/uploads\/2022\/05\/biogas-proditti-scm-tecnologie.jpg?resize=768%2C624&amp;ssl=1 768w, https:\/\/i0.wp.com\/www.scmtec.com\/wp-content\/uploads\/2022\/05\/biogas-proditti-scm-tecnologie.jpg?resize=600%2C488&amp;ssl=1 600w\" sizes=\"(max-width: 1100px) 100vw, 1100px\" \/>\t<\/div>\n<\/div>\n\t\t\t\t<\/div>\n\t\t\t\t<\/div>\n\t\t\t\t\t<\/div>\n\t\t<\/div>\n\t\t\t\t<div class=\"elementor-column elementor-col-50 elementor-top-column elementor-element elementor-element-eef3758\" data-id=\"eef3758\" data-element_type=\"column\" data-e-type=\"column\">\n\t\t\t<div class=\"elementor-widget-wrap elementor-element-populated\">\n\t\t\t\t\t\t<div class=\"elementor-element elementor-element-b935b95 elementor-widget elementor-widget-biotellus_core_section_title\" data-id=\"b935b95\" data-element_type=\"widget\" data-e-type=\"widget\" data-widget_type=\"biotellus_core_section_title.default\">\n\t\t\t\t<div class=\"elementor-widget-container\">\n\t\t\t\t\t<div class=\"qodef-shortcode qodef-m  qodef-section-title qodef-alignment--left qodef-title-break--disabled  \">\n    <div class=\"qodef-title-wrapper\">\n        \t<p class=\"qodef-m-subtitle\" >\n        Produits    <\/p>\n        \t<h3 class=\"qodef-m-title\" >\n\t\t\t\t\t\u00c0 louer\t\t\t<\/h3>\n    <\/div>\n    \t\t<p class=\"qodef-m-text\" style=\"margin-top: 16px\">Gr\u00e2ce \u00e0 S.C.M Tecnologie, vous avez la possibilit\u00e9 de louer une machine, en pr\u00e9vision d\u2019un futur achat, ou pour des besoins temporaires, p. ex. en cas d\u2019entretiens programm\u00e9s ou encore de variabilit\u00e9s saisonni\u00e8res de la quantit\u00e9 d\u2019eaux us\u00e9es.\nIl vous suffit de contacter notre bureau technique. Nous vous proposerons la meilleure solution en fonction de vos besoins en termes d\u2019installation et des machines disponibles.<\/p>\n<\/div>\n\t\t\t\t<\/div>\n\t\t\t\t<\/div>\n\t\t\t\t<div class=\"elementor-element elementor-element-54cb880 elementor-widget elementor-widget-biotellus_core_button\" data-id=\"54cb880\" data-element_type=\"widget\" data-e-type=\"widget\" data-widget_type=\"biotellus_core_button.default\">\n\t\t\t\t<div class=\"elementor-widget-container\">\n\t\t\t\t\t<a class=\"qodef-shortcode qodef-m  qodef-button qodef-layout--filled  qodef-html--link\" href=\"mailto:info@scmtec.com\" target=\"_self\"  >\n\t<span class=\"qodef-m-text\">Contacter maintenant<\/span>\n<\/a>\n\t\t\t\t<\/div>\n\t\t\t\t<\/div>\n\t\t\t\t\t<\/div>\n\t\t<\/div>\n\t\t\t\t\t<\/div>\n\t\t<\/section>\n\t\t\t\t<\/div>\n\t\t","protected":false},"excerpt":{"rendered":"<p>Produits Machines d\u2019occasion S.C.M. Tecnologie dispose d\u2019un parc de machines d\u2019occasion r\u00e9vis\u00e9es. Gr\u00e2ce \u00e0 notre exp\u00e9rience acquise en mati\u00e8re de r\u00e9parations, nous sommes capables d\u2019exploiter au mieux les machines existantes avant de devoir proc\u00e9der \u00e0 leur d\u00e9mant\u00e8lement. Produits disponibles Produits \u00c0 louer Gr\u00e2ce \u00e0 S.C.M Tecnologie, vous avez la possibilit\u00e9 de louer une machine, en [&hellip;]<\/p>\n","protected":false},"author":1,"featured_media":0,"parent":0,"menu_order":0,"comment_status":"closed","ping_status":"closed","template":"","meta":{"_themeisle_gutenberg_block_has_review":false,"footnotes":""},"class_list":["post-12004","page","type-page","status-publish","hentry"],"yoast_head":"<!-- This site is optimized with the Yoast SEO plugin v27.5 - https:\/\/yoast.com\/product\/yoast-seo-wordpress\/ -->\n<title>Machines d\u2019occasion et \u00e0 louer - SCM Tecnologie<\/title>\n<meta name=\"robots\" content=\"index, follow, max-snippet:-1, max-image-preview:large, max-video-preview:-1\" \/>\n<link rel=\"canonical\" href=\"https:\/\/www.scmtec.com\/fr\/machines-doccasion-et-a-louer\/\" \/>\n<meta property=\"og:locale\" content=\"fr_FR\" \/>\n<meta property=\"og:type\" content=\"article\" \/>\n<meta property=\"og:title\" content=\"Machines d\u2019occasion et \u00e0 louer - SCM Tecnologie\" \/>\n<meta property=\"og:description\" content=\"Produits Machines d\u2019occasion S.C.M. Tecnologie dispose d\u2019un parc de machines d\u2019occasion r\u00e9vis\u00e9es. Gr\u00e2ce \u00e0 notre exp\u00e9rience acquise en mati\u00e8re de r\u00e9parations, nous sommes capables d\u2019exploiter au mieux les machines existantes avant de devoir proc\u00e9der \u00e0 leur d\u00e9mant\u00e8lement. Produits disponibles Produits \u00c0 louer Gr\u00e2ce \u00e0 S.C.M Tecnologie, vous avez la possibilit\u00e9 de louer une machine, en [&hellip;]\" \/>\n<meta property=\"og:url\" content=\"https:\/\/www.scmtec.com\/fr\/machines-doccasion-et-a-louer\/\" \/>\n<meta property=\"og:site_name\" content=\"SCM Tecnologie\" \/>\n<meta property=\"article:modified_time\" content=\"2022-12-27T16:18:30+00:00\" \/>\n<meta property=\"og:image\" content=\"https:\/\/www.scmtec.com\/wp-content\/uploads\/2022\/05\/prodotti-depurazione-scm-tecnologie.jpg\" \/>\n<meta name=\"twitter:card\" content=\"summary_large_image\" \/>\n<meta name=\"twitter:label1\" content=\"Dur\u00e9e de lecture estim\u00e9e\" \/>\n\t<meta name=\"twitter:data1\" content=\"1 minute\" \/>\n<script type=\"application\/ld+json\" class=\"yoast-schema-graph\">{\"@context\":\"https:\\\/\\\/schema.org\",\"@graph\":[{\"@type\":\"WebPage\",\"@id\":\"https:\\\/\\\/www.scmtec.com\\\/fr\\\/machines-doccasion-et-a-louer\\\/\",\"url\":\"https:\\\/\\\/www.scmtec.com\\\/fr\\\/machines-doccasion-et-a-louer\\\/\",\"name\":\"Machines d\u2019occasion et \u00e0 louer - SCM Tecnologie\",\"isPartOf\":{\"@id\":\"https:\\\/\\\/www.scmtec.com\\\/#website\"},\"primaryImageOfPage\":{\"@id\":\"https:\\\/\\\/www.scmtec.com\\\/fr\\\/machines-doccasion-et-a-louer\\\/#primaryimage\"},\"image\":{\"@id\":\"https:\\\/\\\/www.scmtec.com\\\/fr\\\/machines-doccasion-et-a-louer\\\/#primaryimage\"},\"thumbnailUrl\":\"https:\\\/\\\/www.scmtec.com\\\/wp-content\\\/uploads\\\/2022\\\/05\\\/prodotti-depurazione-scm-tecnologie.jpg\",\"datePublished\":\"2022-05-24T23:56:43+00:00\",\"dateModified\":\"2022-12-27T16:18:30+00:00\",\"breadcrumb\":{\"@id\":\"https:\\\/\\\/www.scmtec.com\\\/fr\\\/machines-doccasion-et-a-louer\\\/#breadcrumb\"},\"inLanguage\":\"fr-FR\",\"potentialAction\":[{\"@type\":\"ReadAction\",\"target\":[\"https:\\\/\\\/www.scmtec.com\\\/fr\\\/machines-doccasion-et-a-louer\\\/\"]}]},{\"@type\":\"ImageObject\",\"inLanguage\":\"fr-FR\",\"@id\":\"https:\\\/\\\/www.scmtec.com\\\/fr\\\/machines-doccasion-et-a-louer\\\/#primaryimage\",\"url\":\"https:\\\/\\\/www.scmtec.com\\\/wp-content\\\/uploads\\\/2022\\\/05\\\/prodotti-depurazione-scm-tecnologie.jpg\",\"contentUrl\":\"https:\\\/\\\/www.scmtec.com\\\/wp-content\\\/uploads\\\/2022\\\/05\\\/prodotti-depurazione-scm-tecnologie.jpg\"},{\"@type\":\"BreadcrumbList\",\"@id\":\"https:\\\/\\\/www.scmtec.com\\\/fr\\\/machines-doccasion-et-a-louer\\\/#breadcrumb\",\"itemListElement\":[{\"@type\":\"ListItem\",\"position\":1,\"name\":\"Home\",\"item\":\"https:\\\/\\\/www.scmtec.com\\\/fr\\\/\"},{\"@type\":\"ListItem\",\"position\":2,\"name\":\"Machines d\u2019occasion et \u00e0 louer\"}]},{\"@type\":\"WebSite\",\"@id\":\"https:\\\/\\\/www.scmtec.com\\\/#website\",\"url\":\"https:\\\/\\\/www.scmtec.com\\\/\",\"name\":\"SCM Tecnologie\",\"description\":\"\",\"potentialAction\":[{\"@type\":\"SearchAction\",\"target\":{\"@type\":\"EntryPoint\",\"urlTemplate\":\"https:\\\/\\\/www.scmtec.com\\\/?s={search_term_string}\"},\"query-input\":{\"@type\":\"PropertyValueSpecification\",\"valueRequired\":true,\"valueName\":\"search_term_string\"}}],\"inLanguage\":\"fr-FR\"}]}<\/script>\n<!-- \/ Yoast SEO plugin. -->","yoast_head_json":{"title":"Machines d\u2019occasion et \u00e0 louer - SCM Tecnologie","robots":{"index":"index","follow":"follow","max-snippet":"max-snippet:-1","max-image-preview":"max-image-preview:large","max-video-preview":"max-video-preview:-1"},"canonical":"https:\/\/www.scmtec.com\/fr\/machines-doccasion-et-a-louer\/","og_locale":"fr_FR","og_type":"article","og_title":"Machines d\u2019occasion et \u00e0 louer - SCM Tecnologie","og_description":"Produits Machines d\u2019occasion S.C.M. Tecnologie dispose d\u2019un parc de machines d\u2019occasion r\u00e9vis\u00e9es. Gr\u00e2ce \u00e0 notre exp\u00e9rience acquise en mati\u00e8re de r\u00e9parations, nous sommes capables d\u2019exploiter au mieux les machines existantes avant de devoir proc\u00e9der \u00e0 leur d\u00e9mant\u00e8lement. Produits disponibles Produits \u00c0 louer Gr\u00e2ce \u00e0 S.C.M Tecnologie, vous avez la possibilit\u00e9 de louer une machine, en [&hellip;]","og_url":"https:\/\/www.scmtec.com\/fr\/machines-doccasion-et-a-louer\/","og_site_name":"SCM Tecnologie","article_modified_time":"2022-12-27T16:18:30+00:00","og_image":[{"url":"https:\/\/www.scmtec.com\/wp-content\/uploads\/2022\/05\/prodotti-depurazione-scm-tecnologie.jpg","type":"","width":"","height":""}],"twitter_card":"summary_large_image","twitter_misc":{"Dur\u00e9e de lecture estim\u00e9e":"1 minute"},"schema":{"@context":"https:\/\/schema.org","@graph":[{"@type":"WebPage","@id":"https:\/\/www.scmtec.com\/fr\/machines-doccasion-et-a-louer\/","url":"https:\/\/www.scmtec.com\/fr\/machines-doccasion-et-a-louer\/","name":"Machines d\u2019occasion et \u00e0 louer - SCM Tecnologie","isPartOf":{"@id":"https:\/\/www.scmtec.com\/#website"},"primaryImageOfPage":{"@id":"https:\/\/www.scmtec.com\/fr\/machines-doccasion-et-a-louer\/#primaryimage"},"image":{"@id":"https:\/\/www.scmtec.com\/fr\/machines-doccasion-et-a-louer\/#primaryimage"},"thumbnailUrl":"https:\/\/www.scmtec.com\/wp-content\/uploads\/2022\/05\/prodotti-depurazione-scm-tecnologie.jpg","datePublished":"2022-05-24T23:56:43+00:00","dateModified":"2022-12-27T16:18:30+00:00","breadcrumb":{"@id":"https:\/\/www.scmtec.com\/fr\/machines-doccasion-et-a-louer\/#breadcrumb"},"inLanguage":"fr-FR","potentialAction":[{"@type":"ReadAction","target":["https:\/\/www.scmtec.com\/fr\/machines-doccasion-et-a-louer\/"]}]},{"@type":"ImageObject","inLanguage":"fr-FR","@id":"https:\/\/www.scmtec.com\/fr\/machines-doccasion-et-a-louer\/#primaryimage","url":"https:\/\/www.scmtec.com\/wp-content\/uploads\/2022\/05\/prodotti-depurazione-scm-tecnologie.jpg","contentUrl":"https:\/\/www.scmtec.com\/wp-content\/uploads\/2022\/05\/prodotti-depurazione-scm-tecnologie.jpg"},{"@type":"BreadcrumbList","@id":"https:\/\/www.scmtec.com\/fr\/machines-doccasion-et-a-louer\/#breadcrumb","itemListElement":[{"@type":"ListItem","position":1,"name":"Home","item":"https:\/\/www.scmtec.com\/fr\/"},{"@type":"ListItem","position":2,"name":"Machines d\u2019occasion et \u00e0 louer"}]},{"@type":"WebSite","@id":"https:\/\/www.scmtec.com\/#website","url":"https:\/\/www.scmtec.com\/","name":"SCM Tecnologie","description":"","potentialAction":[{"@type":"SearchAction","target":{"@type":"EntryPoint","urlTemplate":"https:\/\/www.scmtec.com\/?s={search_term_string}"},"query-input":{"@type":"PropertyValueSpecification","valueRequired":true,"valueName":"search_term_string"}}],"inLanguage":"fr-FR"}]}},"jetpack_sharing_enabled":true,"_links":{"self":[{"href":"https:\/\/www.scmtec.com\/fr\/wp-json\/wp\/v2\/pages\/12004","targetHints":{"allow":["GET"]}}],"collection":[{"href":"https:\/\/www.scmtec.com\/fr\/wp-json\/wp\/v2\/pages"}],"about":[{"href":"https:\/\/www.scmtec.com\/fr\/wp-json\/wp\/v2\/types\/page"}],"author":[{"embeddable":true,"href":"https:\/\/www.scmtec.com\/fr\/wp-json\/wp\/v2\/users\/1"}],"replies":[{"embeddable":true,"href":"https:\/\/www.scmtec.com\/fr\/wp-json\/wp\/v2\/comments?post=12004"}],"version-history":[{"count":0,"href":"https:\/\/www.scmtec.com\/fr\/wp-json\/wp\/v2\/pages\/12004\/revisions"}],"wp:attachment":[{"href":"https:\/\/www.scmtec.com\/fr\/wp-json\/wp\/v2\/media?parent=12004"}],"curies":[{"name":"wp","href":"https:\/\/api.w.org\/{rel}","templated":true}]}}