{"id":12019,"date":"2022-06-23T15:31:33","date_gmt":"2022-06-23T15:31:33","guid":{"rendered":"https:\/\/www.scmtec.com\/prodotto\/aeratori-per-serbatoi-di-fermentazione-ars\/"},"modified":"2022-11-29T23:38:21","modified_gmt":"2022-11-29T23:38:21","slug":"ars-aerateurs-pour-reservoirs-de-fermentation","status":"publish","type":"product","link":"https:\/\/www.scmtec.com\/fr\/prodotto\/ars-aerateurs-pour-reservoirs-de-fermentation\/","title":{"rendered":"ARS A\u00e9rateurs pour r\u00e9servoirs de fermentation"},"content":{"rendered":"","protected":false},"excerpt":{"rendered":"<ul>\n<li><strong>Puissance: 3 \u00f7 22 kW<\/strong><\/li>\n<li><strong>Vitesse de rotation: 1 450 min-1<\/strong><\/li>\n<\/ul>\n<p>Les a\u00e9rateurs de la s\u00e9rie ARS repr\u00e9sentent un syst\u00e8me flexible et multiforme pour l\u2019a\u00e9ration et l\u2019agitation dans les r\u00e9servoirs de fermentation par a\u00e9robie.<br \/>\nCes machines se distinguent des autres syst\u00e8mes similaires de par leur rendement \u00e9lev\u00e9 dans le transfert d\u2019oxyg\u00e8ne, mais aussi leur grande capacit\u00e9 d\u2019agitation dans la mesure o\u00f9, du moment qu\u2019ils travaillent sur le fond du r\u00e9servoir, ils assurent l\u2019a\u00e9ration totale du liquide en \u00e9vitant toute formation de zones mortes.<br \/>\nLe moteur \u00e9lectrique situ\u00e9 \u00e0 l\u2019ext\u00e9rieur du r\u00e9servoir et la section hydraulique enti\u00e8rement compos\u00e9e d\u2019acier AISI 316 font de l\u2019a\u00e9rateur ARS un dispositif indiqu\u00e9 pour l\u2019emploi dans les r\u00e9servoirs d\u2019eau propre ou dans des secteurs sp\u00e9cifiques tels que les secteurs alimentaire et pharmaceutique.<br \/>\nPour proc\u00e9der \u00e0 l\u2019installation, il convient de placer la plaque de raccord sur le fond du r\u00e9servoir en interposant un joint alimentaire en une mati\u00e8re appropri\u00e9e.<\/p>\n<p>&nbsp;<\/p>\n[fc id='12' align='left'][\/fc]\n","protected":false},"featured_media":11476,"template":"","meta":{"_themeisle_gutenberg_block_has_review":false},"product_brand":[],"product_cat":[140,141],"product_tag":[],"class_list":{"0":"post-12019","1":"product","2":"type-product","3":"status-publish","4":"has-post-thumbnail","6":"product_cat-aerazione-fr","7":"product_cat-fermentatori-fr","9":"first","10":"instock","11":"shipping-taxable","12":"product-type-simple"},"yoast_head":"<!-- This site is optimized with the Yoast SEO plugin v27.5 - https:\/\/yoast.com\/product\/yoast-seo-wordpress\/ -->\n<title>ARS A\u00e9rateurs pour r\u00e9servoirs de fermentation - SCM Tecnologie<\/title>\n<meta name=\"robots\" content=\"index, follow, max-snippet:-1, max-image-preview:large, max-video-preview:-1\" \/>\n<link rel=\"canonical\" href=\"https:\/\/www.scmtec.com\/fr\/prodotto\/ars-aerateurs-pour-reservoirs-de-fermentation\/\" \/>\n<meta property=\"og:locale\" content=\"fr_FR\" \/>\n<meta property=\"og:type\" content=\"article\" \/>\n<meta property=\"og:title\" content=\"ARS A\u00e9rateurs pour r\u00e9servoirs de fermentation - SCM Tecnologie\" \/>\n<meta property=\"og:description\" content=\"Puissance: 3 \u00f7 22 kW  Vitesse de rotation: 1 450 min-1  Les a\u00e9rateurs de la s\u00e9rie ARS repr\u00e9sentent un syst\u00e8me flexible et multiforme pour l\u2019a\u00e9ration et l\u2019agitation dans les r\u00e9servoirs de fermentation par a\u00e9robie. Ces machines se distinguent des autres syst\u00e8mes similaires de par leur rendement \u00e9lev\u00e9 dans le transfert d\u2019oxyg\u00e8ne, mais aussi leur grande capacit\u00e9 d\u2019agitation dans la mesure o\u00f9, du moment qu\u2019ils travaillent sur le fond du r\u00e9servoir, ils assurent l\u2019a\u00e9ration totale du liquide en \u00e9vitant toute formation de zones mortes. Le moteur \u00e9lectrique situ\u00e9 \u00e0 l\u2019ext\u00e9rieur du r\u00e9servoir et la section hydraulique enti\u00e8rement compos\u00e9e d\u2019acier AISI 316 font de l\u2019a\u00e9rateur ARS un dispositif indiqu\u00e9 pour l\u2019emploi dans les r\u00e9servoirs d\u2019eau propre ou dans des secteurs sp\u00e9cifiques tels que les secteurs alimentaire et pharmaceutique. Pour proc\u00e9der \u00e0 l\u2019installation, il convient de placer la plaque de raccord sur le fond du r\u00e9servoir en interposant un joint alimentaire en une mati\u00e8re appropri\u00e9e.  &nbsp;\" \/>\n<meta property=\"og:url\" content=\"https:\/\/www.scmtec.com\/fr\/prodotto\/ars-aerateurs-pour-reservoirs-de-fermentation\/\" \/>\n<meta property=\"og:site_name\" content=\"SCM Tecnologie\" \/>\n<meta property=\"article:modified_time\" content=\"2022-11-29T23:38:21+00:00\" \/>\n<meta property=\"og:image\" content=\"https:\/\/i0.wp.com\/www.scmtec.com\/wp-content\/uploads\/2022\/06\/ars.jpg?fit=600%2C600&ssl=1\" \/>\n\t<meta property=\"og:image:width\" content=\"600\" \/>\n\t<meta property=\"og:image:height\" content=\"600\" \/>\n\t<meta property=\"og:image:type\" content=\"image\/jpeg\" \/>\n<meta name=\"twitter:card\" content=\"summary_large_image\" \/>\n<script type=\"application\/ld+json\" class=\"yoast-schema-graph\">{\"@context\":\"https:\\\/\\\/schema.org\",\"@graph\":[{\"@type\":\"WebPage\",\"@id\":\"https:\\\/\\\/www.scmtec.com\\\/fr\\\/prodotto\\\/ars-aerateurs-pour-reservoirs-de-fermentation\\\/\",\"url\":\"https:\\\/\\\/www.scmtec.com\\\/fr\\\/prodotto\\\/ars-aerateurs-pour-reservoirs-de-fermentation\\\/\",\"name\":\"ARS A\u00e9rateurs pour r\u00e9servoirs de fermentation - SCM Tecnologie\",\"isPartOf\":{\"@id\":\"https:\\\/\\\/www.scmtec.com\\\/#website\"},\"primaryImageOfPage\":{\"@id\":\"https:\\\/\\\/www.scmtec.com\\\/fr\\\/prodotto\\\/ars-aerateurs-pour-reservoirs-de-fermentation\\\/#primaryimage\"},\"image\":{\"@id\":\"https:\\\/\\\/www.scmtec.com\\\/fr\\\/prodotto\\\/ars-aerateurs-pour-reservoirs-de-fermentation\\\/#primaryimage\"},\"thumbnailUrl\":\"https:\\\/\\\/i0.wp.com\\\/www.scmtec.com\\\/wp-content\\\/uploads\\\/2022\\\/06\\\/ars.jpg?fit=600%2C600&ssl=1\",\"datePublished\":\"2022-06-23T15:31:33+00:00\",\"dateModified\":\"2022-11-29T23:38:21+00:00\",\"breadcrumb\":{\"@id\":\"https:\\\/\\\/www.scmtec.com\\\/fr\\\/prodotto\\\/ars-aerateurs-pour-reservoirs-de-fermentation\\\/#breadcrumb\"},\"inLanguage\":\"fr-FR\",\"potentialAction\":[{\"@type\":\"ReadAction\",\"target\":[\"https:\\\/\\\/www.scmtec.com\\\/fr\\\/prodotto\\\/ars-aerateurs-pour-reservoirs-de-fermentation\\\/\"]}]},{\"@type\":\"ImageObject\",\"inLanguage\":\"fr-FR\",\"@id\":\"https:\\\/\\\/www.scmtec.com\\\/fr\\\/prodotto\\\/ars-aerateurs-pour-reservoirs-de-fermentation\\\/#primaryimage\",\"url\":\"https:\\\/\\\/i0.wp.com\\\/www.scmtec.com\\\/wp-content\\\/uploads\\\/2022\\\/06\\\/ars.jpg?fit=600%2C600&ssl=1\",\"contentUrl\":\"https:\\\/\\\/i0.wp.com\\\/www.scmtec.com\\\/wp-content\\\/uploads\\\/2022\\\/06\\\/ars.jpg?fit=600%2C600&ssl=1\",\"width\":600,\"height\":600},{\"@type\":\"BreadcrumbList\",\"@id\":\"https:\\\/\\\/www.scmtec.com\\\/fr\\\/prodotto\\\/ars-aerateurs-pour-reservoirs-de-fermentation\\\/#breadcrumb\",\"itemListElement\":[{\"@type\":\"ListItem\",\"position\":1,\"name\":\"Home\",\"item\":\"https:\\\/\\\/www.scmtec.com\\\/fr\\\/\"},{\"@type\":\"ListItem\",\"position\":2,\"name\":\"I nostri prodotti\",\"item\":\"https:\\\/\\\/www.scmtec.com\\\/es\\\/nuestros-productos\\\/\"},{\"@type\":\"ListItem\",\"position\":3,\"name\":\"ARS A\u00e9rateurs pour r\u00e9servoirs de fermentation\"}]},{\"@type\":\"WebSite\",\"@id\":\"https:\\\/\\\/www.scmtec.com\\\/#website\",\"url\":\"https:\\\/\\\/www.scmtec.com\\\/\",\"name\":\"SCM Tecnologie\",\"description\":\"\",\"potentialAction\":[{\"@type\":\"SearchAction\",\"target\":{\"@type\":\"EntryPoint\",\"urlTemplate\":\"https:\\\/\\\/www.scmtec.com\\\/?s={search_term_string}\"},\"query-input\":{\"@type\":\"PropertyValueSpecification\",\"valueRequired\":true,\"valueName\":\"search_term_string\"}}],\"inLanguage\":\"fr-FR\"}]}<\/script>\n<!-- \/ Yoast SEO plugin. -->","yoast_head_json":{"title":"ARS A\u00e9rateurs pour r\u00e9servoirs de fermentation - SCM Tecnologie","robots":{"index":"index","follow":"follow","max-snippet":"max-snippet:-1","max-image-preview":"max-image-preview:large","max-video-preview":"max-video-preview:-1"},"canonical":"https:\/\/www.scmtec.com\/fr\/prodotto\/ars-aerateurs-pour-reservoirs-de-fermentation\/","og_locale":"fr_FR","og_type":"article","og_title":"ARS A\u00e9rateurs pour r\u00e9servoirs de fermentation - SCM Tecnologie","og_description":"Puissance: 3 \u00f7 22 kW  Vitesse de rotation: 1 450 min-1  Les a\u00e9rateurs de la s\u00e9rie ARS repr\u00e9sentent un syst\u00e8me flexible et multiforme pour l\u2019a\u00e9ration et l\u2019agitation dans les r\u00e9servoirs de fermentation par a\u00e9robie. Ces machines se distinguent des autres syst\u00e8mes similaires de par leur rendement \u00e9lev\u00e9 dans le transfert d\u2019oxyg\u00e8ne, mais aussi leur grande capacit\u00e9 d\u2019agitation dans la mesure o\u00f9, du moment qu\u2019ils travaillent sur le fond du r\u00e9servoir, ils assurent l\u2019a\u00e9ration totale du liquide en \u00e9vitant toute formation de zones mortes. Le moteur \u00e9lectrique situ\u00e9 \u00e0 l\u2019ext\u00e9rieur du r\u00e9servoir et la section hydraulique enti\u00e8rement compos\u00e9e d\u2019acier AISI 316 font de l\u2019a\u00e9rateur ARS un dispositif indiqu\u00e9 pour l\u2019emploi dans les r\u00e9servoirs d\u2019eau propre ou dans des secteurs sp\u00e9cifiques tels que les secteurs alimentaire et pharmaceutique. Pour proc\u00e9der \u00e0 l\u2019installation, il convient de placer la plaque de raccord sur le fond du r\u00e9servoir en interposant un joint alimentaire en une mati\u00e8re appropri\u00e9e.  &nbsp;","og_url":"https:\/\/www.scmtec.com\/fr\/prodotto\/ars-aerateurs-pour-reservoirs-de-fermentation\/","og_site_name":"SCM Tecnologie","article_modified_time":"2022-11-29T23:38:21+00:00","og_image":[{"width":600,"height":600,"url":"https:\/\/i0.wp.com\/www.scmtec.com\/wp-content\/uploads\/2022\/06\/ars.jpg?fit=600%2C600&ssl=1","type":"image\/jpeg"}],"twitter_card":"summary_large_image","schema":{"@context":"https:\/\/schema.org","@graph":[{"@type":"WebPage","@id":"https:\/\/www.scmtec.com\/fr\/prodotto\/ars-aerateurs-pour-reservoirs-de-fermentation\/","url":"https:\/\/www.scmtec.com\/fr\/prodotto\/ars-aerateurs-pour-reservoirs-de-fermentation\/","name":"ARS A\u00e9rateurs pour r\u00e9servoirs de fermentation - SCM Tecnologie","isPartOf":{"@id":"https:\/\/www.scmtec.com\/#website"},"primaryImageOfPage":{"@id":"https:\/\/www.scmtec.com\/fr\/prodotto\/ars-aerateurs-pour-reservoirs-de-fermentation\/#primaryimage"},"image":{"@id":"https:\/\/www.scmtec.com\/fr\/prodotto\/ars-aerateurs-pour-reservoirs-de-fermentation\/#primaryimage"},"thumbnailUrl":"https:\/\/i0.wp.com\/www.scmtec.com\/wp-content\/uploads\/2022\/06\/ars.jpg?fit=600%2C600&ssl=1","datePublished":"2022-06-23T15:31:33+00:00","dateModified":"2022-11-29T23:38:21+00:00","breadcrumb":{"@id":"https:\/\/www.scmtec.com\/fr\/prodotto\/ars-aerateurs-pour-reservoirs-de-fermentation\/#breadcrumb"},"inLanguage":"fr-FR","potentialAction":[{"@type":"ReadAction","target":["https:\/\/www.scmtec.com\/fr\/prodotto\/ars-aerateurs-pour-reservoirs-de-fermentation\/"]}]},{"@type":"ImageObject","inLanguage":"fr-FR","@id":"https:\/\/www.scmtec.com\/fr\/prodotto\/ars-aerateurs-pour-reservoirs-de-fermentation\/#primaryimage","url":"https:\/\/i0.wp.com\/www.scmtec.com\/wp-content\/uploads\/2022\/06\/ars.jpg?fit=600%2C600&ssl=1","contentUrl":"https:\/\/i0.wp.com\/www.scmtec.com\/wp-content\/uploads\/2022\/06\/ars.jpg?fit=600%2C600&ssl=1","width":600,"height":600},{"@type":"BreadcrumbList","@id":"https:\/\/www.scmtec.com\/fr\/prodotto\/ars-aerateurs-pour-reservoirs-de-fermentation\/#breadcrumb","itemListElement":[{"@type":"ListItem","position":1,"name":"Home","item":"https:\/\/www.scmtec.com\/fr\/"},{"@type":"ListItem","position":2,"name":"I nostri prodotti","item":"https:\/\/www.scmtec.com\/es\/nuestros-productos\/"},{"@type":"ListItem","position":3,"name":"ARS A\u00e9rateurs pour r\u00e9servoirs de fermentation"}]},{"@type":"WebSite","@id":"https:\/\/www.scmtec.com\/#website","url":"https:\/\/www.scmtec.com\/","name":"SCM Tecnologie","description":"","potentialAction":[{"@type":"SearchAction","target":{"@type":"EntryPoint","urlTemplate":"https:\/\/www.scmtec.com\/?s={search_term_string}"},"query-input":{"@type":"PropertyValueSpecification","valueRequired":true,"valueName":"search_term_string"}}],"inLanguage":"fr-FR"}]}},"jetpack_sharing_enabled":true,"_links":{"self":[{"href":"https:\/\/www.scmtec.com\/fr\/wp-json\/wp\/v2\/product\/12019","targetHints":{"allow":["GET"]}}],"collection":[{"href":"https:\/\/www.scmtec.com\/fr\/wp-json\/wp\/v2\/product"}],"about":[{"href":"https:\/\/www.scmtec.com\/fr\/wp-json\/wp\/v2\/types\/product"}],"wp:featuredmedia":[{"embeddable":true,"href":"https:\/\/www.scmtec.com\/fr\/wp-json\/wp\/v2\/media\/11476"}],"wp:attachment":[{"href":"https:\/\/www.scmtec.com\/fr\/wp-json\/wp\/v2\/media?parent=12019"}],"wp:term":[{"taxonomy":"product_brand","embeddable":true,"href":"https:\/\/www.scmtec.com\/fr\/wp-json\/wp\/v2\/product_brand?post=12019"},{"taxonomy":"product_cat","embeddable":true,"href":"https:\/\/www.scmtec.com\/fr\/wp-json\/wp\/v2\/product_cat?post=12019"},{"taxonomy":"product_tag","embeddable":true,"href":"https:\/\/www.scmtec.com\/fr\/wp-json\/wp\/v2\/product_tag?post=12019"}],"curies":[{"name":"wp","href":"https:\/\/api.w.org\/{rel}","templated":true}]}}