{"id":12020,"date":"2022-06-23T14:35:22","date_gmt":"2022-06-23T14:35:22","guid":{"rendered":"https:\/\/www.scmtec.com\/prodotto\/diffusori-a-disco-a-bolle-fini-airex\/"},"modified":"2022-11-29T23:28:12","modified_gmt":"2022-11-29T23:28:12","slug":"airex-disques-diffuseurs-a-fines-bulles","status":"publish","type":"product","link":"https:\/\/www.scmtec.com\/fr\/prodotto\/airex-disques-diffuseurs-a-fines-bulles\/","title":{"rendered":"Airex Disques diffuseurs \u00e0 fines bulles"},"content":{"rendered":"","protected":false},"excerpt":{"rendered":"<ul>\n<li><strong>Dimensions : 9\u201d ou 12\u201d<\/strong><\/li>\n<li><strong>Mat\u00e9riau de la membrane : EPDM ou silicone<\/strong><\/li>\n<\/ul>\n<p>Les disques diffuseurs \u00e0 fines bulles Airex sont disponibles en trois tailles avec des d\u00e9bits unitaires d\u2019air diff\u00e9rents. Ils peuvent \u00eatre fournis en vrac ou organis\u00e9s en r\u00e9seaux pr\u00e9assembl\u00e9s, con\u00e7us par le bureau technique interne de S.C.M. Tecnologie en fonction des diff\u00e9rentes typologies de traitements et g\u00e9om\u00e9tries des cuves. La membrane microperc\u00e9e \u00e0 fines bulles associe des rendements \u00e9lev\u00e9s dans le transfert d\u2019oxyg\u00e8ne \u00e0 de faibles pertes de charge. Le mat\u00e9riau le plus commun\u00e9ment employ\u00e9 pour composer la membrane est l\u2019EPDM, un type d\u2019\u00e9lastom\u00e8re permettant d\u2019utiliser avec succ\u00e8s les disques diffuseurs dans la plupart des applications municipales et dans de nombreuses applications industrielles. Les disques diffuseurs Airex sont \u00e9galement disponibles avec une membrane en silicone, convenant \u00e0 des applications \u00e0 haute temp\u00e9rature et en cas d\u2019eaux us\u00e9es \u00e0 la composition particuli\u00e8rement agressive. Les membranes peuvent \u00eatre r\u00e9alis\u00e9es avec diff\u00e9rents trous en fonction du type d\u2019eau us\u00e9e<\/p>\n<p>&nbsp;<\/p>\n[fc id='12' align='left'][\/fc]\n","protected":false},"featured_media":11470,"template":"","meta":{"_themeisle_gutenberg_block_has_review":false},"product_brand":[],"product_cat":[140,142],"product_tag":[],"class_list":{"0":"post-12020","1":"product","2":"type-product","3":"status-publish","4":"has-post-thumbnail","6":"product_cat-aerazione-fr","7":"product_cat-diffusori-fr","9":"first","10":"instock","11":"shipping-taxable","12":"product-type-simple"},"yoast_head":"<!-- This site is optimized with the Yoast SEO plugin v27.5 - https:\/\/yoast.com\/product\/yoast-seo-wordpress\/ -->\n<title>Airex Disques diffuseurs \u00e0 fines bulles - SCM Tecnologie<\/title>\n<meta name=\"robots\" content=\"index, follow, max-snippet:-1, max-image-preview:large, max-video-preview:-1\" \/>\n<link rel=\"canonical\" href=\"https:\/\/www.scmtec.com\/fr\/prodotto\/airex-disques-diffuseurs-a-fines-bulles\/\" \/>\n<meta property=\"og:locale\" content=\"fr_FR\" \/>\n<meta property=\"og:type\" content=\"article\" \/>\n<meta property=\"og:title\" content=\"Airex Disques diffuseurs \u00e0 fines bulles - SCM Tecnologie\" \/>\n<meta property=\"og:description\" content=\"Dimensions : 9\u201d ou 12\u201d  Mat\u00e9riau de la membrane : EPDM ou silicone  Les disques diffuseurs \u00e0 fines bulles Airex sont disponibles en trois tailles avec des d\u00e9bits unitaires d\u2019air diff\u00e9rents. Ils peuvent \u00eatre fournis en vrac ou organis\u00e9s en r\u00e9seaux pr\u00e9assembl\u00e9s, con\u00e7us par le bureau technique interne de S.C.M. Tecnologie en fonction des diff\u00e9rentes typologies de traitements et g\u00e9om\u00e9tries des cuves. La membrane microperc\u00e9e \u00e0 fines bulles associe des rendements \u00e9lev\u00e9s dans le transfert d\u2019oxyg\u00e8ne \u00e0 de faibles pertes de charge. Le mat\u00e9riau le plus commun\u00e9ment employ\u00e9 pour composer la membrane est l\u2019EPDM, un type d\u2019\u00e9lastom\u00e8re permettant d\u2019utiliser avec succ\u00e8s les disques diffuseurs dans la plupart des applications municipales et dans de nombreuses applications industrielles. Les disques diffuseurs Airex sont \u00e9galement disponibles avec une membrane en silicone, convenant \u00e0 des applications \u00e0 haute temp\u00e9rature et en cas d\u2019eaux us\u00e9es \u00e0 la composition particuli\u00e8rement agressive. Les membranes peuvent \u00eatre r\u00e9alis\u00e9es avec diff\u00e9rents trous en fonction du type d\u2019eau us\u00e9e  &nbsp;\" \/>\n<meta property=\"og:url\" content=\"https:\/\/www.scmtec.com\/fr\/prodotto\/airex-disques-diffuseurs-a-fines-bulles\/\" \/>\n<meta property=\"og:site_name\" content=\"SCM Tecnologie\" \/>\n<meta property=\"article:modified_time\" content=\"2022-11-29T23:28:12+00:00\" \/>\n<meta property=\"og:image\" content=\"https:\/\/i0.wp.com\/www.scmtec.com\/wp-content\/uploads\/2022\/06\/diffusori-a-disco-a-bolle.jpg?fit=600%2C600&ssl=1\" \/>\n\t<meta property=\"og:image:width\" content=\"600\" \/>\n\t<meta property=\"og:image:height\" content=\"600\" \/>\n\t<meta property=\"og:image:type\" content=\"image\/jpeg\" \/>\n<meta name=\"twitter:card\" content=\"summary_large_image\" \/>\n<script type=\"application\/ld+json\" class=\"yoast-schema-graph\">{\"@context\":\"https:\\\/\\\/schema.org\",\"@graph\":[{\"@type\":\"WebPage\",\"@id\":\"https:\\\/\\\/www.scmtec.com\\\/fr\\\/prodotto\\\/airex-disques-diffuseurs-a-fines-bulles\\\/\",\"url\":\"https:\\\/\\\/www.scmtec.com\\\/fr\\\/prodotto\\\/airex-disques-diffuseurs-a-fines-bulles\\\/\",\"name\":\"Airex Disques diffuseurs \u00e0 fines bulles - SCM Tecnologie\",\"isPartOf\":{\"@id\":\"https:\\\/\\\/www.scmtec.com\\\/#website\"},\"primaryImageOfPage\":{\"@id\":\"https:\\\/\\\/www.scmtec.com\\\/fr\\\/prodotto\\\/airex-disques-diffuseurs-a-fines-bulles\\\/#primaryimage\"},\"image\":{\"@id\":\"https:\\\/\\\/www.scmtec.com\\\/fr\\\/prodotto\\\/airex-disques-diffuseurs-a-fines-bulles\\\/#primaryimage\"},\"thumbnailUrl\":\"https:\\\/\\\/i0.wp.com\\\/www.scmtec.com\\\/wp-content\\\/uploads\\\/2022\\\/06\\\/diffusori-a-disco-a-bolle.jpg?fit=600%2C600&ssl=1\",\"datePublished\":\"2022-06-23T14:35:22+00:00\",\"dateModified\":\"2022-11-29T23:28:12+00:00\",\"breadcrumb\":{\"@id\":\"https:\\\/\\\/www.scmtec.com\\\/fr\\\/prodotto\\\/airex-disques-diffuseurs-a-fines-bulles\\\/#breadcrumb\"},\"inLanguage\":\"fr-FR\",\"potentialAction\":[{\"@type\":\"ReadAction\",\"target\":[\"https:\\\/\\\/www.scmtec.com\\\/fr\\\/prodotto\\\/airex-disques-diffuseurs-a-fines-bulles\\\/\"]}]},{\"@type\":\"ImageObject\",\"inLanguage\":\"fr-FR\",\"@id\":\"https:\\\/\\\/www.scmtec.com\\\/fr\\\/prodotto\\\/airex-disques-diffuseurs-a-fines-bulles\\\/#primaryimage\",\"url\":\"https:\\\/\\\/i0.wp.com\\\/www.scmtec.com\\\/wp-content\\\/uploads\\\/2022\\\/06\\\/diffusori-a-disco-a-bolle.jpg?fit=600%2C600&ssl=1\",\"contentUrl\":\"https:\\\/\\\/i0.wp.com\\\/www.scmtec.com\\\/wp-content\\\/uploads\\\/2022\\\/06\\\/diffusori-a-disco-a-bolle.jpg?fit=600%2C600&ssl=1\",\"width\":600,\"height\":600},{\"@type\":\"BreadcrumbList\",\"@id\":\"https:\\\/\\\/www.scmtec.com\\\/fr\\\/prodotto\\\/airex-disques-diffuseurs-a-fines-bulles\\\/#breadcrumb\",\"itemListElement\":[{\"@type\":\"ListItem\",\"position\":1,\"name\":\"Home\",\"item\":\"https:\\\/\\\/www.scmtec.com\\\/fr\\\/\"},{\"@type\":\"ListItem\",\"position\":2,\"name\":\"I nostri prodotti\",\"item\":\"https:\\\/\\\/www.scmtec.com\\\/es\\\/nuestros-productos\\\/\"},{\"@type\":\"ListItem\",\"position\":3,\"name\":\"Airex Disques diffuseurs \u00e0 fines bulles\"}]},{\"@type\":\"WebSite\",\"@id\":\"https:\\\/\\\/www.scmtec.com\\\/#website\",\"url\":\"https:\\\/\\\/www.scmtec.com\\\/\",\"name\":\"SCM Tecnologie\",\"description\":\"\",\"potentialAction\":[{\"@type\":\"SearchAction\",\"target\":{\"@type\":\"EntryPoint\",\"urlTemplate\":\"https:\\\/\\\/www.scmtec.com\\\/?s={search_term_string}\"},\"query-input\":{\"@type\":\"PropertyValueSpecification\",\"valueRequired\":true,\"valueName\":\"search_term_string\"}}],\"inLanguage\":\"fr-FR\"}]}<\/script>\n<!-- \/ Yoast SEO plugin. -->","yoast_head_json":{"title":"Airex Disques diffuseurs \u00e0 fines bulles - SCM Tecnologie","robots":{"index":"index","follow":"follow","max-snippet":"max-snippet:-1","max-image-preview":"max-image-preview:large","max-video-preview":"max-video-preview:-1"},"canonical":"https:\/\/www.scmtec.com\/fr\/prodotto\/airex-disques-diffuseurs-a-fines-bulles\/","og_locale":"fr_FR","og_type":"article","og_title":"Airex Disques diffuseurs \u00e0 fines bulles - SCM Tecnologie","og_description":"Dimensions : 9\u201d ou 12\u201d  Mat\u00e9riau de la membrane : EPDM ou silicone  Les disques diffuseurs \u00e0 fines bulles Airex sont disponibles en trois tailles avec des d\u00e9bits unitaires d\u2019air diff\u00e9rents. Ils peuvent \u00eatre fournis en vrac ou organis\u00e9s en r\u00e9seaux pr\u00e9assembl\u00e9s, con\u00e7us par le bureau technique interne de S.C.M. Tecnologie en fonction des diff\u00e9rentes typologies de traitements et g\u00e9om\u00e9tries des cuves. La membrane microperc\u00e9e \u00e0 fines bulles associe des rendements \u00e9lev\u00e9s dans le transfert d\u2019oxyg\u00e8ne \u00e0 de faibles pertes de charge. Le mat\u00e9riau le plus commun\u00e9ment employ\u00e9 pour composer la membrane est l\u2019EPDM, un type d\u2019\u00e9lastom\u00e8re permettant d\u2019utiliser avec succ\u00e8s les disques diffuseurs dans la plupart des applications municipales et dans de nombreuses applications industrielles. Les disques diffuseurs Airex sont \u00e9galement disponibles avec une membrane en silicone, convenant \u00e0 des applications \u00e0 haute temp\u00e9rature et en cas d\u2019eaux us\u00e9es \u00e0 la composition particuli\u00e8rement agressive. Les membranes peuvent \u00eatre r\u00e9alis\u00e9es avec diff\u00e9rents trous en fonction du type d\u2019eau us\u00e9e  &nbsp;","og_url":"https:\/\/www.scmtec.com\/fr\/prodotto\/airex-disques-diffuseurs-a-fines-bulles\/","og_site_name":"SCM Tecnologie","article_modified_time":"2022-11-29T23:28:12+00:00","og_image":[{"width":600,"height":600,"url":"https:\/\/i0.wp.com\/www.scmtec.com\/wp-content\/uploads\/2022\/06\/diffusori-a-disco-a-bolle.jpg?fit=600%2C600&ssl=1","type":"image\/jpeg"}],"twitter_card":"summary_large_image","schema":{"@context":"https:\/\/schema.org","@graph":[{"@type":"WebPage","@id":"https:\/\/www.scmtec.com\/fr\/prodotto\/airex-disques-diffuseurs-a-fines-bulles\/","url":"https:\/\/www.scmtec.com\/fr\/prodotto\/airex-disques-diffuseurs-a-fines-bulles\/","name":"Airex Disques diffuseurs \u00e0 fines bulles - SCM Tecnologie","isPartOf":{"@id":"https:\/\/www.scmtec.com\/#website"},"primaryImageOfPage":{"@id":"https:\/\/www.scmtec.com\/fr\/prodotto\/airex-disques-diffuseurs-a-fines-bulles\/#primaryimage"},"image":{"@id":"https:\/\/www.scmtec.com\/fr\/prodotto\/airex-disques-diffuseurs-a-fines-bulles\/#primaryimage"},"thumbnailUrl":"https:\/\/i0.wp.com\/www.scmtec.com\/wp-content\/uploads\/2022\/06\/diffusori-a-disco-a-bolle.jpg?fit=600%2C600&ssl=1","datePublished":"2022-06-23T14:35:22+00:00","dateModified":"2022-11-29T23:28:12+00:00","breadcrumb":{"@id":"https:\/\/www.scmtec.com\/fr\/prodotto\/airex-disques-diffuseurs-a-fines-bulles\/#breadcrumb"},"inLanguage":"fr-FR","potentialAction":[{"@type":"ReadAction","target":["https:\/\/www.scmtec.com\/fr\/prodotto\/airex-disques-diffuseurs-a-fines-bulles\/"]}]},{"@type":"ImageObject","inLanguage":"fr-FR","@id":"https:\/\/www.scmtec.com\/fr\/prodotto\/airex-disques-diffuseurs-a-fines-bulles\/#primaryimage","url":"https:\/\/i0.wp.com\/www.scmtec.com\/wp-content\/uploads\/2022\/06\/diffusori-a-disco-a-bolle.jpg?fit=600%2C600&ssl=1","contentUrl":"https:\/\/i0.wp.com\/www.scmtec.com\/wp-content\/uploads\/2022\/06\/diffusori-a-disco-a-bolle.jpg?fit=600%2C600&ssl=1","width":600,"height":600},{"@type":"BreadcrumbList","@id":"https:\/\/www.scmtec.com\/fr\/prodotto\/airex-disques-diffuseurs-a-fines-bulles\/#breadcrumb","itemListElement":[{"@type":"ListItem","position":1,"name":"Home","item":"https:\/\/www.scmtec.com\/fr\/"},{"@type":"ListItem","position":2,"name":"I nostri prodotti","item":"https:\/\/www.scmtec.com\/es\/nuestros-productos\/"},{"@type":"ListItem","position":3,"name":"Airex Disques diffuseurs \u00e0 fines bulles"}]},{"@type":"WebSite","@id":"https:\/\/www.scmtec.com\/#website","url":"https:\/\/www.scmtec.com\/","name":"SCM Tecnologie","description":"","potentialAction":[{"@type":"SearchAction","target":{"@type":"EntryPoint","urlTemplate":"https:\/\/www.scmtec.com\/?s={search_term_string}"},"query-input":{"@type":"PropertyValueSpecification","valueRequired":true,"valueName":"search_term_string"}}],"inLanguage":"fr-FR"}]}},"jetpack_sharing_enabled":true,"_links":{"self":[{"href":"https:\/\/www.scmtec.com\/fr\/wp-json\/wp\/v2\/product\/12020","targetHints":{"allow":["GET"]}}],"collection":[{"href":"https:\/\/www.scmtec.com\/fr\/wp-json\/wp\/v2\/product"}],"about":[{"href":"https:\/\/www.scmtec.com\/fr\/wp-json\/wp\/v2\/types\/product"}],"wp:featuredmedia":[{"embeddable":true,"href":"https:\/\/www.scmtec.com\/fr\/wp-json\/wp\/v2\/media\/11470"}],"wp:attachment":[{"href":"https:\/\/www.scmtec.com\/fr\/wp-json\/wp\/v2\/media?parent=12020"}],"wp:term":[{"taxonomy":"product_brand","embeddable":true,"href":"https:\/\/www.scmtec.com\/fr\/wp-json\/wp\/v2\/product_brand?post=12020"},{"taxonomy":"product_cat","embeddable":true,"href":"https:\/\/www.scmtec.com\/fr\/wp-json\/wp\/v2\/product_cat?post=12020"},{"taxonomy":"product_tag","embeddable":true,"href":"https:\/\/www.scmtec.com\/fr\/wp-json\/wp\/v2\/product_tag?post=12020"}],"curies":[{"name":"wp","href":"https:\/\/api.w.org\/{rel}","templated":true}]}}