{"id":12023,"date":"2022-06-23T14:16:47","date_gmt":"2022-06-23T14:16:47","guid":{"rendered":"https:\/\/www.scmtec.com\/prodotto\/diffusori-tubolari-a-bolle-fini-td\/"},"modified":"2022-11-29T23:33:03","modified_gmt":"2022-11-29T23:33:03","slug":"td-tubes-diffuseurs-a-fines-bulles","status":"publish","type":"product","link":"https:\/\/www.scmtec.com\/fr\/prodotto\/td-tubes-diffuseurs-a-fines-bulles\/","title":{"rendered":"TD Tubes diffuseurs \u00e0 fines bulles"},"content":{"rendered":"","protected":false},"excerpt":{"rendered":"<ul>\n<li><strong>Longueur: de 580 mm \u00e0 1 080 mm<\/strong><\/li>\n<li><strong>Mat\u00e9riau de la membrane: EPDM ou silicone<\/strong><\/li>\n<\/ul>\n<p>Les tubes diffuseurs \u00e0 fines bulles sont disponibles en trois longueurs avec des d\u00e9bits unitaires d\u2019air diff\u00e9rents. Ils sont organis\u00e9s de pr\u00e9f\u00e9rence en groupes pr\u00e9assembl\u00e9s autoportants, faciles \u00e0 transporter et \u00e0 installer. Ces syst\u00e8mes sont form\u00e9s de tubes \u00e0 section carr\u00e9e en acier inoxydable qui assurent aussi bien la fonction d\u2019alimentation des diffuseurs que celle de support.<br \/>\nLe nombre d\u2019unit\u00e9s group\u00e9es et les dimensions de chaque groupe peuvent \u00eatre personnalis\u00e9s sur demande. La membrane microperc\u00e9e associe un rendement \u00e9lev\u00e9 dans le transfert d\u2019oxyg\u00e8ne \u00e0 de faibles pertes de charge. Pour les membranes, la mati\u00e8re la plus commun\u00e9ment employ\u00e9e est le caoutchouc EPDM. Toutefois, des membranes en mati\u00e8res alternatives sont disponibles sur demande pour les applications avec des eaux us\u00e9es \u00e0 la composition particuli\u00e8rement agressive.<\/p>\n<p>&nbsp;<\/p>\n[fc id='12' align='left'][\/fc]\n","protected":false},"featured_media":11473,"template":"","meta":{"_themeisle_gutenberg_block_has_review":false},"product_brand":[],"product_cat":[140,142],"product_tag":[],"class_list":{"0":"post-12023","1":"product","2":"type-product","3":"status-publish","4":"has-post-thumbnail","6":"product_cat-aerazione-fr","7":"product_cat-diffusori-fr","9":"first","10":"instock","11":"shipping-taxable","12":"product-type-simple"},"yoast_head":"<!-- This site is optimized with the Yoast SEO plugin v24.7 - https:\/\/yoast.com\/wordpress\/plugins\/seo\/ -->\n<title>TD Tubes diffuseurs \u00e0 fines bulles - SCM Tecnologie<\/title>\n<meta name=\"robots\" content=\"index, follow, max-snippet:-1, max-image-preview:large, max-video-preview:-1\" \/>\n<link rel=\"canonical\" href=\"https:\/\/www.scmtec.com\/fr\/prodotto\/td-tubes-diffuseurs-a-fines-bulles\/\" \/>\n<meta property=\"og:locale\" content=\"fr_FR\" \/>\n<meta property=\"og:type\" content=\"article\" \/>\n<meta property=\"og:title\" content=\"TD Tubes diffuseurs \u00e0 fines bulles - SCM Tecnologie\" \/>\n<meta property=\"og:description\" content=\"Longueur: de 580 mm \u00e0 1 080 mm  Mat\u00e9riau de la membrane: EPDM ou silicone  Les tubes diffuseurs \u00e0 fines bulles sont disponibles en trois longueurs avec des d\u00e9bits unitaires d\u2019air diff\u00e9rents. Ils sont organis\u00e9s de pr\u00e9f\u00e9rence en groupes pr\u00e9assembl\u00e9s autoportants, faciles \u00e0 transporter et \u00e0 installer. Ces syst\u00e8mes sont form\u00e9s de tubes \u00e0 section carr\u00e9e en acier inoxydable qui assurent aussi bien la fonction d\u2019alimentation des diffuseurs que celle de support. Le nombre d\u2019unit\u00e9s group\u00e9es et les dimensions de chaque groupe peuvent \u00eatre personnalis\u00e9s sur demande. La membrane microperc\u00e9e associe un rendement \u00e9lev\u00e9 dans le transfert d\u2019oxyg\u00e8ne \u00e0 de faibles pertes de charge. Pour les membranes, la mati\u00e8re la plus commun\u00e9ment employ\u00e9e est le caoutchouc EPDM. Toutefois, des membranes en mati\u00e8res alternatives sont disponibles sur demande pour les applications avec des eaux us\u00e9es \u00e0 la composition particuli\u00e8rement agressive.  &nbsp;\" \/>\n<meta property=\"og:url\" content=\"https:\/\/www.scmtec.com\/fr\/prodotto\/td-tubes-diffuseurs-a-fines-bulles\/\" \/>\n<meta property=\"og:site_name\" content=\"SCM Tecnologie\" \/>\n<meta property=\"article:modified_time\" content=\"2022-11-29T23:33:03+00:00\" \/>\n<meta property=\"og:image\" content=\"https:\/\/i0.wp.com\/www.scmtec.com\/wp-content\/uploads\/2022\/06\/diffusore-tibulare.jpg?fit=600%2C600&ssl=1\" \/>\n\t<meta property=\"og:image:width\" content=\"600\" \/>\n\t<meta property=\"og:image:height\" content=\"600\" \/>\n\t<meta property=\"og:image:type\" content=\"image\/jpeg\" \/>\n<meta name=\"twitter:card\" content=\"summary_large_image\" \/>\n<script type=\"application\/ld+json\" class=\"yoast-schema-graph\">{\"@context\":\"https:\/\/schema.org\",\"@graph\":[{\"@type\":\"WebPage\",\"@id\":\"https:\/\/www.scmtec.com\/fr\/prodotto\/td-tubes-diffuseurs-a-fines-bulles\/\",\"url\":\"https:\/\/www.scmtec.com\/fr\/prodotto\/td-tubes-diffuseurs-a-fines-bulles\/\",\"name\":\"TD Tubes diffuseurs \u00e0 fines bulles - SCM Tecnologie\",\"isPartOf\":{\"@id\":\"https:\/\/www.scmtec.com\/#website\"},\"primaryImageOfPage\":{\"@id\":\"https:\/\/www.scmtec.com\/fr\/prodotto\/td-tubes-diffuseurs-a-fines-bulles\/#primaryimage\"},\"image\":{\"@id\":\"https:\/\/www.scmtec.com\/fr\/prodotto\/td-tubes-diffuseurs-a-fines-bulles\/#primaryimage\"},\"thumbnailUrl\":\"https:\/\/i0.wp.com\/www.scmtec.com\/wp-content\/uploads\/2022\/06\/diffusore-tibulare.jpg?fit=600%2C600&ssl=1\",\"datePublished\":\"2022-06-23T14:16:47+00:00\",\"dateModified\":\"2022-11-29T23:33:03+00:00\",\"breadcrumb\":{\"@id\":\"https:\/\/www.scmtec.com\/fr\/prodotto\/td-tubes-diffuseurs-a-fines-bulles\/#breadcrumb\"},\"inLanguage\":\"fr-FR\",\"potentialAction\":[{\"@type\":\"ReadAction\",\"target\":[\"https:\/\/www.scmtec.com\/fr\/prodotto\/td-tubes-diffuseurs-a-fines-bulles\/\"]}]},{\"@type\":\"ImageObject\",\"inLanguage\":\"fr-FR\",\"@id\":\"https:\/\/www.scmtec.com\/fr\/prodotto\/td-tubes-diffuseurs-a-fines-bulles\/#primaryimage\",\"url\":\"https:\/\/i0.wp.com\/www.scmtec.com\/wp-content\/uploads\/2022\/06\/diffusore-tibulare.jpg?fit=600%2C600&ssl=1\",\"contentUrl\":\"https:\/\/i0.wp.com\/www.scmtec.com\/wp-content\/uploads\/2022\/06\/diffusore-tibulare.jpg?fit=600%2C600&ssl=1\",\"width\":600,\"height\":600},{\"@type\":\"BreadcrumbList\",\"@id\":\"https:\/\/www.scmtec.com\/fr\/prodotto\/td-tubes-diffuseurs-a-fines-bulles\/#breadcrumb\",\"itemListElement\":[{\"@type\":\"ListItem\",\"position\":1,\"name\":\"Home\",\"item\":\"https:\/\/www.scmtec.com\/fr\/\"},{\"@type\":\"ListItem\",\"position\":2,\"name\":\"I nostri prodotti\",\"item\":\"https:\/\/www.scmtec.com\/es\/nuestros-productos\/\"},{\"@type\":\"ListItem\",\"position\":3,\"name\":\"TD Tubes diffuseurs \u00e0 fines bulles\"}]},{\"@type\":\"WebSite\",\"@id\":\"https:\/\/www.scmtec.com\/#website\",\"url\":\"https:\/\/www.scmtec.com\/\",\"name\":\"SCM Tecnologie\",\"description\":\"\",\"potentialAction\":[{\"@type\":\"SearchAction\",\"target\":{\"@type\":\"EntryPoint\",\"urlTemplate\":\"https:\/\/www.scmtec.com\/?s={search_term_string}\"},\"query-input\":{\"@type\":\"PropertyValueSpecification\",\"valueRequired\":true,\"valueName\":\"search_term_string\"}}],\"inLanguage\":\"fr-FR\"}]}<\/script>\n<!-- \/ Yoast SEO plugin. -->","yoast_head_json":{"title":"TD Tubes diffuseurs \u00e0 fines bulles - SCM Tecnologie","robots":{"index":"index","follow":"follow","max-snippet":"max-snippet:-1","max-image-preview":"max-image-preview:large","max-video-preview":"max-video-preview:-1"},"canonical":"https:\/\/www.scmtec.com\/fr\/prodotto\/td-tubes-diffuseurs-a-fines-bulles\/","og_locale":"fr_FR","og_type":"article","og_title":"TD Tubes diffuseurs \u00e0 fines bulles - SCM Tecnologie","og_description":"Longueur: de 580 mm \u00e0 1 080 mm  Mat\u00e9riau de la membrane: EPDM ou silicone  Les tubes diffuseurs \u00e0 fines bulles sont disponibles en trois longueurs avec des d\u00e9bits unitaires d\u2019air diff\u00e9rents. Ils sont organis\u00e9s de pr\u00e9f\u00e9rence en groupes pr\u00e9assembl\u00e9s autoportants, faciles \u00e0 transporter et \u00e0 installer. Ces syst\u00e8mes sont form\u00e9s de tubes \u00e0 section carr\u00e9e en acier inoxydable qui assurent aussi bien la fonction d\u2019alimentation des diffuseurs que celle de support. Le nombre d\u2019unit\u00e9s group\u00e9es et les dimensions de chaque groupe peuvent \u00eatre personnalis\u00e9s sur demande. La membrane microperc\u00e9e associe un rendement \u00e9lev\u00e9 dans le transfert d\u2019oxyg\u00e8ne \u00e0 de faibles pertes de charge. Pour les membranes, la mati\u00e8re la plus commun\u00e9ment employ\u00e9e est le caoutchouc EPDM. Toutefois, des membranes en mati\u00e8res alternatives sont disponibles sur demande pour les applications avec des eaux us\u00e9es \u00e0 la composition particuli\u00e8rement agressive.  &nbsp;","og_url":"https:\/\/www.scmtec.com\/fr\/prodotto\/td-tubes-diffuseurs-a-fines-bulles\/","og_site_name":"SCM Tecnologie","article_modified_time":"2022-11-29T23:33:03+00:00","og_image":[{"width":600,"height":600,"url":"https:\/\/i0.wp.com\/www.scmtec.com\/wp-content\/uploads\/2022\/06\/diffusore-tibulare.jpg?fit=600%2C600&ssl=1","type":"image\/jpeg"}],"twitter_card":"summary_large_image","schema":{"@context":"https:\/\/schema.org","@graph":[{"@type":"WebPage","@id":"https:\/\/www.scmtec.com\/fr\/prodotto\/td-tubes-diffuseurs-a-fines-bulles\/","url":"https:\/\/www.scmtec.com\/fr\/prodotto\/td-tubes-diffuseurs-a-fines-bulles\/","name":"TD Tubes diffuseurs \u00e0 fines bulles - SCM Tecnologie","isPartOf":{"@id":"https:\/\/www.scmtec.com\/#website"},"primaryImageOfPage":{"@id":"https:\/\/www.scmtec.com\/fr\/prodotto\/td-tubes-diffuseurs-a-fines-bulles\/#primaryimage"},"image":{"@id":"https:\/\/www.scmtec.com\/fr\/prodotto\/td-tubes-diffuseurs-a-fines-bulles\/#primaryimage"},"thumbnailUrl":"https:\/\/i0.wp.com\/www.scmtec.com\/wp-content\/uploads\/2022\/06\/diffusore-tibulare.jpg?fit=600%2C600&ssl=1","datePublished":"2022-06-23T14:16:47+00:00","dateModified":"2022-11-29T23:33:03+00:00","breadcrumb":{"@id":"https:\/\/www.scmtec.com\/fr\/prodotto\/td-tubes-diffuseurs-a-fines-bulles\/#breadcrumb"},"inLanguage":"fr-FR","potentialAction":[{"@type":"ReadAction","target":["https:\/\/www.scmtec.com\/fr\/prodotto\/td-tubes-diffuseurs-a-fines-bulles\/"]}]},{"@type":"ImageObject","inLanguage":"fr-FR","@id":"https:\/\/www.scmtec.com\/fr\/prodotto\/td-tubes-diffuseurs-a-fines-bulles\/#primaryimage","url":"https:\/\/i0.wp.com\/www.scmtec.com\/wp-content\/uploads\/2022\/06\/diffusore-tibulare.jpg?fit=600%2C600&ssl=1","contentUrl":"https:\/\/i0.wp.com\/www.scmtec.com\/wp-content\/uploads\/2022\/06\/diffusore-tibulare.jpg?fit=600%2C600&ssl=1","width":600,"height":600},{"@type":"BreadcrumbList","@id":"https:\/\/www.scmtec.com\/fr\/prodotto\/td-tubes-diffuseurs-a-fines-bulles\/#breadcrumb","itemListElement":[{"@type":"ListItem","position":1,"name":"Home","item":"https:\/\/www.scmtec.com\/fr\/"},{"@type":"ListItem","position":2,"name":"I nostri prodotti","item":"https:\/\/www.scmtec.com\/es\/nuestros-productos\/"},{"@type":"ListItem","position":3,"name":"TD Tubes diffuseurs \u00e0 fines bulles"}]},{"@type":"WebSite","@id":"https:\/\/www.scmtec.com\/#website","url":"https:\/\/www.scmtec.com\/","name":"SCM Tecnologie","description":"","potentialAction":[{"@type":"SearchAction","target":{"@type":"EntryPoint","urlTemplate":"https:\/\/www.scmtec.com\/?s={search_term_string}"},"query-input":{"@type":"PropertyValueSpecification","valueRequired":true,"valueName":"search_term_string"}}],"inLanguage":"fr-FR"}]}},"jetpack_sharing_enabled":true,"_links":{"self":[{"href":"https:\/\/www.scmtec.com\/fr\/wp-json\/wp\/v2\/product\/12023","targetHints":{"allow":["GET"]}}],"collection":[{"href":"https:\/\/www.scmtec.com\/fr\/wp-json\/wp\/v2\/product"}],"about":[{"href":"https:\/\/www.scmtec.com\/fr\/wp-json\/wp\/v2\/types\/product"}],"wp:featuredmedia":[{"embeddable":true,"href":"https:\/\/www.scmtec.com\/fr\/wp-json\/wp\/v2\/media\/11473"}],"wp:attachment":[{"href":"https:\/\/www.scmtec.com\/fr\/wp-json\/wp\/v2\/media?parent=12023"}],"wp:term":[{"taxonomy":"product_brand","embeddable":true,"href":"https:\/\/www.scmtec.com\/fr\/wp-json\/wp\/v2\/product_brand?post=12023"},{"taxonomy":"product_cat","embeddable":true,"href":"https:\/\/www.scmtec.com\/fr\/wp-json\/wp\/v2\/product_cat?post=12023"},{"taxonomy":"product_tag","embeddable":true,"href":"https:\/\/www.scmtec.com\/fr\/wp-json\/wp\/v2\/product_tag?post=12023"}],"curies":[{"name":"wp","href":"https:\/\/api.w.org\/{rel}","templated":true}]}}