{"id":12025,"date":"2022-06-23T12:34:42","date_gmt":"2022-06-23T12:34:42","guid":{"rendered":"https:\/\/www.scmtec.com\/prodotto\/aeratori-di-superficie-a-giri-lenti-asp\/"},"modified":"2023-04-04T08:21:15","modified_gmt":"2023-04-04T08:21:15","slug":"asp-aerateurs-de-surface-a-vitesse-lente","status":"publish","type":"product","link":"https:\/\/www.scmtec.com\/fr\/prodotto\/asp-aerateurs-de-surface-a-vitesse-lente\/","title":{"rendered":"ASP A\u00e9rateurs de surface \u00e0 vitesse lente"},"content":{"rendered":"","protected":false},"excerpt":{"rendered":"<ul>\n<li><strong>Puissance : 2,2 \u00f7 90 kW<\/strong><\/li>\n<\/ul>\n<p>Les turbines lentes de surface de la s\u00e9rie ASP ont \u00e9t\u00e9 con\u00e7ues pour garantir un rendement \u00e9lev\u00e9 lors du transfert de l\u2019oxyg\u00e8ne, mais aussi l\u2019utilisation d\u2019une puissance absorb\u00e9e r\u00e9duite.<br \/>\nId\u00e9ales pour les portes moyennes-basses, elles s\u2019utilisent principalement dans les installations de traitement des eaux us\u00e9es pour ex\u00e9cuter le traitement biologique de ces derni\u00e8res, dans les installations de lagunage, dans les processus industriels, ainsi que pour refroidir les liquides. Les mod\u00e8les ASP-F ont \u00e9t\u00e9 pens\u00e9s pour les installations de type fixe. Ils sont \u00e9quip\u00e9s d\u2019un rotor en acier galvanis\u00e9 et peint ou, sur demande, en acier inoxydable. Dans la version ASP-V, le rotor se compose de fibre de verre avec int\u00e9rieur renforc\u00e9 avec une structure en acier.<br \/>\nLa version pour installation flottante (ASP-G) est disponible pour une installation dans des cuves ou bassins d\u00e9pourvus de passerelle ou de plateforme, ou pour des niveaux de liquide variables.<\/p>\n<p>&nbsp;<\/p>\n[fc id='12' align='left'][\/fc]\n","protected":false},"featured_media":11485,"template":"","meta":{"_themeisle_gutenberg_block_has_review":false},"product_brand":[],"product_cat":[143,140],"product_tag":[],"class_list":{"0":"post-12025","1":"product","2":"type-product","3":"status-publish","4":"has-post-thumbnail","6":"product_cat-aeratori-di-superficie-fr","7":"product_cat-aerazione-fr","9":"first","10":"instock","11":"shipping-taxable","12":"product-type-simple"},"yoast_head":"<!-- This site is optimized with the Yoast SEO plugin v27.5 - https:\/\/yoast.com\/product\/yoast-seo-wordpress\/ -->\n<title>ASP A\u00e9rateurs de surface \u00e0 vitesse lente - SCM Tecnologie<\/title>\n<meta name=\"robots\" content=\"index, follow, max-snippet:-1, max-image-preview:large, max-video-preview:-1\" \/>\n<link rel=\"canonical\" href=\"https:\/\/www.scmtec.com\/fr\/prodotto\/asp-aerateurs-de-surface-a-vitesse-lente\/\" \/>\n<meta property=\"og:locale\" content=\"fr_FR\" \/>\n<meta property=\"og:type\" content=\"article\" \/>\n<meta property=\"og:title\" content=\"ASP A\u00e9rateurs de surface \u00e0 vitesse lente - SCM Tecnologie\" \/>\n<meta property=\"og:description\" content=\"Puissance : 2,2 \u00f7 90 kW  Les turbines lentes de surface de la s\u00e9rie ASP ont \u00e9t\u00e9 con\u00e7ues pour garantir un rendement \u00e9lev\u00e9 lors du transfert de l\u2019oxyg\u00e8ne, mais aussi l\u2019utilisation d\u2019une puissance absorb\u00e9e r\u00e9duite. Id\u00e9ales pour les portes moyennes-basses, elles s\u2019utilisent principalement dans les installations de traitement des eaux us\u00e9es pour ex\u00e9cuter le traitement biologique de ces derni\u00e8res, dans les installations de lagunage, dans les processus industriels, ainsi que pour refroidir les liquides. Les mod\u00e8les ASP-F ont \u00e9t\u00e9 pens\u00e9s pour les installations de type fixe. Ils sont \u00e9quip\u00e9s d\u2019un rotor en acier galvanis\u00e9 et peint ou, sur demande, en acier inoxydable. Dans la version ASP-V, le rotor se compose de fibre de verre avec int\u00e9rieur renforc\u00e9 avec une structure en acier. La version pour installation flottante (ASP-G) est disponible pour une installation dans des cuves ou bassins d\u00e9pourvus de passerelle ou de plateforme, ou pour des niveaux de liquide variables.  &nbsp;\" \/>\n<meta property=\"og:url\" content=\"https:\/\/www.scmtec.com\/fr\/prodotto\/asp-aerateurs-de-surface-a-vitesse-lente\/\" \/>\n<meta property=\"og:site_name\" content=\"SCM Tecnologie\" \/>\n<meta property=\"article:modified_time\" content=\"2023-04-04T08:21:15+00:00\" \/>\n<meta property=\"og:image\" content=\"https:\/\/i0.wp.com\/www.scmtec.com\/wp-content\/uploads\/2022\/06\/asp.jpg?fit=600%2C600&ssl=1\" \/>\n\t<meta property=\"og:image:width\" content=\"600\" \/>\n\t<meta property=\"og:image:height\" content=\"600\" \/>\n\t<meta property=\"og:image:type\" content=\"image\/jpeg\" \/>\n<meta name=\"twitter:card\" content=\"summary_large_image\" \/>\n<script type=\"application\/ld+json\" class=\"yoast-schema-graph\">{\"@context\":\"https:\\\/\\\/schema.org\",\"@graph\":[{\"@type\":\"WebPage\",\"@id\":\"https:\\\/\\\/www.scmtec.com\\\/fr\\\/prodotto\\\/asp-aerateurs-de-surface-a-vitesse-lente\\\/\",\"url\":\"https:\\\/\\\/www.scmtec.com\\\/fr\\\/prodotto\\\/asp-aerateurs-de-surface-a-vitesse-lente\\\/\",\"name\":\"ASP A\u00e9rateurs de surface \u00e0 vitesse lente - SCM Tecnologie\",\"isPartOf\":{\"@id\":\"https:\\\/\\\/www.scmtec.com\\\/#website\"},\"primaryImageOfPage\":{\"@id\":\"https:\\\/\\\/www.scmtec.com\\\/fr\\\/prodotto\\\/asp-aerateurs-de-surface-a-vitesse-lente\\\/#primaryimage\"},\"image\":{\"@id\":\"https:\\\/\\\/www.scmtec.com\\\/fr\\\/prodotto\\\/asp-aerateurs-de-surface-a-vitesse-lente\\\/#primaryimage\"},\"thumbnailUrl\":\"https:\\\/\\\/i0.wp.com\\\/www.scmtec.com\\\/wp-content\\\/uploads\\\/2022\\\/06\\\/asp.jpg?fit=600%2C600&ssl=1\",\"datePublished\":\"2022-06-23T12:34:42+00:00\",\"dateModified\":\"2023-04-04T08:21:15+00:00\",\"breadcrumb\":{\"@id\":\"https:\\\/\\\/www.scmtec.com\\\/fr\\\/prodotto\\\/asp-aerateurs-de-surface-a-vitesse-lente\\\/#breadcrumb\"},\"inLanguage\":\"fr-FR\",\"potentialAction\":[{\"@type\":\"ReadAction\",\"target\":[\"https:\\\/\\\/www.scmtec.com\\\/fr\\\/prodotto\\\/asp-aerateurs-de-surface-a-vitesse-lente\\\/\"]}]},{\"@type\":\"ImageObject\",\"inLanguage\":\"fr-FR\",\"@id\":\"https:\\\/\\\/www.scmtec.com\\\/fr\\\/prodotto\\\/asp-aerateurs-de-surface-a-vitesse-lente\\\/#primaryimage\",\"url\":\"https:\\\/\\\/i0.wp.com\\\/www.scmtec.com\\\/wp-content\\\/uploads\\\/2022\\\/06\\\/asp.jpg?fit=600%2C600&ssl=1\",\"contentUrl\":\"https:\\\/\\\/i0.wp.com\\\/www.scmtec.com\\\/wp-content\\\/uploads\\\/2022\\\/06\\\/asp.jpg?fit=600%2C600&ssl=1\",\"width\":600,\"height\":600},{\"@type\":\"BreadcrumbList\",\"@id\":\"https:\\\/\\\/www.scmtec.com\\\/fr\\\/prodotto\\\/asp-aerateurs-de-surface-a-vitesse-lente\\\/#breadcrumb\",\"itemListElement\":[{\"@type\":\"ListItem\",\"position\":1,\"name\":\"Home\",\"item\":\"https:\\\/\\\/www.scmtec.com\\\/fr\\\/\"},{\"@type\":\"ListItem\",\"position\":2,\"name\":\"I nostri prodotti\",\"item\":\"https:\\\/\\\/www.scmtec.com\\\/es\\\/nuestros-productos\\\/\"},{\"@type\":\"ListItem\",\"position\":3,\"name\":\"ASP A\u00e9rateurs de surface \u00e0 vitesse lente\"}]},{\"@type\":\"WebSite\",\"@id\":\"https:\\\/\\\/www.scmtec.com\\\/#website\",\"url\":\"https:\\\/\\\/www.scmtec.com\\\/\",\"name\":\"SCM Tecnologie\",\"description\":\"\",\"potentialAction\":[{\"@type\":\"SearchAction\",\"target\":{\"@type\":\"EntryPoint\",\"urlTemplate\":\"https:\\\/\\\/www.scmtec.com\\\/?s={search_term_string}\"},\"query-input\":{\"@type\":\"PropertyValueSpecification\",\"valueRequired\":true,\"valueName\":\"search_term_string\"}}],\"inLanguage\":\"fr-FR\"}]}<\/script>\n<!-- \/ Yoast SEO plugin. -->","yoast_head_json":{"title":"ASP A\u00e9rateurs de surface \u00e0 vitesse lente - SCM Tecnologie","robots":{"index":"index","follow":"follow","max-snippet":"max-snippet:-1","max-image-preview":"max-image-preview:large","max-video-preview":"max-video-preview:-1"},"canonical":"https:\/\/www.scmtec.com\/fr\/prodotto\/asp-aerateurs-de-surface-a-vitesse-lente\/","og_locale":"fr_FR","og_type":"article","og_title":"ASP A\u00e9rateurs de surface \u00e0 vitesse lente - SCM Tecnologie","og_description":"Puissance : 2,2 \u00f7 90 kW  Les turbines lentes de surface de la s\u00e9rie ASP ont \u00e9t\u00e9 con\u00e7ues pour garantir un rendement \u00e9lev\u00e9 lors du transfert de l\u2019oxyg\u00e8ne, mais aussi l\u2019utilisation d\u2019une puissance absorb\u00e9e r\u00e9duite. Id\u00e9ales pour les portes moyennes-basses, elles s\u2019utilisent principalement dans les installations de traitement des eaux us\u00e9es pour ex\u00e9cuter le traitement biologique de ces derni\u00e8res, dans les installations de lagunage, dans les processus industriels, ainsi que pour refroidir les liquides. Les mod\u00e8les ASP-F ont \u00e9t\u00e9 pens\u00e9s pour les installations de type fixe. Ils sont \u00e9quip\u00e9s d\u2019un rotor en acier galvanis\u00e9 et peint ou, sur demande, en acier inoxydable. Dans la version ASP-V, le rotor se compose de fibre de verre avec int\u00e9rieur renforc\u00e9 avec une structure en acier. La version pour installation flottante (ASP-G) est disponible pour une installation dans des cuves ou bassins d\u00e9pourvus de passerelle ou de plateforme, ou pour des niveaux de liquide variables.  &nbsp;","og_url":"https:\/\/www.scmtec.com\/fr\/prodotto\/asp-aerateurs-de-surface-a-vitesse-lente\/","og_site_name":"SCM Tecnologie","article_modified_time":"2023-04-04T08:21:15+00:00","og_image":[{"width":600,"height":600,"url":"https:\/\/i0.wp.com\/www.scmtec.com\/wp-content\/uploads\/2022\/06\/asp.jpg?fit=600%2C600&ssl=1","type":"image\/jpeg"}],"twitter_card":"summary_large_image","schema":{"@context":"https:\/\/schema.org","@graph":[{"@type":"WebPage","@id":"https:\/\/www.scmtec.com\/fr\/prodotto\/asp-aerateurs-de-surface-a-vitesse-lente\/","url":"https:\/\/www.scmtec.com\/fr\/prodotto\/asp-aerateurs-de-surface-a-vitesse-lente\/","name":"ASP A\u00e9rateurs de surface \u00e0 vitesse lente - SCM Tecnologie","isPartOf":{"@id":"https:\/\/www.scmtec.com\/#website"},"primaryImageOfPage":{"@id":"https:\/\/www.scmtec.com\/fr\/prodotto\/asp-aerateurs-de-surface-a-vitesse-lente\/#primaryimage"},"image":{"@id":"https:\/\/www.scmtec.com\/fr\/prodotto\/asp-aerateurs-de-surface-a-vitesse-lente\/#primaryimage"},"thumbnailUrl":"https:\/\/i0.wp.com\/www.scmtec.com\/wp-content\/uploads\/2022\/06\/asp.jpg?fit=600%2C600&ssl=1","datePublished":"2022-06-23T12:34:42+00:00","dateModified":"2023-04-04T08:21:15+00:00","breadcrumb":{"@id":"https:\/\/www.scmtec.com\/fr\/prodotto\/asp-aerateurs-de-surface-a-vitesse-lente\/#breadcrumb"},"inLanguage":"fr-FR","potentialAction":[{"@type":"ReadAction","target":["https:\/\/www.scmtec.com\/fr\/prodotto\/asp-aerateurs-de-surface-a-vitesse-lente\/"]}]},{"@type":"ImageObject","inLanguage":"fr-FR","@id":"https:\/\/www.scmtec.com\/fr\/prodotto\/asp-aerateurs-de-surface-a-vitesse-lente\/#primaryimage","url":"https:\/\/i0.wp.com\/www.scmtec.com\/wp-content\/uploads\/2022\/06\/asp.jpg?fit=600%2C600&ssl=1","contentUrl":"https:\/\/i0.wp.com\/www.scmtec.com\/wp-content\/uploads\/2022\/06\/asp.jpg?fit=600%2C600&ssl=1","width":600,"height":600},{"@type":"BreadcrumbList","@id":"https:\/\/www.scmtec.com\/fr\/prodotto\/asp-aerateurs-de-surface-a-vitesse-lente\/#breadcrumb","itemListElement":[{"@type":"ListItem","position":1,"name":"Home","item":"https:\/\/www.scmtec.com\/fr\/"},{"@type":"ListItem","position":2,"name":"I nostri prodotti","item":"https:\/\/www.scmtec.com\/es\/nuestros-productos\/"},{"@type":"ListItem","position":3,"name":"ASP A\u00e9rateurs de surface \u00e0 vitesse lente"}]},{"@type":"WebSite","@id":"https:\/\/www.scmtec.com\/#website","url":"https:\/\/www.scmtec.com\/","name":"SCM Tecnologie","description":"","potentialAction":[{"@type":"SearchAction","target":{"@type":"EntryPoint","urlTemplate":"https:\/\/www.scmtec.com\/?s={search_term_string}"},"query-input":{"@type":"PropertyValueSpecification","valueRequired":true,"valueName":"search_term_string"}}],"inLanguage":"fr-FR"}]}},"jetpack_sharing_enabled":true,"_links":{"self":[{"href":"https:\/\/www.scmtec.com\/fr\/wp-json\/wp\/v2\/product\/12025","targetHints":{"allow":["GET"]}}],"collection":[{"href":"https:\/\/www.scmtec.com\/fr\/wp-json\/wp\/v2\/product"}],"about":[{"href":"https:\/\/www.scmtec.com\/fr\/wp-json\/wp\/v2\/types\/product"}],"wp:featuredmedia":[{"embeddable":true,"href":"https:\/\/www.scmtec.com\/fr\/wp-json\/wp\/v2\/media\/11485"}],"wp:attachment":[{"href":"https:\/\/www.scmtec.com\/fr\/wp-json\/wp\/v2\/media?parent=12025"}],"wp:term":[{"taxonomy":"product_brand","embeddable":true,"href":"https:\/\/www.scmtec.com\/fr\/wp-json\/wp\/v2\/product_brand?post=12025"},{"taxonomy":"product_cat","embeddable":true,"href":"https:\/\/www.scmtec.com\/fr\/wp-json\/wp\/v2\/product_cat?post=12025"},{"taxonomy":"product_tag","embeddable":true,"href":"https:\/\/www.scmtec.com\/fr\/wp-json\/wp\/v2\/product_tag?post=12025"}],"curies":[{"name":"wp","href":"https:\/\/api.w.org\/{rel}","templated":true}]}}