{"id":12027,"date":"2022-06-23T11:07:05","date_gmt":"2022-06-23T11:07:05","guid":{"rendered":"https:\/\/www.scmtec.com\/prodotto\/aeratori-di-superficie-a-giri-veloci-agv\/"},"modified":"2022-11-29T23:45:09","modified_gmt":"2022-11-29T23:45:09","slug":"agv-aerateurs-de-surface-a-vitesse-rapide","status":"publish","type":"product","link":"https:\/\/www.scmtec.com\/fr\/prodotto\/agv-aerateurs-de-surface-a-vitesse-rapide\/","title":{"rendered":"AGV A\u00e9rateurs de surface \u00e0 vitesse rapide"},"content":{"rendered":"","protected":false},"excerpt":{"rendered":"<ul>\n<li><strong>Puissance: 2,2 \u00f7 55 kW<\/strong><\/li>\n<li><strong>Vitesse de rotation: 960 min-1<\/strong><\/li>\n<\/ul>\n<p>Les turbines rapides de surface de la s\u00e9rie AGV sont con\u00e7ues pour les op\u00e9rations de lagunage, les cuves \u00e0 niveau variable, les r\u00e9servoirs de stockage et l\u2019op\u00e9ration de m\u00e9lange en g\u00e9n\u00e9ral.<br \/>\nGr\u00e2ce \u00e0 l\u2019action de pompage du liquide, on obtient un transfert d\u2019oxyg\u00e8ne par contact avec l\u2019air des gouttes issues de la fragmentation de l\u2019eau m\u00eame.<br \/>\nNos nouvelles unit\u00e9s peuvent \u00eatre facilement int\u00e9gr\u00e9es ou repositionn\u00e9es dans l\u2019objectif de satisfaire de nouvelles exigences. La turbine AGV constitue par cons\u00e9quent une solution id\u00e9ale dans des situations d\u2019urgence ou en cas de travaux d\u2019entretien programm\u00e9s sur d\u2019autres unit\u00e9s. Elle s\u2019adaptera \u00e0 merveille aux installations pr\u00e9sentant un niveau de liquide variable, et dans tous les cas si l\u2019on souhaite en m\u00eame temps oxyg\u00e9ner et refroidir le liquide trait\u00e9.<\/p>\n<p>&nbsp;<\/p>\n[fc id='12' align='left'][\/fc]\n","protected":false},"featured_media":11479,"template":"","meta":{"_themeisle_gutenberg_block_has_review":false},"product_brand":[],"product_cat":[143,140],"product_tag":[],"class_list":{"0":"post-12027","1":"product","2":"type-product","3":"status-publish","4":"has-post-thumbnail","6":"product_cat-aeratori-di-superficie-fr","7":"product_cat-aerazione-fr","9":"first","10":"instock","11":"shipping-taxable","12":"product-type-simple"},"yoast_head":"<!-- This site is optimized with the Yoast SEO plugin v24.7 - https:\/\/yoast.com\/wordpress\/plugins\/seo\/ -->\n<title>AGV A\u00e9rateurs de surface \u00e0 vitesse rapide - SCM Tecnologie<\/title>\n<meta name=\"robots\" content=\"index, follow, max-snippet:-1, max-image-preview:large, max-video-preview:-1\" \/>\n<link rel=\"canonical\" href=\"https:\/\/www.scmtec.com\/fr\/prodotto\/agv-aerateurs-de-surface-a-vitesse-rapide\/\" \/>\n<meta property=\"og:locale\" content=\"fr_FR\" \/>\n<meta property=\"og:type\" content=\"article\" \/>\n<meta property=\"og:title\" content=\"AGV A\u00e9rateurs de surface \u00e0 vitesse rapide - SCM Tecnologie\" \/>\n<meta property=\"og:description\" content=\"Puissance: 2,2 \u00f7 55 kW  Vitesse de rotation: 960 min-1  Les turbines rapides de surface de la s\u00e9rie AGV sont con\u00e7ues pour les op\u00e9rations de lagunage, les cuves \u00e0 niveau variable, les r\u00e9servoirs de stockage et l\u2019op\u00e9ration de m\u00e9lange en g\u00e9n\u00e9ral. Gr\u00e2ce \u00e0 l\u2019action de pompage du liquide, on obtient un transfert d\u2019oxyg\u00e8ne par contact avec l\u2019air des gouttes issues de la fragmentation de l\u2019eau m\u00eame. Nos nouvelles unit\u00e9s peuvent \u00eatre facilement int\u00e9gr\u00e9es ou repositionn\u00e9es dans l\u2019objectif de satisfaire de nouvelles exigences. La turbine AGV constitue par cons\u00e9quent une solution id\u00e9ale dans des situations d\u2019urgence ou en cas de travaux d\u2019entretien programm\u00e9s sur d\u2019autres unit\u00e9s. Elle s\u2019adaptera \u00e0 merveille aux installations pr\u00e9sentant un niveau de liquide variable, et dans tous les cas si l\u2019on souhaite en m\u00eame temps oxyg\u00e9ner et refroidir le liquide trait\u00e9.  &nbsp;\" \/>\n<meta property=\"og:url\" content=\"https:\/\/www.scmtec.com\/fr\/prodotto\/agv-aerateurs-de-surface-a-vitesse-rapide\/\" \/>\n<meta property=\"og:site_name\" content=\"SCM Tecnologie\" \/>\n<meta property=\"article:modified_time\" content=\"2022-11-29T23:45:09+00:00\" \/>\n<meta property=\"og:image\" content=\"https:\/\/i0.wp.com\/www.scmtec.com\/wp-content\/uploads\/2022\/06\/agv.jpg?fit=600%2C600&ssl=1\" \/>\n\t<meta property=\"og:image:width\" content=\"600\" \/>\n\t<meta property=\"og:image:height\" content=\"600\" \/>\n\t<meta property=\"og:image:type\" content=\"image\/jpeg\" \/>\n<meta name=\"twitter:card\" content=\"summary_large_image\" \/>\n<script type=\"application\/ld+json\" class=\"yoast-schema-graph\">{\"@context\":\"https:\/\/schema.org\",\"@graph\":[{\"@type\":\"WebPage\",\"@id\":\"https:\/\/www.scmtec.com\/fr\/prodotto\/agv-aerateurs-de-surface-a-vitesse-rapide\/\",\"url\":\"https:\/\/www.scmtec.com\/fr\/prodotto\/agv-aerateurs-de-surface-a-vitesse-rapide\/\",\"name\":\"AGV A\u00e9rateurs de surface \u00e0 vitesse rapide - SCM Tecnologie\",\"isPartOf\":{\"@id\":\"https:\/\/www.scmtec.com\/#website\"},\"primaryImageOfPage\":{\"@id\":\"https:\/\/www.scmtec.com\/fr\/prodotto\/agv-aerateurs-de-surface-a-vitesse-rapide\/#primaryimage\"},\"image\":{\"@id\":\"https:\/\/www.scmtec.com\/fr\/prodotto\/agv-aerateurs-de-surface-a-vitesse-rapide\/#primaryimage\"},\"thumbnailUrl\":\"https:\/\/i0.wp.com\/www.scmtec.com\/wp-content\/uploads\/2022\/06\/agv.jpg?fit=600%2C600&ssl=1\",\"datePublished\":\"2022-06-23T11:07:05+00:00\",\"dateModified\":\"2022-11-29T23:45:09+00:00\",\"breadcrumb\":{\"@id\":\"https:\/\/www.scmtec.com\/fr\/prodotto\/agv-aerateurs-de-surface-a-vitesse-rapide\/#breadcrumb\"},\"inLanguage\":\"fr-FR\",\"potentialAction\":[{\"@type\":\"ReadAction\",\"target\":[\"https:\/\/www.scmtec.com\/fr\/prodotto\/agv-aerateurs-de-surface-a-vitesse-rapide\/\"]}]},{\"@type\":\"ImageObject\",\"inLanguage\":\"fr-FR\",\"@id\":\"https:\/\/www.scmtec.com\/fr\/prodotto\/agv-aerateurs-de-surface-a-vitesse-rapide\/#primaryimage\",\"url\":\"https:\/\/i0.wp.com\/www.scmtec.com\/wp-content\/uploads\/2022\/06\/agv.jpg?fit=600%2C600&ssl=1\",\"contentUrl\":\"https:\/\/i0.wp.com\/www.scmtec.com\/wp-content\/uploads\/2022\/06\/agv.jpg?fit=600%2C600&ssl=1\",\"width\":600,\"height\":600},{\"@type\":\"BreadcrumbList\",\"@id\":\"https:\/\/www.scmtec.com\/fr\/prodotto\/agv-aerateurs-de-surface-a-vitesse-rapide\/#breadcrumb\",\"itemListElement\":[{\"@type\":\"ListItem\",\"position\":1,\"name\":\"Home\",\"item\":\"https:\/\/www.scmtec.com\/fr\/\"},{\"@type\":\"ListItem\",\"position\":2,\"name\":\"I nostri prodotti\",\"item\":\"https:\/\/www.scmtec.com\/es\/nuestros-productos\/\"},{\"@type\":\"ListItem\",\"position\":3,\"name\":\"AGV A\u00e9rateurs de surface \u00e0 vitesse rapide\"}]},{\"@type\":\"WebSite\",\"@id\":\"https:\/\/www.scmtec.com\/#website\",\"url\":\"https:\/\/www.scmtec.com\/\",\"name\":\"SCM Tecnologie\",\"description\":\"\",\"potentialAction\":[{\"@type\":\"SearchAction\",\"target\":{\"@type\":\"EntryPoint\",\"urlTemplate\":\"https:\/\/www.scmtec.com\/?s={search_term_string}\"},\"query-input\":{\"@type\":\"PropertyValueSpecification\",\"valueRequired\":true,\"valueName\":\"search_term_string\"}}],\"inLanguage\":\"fr-FR\"}]}<\/script>\n<!-- \/ Yoast SEO plugin. -->","yoast_head_json":{"title":"AGV A\u00e9rateurs de surface \u00e0 vitesse rapide - SCM Tecnologie","robots":{"index":"index","follow":"follow","max-snippet":"max-snippet:-1","max-image-preview":"max-image-preview:large","max-video-preview":"max-video-preview:-1"},"canonical":"https:\/\/www.scmtec.com\/fr\/prodotto\/agv-aerateurs-de-surface-a-vitesse-rapide\/","og_locale":"fr_FR","og_type":"article","og_title":"AGV A\u00e9rateurs de surface \u00e0 vitesse rapide - SCM Tecnologie","og_description":"Puissance: 2,2 \u00f7 55 kW  Vitesse de rotation: 960 min-1  Les turbines rapides de surface de la s\u00e9rie AGV sont con\u00e7ues pour les op\u00e9rations de lagunage, les cuves \u00e0 niveau variable, les r\u00e9servoirs de stockage et l\u2019op\u00e9ration de m\u00e9lange en g\u00e9n\u00e9ral. Gr\u00e2ce \u00e0 l\u2019action de pompage du liquide, on obtient un transfert d\u2019oxyg\u00e8ne par contact avec l\u2019air des gouttes issues de la fragmentation de l\u2019eau m\u00eame. Nos nouvelles unit\u00e9s peuvent \u00eatre facilement int\u00e9gr\u00e9es ou repositionn\u00e9es dans l\u2019objectif de satisfaire de nouvelles exigences. La turbine AGV constitue par cons\u00e9quent une solution id\u00e9ale dans des situations d\u2019urgence ou en cas de travaux d\u2019entretien programm\u00e9s sur d\u2019autres unit\u00e9s. Elle s\u2019adaptera \u00e0 merveille aux installations pr\u00e9sentant un niveau de liquide variable, et dans tous les cas si l\u2019on souhaite en m\u00eame temps oxyg\u00e9ner et refroidir le liquide trait\u00e9.  &nbsp;","og_url":"https:\/\/www.scmtec.com\/fr\/prodotto\/agv-aerateurs-de-surface-a-vitesse-rapide\/","og_site_name":"SCM Tecnologie","article_modified_time":"2022-11-29T23:45:09+00:00","og_image":[{"width":600,"height":600,"url":"https:\/\/i0.wp.com\/www.scmtec.com\/wp-content\/uploads\/2022\/06\/agv.jpg?fit=600%2C600&ssl=1","type":"image\/jpeg"}],"twitter_card":"summary_large_image","schema":{"@context":"https:\/\/schema.org","@graph":[{"@type":"WebPage","@id":"https:\/\/www.scmtec.com\/fr\/prodotto\/agv-aerateurs-de-surface-a-vitesse-rapide\/","url":"https:\/\/www.scmtec.com\/fr\/prodotto\/agv-aerateurs-de-surface-a-vitesse-rapide\/","name":"AGV A\u00e9rateurs de surface \u00e0 vitesse rapide - SCM Tecnologie","isPartOf":{"@id":"https:\/\/www.scmtec.com\/#website"},"primaryImageOfPage":{"@id":"https:\/\/www.scmtec.com\/fr\/prodotto\/agv-aerateurs-de-surface-a-vitesse-rapide\/#primaryimage"},"image":{"@id":"https:\/\/www.scmtec.com\/fr\/prodotto\/agv-aerateurs-de-surface-a-vitesse-rapide\/#primaryimage"},"thumbnailUrl":"https:\/\/i0.wp.com\/www.scmtec.com\/wp-content\/uploads\/2022\/06\/agv.jpg?fit=600%2C600&ssl=1","datePublished":"2022-06-23T11:07:05+00:00","dateModified":"2022-11-29T23:45:09+00:00","breadcrumb":{"@id":"https:\/\/www.scmtec.com\/fr\/prodotto\/agv-aerateurs-de-surface-a-vitesse-rapide\/#breadcrumb"},"inLanguage":"fr-FR","potentialAction":[{"@type":"ReadAction","target":["https:\/\/www.scmtec.com\/fr\/prodotto\/agv-aerateurs-de-surface-a-vitesse-rapide\/"]}]},{"@type":"ImageObject","inLanguage":"fr-FR","@id":"https:\/\/www.scmtec.com\/fr\/prodotto\/agv-aerateurs-de-surface-a-vitesse-rapide\/#primaryimage","url":"https:\/\/i0.wp.com\/www.scmtec.com\/wp-content\/uploads\/2022\/06\/agv.jpg?fit=600%2C600&ssl=1","contentUrl":"https:\/\/i0.wp.com\/www.scmtec.com\/wp-content\/uploads\/2022\/06\/agv.jpg?fit=600%2C600&ssl=1","width":600,"height":600},{"@type":"BreadcrumbList","@id":"https:\/\/www.scmtec.com\/fr\/prodotto\/agv-aerateurs-de-surface-a-vitesse-rapide\/#breadcrumb","itemListElement":[{"@type":"ListItem","position":1,"name":"Home","item":"https:\/\/www.scmtec.com\/fr\/"},{"@type":"ListItem","position":2,"name":"I nostri prodotti","item":"https:\/\/www.scmtec.com\/es\/nuestros-productos\/"},{"@type":"ListItem","position":3,"name":"AGV A\u00e9rateurs de surface \u00e0 vitesse rapide"}]},{"@type":"WebSite","@id":"https:\/\/www.scmtec.com\/#website","url":"https:\/\/www.scmtec.com\/","name":"SCM Tecnologie","description":"","potentialAction":[{"@type":"SearchAction","target":{"@type":"EntryPoint","urlTemplate":"https:\/\/www.scmtec.com\/?s={search_term_string}"},"query-input":{"@type":"PropertyValueSpecification","valueRequired":true,"valueName":"search_term_string"}}],"inLanguage":"fr-FR"}]}},"jetpack_sharing_enabled":true,"_links":{"self":[{"href":"https:\/\/www.scmtec.com\/fr\/wp-json\/wp\/v2\/product\/12027","targetHints":{"allow":["GET"]}}],"collection":[{"href":"https:\/\/www.scmtec.com\/fr\/wp-json\/wp\/v2\/product"}],"about":[{"href":"https:\/\/www.scmtec.com\/fr\/wp-json\/wp\/v2\/types\/product"}],"wp:featuredmedia":[{"embeddable":true,"href":"https:\/\/www.scmtec.com\/fr\/wp-json\/wp\/v2\/media\/11479"}],"wp:attachment":[{"href":"https:\/\/www.scmtec.com\/fr\/wp-json\/wp\/v2\/media?parent=12027"}],"wp:term":[{"taxonomy":"product_brand","embeddable":true,"href":"https:\/\/www.scmtec.com\/fr\/wp-json\/wp\/v2\/product_brand?post=12027"},{"taxonomy":"product_cat","embeddable":true,"href":"https:\/\/www.scmtec.com\/fr\/wp-json\/wp\/v2\/product_cat?post=12027"},{"taxonomy":"product_tag","embeddable":true,"href":"https:\/\/www.scmtec.com\/fr\/wp-json\/wp\/v2\/product_tag?post=12027"}],"curies":[{"name":"wp","href":"https:\/\/api.w.org\/{rel}","templated":true}]}}