{"id":12038,"date":"2022-08-12T16:09:35","date_gmt":"2022-08-12T16:09:35","guid":{"rendered":"https:\/\/www.scmtec.com\/prodotto\/miscelatori-con-motore-in-inox-mx-ii\/"},"modified":"2022-11-30T00:06:33","modified_gmt":"2022-11-30T00:06:33","slug":"mx-ii-agitateurs-avec-moteur-en-acier-inoxydable","status":"publish","type":"product","link":"https:\/\/www.scmtec.com\/fr\/prodotto\/mx-ii-agitateurs-avec-moteur-en-acier-inoxydable\/","title":{"rendered":"MX-ii Agitateurs avec moteur en acier inoxydable"},"content":{"rendered":"","protected":false},"excerpt":{"rendered":"<ul>\n<li><strong>Puissance: 1,5 \u00f7 15 kW<\/strong><\/li>\n<li><strong>Vitesse de rotation: 1 440 \u00f7 480 min-1<\/strong><\/li>\n<\/ul>\n<p>Enti\u00e8rement con\u00e7us en acier inoxydable, les m\u00e9langeurs submersibles de la s\u00e9rie MX-ii sont employ\u00e9s pour m\u00e9langer et homog\u00e9n\u00e9iser des liquides lorsqu\u2019une r\u00e9sistance \u00e9lev\u00e9e \u00e0 la corrosion est n\u00e9cessaire. Ces m\u00e9langeurs compacts et simples \u00e0 installer se composent d\u2019un moteur \u00e9lectrique et d\u2019une h\u00e9lice autonettoyante garantissant d\u2019excellentes performances. Plusieurs vitesses de rotation et diam\u00e8tres d\u2019h\u00e9lice permettent de couvrir une vaste gamme d\u2019applications. Si le client en fait la demande, la soci\u00e9t\u00e9 peut fournir une structure de levage sp\u00e9ciale dot\u00e9e d\u2019un treuil manuel et d\u2019un syst\u00e8me d\u2019orientation du m\u00e9langeur.<\/p>\n<p>&nbsp;<\/p>\n[fc id='12' align='left'][\/fc]\n","protected":false},"featured_media":11497,"template":"","meta":{"_themeisle_gutenberg_block_has_review":false},"product_brand":[],"product_cat":[146,145],"product_tag":[],"class_list":{"0":"post-12038","1":"product","2":"type-product","3":"status-publish","4":"has-post-thumbnail","6":"product_cat-miscelatori-sommersi-diretti-fr","7":"product_cat-miscelazione-fr","9":"first","10":"instock","11":"shipping-taxable","12":"product-type-simple"},"yoast_head":"<!-- This site is optimized with the Yoast SEO plugin v27.5 - https:\/\/yoast.com\/product\/yoast-seo-wordpress\/ -->\n<title>MX-ii Agitateurs avec moteur en acier inoxydable - SCM Tecnologie<\/title>\n<meta name=\"robots\" content=\"index, follow, max-snippet:-1, max-image-preview:large, max-video-preview:-1\" \/>\n<link rel=\"canonical\" href=\"https:\/\/www.scmtec.com\/fr\/prodotto\/mx-ii-agitateurs-avec-moteur-en-acier-inoxydable\/\" \/>\n<meta property=\"og:locale\" content=\"fr_FR\" \/>\n<meta property=\"og:type\" content=\"article\" \/>\n<meta property=\"og:title\" content=\"MX-ii Agitateurs avec moteur en acier inoxydable - SCM Tecnologie\" \/>\n<meta property=\"og:description\" content=\"Puissance: 1,5 \u00f7 15 kW  Vitesse de rotation: 1 440 \u00f7 480 min-1  Enti\u00e8rement con\u00e7us en acier inoxydable, les m\u00e9langeurs submersibles de la s\u00e9rie MX-ii sont employ\u00e9s pour m\u00e9langer et homog\u00e9n\u00e9iser des liquides lorsqu\u2019une r\u00e9sistance \u00e9lev\u00e9e \u00e0 la corrosion est n\u00e9cessaire. Ces m\u00e9langeurs compacts et simples \u00e0 installer se composent d\u2019un moteur \u00e9lectrique et d\u2019une h\u00e9lice autonettoyante garantissant d\u2019excellentes performances. Plusieurs vitesses de rotation et diam\u00e8tres d\u2019h\u00e9lice permettent de couvrir une vaste gamme d\u2019applications. Si le client en fait la demande, la soci\u00e9t\u00e9 peut fournir une structure de levage sp\u00e9ciale dot\u00e9e d\u2019un treuil manuel et d\u2019un syst\u00e8me d\u2019orientation du m\u00e9langeur.  &nbsp;\" \/>\n<meta property=\"og:url\" content=\"https:\/\/www.scmtec.com\/fr\/prodotto\/mx-ii-agitateurs-avec-moteur-en-acier-inoxydable\/\" \/>\n<meta property=\"og:site_name\" content=\"SCM Tecnologie\" \/>\n<meta property=\"article:modified_time\" content=\"2022-11-30T00:06:33+00:00\" \/>\n<meta property=\"og:image\" content=\"https:\/\/i0.wp.com\/www.scmtec.com\/wp-content\/uploads\/2022\/08\/mx-ii.jpg?fit=600%2C600&ssl=1\" \/>\n\t<meta property=\"og:image:width\" content=\"600\" \/>\n\t<meta property=\"og:image:height\" content=\"600\" \/>\n\t<meta property=\"og:image:type\" content=\"image\/jpeg\" \/>\n<meta name=\"twitter:card\" content=\"summary_large_image\" \/>\n<script type=\"application\/ld+json\" class=\"yoast-schema-graph\">{\"@context\":\"https:\\\/\\\/schema.org\",\"@graph\":[{\"@type\":\"WebPage\",\"@id\":\"https:\\\/\\\/www.scmtec.com\\\/fr\\\/prodotto\\\/mx-ii-agitateurs-avec-moteur-en-acier-inoxydable\\\/\",\"url\":\"https:\\\/\\\/www.scmtec.com\\\/fr\\\/prodotto\\\/mx-ii-agitateurs-avec-moteur-en-acier-inoxydable\\\/\",\"name\":\"MX-ii Agitateurs avec moteur en acier inoxydable - SCM Tecnologie\",\"isPartOf\":{\"@id\":\"https:\\\/\\\/www.scmtec.com\\\/#website\"},\"primaryImageOfPage\":{\"@id\":\"https:\\\/\\\/www.scmtec.com\\\/fr\\\/prodotto\\\/mx-ii-agitateurs-avec-moteur-en-acier-inoxydable\\\/#primaryimage\"},\"image\":{\"@id\":\"https:\\\/\\\/www.scmtec.com\\\/fr\\\/prodotto\\\/mx-ii-agitateurs-avec-moteur-en-acier-inoxydable\\\/#primaryimage\"},\"thumbnailUrl\":\"https:\\\/\\\/i0.wp.com\\\/www.scmtec.com\\\/wp-content\\\/uploads\\\/2022\\\/08\\\/mx-ii.jpg?fit=600%2C600&ssl=1\",\"datePublished\":\"2022-08-12T16:09:35+00:00\",\"dateModified\":\"2022-11-30T00:06:33+00:00\",\"breadcrumb\":{\"@id\":\"https:\\\/\\\/www.scmtec.com\\\/fr\\\/prodotto\\\/mx-ii-agitateurs-avec-moteur-en-acier-inoxydable\\\/#breadcrumb\"},\"inLanguage\":\"fr-FR\",\"potentialAction\":[{\"@type\":\"ReadAction\",\"target\":[\"https:\\\/\\\/www.scmtec.com\\\/fr\\\/prodotto\\\/mx-ii-agitateurs-avec-moteur-en-acier-inoxydable\\\/\"]}]},{\"@type\":\"ImageObject\",\"inLanguage\":\"fr-FR\",\"@id\":\"https:\\\/\\\/www.scmtec.com\\\/fr\\\/prodotto\\\/mx-ii-agitateurs-avec-moteur-en-acier-inoxydable\\\/#primaryimage\",\"url\":\"https:\\\/\\\/i0.wp.com\\\/www.scmtec.com\\\/wp-content\\\/uploads\\\/2022\\\/08\\\/mx-ii.jpg?fit=600%2C600&ssl=1\",\"contentUrl\":\"https:\\\/\\\/i0.wp.com\\\/www.scmtec.com\\\/wp-content\\\/uploads\\\/2022\\\/08\\\/mx-ii.jpg?fit=600%2C600&ssl=1\",\"width\":600,\"height\":600},{\"@type\":\"BreadcrumbList\",\"@id\":\"https:\\\/\\\/www.scmtec.com\\\/fr\\\/prodotto\\\/mx-ii-agitateurs-avec-moteur-en-acier-inoxydable\\\/#breadcrumb\",\"itemListElement\":[{\"@type\":\"ListItem\",\"position\":1,\"name\":\"Home\",\"item\":\"https:\\\/\\\/www.scmtec.com\\\/fr\\\/\"},{\"@type\":\"ListItem\",\"position\":2,\"name\":\"I nostri prodotti\",\"item\":\"https:\\\/\\\/www.scmtec.com\\\/es\\\/nuestros-productos\\\/\"},{\"@type\":\"ListItem\",\"position\":3,\"name\":\"MX-ii Agitateurs avec moteur en acier inoxydable\"}]},{\"@type\":\"WebSite\",\"@id\":\"https:\\\/\\\/www.scmtec.com\\\/#website\",\"url\":\"https:\\\/\\\/www.scmtec.com\\\/\",\"name\":\"SCM Tecnologie\",\"description\":\"\",\"potentialAction\":[{\"@type\":\"SearchAction\",\"target\":{\"@type\":\"EntryPoint\",\"urlTemplate\":\"https:\\\/\\\/www.scmtec.com\\\/?s={search_term_string}\"},\"query-input\":{\"@type\":\"PropertyValueSpecification\",\"valueRequired\":true,\"valueName\":\"search_term_string\"}}],\"inLanguage\":\"fr-FR\"}]}<\/script>\n<!-- \/ Yoast SEO plugin. -->","yoast_head_json":{"title":"MX-ii Agitateurs avec moteur en acier inoxydable - SCM Tecnologie","robots":{"index":"index","follow":"follow","max-snippet":"max-snippet:-1","max-image-preview":"max-image-preview:large","max-video-preview":"max-video-preview:-1"},"canonical":"https:\/\/www.scmtec.com\/fr\/prodotto\/mx-ii-agitateurs-avec-moteur-en-acier-inoxydable\/","og_locale":"fr_FR","og_type":"article","og_title":"MX-ii Agitateurs avec moteur en acier inoxydable - SCM Tecnologie","og_description":"Puissance: 1,5 \u00f7 15 kW  Vitesse de rotation: 1 440 \u00f7 480 min-1  Enti\u00e8rement con\u00e7us en acier inoxydable, les m\u00e9langeurs submersibles de la s\u00e9rie MX-ii sont employ\u00e9s pour m\u00e9langer et homog\u00e9n\u00e9iser des liquides lorsqu\u2019une r\u00e9sistance \u00e9lev\u00e9e \u00e0 la corrosion est n\u00e9cessaire. Ces m\u00e9langeurs compacts et simples \u00e0 installer se composent d\u2019un moteur \u00e9lectrique et d\u2019une h\u00e9lice autonettoyante garantissant d\u2019excellentes performances. Plusieurs vitesses de rotation et diam\u00e8tres d\u2019h\u00e9lice permettent de couvrir une vaste gamme d\u2019applications. Si le client en fait la demande, la soci\u00e9t\u00e9 peut fournir une structure de levage sp\u00e9ciale dot\u00e9e d\u2019un treuil manuel et d\u2019un syst\u00e8me d\u2019orientation du m\u00e9langeur.  &nbsp;","og_url":"https:\/\/www.scmtec.com\/fr\/prodotto\/mx-ii-agitateurs-avec-moteur-en-acier-inoxydable\/","og_site_name":"SCM Tecnologie","article_modified_time":"2022-11-30T00:06:33+00:00","og_image":[{"width":600,"height":600,"url":"https:\/\/i0.wp.com\/www.scmtec.com\/wp-content\/uploads\/2022\/08\/mx-ii.jpg?fit=600%2C600&ssl=1","type":"image\/jpeg"}],"twitter_card":"summary_large_image","schema":{"@context":"https:\/\/schema.org","@graph":[{"@type":"WebPage","@id":"https:\/\/www.scmtec.com\/fr\/prodotto\/mx-ii-agitateurs-avec-moteur-en-acier-inoxydable\/","url":"https:\/\/www.scmtec.com\/fr\/prodotto\/mx-ii-agitateurs-avec-moteur-en-acier-inoxydable\/","name":"MX-ii Agitateurs avec moteur en acier inoxydable - SCM Tecnologie","isPartOf":{"@id":"https:\/\/www.scmtec.com\/#website"},"primaryImageOfPage":{"@id":"https:\/\/www.scmtec.com\/fr\/prodotto\/mx-ii-agitateurs-avec-moteur-en-acier-inoxydable\/#primaryimage"},"image":{"@id":"https:\/\/www.scmtec.com\/fr\/prodotto\/mx-ii-agitateurs-avec-moteur-en-acier-inoxydable\/#primaryimage"},"thumbnailUrl":"https:\/\/i0.wp.com\/www.scmtec.com\/wp-content\/uploads\/2022\/08\/mx-ii.jpg?fit=600%2C600&ssl=1","datePublished":"2022-08-12T16:09:35+00:00","dateModified":"2022-11-30T00:06:33+00:00","breadcrumb":{"@id":"https:\/\/www.scmtec.com\/fr\/prodotto\/mx-ii-agitateurs-avec-moteur-en-acier-inoxydable\/#breadcrumb"},"inLanguage":"fr-FR","potentialAction":[{"@type":"ReadAction","target":["https:\/\/www.scmtec.com\/fr\/prodotto\/mx-ii-agitateurs-avec-moteur-en-acier-inoxydable\/"]}]},{"@type":"ImageObject","inLanguage":"fr-FR","@id":"https:\/\/www.scmtec.com\/fr\/prodotto\/mx-ii-agitateurs-avec-moteur-en-acier-inoxydable\/#primaryimage","url":"https:\/\/i0.wp.com\/www.scmtec.com\/wp-content\/uploads\/2022\/08\/mx-ii.jpg?fit=600%2C600&ssl=1","contentUrl":"https:\/\/i0.wp.com\/www.scmtec.com\/wp-content\/uploads\/2022\/08\/mx-ii.jpg?fit=600%2C600&ssl=1","width":600,"height":600},{"@type":"BreadcrumbList","@id":"https:\/\/www.scmtec.com\/fr\/prodotto\/mx-ii-agitateurs-avec-moteur-en-acier-inoxydable\/#breadcrumb","itemListElement":[{"@type":"ListItem","position":1,"name":"Home","item":"https:\/\/www.scmtec.com\/fr\/"},{"@type":"ListItem","position":2,"name":"I nostri prodotti","item":"https:\/\/www.scmtec.com\/es\/nuestros-productos\/"},{"@type":"ListItem","position":3,"name":"MX-ii Agitateurs avec moteur en acier inoxydable"}]},{"@type":"WebSite","@id":"https:\/\/www.scmtec.com\/#website","url":"https:\/\/www.scmtec.com\/","name":"SCM Tecnologie","description":"","potentialAction":[{"@type":"SearchAction","target":{"@type":"EntryPoint","urlTemplate":"https:\/\/www.scmtec.com\/?s={search_term_string}"},"query-input":{"@type":"PropertyValueSpecification","valueRequired":true,"valueName":"search_term_string"}}],"inLanguage":"fr-FR"}]}},"jetpack_sharing_enabled":true,"_links":{"self":[{"href":"https:\/\/www.scmtec.com\/fr\/wp-json\/wp\/v2\/product\/12038","targetHints":{"allow":["GET"]}}],"collection":[{"href":"https:\/\/www.scmtec.com\/fr\/wp-json\/wp\/v2\/product"}],"about":[{"href":"https:\/\/www.scmtec.com\/fr\/wp-json\/wp\/v2\/types\/product"}],"wp:featuredmedia":[{"embeddable":true,"href":"https:\/\/www.scmtec.com\/fr\/wp-json\/wp\/v2\/media\/11497"}],"wp:attachment":[{"href":"https:\/\/www.scmtec.com\/fr\/wp-json\/wp\/v2\/media?parent=12038"}],"wp:term":[{"taxonomy":"product_brand","embeddable":true,"href":"https:\/\/www.scmtec.com\/fr\/wp-json\/wp\/v2\/product_brand?post=12038"},{"taxonomy":"product_cat","embeddable":true,"href":"https:\/\/www.scmtec.com\/fr\/wp-json\/wp\/v2\/product_cat?post=12038"},{"taxonomy":"product_tag","embeddable":true,"href":"https:\/\/www.scmtec.com\/fr\/wp-json\/wp\/v2\/product_tag?post=12038"}],"curies":[{"name":"wp","href":"https:\/\/api.w.org\/{rel}","templated":true}]}}