{"id":12039,"date":"2022-06-23T15:09:21","date_gmt":"2022-06-23T15:09:21","guid":{"rendered":"https:\/\/www.scmtec.com\/prodotto\/elettropompe-sommergibili-di-ricircolo-mxn\/"},"modified":"2022-11-30T00:00:32","modified_gmt":"2022-11-30T00:00:32","slug":"mxn-electropompes-submersibles-de-recirculation","status":"publish","type":"product","link":"https:\/\/www.scmtec.com\/fr\/prodotto\/mxn-electropompes-submersibles-de-recirculation\/","title":{"rendered":"MXN \u00c9lectropompes submersibles de recirculation"},"content":{"rendered":"","protected":false},"excerpt":{"rendered":"<ul>\n<li><strong>Puissance: 0,75 \u00f7 18,5 kW<\/strong><\/li>\n<li><strong>Vitesse de rotation: 1 460 \u00f7 351 min-1<\/strong><\/li>\n<\/ul>\n<p>Les \u00e9lectropompes submersibles de recirculation de la s\u00e9rie MXN sont utilis\u00e9es pour transf\u00e9rer de grands volumes de liquide entre des cuves contigu\u00ebs en pr\u00e9sence de valeurs de pr\u00e9valence non \u00e9lev\u00e9es. Elles conviennent aux bassins de grandes dimensions, aux cuves anti-incendie ainsi qu\u2019aux cuves de lagunage. Les h\u00e9lices hautement performantes garantissent d\u2019excellents rendements hydrauliques. L\u2019anneau transporteur et le tuyau de refoulement ont \u00e9t\u00e9 con\u00e7us pour maximiser le rendement et r\u00e9duire les consommations. Ils sont fabriqu\u00e9s \u00e0 partir de mat\u00e9riaux de qualit\u00e9 sup\u00e9rieure, pour durer dans le temps. Le syst\u00e8me d\u2019accrochage rapide incorpor\u00e9 dans l\u2019anneau transporteur permet une installation en toute simplicit\u00e9.<\/p>\n<p>&nbsp;<\/p>\n[fc id='12' align='left'][\/fc]\n","protected":false},"featured_media":11494,"template":"","meta":{"_themeisle_gutenberg_block_has_review":false},"product_brand":[],"product_cat":[145,147],"product_tag":[],"class_list":{"0":"post-12039","1":"product","2":"type-product","3":"status-publish","4":"has-post-thumbnail","6":"product_cat-miscelazione-fr","7":"product_cat-pompe-di-ricircolo-fr","9":"first","10":"instock","11":"shipping-taxable","12":"product-type-simple"},"yoast_head":"<!-- This site is optimized with the Yoast SEO plugin v27.5 - https:\/\/yoast.com\/product\/yoast-seo-wordpress\/ -->\n<title>MXN \u00c9lectropompes submersibles de recirculation - SCM Tecnologie<\/title>\n<meta name=\"robots\" content=\"index, follow, max-snippet:-1, max-image-preview:large, max-video-preview:-1\" \/>\n<link rel=\"canonical\" href=\"https:\/\/www.scmtec.com\/fr\/prodotto\/mxn-electropompes-submersibles-de-recirculation\/\" \/>\n<meta property=\"og:locale\" content=\"fr_FR\" \/>\n<meta property=\"og:type\" content=\"article\" \/>\n<meta property=\"og:title\" content=\"MXN \u00c9lectropompes submersibles de recirculation - SCM Tecnologie\" \/>\n<meta property=\"og:description\" content=\"Puissance: 0,75 \u00f7 18,5 kW  Vitesse de rotation: 1 460 \u00f7 351 min-1  Les \u00e9lectropompes submersibles de recirculation de la s\u00e9rie MXN sont utilis\u00e9es pour transf\u00e9rer de grands volumes de liquide entre des cuves contigu\u00ebs en pr\u00e9sence de valeurs de pr\u00e9valence non \u00e9lev\u00e9es. Elles conviennent aux bassins de grandes dimensions, aux cuves anti-incendie ainsi qu\u2019aux cuves de lagunage. Les h\u00e9lices hautement performantes garantissent d\u2019excellents rendements hydrauliques. L\u2019anneau transporteur et le tuyau de refoulement ont \u00e9t\u00e9 con\u00e7us pour maximiser le rendement et r\u00e9duire les consommations. Ils sont fabriqu\u00e9s \u00e0 partir de mat\u00e9riaux de qualit\u00e9 sup\u00e9rieure, pour durer dans le temps. Le syst\u00e8me d\u2019accrochage rapide incorpor\u00e9 dans l\u2019anneau transporteur permet une installation en toute simplicit\u00e9.  &nbsp;\" \/>\n<meta property=\"og:url\" content=\"https:\/\/www.scmtec.com\/fr\/prodotto\/mxn-electropompes-submersibles-de-recirculation\/\" \/>\n<meta property=\"og:site_name\" content=\"SCM Tecnologie\" \/>\n<meta property=\"article:modified_time\" content=\"2022-11-30T00:00:32+00:00\" \/>\n<meta property=\"og:image\" content=\"https:\/\/i0.wp.com\/www.scmtec.com\/wp-content\/uploads\/2022\/06\/mxn.jpg?fit=600%2C600&ssl=1\" \/>\n\t<meta property=\"og:image:width\" content=\"600\" \/>\n\t<meta property=\"og:image:height\" content=\"600\" \/>\n\t<meta property=\"og:image:type\" content=\"image\/jpeg\" \/>\n<meta name=\"twitter:card\" content=\"summary_large_image\" \/>\n<script type=\"application\/ld+json\" class=\"yoast-schema-graph\">{\"@context\":\"https:\\\/\\\/schema.org\",\"@graph\":[{\"@type\":\"WebPage\",\"@id\":\"https:\\\/\\\/www.scmtec.com\\\/fr\\\/prodotto\\\/mxn-electropompes-submersibles-de-recirculation\\\/\",\"url\":\"https:\\\/\\\/www.scmtec.com\\\/fr\\\/prodotto\\\/mxn-electropompes-submersibles-de-recirculation\\\/\",\"name\":\"MXN \u00c9lectropompes submersibles de recirculation - SCM Tecnologie\",\"isPartOf\":{\"@id\":\"https:\\\/\\\/www.scmtec.com\\\/#website\"},\"primaryImageOfPage\":{\"@id\":\"https:\\\/\\\/www.scmtec.com\\\/fr\\\/prodotto\\\/mxn-electropompes-submersibles-de-recirculation\\\/#primaryimage\"},\"image\":{\"@id\":\"https:\\\/\\\/www.scmtec.com\\\/fr\\\/prodotto\\\/mxn-electropompes-submersibles-de-recirculation\\\/#primaryimage\"},\"thumbnailUrl\":\"https:\\\/\\\/i0.wp.com\\\/www.scmtec.com\\\/wp-content\\\/uploads\\\/2022\\\/06\\\/mxn.jpg?fit=600%2C600&ssl=1\",\"datePublished\":\"2022-06-23T15:09:21+00:00\",\"dateModified\":\"2022-11-30T00:00:32+00:00\",\"breadcrumb\":{\"@id\":\"https:\\\/\\\/www.scmtec.com\\\/fr\\\/prodotto\\\/mxn-electropompes-submersibles-de-recirculation\\\/#breadcrumb\"},\"inLanguage\":\"fr-FR\",\"potentialAction\":[{\"@type\":\"ReadAction\",\"target\":[\"https:\\\/\\\/www.scmtec.com\\\/fr\\\/prodotto\\\/mxn-electropompes-submersibles-de-recirculation\\\/\"]}]},{\"@type\":\"ImageObject\",\"inLanguage\":\"fr-FR\",\"@id\":\"https:\\\/\\\/www.scmtec.com\\\/fr\\\/prodotto\\\/mxn-electropompes-submersibles-de-recirculation\\\/#primaryimage\",\"url\":\"https:\\\/\\\/i0.wp.com\\\/www.scmtec.com\\\/wp-content\\\/uploads\\\/2022\\\/06\\\/mxn.jpg?fit=600%2C600&ssl=1\",\"contentUrl\":\"https:\\\/\\\/i0.wp.com\\\/www.scmtec.com\\\/wp-content\\\/uploads\\\/2022\\\/06\\\/mxn.jpg?fit=600%2C600&ssl=1\",\"width\":600,\"height\":600},{\"@type\":\"BreadcrumbList\",\"@id\":\"https:\\\/\\\/www.scmtec.com\\\/fr\\\/prodotto\\\/mxn-electropompes-submersibles-de-recirculation\\\/#breadcrumb\",\"itemListElement\":[{\"@type\":\"ListItem\",\"position\":1,\"name\":\"Home\",\"item\":\"https:\\\/\\\/www.scmtec.com\\\/fr\\\/\"},{\"@type\":\"ListItem\",\"position\":2,\"name\":\"I nostri prodotti\",\"item\":\"https:\\\/\\\/www.scmtec.com\\\/es\\\/nuestros-productos\\\/\"},{\"@type\":\"ListItem\",\"position\":3,\"name\":\"MXN \u00c9lectropompes submersibles de recirculation\"}]},{\"@type\":\"WebSite\",\"@id\":\"https:\\\/\\\/www.scmtec.com\\\/#website\",\"url\":\"https:\\\/\\\/www.scmtec.com\\\/\",\"name\":\"SCM Tecnologie\",\"description\":\"\",\"potentialAction\":[{\"@type\":\"SearchAction\",\"target\":{\"@type\":\"EntryPoint\",\"urlTemplate\":\"https:\\\/\\\/www.scmtec.com\\\/?s={search_term_string}\"},\"query-input\":{\"@type\":\"PropertyValueSpecification\",\"valueRequired\":true,\"valueName\":\"search_term_string\"}}],\"inLanguage\":\"fr-FR\"}]}<\/script>\n<!-- \/ Yoast SEO plugin. -->","yoast_head_json":{"title":"MXN \u00c9lectropompes submersibles de recirculation - SCM Tecnologie","robots":{"index":"index","follow":"follow","max-snippet":"max-snippet:-1","max-image-preview":"max-image-preview:large","max-video-preview":"max-video-preview:-1"},"canonical":"https:\/\/www.scmtec.com\/fr\/prodotto\/mxn-electropompes-submersibles-de-recirculation\/","og_locale":"fr_FR","og_type":"article","og_title":"MXN \u00c9lectropompes submersibles de recirculation - SCM Tecnologie","og_description":"Puissance: 0,75 \u00f7 18,5 kW  Vitesse de rotation: 1 460 \u00f7 351 min-1  Les \u00e9lectropompes submersibles de recirculation de la s\u00e9rie MXN sont utilis\u00e9es pour transf\u00e9rer de grands volumes de liquide entre des cuves contigu\u00ebs en pr\u00e9sence de valeurs de pr\u00e9valence non \u00e9lev\u00e9es. Elles conviennent aux bassins de grandes dimensions, aux cuves anti-incendie ainsi qu\u2019aux cuves de lagunage. Les h\u00e9lices hautement performantes garantissent d\u2019excellents rendements hydrauliques. L\u2019anneau transporteur et le tuyau de refoulement ont \u00e9t\u00e9 con\u00e7us pour maximiser le rendement et r\u00e9duire les consommations. Ils sont fabriqu\u00e9s \u00e0 partir de mat\u00e9riaux de qualit\u00e9 sup\u00e9rieure, pour durer dans le temps. Le syst\u00e8me d\u2019accrochage rapide incorpor\u00e9 dans l\u2019anneau transporteur permet une installation en toute simplicit\u00e9.  &nbsp;","og_url":"https:\/\/www.scmtec.com\/fr\/prodotto\/mxn-electropompes-submersibles-de-recirculation\/","og_site_name":"SCM Tecnologie","article_modified_time":"2022-11-30T00:00:32+00:00","og_image":[{"width":600,"height":600,"url":"https:\/\/i0.wp.com\/www.scmtec.com\/wp-content\/uploads\/2022\/06\/mxn.jpg?fit=600%2C600&ssl=1","type":"image\/jpeg"}],"twitter_card":"summary_large_image","schema":{"@context":"https:\/\/schema.org","@graph":[{"@type":"WebPage","@id":"https:\/\/www.scmtec.com\/fr\/prodotto\/mxn-electropompes-submersibles-de-recirculation\/","url":"https:\/\/www.scmtec.com\/fr\/prodotto\/mxn-electropompes-submersibles-de-recirculation\/","name":"MXN \u00c9lectropompes submersibles de recirculation - SCM Tecnologie","isPartOf":{"@id":"https:\/\/www.scmtec.com\/#website"},"primaryImageOfPage":{"@id":"https:\/\/www.scmtec.com\/fr\/prodotto\/mxn-electropompes-submersibles-de-recirculation\/#primaryimage"},"image":{"@id":"https:\/\/www.scmtec.com\/fr\/prodotto\/mxn-electropompes-submersibles-de-recirculation\/#primaryimage"},"thumbnailUrl":"https:\/\/i0.wp.com\/www.scmtec.com\/wp-content\/uploads\/2022\/06\/mxn.jpg?fit=600%2C600&ssl=1","datePublished":"2022-06-23T15:09:21+00:00","dateModified":"2022-11-30T00:00:32+00:00","breadcrumb":{"@id":"https:\/\/www.scmtec.com\/fr\/prodotto\/mxn-electropompes-submersibles-de-recirculation\/#breadcrumb"},"inLanguage":"fr-FR","potentialAction":[{"@type":"ReadAction","target":["https:\/\/www.scmtec.com\/fr\/prodotto\/mxn-electropompes-submersibles-de-recirculation\/"]}]},{"@type":"ImageObject","inLanguage":"fr-FR","@id":"https:\/\/www.scmtec.com\/fr\/prodotto\/mxn-electropompes-submersibles-de-recirculation\/#primaryimage","url":"https:\/\/i0.wp.com\/www.scmtec.com\/wp-content\/uploads\/2022\/06\/mxn.jpg?fit=600%2C600&ssl=1","contentUrl":"https:\/\/i0.wp.com\/www.scmtec.com\/wp-content\/uploads\/2022\/06\/mxn.jpg?fit=600%2C600&ssl=1","width":600,"height":600},{"@type":"BreadcrumbList","@id":"https:\/\/www.scmtec.com\/fr\/prodotto\/mxn-electropompes-submersibles-de-recirculation\/#breadcrumb","itemListElement":[{"@type":"ListItem","position":1,"name":"Home","item":"https:\/\/www.scmtec.com\/fr\/"},{"@type":"ListItem","position":2,"name":"I nostri prodotti","item":"https:\/\/www.scmtec.com\/es\/nuestros-productos\/"},{"@type":"ListItem","position":3,"name":"MXN \u00c9lectropompes submersibles de recirculation"}]},{"@type":"WebSite","@id":"https:\/\/www.scmtec.com\/#website","url":"https:\/\/www.scmtec.com\/","name":"SCM Tecnologie","description":"","potentialAction":[{"@type":"SearchAction","target":{"@type":"EntryPoint","urlTemplate":"https:\/\/www.scmtec.com\/?s={search_term_string}"},"query-input":{"@type":"PropertyValueSpecification","valueRequired":true,"valueName":"search_term_string"}}],"inLanguage":"fr-FR"}]}},"jetpack_sharing_enabled":true,"_links":{"self":[{"href":"https:\/\/www.scmtec.com\/fr\/wp-json\/wp\/v2\/product\/12039","targetHints":{"allow":["GET"]}}],"collection":[{"href":"https:\/\/www.scmtec.com\/fr\/wp-json\/wp\/v2\/product"}],"about":[{"href":"https:\/\/www.scmtec.com\/fr\/wp-json\/wp\/v2\/types\/product"}],"wp:featuredmedia":[{"embeddable":true,"href":"https:\/\/www.scmtec.com\/fr\/wp-json\/wp\/v2\/media\/11494"}],"wp:attachment":[{"href":"https:\/\/www.scmtec.com\/fr\/wp-json\/wp\/v2\/media?parent=12039"}],"wp:term":[{"taxonomy":"product_brand","embeddable":true,"href":"https:\/\/www.scmtec.com\/fr\/wp-json\/wp\/v2\/product_brand?post=12039"},{"taxonomy":"product_cat","embeddable":true,"href":"https:\/\/www.scmtec.com\/fr\/wp-json\/wp\/v2\/product_cat?post=12039"},{"taxonomy":"product_tag","embeddable":true,"href":"https:\/\/www.scmtec.com\/fr\/wp-json\/wp\/v2\/product_tag?post=12039"}],"curies":[{"name":"wp","href":"https:\/\/api.w.org\/{rel}","templated":true}]}}