{"id":12040,"date":"2022-06-23T15:00:05","date_gmt":"2022-06-23T15:00:05","guid":{"rendered":"https:\/\/www.scmtec.com\/prodotto\/agitatori-verticali-e-laterali\/"},"modified":"2022-11-30T00:02:39","modified_gmt":"2022-11-30T00:02:39","slug":"agitateurs-verticaux-et-lateraux","status":"publish","type":"product","link":"https:\/\/www.scmtec.com\/fr\/prodotto\/agitateurs-verticaux-et-lateraux\/","title":{"rendered":"Agitateurs verticaux et lat\u00e9raux"},"content":{"rendered":"","protected":false},"excerpt":{"rendered":"<ul>\n<li><strong>Puissance: 0,18 \u00f7 45 kW<\/strong><\/li>\n<li><strong>Longueur de l\u2019arbre max. 8 000 mm<\/strong><\/li>\n<li><strong>Diam\u00e8tre de la roue max. 3 500 mm<\/strong><\/li>\n<\/ul>\n<p>La gamme d\u2019agitateurs verticaux et lat\u00e9raux de S.C.M. Tecnologie satisfait les processus d\u2019agitation les plus courants dans les installations de traitement des eaux us\u00e9es tels que l\u2019\u00e9galisation, l\u2019homog\u00e9n\u00e9isation, le maintien en suspension des solides, la d\u00e9nitrification, la coagulation, la floculation, le m\u00e9lange express et bien d\u2019autres processus industriels.<br \/>\nLa gamme propose des solutions optimales pour les r\u00e9servoirs de 10 litres ou encore les bassins de 1 500 m\u00e8tres cubes. Les dimensions du r\u00e9servoir, le volume de liquide et la typologie de traitement sont des aspects pris en compte au moment de la conception dans le but de cr\u00e9er un produit ultra personnalis\u00e9 et efficace. Vous avez des exigences diff\u00e9rentes en termes de volum\u00e9trie et de processus ? Contactez S.C.M. Tecnologie.<\/p>\n<p>&nbsp;<\/p>\n[fc id='12' align='left'][\/fc]\n","protected":false},"featured_media":11512,"template":"","meta":{"_themeisle_gutenberg_block_has_review":false},"product_brand":[],"product_cat":[148,145],"product_tag":[],"class_list":{"0":"post-12040","1":"product","2":"type-product","3":"status-publish","4":"has-post-thumbnail","6":"product_cat-agitatori-verticali-fr","7":"product_cat-miscelazione-fr","9":"first","10":"instock","11":"shipping-taxable","12":"product-type-simple"},"yoast_head":"<!-- This site is optimized with the Yoast SEO plugin v27.5 - https:\/\/yoast.com\/product\/yoast-seo-wordpress\/ -->\n<title>Agitateurs verticaux et lat\u00e9raux - SCM Tecnologie<\/title>\n<meta name=\"robots\" content=\"index, follow, max-snippet:-1, max-image-preview:large, max-video-preview:-1\" \/>\n<link rel=\"canonical\" href=\"https:\/\/www.scmtec.com\/fr\/prodotto\/agitateurs-verticaux-et-lateraux\/\" \/>\n<meta property=\"og:locale\" content=\"fr_FR\" \/>\n<meta property=\"og:type\" content=\"article\" \/>\n<meta property=\"og:title\" content=\"Agitateurs verticaux et lat\u00e9raux - SCM Tecnologie\" \/>\n<meta property=\"og:description\" content=\"Puissance: 0,18 \u00f7 45 kW  Longueur de l\u2019arbre max. 8 000 mm  Diam\u00e8tre de la roue max. 3 500 mm  La gamme d\u2019agitateurs verticaux et lat\u00e9raux de S.C.M. Tecnologie satisfait les processus d\u2019agitation les plus courants dans les installations de traitement des eaux us\u00e9es tels que l\u2019\u00e9galisation, l\u2019homog\u00e9n\u00e9isation, le maintien en suspension des solides, la d\u00e9nitrification, la coagulation, la floculation, le m\u00e9lange express et bien d\u2019autres processus industriels. La gamme propose des solutions optimales pour les r\u00e9servoirs de 10 litres ou encore les bassins de 1 500 m\u00e8tres cubes. Les dimensions du r\u00e9servoir, le volume de liquide et la typologie de traitement sont des aspects pris en compte au moment de la conception dans le but de cr\u00e9er un produit ultra personnalis\u00e9 et efficace. Vous avez des exigences diff\u00e9rentes en termes de volum\u00e9trie et de processus ? Contactez S.C.M. Tecnologie.  &nbsp;\" \/>\n<meta property=\"og:url\" content=\"https:\/\/www.scmtec.com\/fr\/prodotto\/agitateurs-verticaux-et-lateraux\/\" \/>\n<meta property=\"og:site_name\" content=\"SCM Tecnologie\" \/>\n<meta property=\"article:modified_time\" content=\"2022-11-30T00:02:39+00:00\" \/>\n<meta property=\"og:image\" content=\"https:\/\/i0.wp.com\/www.scmtec.com\/wp-content\/uploads\/2022\/06\/Agitatori-verticali-e-laterali.jpg?fit=600%2C600&ssl=1\" \/>\n\t<meta property=\"og:image:width\" content=\"600\" \/>\n\t<meta property=\"og:image:height\" content=\"600\" \/>\n\t<meta property=\"og:image:type\" content=\"image\/jpeg\" \/>\n<meta name=\"twitter:card\" content=\"summary_large_image\" \/>\n<script type=\"application\/ld+json\" class=\"yoast-schema-graph\">{\"@context\":\"https:\\\/\\\/schema.org\",\"@graph\":[{\"@type\":\"WebPage\",\"@id\":\"https:\\\/\\\/www.scmtec.com\\\/fr\\\/prodotto\\\/agitateurs-verticaux-et-lateraux\\\/\",\"url\":\"https:\\\/\\\/www.scmtec.com\\\/fr\\\/prodotto\\\/agitateurs-verticaux-et-lateraux\\\/\",\"name\":\"Agitateurs verticaux et lat\u00e9raux - SCM Tecnologie\",\"isPartOf\":{\"@id\":\"https:\\\/\\\/www.scmtec.com\\\/#website\"},\"primaryImageOfPage\":{\"@id\":\"https:\\\/\\\/www.scmtec.com\\\/fr\\\/prodotto\\\/agitateurs-verticaux-et-lateraux\\\/#primaryimage\"},\"image\":{\"@id\":\"https:\\\/\\\/www.scmtec.com\\\/fr\\\/prodotto\\\/agitateurs-verticaux-et-lateraux\\\/#primaryimage\"},\"thumbnailUrl\":\"https:\\\/\\\/i0.wp.com\\\/www.scmtec.com\\\/wp-content\\\/uploads\\\/2022\\\/06\\\/Agitatori-verticali-e-laterali.jpg?fit=600%2C600&ssl=1\",\"datePublished\":\"2022-06-23T15:00:05+00:00\",\"dateModified\":\"2022-11-30T00:02:39+00:00\",\"breadcrumb\":{\"@id\":\"https:\\\/\\\/www.scmtec.com\\\/fr\\\/prodotto\\\/agitateurs-verticaux-et-lateraux\\\/#breadcrumb\"},\"inLanguage\":\"fr-FR\",\"potentialAction\":[{\"@type\":\"ReadAction\",\"target\":[\"https:\\\/\\\/www.scmtec.com\\\/fr\\\/prodotto\\\/agitateurs-verticaux-et-lateraux\\\/\"]}]},{\"@type\":\"ImageObject\",\"inLanguage\":\"fr-FR\",\"@id\":\"https:\\\/\\\/www.scmtec.com\\\/fr\\\/prodotto\\\/agitateurs-verticaux-et-lateraux\\\/#primaryimage\",\"url\":\"https:\\\/\\\/i0.wp.com\\\/www.scmtec.com\\\/wp-content\\\/uploads\\\/2022\\\/06\\\/Agitatori-verticali-e-laterali.jpg?fit=600%2C600&ssl=1\",\"contentUrl\":\"https:\\\/\\\/i0.wp.com\\\/www.scmtec.com\\\/wp-content\\\/uploads\\\/2022\\\/06\\\/Agitatori-verticali-e-laterali.jpg?fit=600%2C600&ssl=1\",\"width\":600,\"height\":600},{\"@type\":\"BreadcrumbList\",\"@id\":\"https:\\\/\\\/www.scmtec.com\\\/fr\\\/prodotto\\\/agitateurs-verticaux-et-lateraux\\\/#breadcrumb\",\"itemListElement\":[{\"@type\":\"ListItem\",\"position\":1,\"name\":\"Home\",\"item\":\"https:\\\/\\\/www.scmtec.com\\\/fr\\\/\"},{\"@type\":\"ListItem\",\"position\":2,\"name\":\"I nostri prodotti\",\"item\":\"https:\\\/\\\/www.scmtec.com\\\/es\\\/nuestros-productos\\\/\"},{\"@type\":\"ListItem\",\"position\":3,\"name\":\"Agitateurs verticaux et lat\u00e9raux\"}]},{\"@type\":\"WebSite\",\"@id\":\"https:\\\/\\\/www.scmtec.com\\\/#website\",\"url\":\"https:\\\/\\\/www.scmtec.com\\\/\",\"name\":\"SCM Tecnologie\",\"description\":\"\",\"potentialAction\":[{\"@type\":\"SearchAction\",\"target\":{\"@type\":\"EntryPoint\",\"urlTemplate\":\"https:\\\/\\\/www.scmtec.com\\\/?s={search_term_string}\"},\"query-input\":{\"@type\":\"PropertyValueSpecification\",\"valueRequired\":true,\"valueName\":\"search_term_string\"}}],\"inLanguage\":\"fr-FR\"}]}<\/script>\n<!-- \/ Yoast SEO plugin. -->","yoast_head_json":{"title":"Agitateurs verticaux et lat\u00e9raux - SCM Tecnologie","robots":{"index":"index","follow":"follow","max-snippet":"max-snippet:-1","max-image-preview":"max-image-preview:large","max-video-preview":"max-video-preview:-1"},"canonical":"https:\/\/www.scmtec.com\/fr\/prodotto\/agitateurs-verticaux-et-lateraux\/","og_locale":"fr_FR","og_type":"article","og_title":"Agitateurs verticaux et lat\u00e9raux - SCM Tecnologie","og_description":"Puissance: 0,18 \u00f7 45 kW  Longueur de l\u2019arbre max. 8 000 mm  Diam\u00e8tre de la roue max. 3 500 mm  La gamme d\u2019agitateurs verticaux et lat\u00e9raux de S.C.M. Tecnologie satisfait les processus d\u2019agitation les plus courants dans les installations de traitement des eaux us\u00e9es tels que l\u2019\u00e9galisation, l\u2019homog\u00e9n\u00e9isation, le maintien en suspension des solides, la d\u00e9nitrification, la coagulation, la floculation, le m\u00e9lange express et bien d\u2019autres processus industriels. La gamme propose des solutions optimales pour les r\u00e9servoirs de 10 litres ou encore les bassins de 1 500 m\u00e8tres cubes. Les dimensions du r\u00e9servoir, le volume de liquide et la typologie de traitement sont des aspects pris en compte au moment de la conception dans le but de cr\u00e9er un produit ultra personnalis\u00e9 et efficace. Vous avez des exigences diff\u00e9rentes en termes de volum\u00e9trie et de processus ? Contactez S.C.M. Tecnologie.  &nbsp;","og_url":"https:\/\/www.scmtec.com\/fr\/prodotto\/agitateurs-verticaux-et-lateraux\/","og_site_name":"SCM Tecnologie","article_modified_time":"2022-11-30T00:02:39+00:00","og_image":[{"width":600,"height":600,"url":"https:\/\/i0.wp.com\/www.scmtec.com\/wp-content\/uploads\/2022\/06\/Agitatori-verticali-e-laterali.jpg?fit=600%2C600&ssl=1","type":"image\/jpeg"}],"twitter_card":"summary_large_image","schema":{"@context":"https:\/\/schema.org","@graph":[{"@type":"WebPage","@id":"https:\/\/www.scmtec.com\/fr\/prodotto\/agitateurs-verticaux-et-lateraux\/","url":"https:\/\/www.scmtec.com\/fr\/prodotto\/agitateurs-verticaux-et-lateraux\/","name":"Agitateurs verticaux et lat\u00e9raux - SCM Tecnologie","isPartOf":{"@id":"https:\/\/www.scmtec.com\/#website"},"primaryImageOfPage":{"@id":"https:\/\/www.scmtec.com\/fr\/prodotto\/agitateurs-verticaux-et-lateraux\/#primaryimage"},"image":{"@id":"https:\/\/www.scmtec.com\/fr\/prodotto\/agitateurs-verticaux-et-lateraux\/#primaryimage"},"thumbnailUrl":"https:\/\/i0.wp.com\/www.scmtec.com\/wp-content\/uploads\/2022\/06\/Agitatori-verticali-e-laterali.jpg?fit=600%2C600&ssl=1","datePublished":"2022-06-23T15:00:05+00:00","dateModified":"2022-11-30T00:02:39+00:00","breadcrumb":{"@id":"https:\/\/www.scmtec.com\/fr\/prodotto\/agitateurs-verticaux-et-lateraux\/#breadcrumb"},"inLanguage":"fr-FR","potentialAction":[{"@type":"ReadAction","target":["https:\/\/www.scmtec.com\/fr\/prodotto\/agitateurs-verticaux-et-lateraux\/"]}]},{"@type":"ImageObject","inLanguage":"fr-FR","@id":"https:\/\/www.scmtec.com\/fr\/prodotto\/agitateurs-verticaux-et-lateraux\/#primaryimage","url":"https:\/\/i0.wp.com\/www.scmtec.com\/wp-content\/uploads\/2022\/06\/Agitatori-verticali-e-laterali.jpg?fit=600%2C600&ssl=1","contentUrl":"https:\/\/i0.wp.com\/www.scmtec.com\/wp-content\/uploads\/2022\/06\/Agitatori-verticali-e-laterali.jpg?fit=600%2C600&ssl=1","width":600,"height":600},{"@type":"BreadcrumbList","@id":"https:\/\/www.scmtec.com\/fr\/prodotto\/agitateurs-verticaux-et-lateraux\/#breadcrumb","itemListElement":[{"@type":"ListItem","position":1,"name":"Home","item":"https:\/\/www.scmtec.com\/fr\/"},{"@type":"ListItem","position":2,"name":"I nostri prodotti","item":"https:\/\/www.scmtec.com\/es\/nuestros-productos\/"},{"@type":"ListItem","position":3,"name":"Agitateurs verticaux et lat\u00e9raux"}]},{"@type":"WebSite","@id":"https:\/\/www.scmtec.com\/#website","url":"https:\/\/www.scmtec.com\/","name":"SCM Tecnologie","description":"","potentialAction":[{"@type":"SearchAction","target":{"@type":"EntryPoint","urlTemplate":"https:\/\/www.scmtec.com\/?s={search_term_string}"},"query-input":{"@type":"PropertyValueSpecification","valueRequired":true,"valueName":"search_term_string"}}],"inLanguage":"fr-FR"}]}},"jetpack_sharing_enabled":true,"_links":{"self":[{"href":"https:\/\/www.scmtec.com\/fr\/wp-json\/wp\/v2\/product\/12040","targetHints":{"allow":["GET"]}}],"collection":[{"href":"https:\/\/www.scmtec.com\/fr\/wp-json\/wp\/v2\/product"}],"about":[{"href":"https:\/\/www.scmtec.com\/fr\/wp-json\/wp\/v2\/types\/product"}],"wp:featuredmedia":[{"embeddable":true,"href":"https:\/\/www.scmtec.com\/fr\/wp-json\/wp\/v2\/media\/11512"}],"wp:attachment":[{"href":"https:\/\/www.scmtec.com\/fr\/wp-json\/wp\/v2\/media?parent=12040"}],"wp:term":[{"taxonomy":"product_brand","embeddable":true,"href":"https:\/\/www.scmtec.com\/fr\/wp-json\/wp\/v2\/product_brand?post=12040"},{"taxonomy":"product_cat","embeddable":true,"href":"https:\/\/www.scmtec.com\/fr\/wp-json\/wp\/v2\/product_cat?post=12040"},{"taxonomy":"product_tag","embeddable":true,"href":"https:\/\/www.scmtec.com\/fr\/wp-json\/wp\/v2\/product_tag?post=12040"}],"curies":[{"name":"wp","href":"https:\/\/api.w.org\/{rel}","templated":true}]}}