{"id":12043,"date":"2021-06-01T10:19:41","date_gmt":"2021-06-01T10:19:41","guid":{"rendered":"https:\/\/www.scmtec.com\/prodotto\/acceleratori-di-flusso-af\/"},"modified":"2022-11-29T23:58:56","modified_gmt":"2022-11-29T23:58:56","slug":"af-accelerateurs-de-flux","status":"publish","type":"product","link":"https:\/\/www.scmtec.com\/fr\/prodotto\/af-accelerateurs-de-flux\/","title":{"rendered":"AF Acc\u00e9l\u00e9rateurs de flux"},"content":{"rendered":"","protected":false},"excerpt":{"rendered":"<ul>\n<li><strong>Puissance: 1,5 \u00f7 5,5 kW<\/strong><\/li>\n<li><strong>Vitesse de rotation: 32\u00f734 min-1<\/strong><\/li>\n<\/ul>\n<p>Les acc\u00e9l\u00e9rateurs de flux de la s\u00e9rie AF sont utilis\u00e9s dans le traitement des eaux us\u00e9es dans des cuves de nitrification, d\u00e9nitrification, traitement de boues activ\u00e9es et d\u00e9sinfection.<br \/>\nIls peuvent en outre \u00eatre utilis\u00e9s pour le m\u00e9lange industriel, dans des cuves de chloration et dans des digesteurs d\u2019installations de production de biogaz pour homog\u00e9n\u00e9iser et emp\u00eacher la stratification de la boue. Gr\u00e2ce \u00e0 la faible rotation de leurs p\u00e2les, garantie gr\u00e2ce \u00e0 un r\u00e9ducteur, les acc\u00e9l\u00e9rateurs de flux sont tout simplement parfaits pour m\u00e9langer et recirculer, produire des courants, mais aussi distribuer efficacement l\u2019oxyg\u00e8ne fourni par les syst\u00e8mes d\u2019a\u00e9ration.<\/p>\n<p>&nbsp;<\/p>\n[fc id='12' align='left'][\/fc]\n","protected":false},"featured_media":11491,"template":"","meta":{"_themeisle_gutenberg_block_has_review":false},"product_brand":[],"product_cat":[145,144],"product_tag":[],"class_list":{"0":"post-12043","1":"product","2":"type-product","3":"status-publish","4":"has-post-thumbnail","6":"product_cat-miscelazione-fr","7":"product_cat-miscelatori-sommersi-con-riduttore-fr","9":"first","10":"instock","11":"shipping-taxable","12":"product-type-simple"},"yoast_head":"<!-- This site is optimized with the Yoast SEO plugin v27.5 - https:\/\/yoast.com\/product\/yoast-seo-wordpress\/ -->\n<title>AF Acc\u00e9l\u00e9rateurs de flux - SCM Tecnologie<\/title>\n<meta name=\"robots\" content=\"index, follow, max-snippet:-1, max-image-preview:large, max-video-preview:-1\" \/>\n<link rel=\"canonical\" href=\"https:\/\/www.scmtec.com\/fr\/prodotto\/af-accelerateurs-de-flux\/\" \/>\n<meta property=\"og:locale\" content=\"fr_FR\" \/>\n<meta property=\"og:type\" content=\"article\" \/>\n<meta property=\"og:title\" content=\"AF Acc\u00e9l\u00e9rateurs de flux - SCM Tecnologie\" \/>\n<meta property=\"og:description\" content=\"Puissance: 1,5 \u00f7 5,5 kW  Vitesse de rotation: 32\u00f734 min-1  Les acc\u00e9l\u00e9rateurs de flux de la s\u00e9rie AF sont utilis\u00e9s dans le traitement des eaux us\u00e9es dans des cuves de nitrification, d\u00e9nitrification, traitement de boues activ\u00e9es et d\u00e9sinfection. Ils peuvent en outre \u00eatre utilis\u00e9s pour le m\u00e9lange industriel, dans des cuves de chloration et dans des digesteurs d\u2019installations de production de biogaz pour homog\u00e9n\u00e9iser et emp\u00eacher la stratification de la boue. Gr\u00e2ce \u00e0 la faible rotation de leurs p\u00e2les, garantie gr\u00e2ce \u00e0 un r\u00e9ducteur, les acc\u00e9l\u00e9rateurs de flux sont tout simplement parfaits pour m\u00e9langer et recirculer, produire des courants, mais aussi distribuer efficacement l\u2019oxyg\u00e8ne fourni par les syst\u00e8mes d\u2019a\u00e9ration.  &nbsp;\" \/>\n<meta property=\"og:url\" content=\"https:\/\/www.scmtec.com\/fr\/prodotto\/af-accelerateurs-de-flux\/\" \/>\n<meta property=\"og:site_name\" content=\"SCM Tecnologie\" \/>\n<meta property=\"article:modified_time\" content=\"2022-11-29T23:58:56+00:00\" \/>\n<meta property=\"og:image\" content=\"https:\/\/i0.wp.com\/www.scmtec.com\/wp-content\/uploads\/2021\/06\/af.jpg?fit=600%2C600&ssl=1\" \/>\n\t<meta property=\"og:image:width\" content=\"600\" \/>\n\t<meta property=\"og:image:height\" content=\"600\" \/>\n\t<meta property=\"og:image:type\" content=\"image\/jpeg\" \/>\n<meta name=\"twitter:card\" content=\"summary_large_image\" \/>\n<script type=\"application\/ld+json\" class=\"yoast-schema-graph\">{\"@context\":\"https:\\\/\\\/schema.org\",\"@graph\":[{\"@type\":\"WebPage\",\"@id\":\"https:\\\/\\\/www.scmtec.com\\\/fr\\\/prodotto\\\/af-accelerateurs-de-flux\\\/\",\"url\":\"https:\\\/\\\/www.scmtec.com\\\/fr\\\/prodotto\\\/af-accelerateurs-de-flux\\\/\",\"name\":\"AF Acc\u00e9l\u00e9rateurs de flux - SCM Tecnologie\",\"isPartOf\":{\"@id\":\"https:\\\/\\\/www.scmtec.com\\\/#website\"},\"primaryImageOfPage\":{\"@id\":\"https:\\\/\\\/www.scmtec.com\\\/fr\\\/prodotto\\\/af-accelerateurs-de-flux\\\/#primaryimage\"},\"image\":{\"@id\":\"https:\\\/\\\/www.scmtec.com\\\/fr\\\/prodotto\\\/af-accelerateurs-de-flux\\\/#primaryimage\"},\"thumbnailUrl\":\"https:\\\/\\\/i0.wp.com\\\/www.scmtec.com\\\/wp-content\\\/uploads\\\/2021\\\/06\\\/af.jpg?fit=600%2C600&ssl=1\",\"datePublished\":\"2021-06-01T10:19:41+00:00\",\"dateModified\":\"2022-11-29T23:58:56+00:00\",\"breadcrumb\":{\"@id\":\"https:\\\/\\\/www.scmtec.com\\\/fr\\\/prodotto\\\/af-accelerateurs-de-flux\\\/#breadcrumb\"},\"inLanguage\":\"fr-FR\",\"potentialAction\":[{\"@type\":\"ReadAction\",\"target\":[\"https:\\\/\\\/www.scmtec.com\\\/fr\\\/prodotto\\\/af-accelerateurs-de-flux\\\/\"]}]},{\"@type\":\"ImageObject\",\"inLanguage\":\"fr-FR\",\"@id\":\"https:\\\/\\\/www.scmtec.com\\\/fr\\\/prodotto\\\/af-accelerateurs-de-flux\\\/#primaryimage\",\"url\":\"https:\\\/\\\/i0.wp.com\\\/www.scmtec.com\\\/wp-content\\\/uploads\\\/2021\\\/06\\\/af.jpg?fit=600%2C600&ssl=1\",\"contentUrl\":\"https:\\\/\\\/i0.wp.com\\\/www.scmtec.com\\\/wp-content\\\/uploads\\\/2021\\\/06\\\/af.jpg?fit=600%2C600&ssl=1\",\"width\":600,\"height\":600},{\"@type\":\"BreadcrumbList\",\"@id\":\"https:\\\/\\\/www.scmtec.com\\\/fr\\\/prodotto\\\/af-accelerateurs-de-flux\\\/#breadcrumb\",\"itemListElement\":[{\"@type\":\"ListItem\",\"position\":1,\"name\":\"Home\",\"item\":\"https:\\\/\\\/www.scmtec.com\\\/fr\\\/\"},{\"@type\":\"ListItem\",\"position\":2,\"name\":\"I nostri prodotti\",\"item\":\"https:\\\/\\\/www.scmtec.com\\\/es\\\/nuestros-productos\\\/\"},{\"@type\":\"ListItem\",\"position\":3,\"name\":\"AF Acc\u00e9l\u00e9rateurs de flux\"}]},{\"@type\":\"WebSite\",\"@id\":\"https:\\\/\\\/www.scmtec.com\\\/#website\",\"url\":\"https:\\\/\\\/www.scmtec.com\\\/\",\"name\":\"SCM Tecnologie\",\"description\":\"\",\"potentialAction\":[{\"@type\":\"SearchAction\",\"target\":{\"@type\":\"EntryPoint\",\"urlTemplate\":\"https:\\\/\\\/www.scmtec.com\\\/?s={search_term_string}\"},\"query-input\":{\"@type\":\"PropertyValueSpecification\",\"valueRequired\":true,\"valueName\":\"search_term_string\"}}],\"inLanguage\":\"fr-FR\"}]}<\/script>\n<!-- \/ Yoast SEO plugin. -->","yoast_head_json":{"title":"AF Acc\u00e9l\u00e9rateurs de flux - SCM Tecnologie","robots":{"index":"index","follow":"follow","max-snippet":"max-snippet:-1","max-image-preview":"max-image-preview:large","max-video-preview":"max-video-preview:-1"},"canonical":"https:\/\/www.scmtec.com\/fr\/prodotto\/af-accelerateurs-de-flux\/","og_locale":"fr_FR","og_type":"article","og_title":"AF Acc\u00e9l\u00e9rateurs de flux - SCM Tecnologie","og_description":"Puissance: 1,5 \u00f7 5,5 kW  Vitesse de rotation: 32\u00f734 min-1  Les acc\u00e9l\u00e9rateurs de flux de la s\u00e9rie AF sont utilis\u00e9s dans le traitement des eaux us\u00e9es dans des cuves de nitrification, d\u00e9nitrification, traitement de boues activ\u00e9es et d\u00e9sinfection. Ils peuvent en outre \u00eatre utilis\u00e9s pour le m\u00e9lange industriel, dans des cuves de chloration et dans des digesteurs d\u2019installations de production de biogaz pour homog\u00e9n\u00e9iser et emp\u00eacher la stratification de la boue. Gr\u00e2ce \u00e0 la faible rotation de leurs p\u00e2les, garantie gr\u00e2ce \u00e0 un r\u00e9ducteur, les acc\u00e9l\u00e9rateurs de flux sont tout simplement parfaits pour m\u00e9langer et recirculer, produire des courants, mais aussi distribuer efficacement l\u2019oxyg\u00e8ne fourni par les syst\u00e8mes d\u2019a\u00e9ration.  &nbsp;","og_url":"https:\/\/www.scmtec.com\/fr\/prodotto\/af-accelerateurs-de-flux\/","og_site_name":"SCM Tecnologie","article_modified_time":"2022-11-29T23:58:56+00:00","og_image":[{"width":600,"height":600,"url":"https:\/\/i0.wp.com\/www.scmtec.com\/wp-content\/uploads\/2021\/06\/af.jpg?fit=600%2C600&ssl=1","type":"image\/jpeg"}],"twitter_card":"summary_large_image","schema":{"@context":"https:\/\/schema.org","@graph":[{"@type":"WebPage","@id":"https:\/\/www.scmtec.com\/fr\/prodotto\/af-accelerateurs-de-flux\/","url":"https:\/\/www.scmtec.com\/fr\/prodotto\/af-accelerateurs-de-flux\/","name":"AF Acc\u00e9l\u00e9rateurs de flux - SCM Tecnologie","isPartOf":{"@id":"https:\/\/www.scmtec.com\/#website"},"primaryImageOfPage":{"@id":"https:\/\/www.scmtec.com\/fr\/prodotto\/af-accelerateurs-de-flux\/#primaryimage"},"image":{"@id":"https:\/\/www.scmtec.com\/fr\/prodotto\/af-accelerateurs-de-flux\/#primaryimage"},"thumbnailUrl":"https:\/\/i0.wp.com\/www.scmtec.com\/wp-content\/uploads\/2021\/06\/af.jpg?fit=600%2C600&ssl=1","datePublished":"2021-06-01T10:19:41+00:00","dateModified":"2022-11-29T23:58:56+00:00","breadcrumb":{"@id":"https:\/\/www.scmtec.com\/fr\/prodotto\/af-accelerateurs-de-flux\/#breadcrumb"},"inLanguage":"fr-FR","potentialAction":[{"@type":"ReadAction","target":["https:\/\/www.scmtec.com\/fr\/prodotto\/af-accelerateurs-de-flux\/"]}]},{"@type":"ImageObject","inLanguage":"fr-FR","@id":"https:\/\/www.scmtec.com\/fr\/prodotto\/af-accelerateurs-de-flux\/#primaryimage","url":"https:\/\/i0.wp.com\/www.scmtec.com\/wp-content\/uploads\/2021\/06\/af.jpg?fit=600%2C600&ssl=1","contentUrl":"https:\/\/i0.wp.com\/www.scmtec.com\/wp-content\/uploads\/2021\/06\/af.jpg?fit=600%2C600&ssl=1","width":600,"height":600},{"@type":"BreadcrumbList","@id":"https:\/\/www.scmtec.com\/fr\/prodotto\/af-accelerateurs-de-flux\/#breadcrumb","itemListElement":[{"@type":"ListItem","position":1,"name":"Home","item":"https:\/\/www.scmtec.com\/fr\/"},{"@type":"ListItem","position":2,"name":"I nostri prodotti","item":"https:\/\/www.scmtec.com\/es\/nuestros-productos\/"},{"@type":"ListItem","position":3,"name":"AF Acc\u00e9l\u00e9rateurs de flux"}]},{"@type":"WebSite","@id":"https:\/\/www.scmtec.com\/#website","url":"https:\/\/www.scmtec.com\/","name":"SCM Tecnologie","description":"","potentialAction":[{"@type":"SearchAction","target":{"@type":"EntryPoint","urlTemplate":"https:\/\/www.scmtec.com\/?s={search_term_string}"},"query-input":{"@type":"PropertyValueSpecification","valueRequired":true,"valueName":"search_term_string"}}],"inLanguage":"fr-FR"}]}},"jetpack_sharing_enabled":true,"_links":{"self":[{"href":"https:\/\/www.scmtec.com\/fr\/wp-json\/wp\/v2\/product\/12043","targetHints":{"allow":["GET"]}}],"collection":[{"href":"https:\/\/www.scmtec.com\/fr\/wp-json\/wp\/v2\/product"}],"about":[{"href":"https:\/\/www.scmtec.com\/fr\/wp-json\/wp\/v2\/types\/product"}],"wp:featuredmedia":[{"embeddable":true,"href":"https:\/\/www.scmtec.com\/fr\/wp-json\/wp\/v2\/media\/11491"}],"wp:attachment":[{"href":"https:\/\/www.scmtec.com\/fr\/wp-json\/wp\/v2\/media?parent=12043"}],"wp:term":[{"taxonomy":"product_brand","embeddable":true,"href":"https:\/\/www.scmtec.com\/fr\/wp-json\/wp\/v2\/product_brand?post=12043"},{"taxonomy":"product_cat","embeddable":true,"href":"https:\/\/www.scmtec.com\/fr\/wp-json\/wp\/v2\/product_cat?post=12043"},{"taxonomy":"product_tag","embeddable":true,"href":"https:\/\/www.scmtec.com\/fr\/wp-json\/wp\/v2\/product_tag?post=12043"}],"curies":[{"name":"wp","href":"https:\/\/api.w.org\/{rel}","templated":true}]}}